{"id":244333,"date":"2020-12-11T00:39:16","date_gmt":"2020-12-10T22:39:16","guid":{"rendered":"https:\/\/cardinella.eu\/%d0%b2%d1%80%d1%8a%d1%89%d0%b0%d0%bd%d0%b5-%d0%bd%d0%b0-%d0%bf%d1%80%d0%be%d0%b4%d1%83%d0%ba%d1%82\/"},"modified":"2023-09-20T20:30:16","modified_gmt":"2023-09-20T18:30:16","slug":"a-termek-visszakuldese","status":"publish","type":"page","link":"https:\/\/cardinella.eu\/hu\/a-termek-visszakuldese\/","title":{"rendered":"Term\u00e9kvisszat\u00e9r\u00edt\u00e9s"},"content":{"rendered":"<p>[et_pb_section fb_built=&#8221;1&#8243; _builder_version=&#8221;4.7.4&#8243; _module_preset=&#8221;default&#8221; background_color=&#8221;rgba(255,255,255,0.79)&#8221; background_image=&#8221;https:\/\/cardinella.eu\/wp-content\/uploads\/2020\/10\/img-home-banner-2.jpg&#8221; background_blend=&#8221;overlay&#8221; custom_padding=&#8221;40px||40px||true|false&#8221; global_colors_info=&#8221;{}&#8221;][et_pb_row column_structure=&#8221;1_2,1_2&#8243; _builder_version=&#8221;4.6.6&#8243; _module_preset=&#8221;default&#8221; custom_padding=&#8221;15px||15px||true|false&#8221; global_colors_info=&#8221;{}&#8221;][et_pb_column type=&#8221;1_2&#8243; _builder_version=&#8221;4.6.6&#8243; _module_preset=&#8221;default&#8221; global_colors_info=&#8221;{}&#8221;][\/et_pb_column][et_pb_column type=&#8221;1_2&#8243; _builder_version=&#8221;4.6.6&#8243; _module_preset=&#8221;default&#8221; global_colors_info=&#8221;{}&#8221;][et_pb_text _builder_version=&#8221;4.14.6&#8243; _module_preset=&#8221;default&#8221; text_text_color=&#8221;#000000&#8243; text_font_size=&#8221;24px&#8221; text_orientation=&#8221;center&#8221; global_colors_info=&#8221;{}&#8221;]<\/p>\n<h1><\/h1>\n<h2><span style=\"color: #e02b20;\"><strong>2 \u00e9v garancia<\/strong><\/span><\/h2>\n<h3><strong>elektromos takar\u00f3k \u00e9s elektromos p\u00e1rn\u00e1k eset\u00e9ben<\/strong><\/h3>\n<p>[\/et_pb_text][\/et_pb_column][\/et_pb_row][\/et_pb_section][et_pb_section fb_built=&#8221;1&#8243; specialty=&#8221;on&#8221; _builder_version=&#8221;4.7.4&#8243; _module_preset=&#8221;default&#8221; global_colors_info=&#8221;{}&#8221;][et_pb_column type=&#8221;1_4&#8243; _builder_version=&#8221;3.25&#8243; custom_padding=&#8221;|||&#8221; global_colors_info=&#8221;{}&#8221; custom_padding__hover=&#8221;|||&#8221;][et_pb_sidebar area=&#8221;sidebar-4&#8243; _builder_version=&#8221;4.7.4&#8243; _module_preset=&#8221;default&#8221; global_colors_info=&#8221;{}&#8221;][\/et_pb_sidebar][et_pb_text _builder_version=&#8221;4.14.6&#8243; _dynamic_attributes=&#8221;link_option_url&#8221; _module_preset=&#8221;default&#8221; link_option_url=&#8221;@ET-DC@eyJkeW5hbWljIjp0cnVlLCJjb250ZW50IjoicG9zdF9saW5rX3VybF9wYWdlIiwic2V0dGluZ3MiOnsicG9zdF9pZCI6IjI0MDQ3MiJ9fQ==@&#8221; global_colors_info=&#8221;{}&#8221;]<\/p>\n<p>Term\u00e9k visszak\u00fcld\u00e9si \u0171rlap<\/p>\n<p>[\/et_pb_text][et_pb_text _builder_version=&#8221;4.14.6&#8243; _dynamic_attributes=&#8221;link_option_url&#8221; _module_preset=&#8221;default&#8221; link_option_url=&#8221;@ET-DC@eyJkeW5hbWljIjp0cnVlLCJjb250ZW50IjoicG9zdF9saW5rX3VybF9wYWdlIiwic2V0dGluZ3MiOnsicG9zdF9pZCI6IjI0MDQ4MyJ9fQ==@&#8221; global_colors_info=&#8221;{}&#8221;]<\/p>\n<p>Szolg\u00e1ltat\u00e1si \u0171rlap<\/p>\n<p>[\/et_pb_text][\/et_pb_column][et_pb_column type=&#8221;3_4&#8243; specialty_columns=&#8221;3&#8243; _builder_version=&#8221;3.25&#8243; custom_padding=&#8221;|||&#8221; global_colors_info=&#8221;{}&#8221; custom_padding__hover=&#8221;|||&#8221;][et_pb_row_inner _builder_version=&#8221;4.7.4&#8243; _module_preset=&#8221;default&#8221; global_colors_info=&#8221;{}&#8221;][et_pb_column_inner saved_specialty_column_type=&#8221;3_4&#8243; _builder_version=&#8221;4.7.4&#8243; _module_preset=&#8221;default&#8221; global_colors_info=&#8221;{}&#8221;][et_pb_text _builder_version=&#8221;4.14.6&#8243; _module_preset=&#8221;default&#8221; text_orientation=&#8221;center&#8221; global_colors_info=&#8221;{}&#8221;]<\/p>\n<h1><strong><span style=\"color: #0000ff;\">Term\u00e9kvisszav\u00e9teli felt\u00e9telek<\/span><\/strong><\/h1>\n<p>[\/et_pb_text][et_pb_text module_class=&#8221;dsdep-checklist&#8221; _builder_version=&#8221;4.14.6&#8243; _module_preset=&#8221;default&#8221; custom_margin=&#8221;||15px||false|false&#8221; custom_padding=&#8221;25px|25px|25px|25px|true|true&#8221; border_width_all=&#8221;1px&#8221; border_color_all=&#8221;rgba(51,51,51,0.18)&#8221; global_colors_info=&#8221;{}&#8221;]<\/p>\n<ul>\n<li><span style=\"color: #ff0000;\">Minden t\u0151l\u00fcnk v\u00e1s\u00e1rolt term\u00e9k 14 napon bel\u00fcl visszak\u00fcldhet\u0151.<\/span><\/li>\n<li>A visszak\u00fcldeni k\u00edv\u00e1nt term\u00e9knek ugyanolyan \u00e1llapotban kell lennie, mint ahogyan azt kisz\u00e1ll\u00edtott\u00e1k. Az integrit\u00e1st s\u00e9rt\u0151 term\u00e9keket &#8211; s\u00e9r\u00fclt vagy hi\u00e1nyos csomagol\u00e1ssal, kop\u00e1s vagy t\u00falzott haszn\u00e1lat jeleivel, karcol\u00e1sokkal, \u00fct\u00e9snyomokkal vagy illet\u00e9ktelen szem\u00e9ly \u00e1ltal jav\u00edtott term\u00e9kek &#8211; nem fogadjuk el.<\/li>\n<li>Azokat a term\u00e9keket, amelyekhez nem csatolt\u00e1k az \u00f6sszes sz\u00e1ll\u00edtott alkatr\u00e9szt vagy dokumentumot, nem fogadjuk el.<\/li>\n<li>A term\u00e9ket eredeti csomagol\u00e1s\u00e1ban, s\u00e9rtetlen c\u00edmk\u00e9kkel, eredeti garanci\u00e1val \u00e9s minden olyan dokumentummal egy\u00fctt kell visszak\u00fcldeni, amellyel egy\u00fctt sz\u00e1ll\u00edtott\u00e1k.<\/li>\n<li>A term\u00e9k visszak\u00fcld\u00e9s\u00e9nek k\u00f6lts\u00e9gei a v\u00e1s\u00e1rl\u00f3t terhelik.<br \/><span><\/span><\/li>\n<li>Ha vissza szeretne k\u00fcldeni egy term\u00e9ket, \u00e9s az megfelel a fenti felt\u00e9teleknek, k\u00e9rj\u00fck, t\u00f6ltse ki az \u0171rlapot.<\/li>\n<\/ul>\n<p>[\/et_pb_text][et_pb_button button_url=&#8221;@ET-DC@eyJkeW5hbWljIjp0cnVlLCJjb250ZW50IjoicG9zdF9saW5rX3VybF9wYWdlIiwic2V0dGluZ3MiOnsicG9zdF9pZCI6IjI0MDQ3MiJ9fQ==@&#8221; button_text=&#8221;Term\u00e9k visszak\u00fcld\u00e9si \u0171rlap&#8221; button_alignment=&#8221;center&#8221; module_class=&#8221;dsdep-button-primary dsdep-shadow-primary dsdep-button-medium&#8221; _builder_version=&#8221;4.14.6&#8243; _dynamic_attributes=&#8221;button_url&#8221; _module_preset=&#8221;default&#8221; hover_enabled=&#8221;0&#8243; global_colors_info=&#8221;{}&#8221; sticky_enabled=&#8221;0&#8243;][\/et_pb_button][\/et_pb_column_inner][\/et_pb_row_inner][\/et_pb_column][\/et_pb_section]<\/p>\n","protected":false},"excerpt":{"rendered":"<p>2 \u00e9v garancia elektromos takar\u00f3k \u00e9s elektromos p\u00e1rn\u00e1k eset\u00e9benTerm\u00e9k visszak\u00fcld\u00e9si \u0171rlapSzolg\u00e1ltat\u00e1si \u0171rlapTerm\u00e9kvisszav\u00e9teli felt\u00e9telek Minden t\u0151l\u00fcnk v\u00e1s\u00e1rolt term\u00e9k 14 napon bel\u00fcl visszak\u00fcldhet\u0151. A visszak\u00fcldeni k\u00edv\u00e1nt term\u00e9knek ugyanolyan \u00e1llapotban kell lennie, mint ahogyan azt kisz\u00e1ll\u00edtott\u00e1k. Az integrit\u00e1st s\u00e9rt\u0151 term\u00e9keket &#8211; s\u00e9r\u00fclt vagy hi\u00e1nyos csomagol\u00e1ssal, kop\u00e1s vagy t\u00falzott haszn\u00e1lat jeleivel, karcol\u00e1sokkal, \u00fct\u00e9snyomokkal vagy illet\u00e9ktelen szem\u00e9ly \u00e1ltal jav\u00edtott term\u00e9kek [&hellip;]<\/p>\n","protected":false},"author":1,"featured_media":0,"parent":0,"menu_order":0,"comment_status":"closed","ping_status":"closed","template":"","meta":{"_et_pb_use_builder":"on","_et_pb_old_content":"","_et_gb_content_width":"","footnotes":""},"class_list":["post-244333","page","type-page","status-publish","hentry"],"yoast_head":"<!-- This site is optimized with the Yoast SEO plugin v27.6 - https:\/\/yoast.com\/product\/yoast-seo-wordpress\/ -->\n<title>Term\u00e9kvisszat\u00e9r\u00edt\u00e9s | Electric Blanket<\/title>\n<meta name=\"robots\" content=\"index, follow, max-snippet:-1, max-image-preview:large, max-video-preview:-1\" \/>\n<link rel=\"canonical\" href=\"https:\/\/cardinella.eu\/hu\/a-termek-visszakuldese\/\" \/>\n<meta property=\"og:locale\" content=\"hu_HU\" \/>\n<meta property=\"og:type\" content=\"article\" \/>\n<meta property=\"og:title\" content=\"Term\u00e9kvisszat\u00e9r\u00edt\u00e9s | Electric Blanket\" \/>\n<meta property=\"og:description\" content=\"2 \u00e9v garancia elektromos takar\u00f3k \u00e9s elektromos p\u00e1rn\u00e1k eset\u00e9benTerm\u00e9k visszak\u00fcld\u00e9si \u0171rlapSzolg\u00e1ltat\u00e1si \u0171rlapTerm\u00e9kvisszav\u00e9teli felt\u00e9telek Minden t\u0151l\u00fcnk v\u00e1s\u00e1rolt term\u00e9k 14 napon bel\u00fcl visszak\u00fcldhet\u0151. A visszak\u00fcldeni k\u00edv\u00e1nt term\u00e9knek ugyanolyan \u00e1llapotban kell lennie, mint ahogyan azt kisz\u00e1ll\u00edtott\u00e1k. Az integrit\u00e1st s\u00e9rt\u0151 term\u00e9keket - s\u00e9r\u00fclt vagy hi\u00e1nyos csomagol\u00e1ssal, kop\u00e1s vagy t\u00falzott haszn\u00e1lat jeleivel, karcol\u00e1sokkal, \u00fct\u00e9snyomokkal vagy illet\u00e9ktelen szem\u00e9ly \u00e1ltal jav\u00edtott term\u00e9kek [&hellip;]\" \/>\n<meta property=\"og:url\" content=\"https:\/\/cardinella.eu\/hu\/a-termek-visszakuldese\/\" \/>\n<meta property=\"og:site_name\" content=\"Electric Blanket\" \/>\n<meta property=\"article:modified_time\" content=\"2023-09-20T18:30:16+00:00\" \/>\n<meta name=\"twitter:card\" content=\"summary_large_image\" \/>\n<meta name=\"twitter:label1\" content=\"Becs\u00fclt olvas\u00e1si id\u0151\" \/>\n\t<meta name=\"twitter:data1\" content=\"3 perc\" \/>\n<script type=\"application\/ld+json\" class=\"yoast-schema-graph\">{\"@context\":\"https:\\\/\\\/schema.org\",\"@graph\":[{\"@type\":\"WebPage\",\"@id\":\"https:\\\/\\\/cardinella.eu\\\/hu\\\/a-termek-visszakuldese\\\/\",\"url\":\"https:\\\/\\\/cardinella.eu\\\/hu\\\/a-termek-visszakuldese\\\/\",\"name\":\"Term\u00e9kvisszat\u00e9r\u00edt\u00e9s | Electric Blanket\",\"isPartOf\":{\"@id\":\"https:\\\/\\\/cardinella.eu\\\/hu\\\/#website\"},\"datePublished\":\"2020-12-10T22:39:16+00:00\",\"dateModified\":\"2023-09-20T18:30:16+00:00\",\"breadcrumb\":{\"@id\":\"https:\\\/\\\/cardinella.eu\\\/hu\\\/a-termek-visszakuldese\\\/#breadcrumb\"},\"inLanguage\":\"hu\",\"potentialAction\":[{\"@type\":\"ReadAction\",\"target\":[\"https:\\\/\\\/cardinella.eu\\\/hu\\\/a-termek-visszakuldese\\\/\"]}]},{\"@type\":\"BreadcrumbList\",\"@id\":\"https:\\\/\\\/cardinella.eu\\\/hu\\\/a-termek-visszakuldese\\\/#breadcrumb\",\"itemListElement\":[{\"@type\":\"ListItem\",\"position\":1,\"name\":\"Home\",\"item\":\"https:\\\/\\\/cardinella.eu\\\/hu\\\/\"},{\"@type\":\"ListItem\",\"position\":2,\"name\":\"Term\u00e9kvisszat\u00e9r\u00edt\u00e9s\"}]},{\"@type\":\"WebSite\",\"@id\":\"https:\\\/\\\/cardinella.eu\\\/hu\\\/#website\",\"url\":\"https:\\\/\\\/cardinella.eu\\\/hu\\\/\",\"name\":\"Electric Blanket\",\"description\":\"Personal Body Warmers\",\"publisher\":{\"@id\":\"https:\\\/\\\/cardinella.eu\\\/hu\\\/#organization\"},\"potentialAction\":[{\"@type\":\"SearchAction\",\"target\":{\"@type\":\"EntryPoint\",\"urlTemplate\":\"https:\\\/\\\/cardinella.eu\\\/hu\\\/?s={search_term_string}\"},\"query-input\":{\"@type\":\"PropertyValueSpecification\",\"valueRequired\":true,\"valueName\":\"search_term_string\"}}],\"inLanguage\":\"hu\"},{\"@type\":\"Organization\",\"@id\":\"https:\\\/\\\/cardinella.eu\\\/hu\\\/#organization\",\"name\":\"Domtex.Bg Ltd\",\"alternateName\":\"Cardinella\",\"url\":\"https:\\\/\\\/cardinella.eu\\\/hu\\\/\",\"logo\":{\"@type\":\"ImageObject\",\"inLanguage\":\"hu\",\"@id\":\"https:\\\/\\\/cardinella.eu\\\/hu\\\/#\\\/schema\\\/logo\\\/image\\\/\",\"url\":\"https:\\\/\\\/cardinella.eu\\\/wp-content\\\/uploads\\\/2022\\\/01\\\/Cardinella_logo_C.png\",\"contentUrl\":\"https:\\\/\\\/cardinella.eu\\\/wp-content\\\/uploads\\\/2022\\\/01\\\/Cardinella_logo_C.png\",\"width\":72,\"height\":72,\"caption\":\"Domtex.Bg Ltd\"},\"image\":{\"@id\":\"https:\\\/\\\/cardinella.eu\\\/hu\\\/#\\\/schema\\\/logo\\\/image\\\/\"}}]}<\/script>\n<!-- \/ Yoast SEO plugin. -->","yoast_head_json":{"title":"Term\u00e9kvisszat\u00e9r\u00edt\u00e9s | Electric Blanket","robots":{"index":"index","follow":"follow","max-snippet":"max-snippet:-1","max-image-preview":"max-image-preview:large","max-video-preview":"max-video-preview:-1"},"canonical":"https:\/\/cardinella.eu\/hu\/a-termek-visszakuldese\/","og_locale":"hu_HU","og_type":"article","og_title":"Term\u00e9kvisszat\u00e9r\u00edt\u00e9s | Electric Blanket","og_description":"2 \u00e9v garancia elektromos takar\u00f3k \u00e9s elektromos p\u00e1rn\u00e1k eset\u00e9benTerm\u00e9k visszak\u00fcld\u00e9si \u0171rlapSzolg\u00e1ltat\u00e1si \u0171rlapTerm\u00e9kvisszav\u00e9teli felt\u00e9telek Minden t\u0151l\u00fcnk v\u00e1s\u00e1rolt term\u00e9k 14 napon bel\u00fcl visszak\u00fcldhet\u0151. A visszak\u00fcldeni k\u00edv\u00e1nt term\u00e9knek ugyanolyan \u00e1llapotban kell lennie, mint ahogyan azt kisz\u00e1ll\u00edtott\u00e1k. Az integrit\u00e1st s\u00e9rt\u0151 term\u00e9keket - s\u00e9r\u00fclt vagy hi\u00e1nyos csomagol\u00e1ssal, kop\u00e1s vagy t\u00falzott haszn\u00e1lat jeleivel, karcol\u00e1sokkal, \u00fct\u00e9snyomokkal vagy illet\u00e9ktelen szem\u00e9ly \u00e1ltal jav\u00edtott term\u00e9kek [&hellip;]","og_url":"https:\/\/cardinella.eu\/hu\/a-termek-visszakuldese\/","og_site_name":"Electric Blanket","article_modified_time":"2023-09-20T18:30:16+00:00","twitter_card":"summary_large_image","twitter_misc":{"Becs\u00fclt olvas\u00e1si id\u0151":"3 perc"},"schema":{"@context":"https:\/\/schema.org","@graph":[{"@type":"WebPage","@id":"https:\/\/cardinella.eu\/hu\/a-termek-visszakuldese\/","url":"https:\/\/cardinella.eu\/hu\/a-termek-visszakuldese\/","name":"Term\u00e9kvisszat\u00e9r\u00edt\u00e9s | Electric Blanket","isPartOf":{"@id":"https:\/\/cardinella.eu\/hu\/#website"},"datePublished":"2020-12-10T22:39:16+00:00","dateModified":"2023-09-20T18:30:16+00:00","breadcrumb":{"@id":"https:\/\/cardinella.eu\/hu\/a-termek-visszakuldese\/#breadcrumb"},"inLanguage":"hu","potentialAction":[{"@type":"ReadAction","target":["https:\/\/cardinella.eu\/hu\/a-termek-visszakuldese\/"]}]},{"@type":"BreadcrumbList","@id":"https:\/\/cardinella.eu\/hu\/a-termek-visszakuldese\/#breadcrumb","itemListElement":[{"@type":"ListItem","position":1,"name":"Home","item":"https:\/\/cardinella.eu\/hu\/"},{"@type":"ListItem","position":2,"name":"Term\u00e9kvisszat\u00e9r\u00edt\u00e9s"}]},{"@type":"WebSite","@id":"https:\/\/cardinella.eu\/hu\/#website","url":"https:\/\/cardinella.eu\/hu\/","name":"Electric Blanket","description":"Personal Body Warmers","publisher":{"@id":"https:\/\/cardinella.eu\/hu\/#organization"},"potentialAction":[{"@type":"SearchAction","target":{"@type":"EntryPoint","urlTemplate":"https:\/\/cardinella.eu\/hu\/?s={search_term_string}"},"query-input":{"@type":"PropertyValueSpecification","valueRequired":true,"valueName":"search_term_string"}}],"inLanguage":"hu"},{"@type":"Organization","@id":"https:\/\/cardinella.eu\/hu\/#organization","name":"Domtex.Bg Ltd","alternateName":"Cardinella","url":"https:\/\/cardinella.eu\/hu\/","logo":{"@type":"ImageObject","inLanguage":"hu","@id":"https:\/\/cardinella.eu\/hu\/#\/schema\/logo\/image\/","url":"https:\/\/cardinella.eu\/wp-content\/uploads\/2022\/01\/Cardinella_logo_C.png","contentUrl":"https:\/\/cardinella.eu\/wp-content\/uploads\/2022\/01\/Cardinella_logo_C.png","width":72,"height":72,"caption":"Domtex.Bg Ltd"},"image":{"@id":"https:\/\/cardinella.eu\/hu\/#\/schema\/logo\/image\/"}}]}},"_links":{"self":[{"href":"https:\/\/cardinella.eu\/hu\/wp-json\/wp\/v2\/pages\/244333","targetHints":{"allow":["GET"]}}],"collection":[{"href":"https:\/\/cardinella.eu\/hu\/wp-json\/wp\/v2\/pages"}],"about":[{"href":"https:\/\/cardinella.eu\/hu\/wp-json\/wp\/v2\/types\/page"}],"author":[{"embeddable":true,"href":"https:\/\/cardinella.eu\/hu\/wp-json\/wp\/v2\/users\/1"}],"replies":[{"embeddable":true,"href":"https:\/\/cardinella.eu\/hu\/wp-json\/wp\/v2\/comments?post=244333"}],"version-history":[{"count":7,"href":"https:\/\/cardinella.eu\/hu\/wp-json\/wp\/v2\/pages\/244333\/revisions"}],"predecessor-version":[{"id":245993,"href":"https:\/\/cardinella.eu\/hu\/wp-json\/wp\/v2\/pages\/244333\/revisions\/245993"}],"wp:attachment":[{"href":"https:\/\/cardinella.eu\/hu\/wp-json\/wp\/v2\/media?parent=244333"}],"curies":[{"name":"wp","href":"https:\/\/api.w.org\/{rel}","templated":true}]}}