{"id":248093,"date":"2025-09-06T15:14:10","date_gmt":"2025-09-06T13:14:10","guid":{"rendered":"https:\/\/cardinella.eu\/uzlet\/"},"modified":"2025-09-06T15:29:34","modified_gmt":"2025-09-06T13:29:34","slug":"uzlet","status":"publish","type":"page","link":"https:\/\/cardinella.eu\/hu\/uzlet\/","title":{"rendered":"\u00dczlet"},"content":{"rendered":"<p>[et_pb_section fb_built=&#8221;1&#8243; theme_builder_area=&#8221;post_content&#8221; _builder_version=&#8221;4.27.4&#8243; _module_preset=&#8221;default&#8221; background_color=&#8221;#006aff&#8221; hover_enabled=&#8221;0&#8243; sticky_enabled=&#8221;0&#8243; max_height=&#8221;1000px&#8221; height=&#8221;144px&#8221; module_alignment=&#8221;center&#8221;][et_pb_row _builder_version=&#8221;4.27.4&#8243; _module_preset=&#8221;default&#8221; theme_builder_area=&#8221;post_content&#8221; make_equal=&#8221;on&#8221; custom_margin=&#8221;-39px||||false|false&#8221; hover_enabled=&#8221;0&#8243; sticky_enabled=&#8221;0&#8243;][et_pb_column _builder_version=&#8221;4.27.4&#8243; _module_preset=&#8221;default&#8221; type=&#8221;4_4&#8243; theme_builder_area=&#8221;post_content&#8221;][et_pb_text _builder_version=&#8221;4.27.4&#8243; _module_preset=&#8221;default&#8221; theme_builder_area=&#8221;post_content&#8221; hover_enabled=&#8221;0&#8243; sticky_enabled=&#8221;0&#8243; header_text_color=&#8221;#FFFFFF&#8221; header_text_align=&#8221;center&#8221; header_font=&#8221;Roboto||||||||&#8221;]<\/p>\n<h1>Korl\u00e1tozott ideig! A kiv\u00e1lasztott kateg\u00f3ri\u00e1kban minden m\u00e1sodik term\u00e9kre 50% kedvezm\u00e9ny. V\u00e1s\u00e1rolj most!<\/h1>\n<p>[\/et_pb_text][\/et_pb_column][\/et_pb_row][\/et_pb_section][et_pb_section fb_built=&#8221;1&#8243; module_id=&#8221;ecommerce-custom-header&#8221; _builder_version=&#8221;4.27.4&#8243; min_height=&#8221;1492.5px&#8221; custom_margin=&#8221;-11px||||false|false&#8221; custom_padding=&#8221;||0px|||&#8221; hover_enabled=&#8221;0&#8243; global_colors_info=&#8221;{}&#8221; theme_builder_area=&#8221;post_content&#8221; sticky_enabled=&#8221;0&#8243;][et_pb_row _builder_version=&#8221;4.27.4&#8243; module_alignment=&#8221;center&#8221; custom_margin=&#8221;0px||||false|false&#8221; custom_padding=&#8221;0px|||||&#8221; global_colors_info=&#8221;{}&#8221; theme_builder_area=&#8221;post_content&#8221;][et_pb_column type=&#8221;4_4&#8243; _builder_version=&#8221;4.16&#8243; global_colors_info=&#8221;{}&#8221; theme_builder_area=&#8221;post_content&#8221;][et_pb_text _builder_version=&#8221;4.27.4&#8243; _module_preset=&#8221;default&#8221; global_colors_info=&#8221;{}&#8221; theme_builder_area=&#8221;post_content&#8221;]<\/p>\n<h1 style=\"text-align: center;\"><span style=\"color: #0000ff;\"><strong>Adj magadnak meleget \u00e9s mosolyt az eg\u00e9szs\u00e9ges alv\u00e1shoz.<\/strong><\/span><\/h1>\n<p>[\/et_pb_text][et_pb_code module_class=&#8221;dsdep-link-color-dark dsdep-link-hover-color-primary &#8221; _builder_version=&#8221;4.16&#8243; _module_preset=&#8221;default&#8221; custom_margin=&#8221;30px||||false|false&#8221; custom_margin_tablet=&#8221;60px||||false|false&#8221; custom_margin_phone=&#8221;40px||||false|false&#8221; custom_margin_last_edited=&#8221;on|phone&#8221; custom_css_main_element=&#8221;font-size: 14px;&#8221; global_colors_info=&#8221;{}&#8221; theme_builder_area=&#8221;post_content&#8221;]<ul class=\"dsdep-shop-categories-list list-inline\"><li class=\"category-285\"><a href=\"https:\/\/cardinella.eu\/hu\/produkt-kategoriya\/elektromos-pad\/\"><img decoding=\"async\" src=\"https:\/\/cdn.cardinella.eu\/wp-content\/uploads\/2023\/08\/EB-02-03B-300x196.jpeg\" alt=\"elektromos p\u00e1rna\">elektromos p\u00e1rna<\/a><\/li><li class=\"category-286\"><a href=\"https:\/\/cardinella.eu\/hu\/produkt-kategoriya\/elektromos-takaro\/\"><img decoding=\"async\" src=\"https:\/\/cdn.cardinella.eu\/wp-content\/uploads\/2023\/09\/Slimextra1-5-scaled.jpg\" alt=\"elektromos takar\u00f3\">elektromos takar\u00f3<\/a><\/li><li class=\"category-308\"><a href=\"https:\/\/cardinella.eu\/hu\/produkt-kategoriya\/electric-body-warmers-hu\/\"><img decoding=\"async\" src=\"https:\/\/cdn.cardinella.eu\/wp-content\/uploads\/2022\/02\/vest-1-300x300.jpg\" alt=\"Elektromos testmeleg\u00edt\u0151k\">Elektromos testmeleg\u00edt\u0151k<\/a><\/li><li class=\"category-417\"><a href=\"https:\/\/cardinella.eu\/hu\/produkt-kategoriya\/heated-bag-hu\/\"><img decoding=\"async\" src=\"https:\/\/cdn.cardinella.eu\/wp-content\/uploads\/2025\/08\/heating-sac02-300x169.jpg\" alt=\"F\u0171t\u00f6tt fut\u00e1rt\u00e1ska\">F\u0171t\u00f6tt fut\u00e1rt\u00e1ska<\/a><\/li><li class=\"category-347\"><a href=\"https:\/\/cardinella.eu\/hu\/produkt-kategoriya\/power-bank-hu\/\"><img decoding=\"async\" src=\"https:\/\/cdn.cardinella.eu\/wp-content\/uploads\/2025\/08\/powerbank-5-03-300x147.jpeg\" alt=\"Power Bank\">Power Bank<\/a><\/li><\/ul>[\/et_pb_code][et_pb_shop posts_number=&#8221;10&#8243; show_pagination=&#8221;on&#8221; columns_number=&#8221;5&#8243; _builder_version=&#8221;4.16&#8243; global_colors_info=&#8221;{}&#8221; theme_builder_area=&#8221;post_content&#8221;][\/et_pb_shop][\/et_pb_column][\/et_pb_row][et_pb_row column_structure=&#8221;1_4,1_4,1_4,1_4&#8243; use_custom_gutter=&#8221;on&#8221; gutter_width=&#8221;1&#8243; make_equal=&#8221;on&#8221; disabled_on=&#8221;off|off|off&#8221; module_class=&#8221;dsdep-small-row &#8221; _builder_version=&#8221;4.16&#8243; width=&#8221;95%&#8221; custom_margin=&#8221;0px||0px|&#8221; custom_padding=&#8221;0px||0px|&#8221; global_colors_info=&#8221;{}&#8221; theme_builder_area=&#8221;post_content&#8221;][et_pb_column type=&#8221;1_4&#8243; _builder_version=&#8221;4.16&#8243; custom_padding=&#8221;23px|15px|23px|15px|true|true&#8221; border_width_right=&#8221;1px&#8221; border_color_right=&#8221;#efefef&#8221; border_color_bottom=&#8221;#efefef&#8221; border_width_right_tablet=&#8221;&#8221; border_width_right_phone=&#8221;0px&#8221; border_width_right_last_edited=&#8221;on|phone&#8221; border_width_bottom_tablet=&#8221;1px&#8221; border_width_bottom_phone=&#8221;&#8221; border_width_bottom_last_edited=&#8221;on|desktop&#8221; global_colors_info=&#8221;{}&#8221; custom_padding__hover=&#8221;|||&#8221; theme_builder_area=&#8221;post_content&#8221;][et_pb_blurb title=&#8221;Gyors sz\u00e1ll\u00edt\u00e1s&#8221; use_icon=&#8221;on&#8221; font_icon=&#8221;&#xe015;||divi||400&#8243; icon_placement=&#8221;left&#8221; image_icon_width=&#8221;30px&#8221; admin_label=&#8221;Blurb &#8211; Free Shipping&#8221; _builder_version=&#8221;4.16&#8243; header_font_size=&#8221;21px&#8221; custom_padding=&#8221;15px|23px|15px|23px|true|true&#8221; animation=&#8221;off&#8221; custom_css_blurb_image=&#8221;vertical-align: middle;||padding-right: 10px;&#8221; custom_css_blurb_title=&#8221;padding-bottom: 16px;&#8221; icon_font_size=&#8221;30px&#8221; global_colors_info=&#8221;{}&#8221; theme_builder_area=&#8221;post_content&#8221;]<\/p>\n<p>A rendel\u00e9sek 24\u201348 \u00f3r\u00e1n bel\u00fcl ker\u00fclnek kisz\u00e1ll\u00edt\u00e1sra.<\/p>\n<p>[\/et_pb_blurb][\/et_pb_column][et_pb_column type=&#8221;1_4&#8243; _builder_version=&#8221;4.16&#8243; custom_padding=&#8221;23px|15px|23px|15px|true|true&#8221; border_width_right=&#8221;1px&#8221; border_color_right=&#8221;#efefef&#8221; border_color_bottom=&#8221;#efefef&#8221; border_width_right_tablet=&#8221;0px&#8221; border_width_right_phone=&#8221;0px&#8221; border_width_right_last_edited=&#8221;on|desktop&#8221; border_width_bottom_tablet=&#8221;1px&#8221; border_width_bottom_phone=&#8221;&#8221; border_width_bottom_last_edited=&#8221;on|desktop&#8221; global_colors_info=&#8221;{}&#8221; custom_padding__hover=&#8221;|||&#8221; theme_builder_area=&#8221;post_content&#8221;][et_pb_blurb title=&#8221;Biztons\u00e1gos fizet\u00e9s&#8221; use_icon=&#8221;on&#8221; font_icon=&#8221;&#xe014;||divi||400&#8243; icon_placement=&#8221;left&#8221; image_icon_width=&#8221;30px&#8221; admin_label=&#8221;Blurb &#8211; Secure Payment&#8221; _builder_version=&#8221;4.16&#8243; header_font_size=&#8221;21px&#8221; custom_padding=&#8221;15px|23px|15px|23px|true|true&#8221; animation=&#8221;off&#8221; custom_css_blurb_image=&#8221;vertical-align: middle;||padding-right: 10px;&#8221; custom_css_blurb_title=&#8221;padding-bottom: 16px;&#8221; icon_font_size=&#8221;30px&#8221; global_colors_info=&#8221;{}&#8221; theme_builder_area=&#8221;post_content&#8221;]<\/p>\n<p>Fizet\u00e9s a rendel\u00e9s \u00e1tv\u00e9telekor<\/p>\n<p>[\/et_pb_blurb][\/et_pb_column][et_pb_column type=&#8221;1_4&#8243; _builder_version=&#8221;4.16&#8243; custom_padding=&#8221;23px|15px|23px|15px|true|true&#8221; border_width_right=&#8221;1px&#8221; border_color_right=&#8221;#efefef&#8221; border_color_bottom=&#8221;#efefef&#8221; border_width_right_tablet=&#8221;&#8221; border_width_right_phone=&#8221;0px&#8221; border_width_right_last_edited=&#8221;on|tablet&#8221; border_width_bottom_tablet=&#8221;0px&#8221; border_width_bottom_phone=&#8221;1px&#8221; border_width_bottom_last_edited=&#8221;on|phone&#8221; global_colors_info=&#8221;{}&#8221; custom_padding__hover=&#8221;|||&#8221; theme_builder_area=&#8221;post_content&#8221;][et_pb_blurb title=&#8221;100% garancia&#8221; use_icon=&#8221;on&#8221; font_icon=&#8221;&#xe106;||divi||400&#8243; icon_placement=&#8221;left&#8221; image_icon_width=&#8221;30px&#8221; admin_label=&#8221;Blurb &#8211; Money Guarantee&#8221; _builder_version=&#8221;4.16&#8243; header_font_size=&#8221;21px&#8221; custom_padding=&#8221;15px|23px|15px|23px|true|true&#8221; animation=&#8221;off&#8221; custom_css_blurb_image=&#8221;vertical-align: middle;||padding-right: 10px;&#8221; custom_css_blurb_title=&#8221;padding-bottom: 16px;&#8221; icon_font_size=&#8221;30px&#8221; global_colors_info=&#8221;{}&#8221; theme_builder_area=&#8221;post_content&#8221;]<\/p>\n<p>14 napos visszak\u00fcld\u00e9si lehet\u0151s\u00e9g<\/p>\n<p>[\/et_pb_blurb][\/et_pb_column][et_pb_column type=&#8221;1_4&#8243; _builder_version=&#8221;4.16&#8243; custom_padding=&#8221;23px|15px|23px|15px|true|true&#8221; border_color_right=&#8221;#efefef&#8221; border_color_bottom=&#8221;#efefef&#8221; border_width_right_tablet=&#8221;&#8221; border_width_right_phone=&#8221;0px&#8221; border_width_right_last_edited=&#8221;on|tablet&#8221; border_width_bottom_tablet=&#8221;0px&#8221; border_width_bottom_phone=&#8221;&#8221; border_width_bottom_last_edited=&#8221;on|phone&#8221; global_colors_info=&#8221;{}&#8221; custom_padding__hover=&#8221;|||&#8221; theme_builder_area=&#8221;post_content&#8221;][et_pb_blurb title=&#8221;Garancia&#8221; use_icon=&#8221;on&#8221; font_icon=&#8221;&#xe028;||divi||400&#8243; icon_placement=&#8221;left&#8221; image_icon_width=&#8221;30px&#8221; admin_label=&#8221;Blurb &#8211; Online Support&#8221; _builder_version=&#8221;4.16&#8243; header_font_size=&#8221;21px&#8221; custom_padding=&#8221;15px|23px|15px|23px|true|true&#8221; animation=&#8221;off&#8221; custom_css_blurb_image=&#8221;vertical-align: middle;||padding-right: 10px;&#8221; custom_css_blurb_title=&#8221;padding-bottom: 16px;&#8221; icon_font_size=&#8221;30px&#8221; global_colors_info=&#8221;{}&#8221; theme_builder_area=&#8221;post_content&#8221;]<\/p>\n<p>Minden term\u00e9kre 24 h\u00f3nap garancia<\/p>\n<p>[\/et_pb_blurb][\/et_pb_column][\/et_pb_row][\/et_pb_section]<\/p>\n","protected":false},"excerpt":{"rendered":"<p>Korl\u00e1tozott ideig! A kiv\u00e1lasztott kateg\u00f3ri\u00e1kban minden m\u00e1sodik term\u00e9kre 50% kedvezm\u00e9ny. V\u00e1s\u00e1rolj most!Adj magadnak meleget \u00e9s mosolyt az eg\u00e9szs\u00e9ges alv\u00e1shoz.<ul class=\"dsdep-shop-categories-list list-inline\"><li class=\"category-285\"><a href=\"https:\/\/cardinella.eu\/hu\/produkt-kategoriya\/elektromos-pad\/\"><img decoding=\"async\" src=\"https:\/\/cdn.cardinella.eu\/wp-content\/uploads\/2023\/08\/EB-02-03B-300x196.jpeg\" alt=\"elektromos p\u00e1rna\">elektromos p\u00e1rna<\/a><\/li><li class=\"category-286\"><a href=\"https:\/\/cardinella.eu\/hu\/produkt-kategoriya\/elektromos-takaro\/\"><img decoding=\"async\" src=\"https:\/\/cdn.cardinella.eu\/wp-content\/uploads\/2023\/09\/Slimextra1-5-scaled.jpg\" alt=\"elektromos takar\u00f3\">elektromos takar\u00f3<\/a><\/li><li class=\"category-308\"><a href=\"https:\/\/cardinella.eu\/hu\/produkt-kategoriya\/electric-body-warmers-hu\/\"><img decoding=\"async\" src=\"https:\/\/cdn.cardinella.eu\/wp-content\/uploads\/2022\/02\/vest-1-300x300.jpg\" alt=\"Elektromos testmeleg\u00edt\u0151k\">Elektromos testmeleg\u00edt\u0151k<\/a><\/li><li class=\"category-417\"><a href=\"https:\/\/cardinella.eu\/hu\/produkt-kategoriya\/heated-bag-hu\/\"><img decoding=\"async\" src=\"https:\/\/cdn.cardinella.eu\/wp-content\/uploads\/2025\/08\/heating-sac02-300x169.jpg\" alt=\"F\u0171t\u00f6tt fut\u00e1rt\u00e1ska\">F\u0171t\u00f6tt fut\u00e1rt\u00e1ska<\/a><\/li><li class=\"category-347\"><a href=\"https:\/\/cardinella.eu\/hu\/produkt-kategoriya\/power-bank-hu\/\"><img decoding=\"async\" src=\"https:\/\/cdn.cardinella.eu\/wp-content\/uploads\/2025\/08\/powerbank-5-03-300x147.jpeg\" alt=\"Power Bank\">Power Bank<\/a><\/li><\/ul>A rendel\u00e9sek 24\u201348 \u00f3r\u00e1n bel\u00fcl ker\u00fclnek kisz\u00e1ll\u00edt\u00e1sra.Fizet\u00e9s a rendel\u00e9s \u00e1tv\u00e9telekor14 napos visszak\u00fcld\u00e9si lehet\u0151s\u00e9gMinden term\u00e9kre 24 h\u00f3nap garancia<\/p>\n","protected":false},"author":32,"featured_media":0,"parent":0,"menu_order":0,"comment_status":"closed","ping_status":"closed","template":"","meta":{"_et_pb_use_builder":"on","_et_pb_old_content":"","_et_gb_content_width":"","footnotes":""},"class_list":["post-248093","page","type-page","status-publish","hentry"],"yoast_head":"<!-- This site is optimized with the Yoast SEO plugin v27.4 - https:\/\/yoast.com\/product\/yoast-seo-wordpress\/ -->\n<title>\u00dczlet | Electric Blanket<\/title>\n<meta name=\"robots\" content=\"index, follow, max-snippet:-1, max-image-preview:large, max-video-preview:-1\" \/>\n<link rel=\"canonical\" href=\"https:\/\/cardinella.eu\/hu\/uzlet\/\" \/>\n<meta property=\"og:locale\" content=\"hu_HU\" \/>\n<meta property=\"og:type\" content=\"article\" \/>\n<meta property=\"og:title\" content=\"\u00dczlet | Electric Blanket\" \/>\n<meta property=\"og:description\" content=\"Korl\u00e1tozott ideig! A kiv\u00e1lasztott kateg\u00f3ri\u00e1kban minden m\u00e1sodik term\u00e9kre 50% kedvezm\u00e9ny. V\u00e1s\u00e1rolj most!Adj magadnak meleget \u00e9s mosolyt az eg\u00e9szs\u00e9ges alv\u00e1shoz.A rendel\u00e9sek 24\u201348 \u00f3r\u00e1n bel\u00fcl ker\u00fclnek kisz\u00e1ll\u00edt\u00e1sra.Fizet\u00e9s a rendel\u00e9s \u00e1tv\u00e9telekor14 napos visszak\u00fcld\u00e9si lehet\u0151s\u00e9gMinden term\u00e9kre 24 h\u00f3nap garancia\" \/>\n<meta property=\"og:url\" content=\"https:\/\/cardinella.eu\/hu\/uzlet\/\" \/>\n<meta property=\"og:site_name\" content=\"Electric Blanket\" \/>\n<meta property=\"article:modified_time\" content=\"2025-09-06T13:29:34+00:00\" \/>\n<meta name=\"twitter:card\" content=\"summary_large_image\" \/>\n<meta name=\"twitter:label1\" content=\"Becs\u00fclt olvas\u00e1si id\u0151\" \/>\n\t<meta name=\"twitter:data1\" content=\"5 perc\" \/>\n<script type=\"application\/ld+json\" class=\"yoast-schema-graph\">{\"@context\":\"https:\\\/\\\/schema.org\",\"@graph\":[{\"@type\":\"WebPage\",\"@id\":\"https:\\\/\\\/cardinella.eu\\\/hu\\\/uzlet\\\/\",\"url\":\"https:\\\/\\\/cardinella.eu\\\/hu\\\/uzlet\\\/\",\"name\":\"\u00dczlet | Electric Blanket\",\"isPartOf\":{\"@id\":\"https:\\\/\\\/cardinella.eu\\\/hu\\\/#website\"},\"datePublished\":\"2025-09-06T13:14:10+00:00\",\"dateModified\":\"2025-09-06T13:29:34+00:00\",\"breadcrumb\":{\"@id\":\"https:\\\/\\\/cardinella.eu\\\/hu\\\/uzlet\\\/#breadcrumb\"},\"inLanguage\":\"hu\",\"potentialAction\":[{\"@type\":\"ReadAction\",\"target\":[\"https:\\\/\\\/cardinella.eu\\\/hu\\\/uzlet\\\/\"]}]},{\"@type\":\"BreadcrumbList\",\"@id\":\"https:\\\/\\\/cardinella.eu\\\/hu\\\/uzlet\\\/#breadcrumb\",\"itemListElement\":[{\"@type\":\"ListItem\",\"position\":1,\"name\":\"Home\",\"item\":\"https:\\\/\\\/cardinella.eu\\\/hu\\\/\"},{\"@type\":\"ListItem\",\"position\":2,\"name\":\"\u00dczlet\"}]},{\"@type\":\"WebSite\",\"@id\":\"https:\\\/\\\/cardinella.eu\\\/hu\\\/#website\",\"url\":\"https:\\\/\\\/cardinella.eu\\\/hu\\\/\",\"name\":\"Electric Blanket\",\"description\":\"Personal Body Warmers\",\"publisher\":{\"@id\":\"https:\\\/\\\/cardinella.eu\\\/hu\\\/#organization\"},\"potentialAction\":[{\"@type\":\"SearchAction\",\"target\":{\"@type\":\"EntryPoint\",\"urlTemplate\":\"https:\\\/\\\/cardinella.eu\\\/hu\\\/?s={search_term_string}\"},\"query-input\":{\"@type\":\"PropertyValueSpecification\",\"valueRequired\":true,\"valueName\":\"search_term_string\"}}],\"inLanguage\":\"hu\"},{\"@type\":\"Organization\",\"@id\":\"https:\\\/\\\/cardinella.eu\\\/hu\\\/#organization\",\"name\":\"Domtex.Bg Ltd\",\"alternateName\":\"Cardinella\",\"url\":\"https:\\\/\\\/cardinella.eu\\\/hu\\\/\",\"logo\":{\"@type\":\"ImageObject\",\"inLanguage\":\"hu\",\"@id\":\"https:\\\/\\\/cardinella.eu\\\/hu\\\/#\\\/schema\\\/logo\\\/image\\\/\",\"url\":\"https:\\\/\\\/cardinella.eu\\\/wp-content\\\/uploads\\\/2022\\\/01\\\/Cardinella_logo_C.png\",\"contentUrl\":\"https:\\\/\\\/cardinella.eu\\\/wp-content\\\/uploads\\\/2022\\\/01\\\/Cardinella_logo_C.png\",\"width\":72,\"height\":72,\"caption\":\"Domtex.Bg Ltd\"},\"image\":{\"@id\":\"https:\\\/\\\/cardinella.eu\\\/hu\\\/#\\\/schema\\\/logo\\\/image\\\/\"}}]}<\/script>\n<!-- \/ Yoast SEO plugin. -->","yoast_head_json":{"title":"\u00dczlet | Electric Blanket","robots":{"index":"index","follow":"follow","max-snippet":"max-snippet:-1","max-image-preview":"max-image-preview:large","max-video-preview":"max-video-preview:-1"},"canonical":"https:\/\/cardinella.eu\/hu\/uzlet\/","og_locale":"hu_HU","og_type":"article","og_title":"\u00dczlet | Electric Blanket","og_description":"Korl\u00e1tozott ideig! A kiv\u00e1lasztott kateg\u00f3ri\u00e1kban minden m\u00e1sodik term\u00e9kre 50% kedvezm\u00e9ny. V\u00e1s\u00e1rolj most!Adj magadnak meleget \u00e9s mosolyt az eg\u00e9szs\u00e9ges alv\u00e1shoz.A rendel\u00e9sek 24\u201348 \u00f3r\u00e1n bel\u00fcl ker\u00fclnek kisz\u00e1ll\u00edt\u00e1sra.Fizet\u00e9s a rendel\u00e9s \u00e1tv\u00e9telekor14 napos visszak\u00fcld\u00e9si lehet\u0151s\u00e9gMinden term\u00e9kre 24 h\u00f3nap garancia","og_url":"https:\/\/cardinella.eu\/hu\/uzlet\/","og_site_name":"Electric Blanket","article_modified_time":"2025-09-06T13:29:34+00:00","twitter_card":"summary_large_image","twitter_misc":{"Becs\u00fclt olvas\u00e1si id\u0151":"5 perc"},"schema":{"@context":"https:\/\/schema.org","@graph":[{"@type":"WebPage","@id":"https:\/\/cardinella.eu\/hu\/uzlet\/","url":"https:\/\/cardinella.eu\/hu\/uzlet\/","name":"\u00dczlet | Electric Blanket","isPartOf":{"@id":"https:\/\/cardinella.eu\/hu\/#website"},"datePublished":"2025-09-06T13:14:10+00:00","dateModified":"2025-09-06T13:29:34+00:00","breadcrumb":{"@id":"https:\/\/cardinella.eu\/hu\/uzlet\/#breadcrumb"},"inLanguage":"hu","potentialAction":[{"@type":"ReadAction","target":["https:\/\/cardinella.eu\/hu\/uzlet\/"]}]},{"@type":"BreadcrumbList","@id":"https:\/\/cardinella.eu\/hu\/uzlet\/#breadcrumb","itemListElement":[{"@type":"ListItem","position":1,"name":"Home","item":"https:\/\/cardinella.eu\/hu\/"},{"@type":"ListItem","position":2,"name":"\u00dczlet"}]},{"@type":"WebSite","@id":"https:\/\/cardinella.eu\/hu\/#website","url":"https:\/\/cardinella.eu\/hu\/","name":"Electric Blanket","description":"Personal Body Warmers","publisher":{"@id":"https:\/\/cardinella.eu\/hu\/#organization"},"potentialAction":[{"@type":"SearchAction","target":{"@type":"EntryPoint","urlTemplate":"https:\/\/cardinella.eu\/hu\/?s={search_term_string}"},"query-input":{"@type":"PropertyValueSpecification","valueRequired":true,"valueName":"search_term_string"}}],"inLanguage":"hu"},{"@type":"Organization","@id":"https:\/\/cardinella.eu\/hu\/#organization","name":"Domtex.Bg Ltd","alternateName":"Cardinella","url":"https:\/\/cardinella.eu\/hu\/","logo":{"@type":"ImageObject","inLanguage":"hu","@id":"https:\/\/cardinella.eu\/hu\/#\/schema\/logo\/image\/","url":"https:\/\/cardinella.eu\/wp-content\/uploads\/2022\/01\/Cardinella_logo_C.png","contentUrl":"https:\/\/cardinella.eu\/wp-content\/uploads\/2022\/01\/Cardinella_logo_C.png","width":72,"height":72,"caption":"Domtex.Bg Ltd"},"image":{"@id":"https:\/\/cardinella.eu\/hu\/#\/schema\/logo\/image\/"}}]}},"_links":{"self":[{"href":"https:\/\/cardinella.eu\/hu\/wp-json\/wp\/v2\/pages\/248093","targetHints":{"allow":["GET"]}}],"collection":[{"href":"https:\/\/cardinella.eu\/hu\/wp-json\/wp\/v2\/pages"}],"about":[{"href":"https:\/\/cardinella.eu\/hu\/wp-json\/wp\/v2\/types\/page"}],"author":[{"embeddable":true,"href":"https:\/\/cardinella.eu\/hu\/wp-json\/wp\/v2\/users\/32"}],"replies":[{"embeddable":true,"href":"https:\/\/cardinella.eu\/hu\/wp-json\/wp\/v2\/comments?post=248093"}],"version-history":[{"count":2,"href":"https:\/\/cardinella.eu\/hu\/wp-json\/wp\/v2\/pages\/248093\/revisions"}],"predecessor-version":[{"id":248096,"href":"https:\/\/cardinella.eu\/hu\/wp-json\/wp\/v2\/pages\/248093\/revisions\/248096"}],"wp:attachment":[{"href":"https:\/\/cardinella.eu\/hu\/wp-json\/wp\/v2\/media?parent=248093"}],"curies":[{"name":"wp","href":"https:\/\/api.w.org\/{rel}","templated":true}]}}