{"id":245790,"date":"2023-09-09T21:00:51","date_gmt":"2023-09-09T19:00:51","guid":{"rendered":"https:\/\/cardinella.eu\/shop\/elektromos-melegito-parna-cardinella-40-%d1%85-40-%d1%81%d0%bc-elektronikus-vezerlo-minta-02\/"},"modified":"2024-03-03T16:48:50","modified_gmt":"2024-03-03T14:48:50","slug":"electric-pad-2","status":"publish","type":"product","link":"https:\/\/cardinella.eu\/hu\/termek\/electric-pad-2\/","title":{"rendered":"elektromos meleg\u00edt\u0151 p\u00e1rna Cardinella, 40 \u0445 40 \u0441\u043c, elektronikus vez\u00e9rl\u0151 minta 02"},"content":{"rendered":"<p>A Cardinella elektromos p\u00e1rna a k\u00f6vetkez\u0151 jellemz\u0151kkel rendelkezik<\/p>\n<p>Levehet\u0151 t\u00e1pk\u00e1bel a k\u00f6nny\u0171 haszn\u00e1lat \u00e9rdek\u00e9ben<br \/>\nA h\u0151szab\u00e1lyoz\u00e1s elektronikus vez\u00e9rl\u0151vel t\u00f6rt\u00e9nik -3 +1 fokos kapcsol\u00f3val.<br \/>\nAz atk\u00e1k elpuszt\u00edt\u00e1s\u00e1nak lehet\u0151s\u00e9ge<br \/>\n4, 8 vagy 12 \u00f3r\u00e1s automatikus le\u00e1ll\u00e1s be\u00e1ll\u00edt\u00e1sa lehets\u00e9ges<br \/>\nCser\u00e9lhet\u0151, moshat\u00f3 huzat, amely maxim\u00e1lis k\u00e9nyelmet biztos\u00edt a mindennapi haszn\u00e1lathoz<br \/>\nA t\u00falmeleged\u00e9s elleni v\u00e9delem funkci\u00f3 a legbiztons\u00e1gosabb ell\u00e1t\u00e1st ny\u00fajtja \u00d6nnek \u00e9s csal\u00e1dj\u00e1nak.<\/p>\n<p>&nbsp;<\/p>\n<p>Garancia 24 h\u00f3nap<\/p>\n<p>Made in Bulgaria<\/p>\n","protected":false},"excerpt":{"rendered":"<p>A Cardinella elektromos p\u00e1rna a k\u00f6vetkez\u0151 jellemz\u0151kkel rendelkezik Levehet\u0151 t\u00e1pk\u00e1bel a k\u00f6nny\u0171 haszn\u00e1lat \u00e9rdek\u00e9ben A h\u0151szab\u00e1lyoz\u00e1s elektronikus vez\u00e9rl\u0151vel t\u00f6rt\u00e9nik -3 +1 fokos kapcsol\u00f3val. Az atk\u00e1k elpuszt\u00edt\u00e1s\u00e1nak lehet\u0151s\u00e9ge 4, 8 vagy 12 \u00f3r\u00e1s automatikus le\u00e1ll\u00e1s be\u00e1ll\u00edt\u00e1sa lehets\u00e9ges Cser\u00e9lhet\u0151, moshat\u00f3 huzat, amely maxim\u00e1lis k\u00e9nyelmet biztos\u00edt a mindennapi haszn\u00e1lathoz A t\u00falmeleged\u00e9s elleni v\u00e9delem funkci\u00f3 a legbiztons\u00e1gosabb ell\u00e1t\u00e1st ny\u00fajtja [&hellip;]<\/p>\n","protected":false},"featured_media":248359,"comment_status":"open","ping_status":"closed","template":"","meta":{"_et_pb_use_builder":"","_et_pb_old_content":"","_et_gb_content_width":""},"product_brand":[],"product_cat":[285],"product_tag":[],"class_list":{"0":"post-245790","1":"product","2":"type-product","3":"status-publish","4":"has-post-thumbnail","6":"product_cat-elektromos-pad","8":"first","9":"instock","10":"shipping-taxable","11":"purchasable","12":"product-type-simple"},"yoast_head":"<!-- This site is optimized with the Yoast SEO plugin v27.4 - https:\/\/yoast.com\/product\/yoast-seo-wordpress\/ -->\n<title>Cardinella<\/title>\n<meta name=\"description\" content=\"Levehet\u0151 t\u00e1pk\u00e1bel a k\u00f6nny\u0171 haszn\u00e1lat \u00e9rdek\u00e9ben |% Az atka\u00f6l\u00e9s lehet\u0151s\u00e9ge |% Automatikus le\u00e1ll\u00edt\u00e1s 4, 8 vagy 12 \u00f3r\u00e1n\u00e1l |% A t\u00falmeleged\u00e9s elleni v\u00e9delem funkci\u00f3ja\" \/>\n<meta name=\"robots\" content=\"index, follow, max-snippet:-1, max-image-preview:large, max-video-preview:-1\" \/>\n<link rel=\"canonical\" href=\"https:\/\/cardinella.eu\/hu\/termek\/electric-pad-2\/\" \/>\n<meta property=\"og:locale\" content=\"hu_HU\" \/>\n<meta property=\"og:type\" content=\"article\" \/>\n<meta property=\"og:title\" content=\"Cardinella\" \/>\n<meta property=\"og:description\" content=\"Levehet\u0151 t\u00e1pk\u00e1bel a k\u00f6nny\u0171 haszn\u00e1lat \u00e9rdek\u00e9ben |% Az atka\u00f6l\u00e9s lehet\u0151s\u00e9ge |% Automatikus le\u00e1ll\u00edt\u00e1s 4, 8 vagy 12 \u00f3r\u00e1n\u00e1l |% A t\u00falmeleged\u00e9s elleni v\u00e9delem funkci\u00f3ja\" \/>\n<meta property=\"og:url\" content=\"https:\/\/cardinella.eu\/hu\/termek\/electric-pad-2\/\" \/>\n<meta property=\"og:site_name\" content=\"Electric Blanket\" \/>\n<meta property=\"article:modified_time\" content=\"2024-03-03T14:48:50+00:00\" \/>\n<meta property=\"og:image\" content=\"https:\/\/cardinella.eu\/wp-content\/uploads\/2023\/09\/smart-pad-02a-scaled.jpeg\" \/>\n\t<meta property=\"og:image:width\" content=\"2560\" \/>\n\t<meta property=\"og:image:height\" content=\"2072\" \/>\n\t<meta property=\"og:image:type\" content=\"image\/jpeg\" \/>\n<meta name=\"twitter:card\" content=\"summary_large_image\" \/>\n<meta name=\"twitter:label1\" content=\"Becs\u00fclt olvas\u00e1si id\u0151\" \/>\n\t<meta name=\"twitter:data1\" content=\"1 perc\" \/>\n<script type=\"application\/ld+json\" class=\"yoast-schema-graph\">{\"@context\":\"https:\\\/\\\/schema.org\",\"@graph\":[{\"@type\":[\"WebPage\",\"ItemPage\"],\"@id\":\"https:\\\/\\\/cardinella.eu\\\/hu\\\/termek\\\/electric-pad-2\\\/\",\"url\":\"https:\\\/\\\/cardinella.eu\\\/hu\\\/termek\\\/electric-pad-2\\\/\",\"name\":\"Cardinella\",\"isPartOf\":{\"@id\":\"https:\\\/\\\/cardinella.eu\\\/hu\\\/#website\"},\"primaryImageOfPage\":{\"@id\":\"https:\\\/\\\/cardinella.eu\\\/hu\\\/termek\\\/electric-pad-2\\\/#primaryimage\"},\"image\":{\"@id\":\"https:\\\/\\\/cardinella.eu\\\/hu\\\/termek\\\/electric-pad-2\\\/#primaryimage\"},\"thumbnailUrl\":\"https:\\\/\\\/cdn.cardinella.eu\\\/wp-content\\\/uploads\\\/2020\\\/12\\\/02B-0-800042.jpg\",\"datePublished\":\"2023-09-09T19:00:51+00:00\",\"dateModified\":\"2024-03-03T14:48:50+00:00\",\"description\":\"Levehet\u0151 t\u00e1pk\u00e1bel a k\u00f6nny\u0171 haszn\u00e1lat \u00e9rdek\u00e9ben |% Az atka\u00f6l\u00e9s lehet\u0151s\u00e9ge |% Automatikus le\u00e1ll\u00edt\u00e1s 4, 8 vagy 12 \u00f3r\u00e1n\u00e1l |% A t\u00falmeleged\u00e9s elleni v\u00e9delem funkci\u00f3ja\",\"breadcrumb\":{\"@id\":\"https:\\\/\\\/cardinella.eu\\\/hu\\\/termek\\\/electric-pad-2\\\/#breadcrumb\"},\"inLanguage\":\"hu\",\"potentialAction\":[{\"@type\":\"ReadAction\",\"target\":[\"https:\\\/\\\/cardinella.eu\\\/hu\\\/termek\\\/electric-pad-2\\\/\"]}]},{\"@type\":\"ImageObject\",\"inLanguage\":\"hu\",\"@id\":\"https:\\\/\\\/cardinella.eu\\\/hu\\\/termek\\\/electric-pad-2\\\/#primaryimage\",\"url\":\"https:\\\/\\\/cdn.cardinella.eu\\\/wp-content\\\/uploads\\\/2020\\\/12\\\/02B-0-800042.jpg\",\"contentUrl\":\"https:\\\/\\\/cdn.cardinella.eu\\\/wp-content\\\/uploads\\\/2020\\\/12\\\/02B-0-800042.jpg\",\"width\":400,\"height\":400,\"caption\":\"electric pad electronic controller\"},{\"@type\":\"BreadcrumbList\",\"@id\":\"https:\\\/\\\/cardinella.eu\\\/hu\\\/termek\\\/electric-pad-2\\\/#breadcrumb\",\"itemListElement\":[{\"@type\":\"ListItem\",\"position\":1,\"name\":\"Home\",\"item\":\"https:\\\/\\\/cardinella.eu\\\/hu\\\/\"},{\"@type\":\"ListItem\",\"position\":2,\"name\":\"Shop\",\"item\":\"https:\\\/\\\/cardinella.eu\\\/shop\\\/\"},{\"@type\":\"ListItem\",\"position\":3,\"name\":\"elektromos meleg\u00edt\u0151 p\u00e1rna Cardinella, 40 \u0445 40 \u0441\u043c, elektronikus vez\u00e9rl\u0151 minta 02\"}]},{\"@type\":\"WebSite\",\"@id\":\"https:\\\/\\\/cardinella.eu\\\/hu\\\/#website\",\"url\":\"https:\\\/\\\/cardinella.eu\\\/hu\\\/\",\"name\":\"Electric Blanket\",\"description\":\"Personal Body Warmers\",\"publisher\":{\"@id\":\"https:\\\/\\\/cardinella.eu\\\/hu\\\/#organization\"},\"potentialAction\":[{\"@type\":\"SearchAction\",\"target\":{\"@type\":\"EntryPoint\",\"urlTemplate\":\"https:\\\/\\\/cardinella.eu\\\/hu\\\/?s={search_term_string}\"},\"query-input\":{\"@type\":\"PropertyValueSpecification\",\"valueRequired\":true,\"valueName\":\"search_term_string\"}}],\"inLanguage\":\"hu\"},{\"@type\":\"Organization\",\"@id\":\"https:\\\/\\\/cardinella.eu\\\/hu\\\/#organization\",\"name\":\"Domtex.Bg Ltd\",\"alternateName\":\"Cardinella\",\"url\":\"https:\\\/\\\/cardinella.eu\\\/hu\\\/\",\"logo\":{\"@type\":\"ImageObject\",\"inLanguage\":\"hu\",\"@id\":\"https:\\\/\\\/cardinella.eu\\\/hu\\\/#\\\/schema\\\/logo\\\/image\\\/\",\"url\":\"https:\\\/\\\/cardinella.eu\\\/wp-content\\\/uploads\\\/2022\\\/01\\\/Cardinella_logo_C.png\",\"contentUrl\":\"https:\\\/\\\/cardinella.eu\\\/wp-content\\\/uploads\\\/2022\\\/01\\\/Cardinella_logo_C.png\",\"width\":72,\"height\":72,\"caption\":\"Domtex.Bg Ltd\"},\"image\":{\"@id\":\"https:\\\/\\\/cardinella.eu\\\/hu\\\/#\\\/schema\\\/logo\\\/image\\\/\"}}]}<\/script>\n<!-- \/ Yoast SEO plugin. -->","yoast_head_json":{"title":"Cardinella","description":"Levehet\u0151 t\u00e1pk\u00e1bel a k\u00f6nny\u0171 haszn\u00e1lat \u00e9rdek\u00e9ben |% Az atka\u00f6l\u00e9s lehet\u0151s\u00e9ge |% Automatikus le\u00e1ll\u00edt\u00e1s 4, 8 vagy 12 \u00f3r\u00e1n\u00e1l |% A t\u00falmeleged\u00e9s elleni v\u00e9delem funkci\u00f3ja","robots":{"index":"index","follow":"follow","max-snippet":"max-snippet:-1","max-image-preview":"max-image-preview:large","max-video-preview":"max-video-preview:-1"},"canonical":"https:\/\/cardinella.eu\/hu\/termek\/electric-pad-2\/","og_locale":"hu_HU","og_type":"article","og_title":"Cardinella","og_description":"Levehet\u0151 t\u00e1pk\u00e1bel a k\u00f6nny\u0171 haszn\u00e1lat \u00e9rdek\u00e9ben |% Az atka\u00f6l\u00e9s lehet\u0151s\u00e9ge |% Automatikus le\u00e1ll\u00edt\u00e1s 4, 8 vagy 12 \u00f3r\u00e1n\u00e1l |% A t\u00falmeleged\u00e9s elleni v\u00e9delem funkci\u00f3ja","og_url":"https:\/\/cardinella.eu\/hu\/termek\/electric-pad-2\/","og_site_name":"Electric Blanket","article_modified_time":"2024-03-03T14:48:50+00:00","og_image":[{"width":2560,"height":2072,"url":"https:\/\/cardinella.eu\/wp-content\/uploads\/2023\/09\/smart-pad-02a-scaled.jpeg","type":"image\/jpeg"}],"twitter_card":"summary_large_image","twitter_misc":{"Becs\u00fclt olvas\u00e1si id\u0151":"1 perc"},"schema":{"@context":"https:\/\/schema.org","@graph":[{"@type":["WebPage","ItemPage"],"@id":"https:\/\/cardinella.eu\/hu\/termek\/electric-pad-2\/","url":"https:\/\/cardinella.eu\/hu\/termek\/electric-pad-2\/","name":"Cardinella","isPartOf":{"@id":"https:\/\/cardinella.eu\/hu\/#website"},"primaryImageOfPage":{"@id":"https:\/\/cardinella.eu\/hu\/termek\/electric-pad-2\/#primaryimage"},"image":{"@id":"https:\/\/cardinella.eu\/hu\/termek\/electric-pad-2\/#primaryimage"},"thumbnailUrl":"https:\/\/cdn.cardinella.eu\/wp-content\/uploads\/2020\/12\/02B-0-800042.jpg","datePublished":"2023-09-09T19:00:51+00:00","dateModified":"2024-03-03T14:48:50+00:00","description":"Levehet\u0151 t\u00e1pk\u00e1bel a k\u00f6nny\u0171 haszn\u00e1lat \u00e9rdek\u00e9ben |% Az atka\u00f6l\u00e9s lehet\u0151s\u00e9ge |% Automatikus le\u00e1ll\u00edt\u00e1s 4, 8 vagy 12 \u00f3r\u00e1n\u00e1l |% A t\u00falmeleged\u00e9s elleni v\u00e9delem funkci\u00f3ja","breadcrumb":{"@id":"https:\/\/cardinella.eu\/hu\/termek\/electric-pad-2\/#breadcrumb"},"inLanguage":"hu","potentialAction":[{"@type":"ReadAction","target":["https:\/\/cardinella.eu\/hu\/termek\/electric-pad-2\/"]}]},{"@type":"ImageObject","inLanguage":"hu","@id":"https:\/\/cardinella.eu\/hu\/termek\/electric-pad-2\/#primaryimage","url":"https:\/\/cdn.cardinella.eu\/wp-content\/uploads\/2020\/12\/02B-0-800042.jpg","contentUrl":"https:\/\/cdn.cardinella.eu\/wp-content\/uploads\/2020\/12\/02B-0-800042.jpg","width":400,"height":400,"caption":"electric pad electronic controller"},{"@type":"BreadcrumbList","@id":"https:\/\/cardinella.eu\/hu\/termek\/electric-pad-2\/#breadcrumb","itemListElement":[{"@type":"ListItem","position":1,"name":"Home","item":"https:\/\/cardinella.eu\/hu\/"},{"@type":"ListItem","position":2,"name":"Shop","item":"https:\/\/cardinella.eu\/shop\/"},{"@type":"ListItem","position":3,"name":"elektromos meleg\u00edt\u0151 p\u00e1rna Cardinella, 40 \u0445 40 \u0441\u043c, elektronikus vez\u00e9rl\u0151 minta 02"}]},{"@type":"WebSite","@id":"https:\/\/cardinella.eu\/hu\/#website","url":"https:\/\/cardinella.eu\/hu\/","name":"Electric Blanket","description":"Personal Body Warmers","publisher":{"@id":"https:\/\/cardinella.eu\/hu\/#organization"},"potentialAction":[{"@type":"SearchAction","target":{"@type":"EntryPoint","urlTemplate":"https:\/\/cardinella.eu\/hu\/?s={search_term_string}"},"query-input":{"@type":"PropertyValueSpecification","valueRequired":true,"valueName":"search_term_string"}}],"inLanguage":"hu"},{"@type":"Organization","@id":"https:\/\/cardinella.eu\/hu\/#organization","name":"Domtex.Bg Ltd","alternateName":"Cardinella","url":"https:\/\/cardinella.eu\/hu\/","logo":{"@type":"ImageObject","inLanguage":"hu","@id":"https:\/\/cardinella.eu\/hu\/#\/schema\/logo\/image\/","url":"https:\/\/cardinella.eu\/wp-content\/uploads\/2022\/01\/Cardinella_logo_C.png","contentUrl":"https:\/\/cardinella.eu\/wp-content\/uploads\/2022\/01\/Cardinella_logo_C.png","width":72,"height":72,"caption":"Domtex.Bg Ltd"},"image":{"@id":"https:\/\/cardinella.eu\/hu\/#\/schema\/logo\/image\/"}}]}},"_links":{"self":[{"href":"https:\/\/cardinella.eu\/hu\/wp-json\/wp\/v2\/product\/245790","targetHints":{"allow":["GET"]}}],"collection":[{"href":"https:\/\/cardinella.eu\/hu\/wp-json\/wp\/v2\/product"}],"about":[{"href":"https:\/\/cardinella.eu\/hu\/wp-json\/wp\/v2\/types\/product"}],"replies":[{"embeddable":true,"href":"https:\/\/cardinella.eu\/hu\/wp-json\/wp\/v2\/comments?post=245790"}],"wp:featuredmedia":[{"embeddable":true,"href":"https:\/\/cardinella.eu\/hu\/wp-json\/wp\/v2\/media\/248359"}],"wp:attachment":[{"href":"https:\/\/cardinella.eu\/hu\/wp-json\/wp\/v2\/media?parent=245790"}],"wp:term":[{"taxonomy":"product_brand","embeddable":true,"href":"https:\/\/cardinella.eu\/hu\/wp-json\/wp\/v2\/product_brand?post=245790"},{"taxonomy":"product_cat","embeddable":true,"href":"https:\/\/cardinella.eu\/hu\/wp-json\/wp\/v2\/product_cat?post=245790"},{"taxonomy":"product_tag","embeddable":true,"href":"https:\/\/cardinella.eu\/hu\/wp-json\/wp\/v2\/product_tag?post=245790"}],"curies":[{"name":"wp","href":"https:\/\/api.w.org\/{rel}","templated":true}]}}