{"id":245792,"date":"2022-02-09T21:17:58","date_gmt":"2022-02-09T19:17:58","guid":{"rendered":"https:\/\/cardinella.eu\/shop\/usb-futott-talpbetet-labmelegito-pad-cipobetet-cardinella-usb-meret-l-40-45\/"},"modified":"2025-09-11T11:01:58","modified_gmt":"2025-09-11T08:01:58","slug":"803319","status":"publish","type":"product","link":"https:\/\/cardinella.eu\/hu\/termek\/803319\/","title":{"rendered":"USB f\u0171t\u00f6tt talpbet\u00e9t l\u00e1bmeleg\u00edt\u0151 pad, cip\u0151bet\u00e9t Cardinella, USB, m\u00e9ret L 40-45"},"content":{"rendered":"<p><strong>Nincs t\u00f6bb\u00e9 hideg l\u00e1b! USB f\u0171t\u00f6tt talpbet\u00e9t<\/strong><\/p>\n<p>Ez a f\u0171t\u00f6tt talpbet\u00e9t \u00faj f\u0171t\u00e9si technol\u00f3gi\u00e1t \u00e9s k\u00e9nyelmes EVA stretch anyagot alkalmaz. \u00c9s j\u00f3 p\u00e1rn\u00e1zotts\u00e1ggal. Hordozhat\u00f3 f\u00e9ny, a f\u0171t\u0151berendez\u00e9s k\u00e9nyelmes USB-csatlakoz\u00f3val. Az USB-k\u00e1belen kereszt\u00fcl t\u00f6rt\u00e9n\u0151 f\u0171t\u00e9sre szolg\u00e1l. Nagy f\u0171t\u0151fel\u00fclet \u00e9s egyenletes h\u0151eloszt\u00e1s. A h\u0151m\u00e9rs\u00e9klet el\u00e9rheti az 50 \u00b0C\/122 \u2109 h\u0151m\u00e9rs\u00e9kletet.<\/p>\n<p><strong>Tiszt\u00edthat\u00f3 \u00e9s megism\u00e9telhet\u0151 haszn\u00e1lat<\/strong> :Ez az <strong>USB f\u0171t\u00f6tt talpbet\u00e9t<\/strong> anyag v\u00edz\u00e1ll\u00f3 hat\u00e1s\u00fa. Moshat\u00f3 \u00e9s \u00fajrafelhaszn\u00e1lhat\u00f3. Kef\u00e9vel moshat\u00f3, de g\u00e9pi mos\u00e1sra nem alkalmas. Meg kell jegyezni, hogy mos\u00e1s ut\u00e1n meg kell sz\u00e1r\u00edtani, \u00e9s haszn\u00e1lat el\u0151tt teljesen meg kell sz\u00e1r\u00edtani.<\/p>\n<p><span data-spm-anchor-id=\"a2700.wholesale.0.i40.166b4ab6ZDvGOz\"><strong>DIY \u00e1ll\u00edthat\u00f3 talpbet\u00e9t m\u00e9rete :<\/strong> Elektromos talpbet\u00e9t v\u00e1ghat\u00f3 a sz\u00fcks\u00e9ges m\u00e9retre, \u00e9s a cip\u0151m\u00e9rethez igaz\u00edthat\u00f3.A cip\u0151m\u00e9ret tartom\u00e1nya a talpbet\u00e9teken van megadva a bark\u00e1csol\u00e1s k\u00e9nyelm\u00e9\u00e9rt, mindent figyelembe v\u00e9ve Nem kell agg\u00f3dnia a m\u00e9ret miatt, a talpbet\u00e9teken megjel\u00f6lt vonalak vannak, k\u00f6nnyen v\u00e1ghat\u00f3.35-44-es EU-m\u00e9ret\u0171 f\u00e9rfiak \u00e9s n\u0151k sz\u00e1m\u00e1ra alkalmas, \u00e9s a f\u0171t\u00f6tt talpbet\u00e9tek 5 mm vastagok.<\/span><\/p>\n<p><strong>Sz\u00e9les k\u00f6r\u0171 felhaszn\u00e1l\u00e1s \u00e9s a legjobb aj\u00e1nd\u00e9k:A f\u0171t\u00f6tt cip\u0151bet\u00e9t melegen tartja a l\u00e1b\u00e1t a hideg t\u00e9len.<\/strong> A h\u0151m\u00e9rs\u00e9klet ak\u00e1r 42 \u00b0C\/108 \u2109 is lehet, \u00edgy b\u00e1rhov\u00e1 is megy, melegen tarthatja mag\u00e1t. Alkalmas s\u00edel\u00e9shez \u00e9s szabadt\u00e9ri sportokhoz, egy\u00e9b sportokhoz, kempingez\u00e9shez, h\u00e1zimunk\u00e1hoz, vad\u00e1szathoz, t\u00far\u00e1z\u00e1shoz, hal\u00e1szathoz stb. A legjobb kar\u00e1csonyi aj\u00e1nd\u00e9k.<\/p>\n<h5><strong>\u00c9rtes\u00edt\u00e9s:<\/strong><\/h5>\n<p>1.K\u00e9rj\u00fck, engedje meg a 3.0Mm hib\u00e1t a k\u00e9zi m\u00e9r\u00e9s miatt. K\u00e9rj\u00fck, v\u00e1s\u00e1rl\u00e1s el\u0151tt gy\u0151z\u0151dj\u00f6n meg r\u00f3la, hogy nem b\u00e1nja.<\/p>\n<p>2.A k\u00fcl\u00f6nb\u00f6z\u0151 kijelz\u0151k miatt a term\u00e9kek sz\u00ednei k\u00f6z\u00f6tt apr\u00f3 elt\u00e9r\u00e9sek lehetnek. Rem\u00e9lj\u00fck, hogy meg\u00e9rti \u0151ket.<\/p>\n<p>3.K\u00e9rj\u00fck, hagyjon nek\u00fcnk \u00fczenetet. Ha b\u00e1rmilyen probl\u00e9m\u00e1t tal\u00e1l a term\u00e9k\u00fcnk\u00f6n, \u00e9s \u00f6r\u00f6mmel megoldjuk a probl\u00e9m\u00e1t az \u00d6n sz\u00e1m\u00e1ra.<\/p>\n<p><strong data-spm-anchor-id=\"a2700.wholesale.0.i41.166b4ab6ZDvGOz\">4.A linkben szerepl\u0151 \u00e1r nem tartalmazza az adaptert. Ha adaptert szeretne, k\u00e9rj\u00fck, ellen\u0151rizze vel\u00fcnk a fel\u00e1rat, amelyet hozz\u00e1 kell adni.<\/strong><\/p>\n<p><strong>Nincs akkumul\u00e1tor, plug and play<\/strong><\/p>\n<p><strong>Eml\u00e9keztet\u0151\u00fcl: <\/strong><\/p>\n<p><strong>a k\u00e1bel sz\u00edne lehet fekete vagy feh\u00e9r<\/strong><\/p>\n<p><strong>A talpbet\u00e9t val\u00f3di hossza k\u00f6r\u00fclbel\u00fcl 28 cm a v\u00e1g\u00e1s el\u0151tt.<\/strong><\/p>\n<h5 class=\"font-bold font-sans break-normal text-black mb-6 text-4xl lg:text-5xl leading-extra-tight\"><a href=\"https:\/\/www.health.harvard.edu\/staying-healthy\/how-does-cold-weather-affect-your-health#:~:text=Cold%20weather%20acts%20as%20a,heart%2C%20such%20as%20shoveling%20snow.\">Hogyan hat a hideg id\u0151j\u00e1r\u00e1s az eg\u00e9szs\u00e9gre?<\/a><\/h5>\n<p><a href=\"\/?product_cat=incalzitoare-electrice\" target=\"_blank\" rel=\"noopener\">N\u00e9zze meg a hasonl\u00f3 term\u00e9keket<\/a><\/p>\n<p data-spm-anchor-id=\"a2700.wholesale.0.i43.166b4ab6ZDvGOz\"><strong data-spm-anchor-id=\"a2700.wholesale.0.i44.166b4ab6ZDvGOz\">Le\u00edr\u00e1s:<\/strong><br \/>\n<strong>Sz\u00ednes:<\/strong> Fekete<br \/>\n<strong>Anyag:<\/strong>: EVA<br \/>\n<strong>Ellen\u00e1ll\u00e1s:<\/strong>: Sz\u00e9nsz\u00e1las<br \/>\n<strong>Teljes\u00edtm\u00e9ny:<\/strong> 8W<br \/>\n<strong>Teljes\u00edtm\u00e9ny:<\/strong> 5V\/2A<br \/>\n<strong>K\u00e1bel hossza:<\/strong> 150 cm<br \/>\n<strong>m\u00e9ret: EU 41-45 <\/strong><\/p>\n<p><strong>Csomaglista:<\/strong><br \/>\n1 Dupla * f\u0171t\u0151bet\u00e9t<br \/>\n1* T\u00f6lt\u0151vezet\u00e9k<\/p>\n","protected":false},"excerpt":{"rendered":"<p>Nincs t\u00f6bb\u00e9 hideg l\u00e1b! USB f\u0171t\u00f6tt talpbet\u00e9t Ez a f\u0171t\u00f6tt talpbet\u00e9t \u00faj f\u0171t\u00e9si technol\u00f3gi\u00e1t \u00e9s k\u00e9nyelmes EVA stretch anyagot alkalmaz. \u00c9s j\u00f3 p\u00e1rn\u00e1zotts\u00e1ggal. Hordozhat\u00f3 f\u00e9ny, a f\u0171t\u0151berendez\u00e9s k\u00e9nyelmes USB-csatlakoz\u00f3val. Az USB-k\u00e1belen kereszt\u00fcl t\u00f6rt\u00e9n\u0151 f\u0171t\u00e9sre szolg\u00e1l. Nagy f\u0171t\u0151fel\u00fclet \u00e9s egyenletes h\u0151eloszt\u00e1s. A h\u0151m\u00e9rs\u00e9klet el\u00e9rheti az 50 \u00b0C\/122 \u2109 h\u0151m\u00e9rs\u00e9kletet. Tiszt\u00edthat\u00f3 \u00e9s megism\u00e9telhet\u0151 haszn\u00e1lat :Ez az USB [&hellip;]<\/p>\n","protected":false},"featured_media":243449,"comment_status":"open","ping_status":"closed","template":"","meta":{"_et_pb_use_builder":"","_et_pb_old_content":"","_et_gb_content_width":""},"product_brand":[],"product_cat":[308],"product_tag":[],"class_list":{"0":"post-245792","1":"product","2":"type-product","3":"status-publish","4":"has-post-thumbnail","6":"product_cat-electric-body-warmers-hu","8":"first","9":"instock","10":"shipping-taxable","11":"purchasable","12":"product-type-simple"},"yoast_head":"<!-- This site is optimized with the Yoast SEO plugin v27.4 - https:\/\/yoast.com\/product\/yoast-seo-wordpress\/ -->\n<title>USB \u00fajrat\u00f6lthet\u0151 f\u0171t\u00f6tt talpbet\u00e9t | % meleg l\u00e1bak<\/title>\n<meta name=\"description\" content=\"Az USB-f\u0171t\u00e9s\u0171 talpbet\u00e9t hideg t\u00e9len melegen tartja a l\u00e1b\u00e1t, a h\u0151m\u00e9rs\u00e9klet ak\u00e1r 42 \u00b0C\/108 \u2109, | v\u00edz\u00e1ll\u00f3 hat\u00e1s\u00fa, moshat\u00f3 \u00e9s \u00fajrafelhaszn\u00e1lhat\u00f3,\" \/>\n<meta name=\"robots\" content=\"index, follow, max-snippet:-1, max-image-preview:large, max-video-preview:-1\" \/>\n<link rel=\"canonical\" href=\"https:\/\/cardinella.eu\/hu\/termek\/803319\/\" \/>\n<meta property=\"og:locale\" content=\"hu_HU\" \/>\n<meta property=\"og:type\" content=\"article\" \/>\n<meta property=\"og:title\" content=\"USB \u00fajrat\u00f6lthet\u0151 f\u0171t\u00f6tt talpbet\u00e9t | % meleg l\u00e1bak\" \/>\n<meta property=\"og:description\" content=\"Az USB-f\u0171t\u00e9s\u0171 talpbet\u00e9t hideg t\u00e9len melegen tartja a l\u00e1b\u00e1t, a h\u0151m\u00e9rs\u00e9klet ak\u00e1r 42 \u00b0C\/108 \u2109, | v\u00edz\u00e1ll\u00f3 hat\u00e1s\u00fa, moshat\u00f3 \u00e9s \u00fajrafelhaszn\u00e1lhat\u00f3,\" \/>\n<meta property=\"og:url\" content=\"https:\/\/cardinella.eu\/hu\/termek\/803319\/\" \/>\n<meta property=\"og:site_name\" content=\"Electric Blanket\" \/>\n<meta property=\"article:modified_time\" content=\"2025-09-11T08:01:58+00:00\" \/>\n<meta property=\"og:image\" content=\"https:\/\/cardinella.eu\/wp-content\/uploads\/2022\/02\/L-Size-02.png\" \/>\n\t<meta property=\"og:image:width\" content=\"750\" \/>\n\t<meta property=\"og:image:height\" content=\"750\" \/>\n\t<meta property=\"og:image:type\" content=\"image\/png\" \/>\n<meta name=\"twitter:card\" content=\"summary_large_image\" \/>\n<meta name=\"twitter:label1\" content=\"Becs\u00fclt olvas\u00e1si id\u0151\" \/>\n\t<meta name=\"twitter:data1\" content=\"3 perc\" \/>\n<script type=\"application\/ld+json\" class=\"yoast-schema-graph\">{\"@context\":\"https:\\\/\\\/schema.org\",\"@graph\":[{\"@type\":[\"WebPage\",\"ItemPage\"],\"@id\":\"https:\\\/\\\/cardinella.eu\\\/hu\\\/termek\\\/803319\\\/\",\"url\":\"https:\\\/\\\/cardinella.eu\\\/hu\\\/termek\\\/803319\\\/\",\"name\":\"USB \u00fajrat\u00f6lthet\u0151 f\u0171t\u00f6tt talpbet\u00e9t | % meleg l\u00e1bak\",\"isPartOf\":{\"@id\":\"https:\\\/\\\/cardinella.eu\\\/hu\\\/#website\"},\"primaryImageOfPage\":{\"@id\":\"https:\\\/\\\/cardinella.eu\\\/hu\\\/termek\\\/803319\\\/#primaryimage\"},\"image\":{\"@id\":\"https:\\\/\\\/cardinella.eu\\\/hu\\\/termek\\\/803319\\\/#primaryimage\"},\"thumbnailUrl\":\"https:\\\/\\\/cdn.cardinella.eu\\\/wp-content\\\/uploads\\\/2022\\\/02\\\/L-Size-02.png\",\"datePublished\":\"2022-02-09T19:17:58+00:00\",\"dateModified\":\"2025-09-11T08:01:58+00:00\",\"description\":\"Az USB-f\u0171t\u00e9s\u0171 talpbet\u00e9t hideg t\u00e9len melegen tartja a l\u00e1b\u00e1t, a h\u0151m\u00e9rs\u00e9klet ak\u00e1r 42 \u00b0C\\\/108 \u2109, | v\u00edz\u00e1ll\u00f3 hat\u00e1s\u00fa, moshat\u00f3 \u00e9s \u00fajrafelhaszn\u00e1lhat\u00f3,\",\"breadcrumb\":{\"@id\":\"https:\\\/\\\/cardinella.eu\\\/hu\\\/termek\\\/803319\\\/#breadcrumb\"},\"inLanguage\":\"hu\",\"potentialAction\":[{\"@type\":\"ReadAction\",\"target\":[\"https:\\\/\\\/cardinella.eu\\\/hu\\\/termek\\\/803319\\\/\"]}]},{\"@type\":\"ImageObject\",\"inLanguage\":\"hu\",\"@id\":\"https:\\\/\\\/cardinella.eu\\\/hu\\\/termek\\\/803319\\\/#primaryimage\",\"url\":\"https:\\\/\\\/cdn.cardinella.eu\\\/wp-content\\\/uploads\\\/2022\\\/02\\\/L-Size-02.png\",\"contentUrl\":\"https:\\\/\\\/cdn.cardinella.eu\\\/wp-content\\\/uploads\\\/2022\\\/02\\\/L-Size-02.png\",\"width\":750,\"height\":750,\"caption\":\"USB f\u0171t\u00f6tt talpbet\u00e9t\"},{\"@type\":\"BreadcrumbList\",\"@id\":\"https:\\\/\\\/cardinella.eu\\\/hu\\\/termek\\\/803319\\\/#breadcrumb\",\"itemListElement\":[{\"@type\":\"ListItem\",\"position\":1,\"name\":\"Home\",\"item\":\"https:\\\/\\\/cardinella.eu\\\/hu\\\/\"},{\"@type\":\"ListItem\",\"position\":2,\"name\":\"Shop\",\"item\":\"https:\\\/\\\/cardinella.eu\\\/shop\\\/\"},{\"@type\":\"ListItem\",\"position\":3,\"name\":\"USB f\u0171t\u00f6tt talpbet\u00e9t l\u00e1bmeleg\u00edt\u0151 pad, cip\u0151bet\u00e9t Cardinella, USB, m\u00e9ret L 40-45\"}]},{\"@type\":\"WebSite\",\"@id\":\"https:\\\/\\\/cardinella.eu\\\/hu\\\/#website\",\"url\":\"https:\\\/\\\/cardinella.eu\\\/hu\\\/\",\"name\":\"Electric Blanket\",\"description\":\"Personal Body Warmers\",\"publisher\":{\"@id\":\"https:\\\/\\\/cardinella.eu\\\/hu\\\/#organization\"},\"potentialAction\":[{\"@type\":\"SearchAction\",\"target\":{\"@type\":\"EntryPoint\",\"urlTemplate\":\"https:\\\/\\\/cardinella.eu\\\/hu\\\/?s={search_term_string}\"},\"query-input\":{\"@type\":\"PropertyValueSpecification\",\"valueRequired\":true,\"valueName\":\"search_term_string\"}}],\"inLanguage\":\"hu\"},{\"@type\":\"Organization\",\"@id\":\"https:\\\/\\\/cardinella.eu\\\/hu\\\/#organization\",\"name\":\"Domtex.Bg Ltd\",\"alternateName\":\"Cardinella\",\"url\":\"https:\\\/\\\/cardinella.eu\\\/hu\\\/\",\"logo\":{\"@type\":\"ImageObject\",\"inLanguage\":\"hu\",\"@id\":\"https:\\\/\\\/cardinella.eu\\\/hu\\\/#\\\/schema\\\/logo\\\/image\\\/\",\"url\":\"https:\\\/\\\/cardinella.eu\\\/wp-content\\\/uploads\\\/2022\\\/01\\\/Cardinella_logo_C.png\",\"contentUrl\":\"https:\\\/\\\/cardinella.eu\\\/wp-content\\\/uploads\\\/2022\\\/01\\\/Cardinella_logo_C.png\",\"width\":72,\"height\":72,\"caption\":\"Domtex.Bg Ltd\"},\"image\":{\"@id\":\"https:\\\/\\\/cardinella.eu\\\/hu\\\/#\\\/schema\\\/logo\\\/image\\\/\"}}]}<\/script>\n<!-- \/ Yoast SEO plugin. -->","yoast_head_json":{"title":"USB \u00fajrat\u00f6lthet\u0151 f\u0171t\u00f6tt talpbet\u00e9t | % meleg l\u00e1bak","description":"Az USB-f\u0171t\u00e9s\u0171 talpbet\u00e9t hideg t\u00e9len melegen tartja a l\u00e1b\u00e1t, a h\u0151m\u00e9rs\u00e9klet ak\u00e1r 42 \u00b0C\/108 \u2109, | v\u00edz\u00e1ll\u00f3 hat\u00e1s\u00fa, moshat\u00f3 \u00e9s \u00fajrafelhaszn\u00e1lhat\u00f3,","robots":{"index":"index","follow":"follow","max-snippet":"max-snippet:-1","max-image-preview":"max-image-preview:large","max-video-preview":"max-video-preview:-1"},"canonical":"https:\/\/cardinella.eu\/hu\/termek\/803319\/","og_locale":"hu_HU","og_type":"article","og_title":"USB \u00fajrat\u00f6lthet\u0151 f\u0171t\u00f6tt talpbet\u00e9t | % meleg l\u00e1bak","og_description":"Az USB-f\u0171t\u00e9s\u0171 talpbet\u00e9t hideg t\u00e9len melegen tartja a l\u00e1b\u00e1t, a h\u0151m\u00e9rs\u00e9klet ak\u00e1r 42 \u00b0C\/108 \u2109, | v\u00edz\u00e1ll\u00f3 hat\u00e1s\u00fa, moshat\u00f3 \u00e9s \u00fajrafelhaszn\u00e1lhat\u00f3,","og_url":"https:\/\/cardinella.eu\/hu\/termek\/803319\/","og_site_name":"Electric Blanket","article_modified_time":"2025-09-11T08:01:58+00:00","og_image":[{"width":750,"height":750,"url":"https:\/\/cardinella.eu\/wp-content\/uploads\/2022\/02\/L-Size-02.png","type":"image\/png"}],"twitter_card":"summary_large_image","twitter_misc":{"Becs\u00fclt olvas\u00e1si id\u0151":"3 perc"},"schema":{"@context":"https:\/\/schema.org","@graph":[{"@type":["WebPage","ItemPage"],"@id":"https:\/\/cardinella.eu\/hu\/termek\/803319\/","url":"https:\/\/cardinella.eu\/hu\/termek\/803319\/","name":"USB \u00fajrat\u00f6lthet\u0151 f\u0171t\u00f6tt talpbet\u00e9t | % meleg l\u00e1bak","isPartOf":{"@id":"https:\/\/cardinella.eu\/hu\/#website"},"primaryImageOfPage":{"@id":"https:\/\/cardinella.eu\/hu\/termek\/803319\/#primaryimage"},"image":{"@id":"https:\/\/cardinella.eu\/hu\/termek\/803319\/#primaryimage"},"thumbnailUrl":"https:\/\/cdn.cardinella.eu\/wp-content\/uploads\/2022\/02\/L-Size-02.png","datePublished":"2022-02-09T19:17:58+00:00","dateModified":"2025-09-11T08:01:58+00:00","description":"Az USB-f\u0171t\u00e9s\u0171 talpbet\u00e9t hideg t\u00e9len melegen tartja a l\u00e1b\u00e1t, a h\u0151m\u00e9rs\u00e9klet ak\u00e1r 42 \u00b0C\/108 \u2109, | v\u00edz\u00e1ll\u00f3 hat\u00e1s\u00fa, moshat\u00f3 \u00e9s \u00fajrafelhaszn\u00e1lhat\u00f3,","breadcrumb":{"@id":"https:\/\/cardinella.eu\/hu\/termek\/803319\/#breadcrumb"},"inLanguage":"hu","potentialAction":[{"@type":"ReadAction","target":["https:\/\/cardinella.eu\/hu\/termek\/803319\/"]}]},{"@type":"ImageObject","inLanguage":"hu","@id":"https:\/\/cardinella.eu\/hu\/termek\/803319\/#primaryimage","url":"https:\/\/cdn.cardinella.eu\/wp-content\/uploads\/2022\/02\/L-Size-02.png","contentUrl":"https:\/\/cdn.cardinella.eu\/wp-content\/uploads\/2022\/02\/L-Size-02.png","width":750,"height":750,"caption":"USB f\u0171t\u00f6tt talpbet\u00e9t"},{"@type":"BreadcrumbList","@id":"https:\/\/cardinella.eu\/hu\/termek\/803319\/#breadcrumb","itemListElement":[{"@type":"ListItem","position":1,"name":"Home","item":"https:\/\/cardinella.eu\/hu\/"},{"@type":"ListItem","position":2,"name":"Shop","item":"https:\/\/cardinella.eu\/shop\/"},{"@type":"ListItem","position":3,"name":"USB f\u0171t\u00f6tt talpbet\u00e9t l\u00e1bmeleg\u00edt\u0151 pad, cip\u0151bet\u00e9t Cardinella, USB, m\u00e9ret L 40-45"}]},{"@type":"WebSite","@id":"https:\/\/cardinella.eu\/hu\/#website","url":"https:\/\/cardinella.eu\/hu\/","name":"Electric Blanket","description":"Personal Body Warmers","publisher":{"@id":"https:\/\/cardinella.eu\/hu\/#organization"},"potentialAction":[{"@type":"SearchAction","target":{"@type":"EntryPoint","urlTemplate":"https:\/\/cardinella.eu\/hu\/?s={search_term_string}"},"query-input":{"@type":"PropertyValueSpecification","valueRequired":true,"valueName":"search_term_string"}}],"inLanguage":"hu"},{"@type":"Organization","@id":"https:\/\/cardinella.eu\/hu\/#organization","name":"Domtex.Bg Ltd","alternateName":"Cardinella","url":"https:\/\/cardinella.eu\/hu\/","logo":{"@type":"ImageObject","inLanguage":"hu","@id":"https:\/\/cardinella.eu\/hu\/#\/schema\/logo\/image\/","url":"https:\/\/cardinella.eu\/wp-content\/uploads\/2022\/01\/Cardinella_logo_C.png","contentUrl":"https:\/\/cardinella.eu\/wp-content\/uploads\/2022\/01\/Cardinella_logo_C.png","width":72,"height":72,"caption":"Domtex.Bg Ltd"},"image":{"@id":"https:\/\/cardinella.eu\/hu\/#\/schema\/logo\/image\/"}}]}},"_links":{"self":[{"href":"https:\/\/cardinella.eu\/hu\/wp-json\/wp\/v2\/product\/245792","targetHints":{"allow":["GET"]}}],"collection":[{"href":"https:\/\/cardinella.eu\/hu\/wp-json\/wp\/v2\/product"}],"about":[{"href":"https:\/\/cardinella.eu\/hu\/wp-json\/wp\/v2\/types\/product"}],"replies":[{"embeddable":true,"href":"https:\/\/cardinella.eu\/hu\/wp-json\/wp\/v2\/comments?post=245792"}],"wp:featuredmedia":[{"embeddable":true,"href":"https:\/\/cardinella.eu\/hu\/wp-json\/wp\/v2\/media\/243449"}],"wp:attachment":[{"href":"https:\/\/cardinella.eu\/hu\/wp-json\/wp\/v2\/media?parent=245792"}],"wp:term":[{"taxonomy":"product_brand","embeddable":true,"href":"https:\/\/cardinella.eu\/hu\/wp-json\/wp\/v2\/product_brand?post=245792"},{"taxonomy":"product_cat","embeddable":true,"href":"https:\/\/cardinella.eu\/hu\/wp-json\/wp\/v2\/product_cat?post=245792"},{"taxonomy":"product_tag","embeddable":true,"href":"https:\/\/cardinella.eu\/hu\/wp-json\/wp\/v2\/product_tag?post=245792"}],"curies":[{"name":"wp","href":"https:\/\/api.w.org\/{rel}","templated":true}]}}