{"id":245824,"date":"2021-11-18T20:46:33","date_gmt":"2021-11-18T18:46:33","guid":{"rendered":"https:\/\/cardinella.eu\/shop\/elektromos-takaro-cardinella-slim-extra-120x150-cm\/"},"modified":"2025-09-11T11:01:26","modified_gmt":"2025-09-11T08:01:26","slug":"803272","status":"publish","type":"product","link":"https:\/\/cardinella.eu\/hu\/termek\/803272\/","title":{"rendered":"elektromos takar\u00f3 Cardinella Slim Extra, 120&#215;150 cm"},"content":{"rendered":"<p>Cardinella Slim Extra elektromos takar\u00f3 egy \u00faj gener\u00e1ci\u00f3<\/p>\n<p>H\u00e1l\u00f3szoba\/k\u00e9tszem\u00e9lyes \u00e1gy haszn\u00e1lat\u00e1ra szolg\u00e1l\/<\/p>\n<p>A 120 x 150 cm-es Cardinella Slim Extra a k\u00f6vetkez\u0151 tulajdons\u00e1gokkal rendelkezik<\/p>\n<p>Atka\u00f6l\u0151 funkci\u00f3<br \/>\nGyors felf\u0171t\u00e9s<br \/>\n3 + 1 f\u0171t\u00e9si fokozat<br \/>\nLED-kijelz\u0151 a csatlakoz\u00f3n\/kapcsol\u00f3n<br \/>\nId\u0151z\u00edt\u0151 (4h \/ 8h \/ 12h \u2013 alap\u00e9rtelmezett: 12h)<br \/>\nAutomatikus kikapcsol\u00e1s<br \/>\nHat\u00e9kony nedvess\u00e9gelt\u00e1vol\u00edt\u00e1s<br \/>\nSpir\u00e1lis f\u0171t\u0151k\u00e1bel dupla szigetel\u00e9ssel<br \/>\nT\u00falmeleged\u00e9s \u00e9s \u00e1ram\u00fct\u00e9s elleni v\u00e9delem<br \/>\nLevehet\u0151 csatlakoz\u00f3<br \/>\nAnyag: nem sz\u0151tt text\u00edlia, klasszikus feh\u00e9r sz\u00ednben<\/p>\n<p>A Cardinella elektromos takar\u00f3 alatti elektromos takar\u00f3 az \u00e1gy f\u0171t\u00e9s\u00e9re \u00e9s a nedvess\u00e9g elt\u00e1vol\u00edt\u00e1s\u00e1ra szolg\u00e1l. Nyugtatja a t\u00fcneteket, \u00e9s aj\u00e1nlott \u00edz\u00fcleti gyullad\u00e1s, reuma \u00e9s egy\u00e9b \u00edz\u00fcleti betegs\u00e9gek eset\u00e9n.<\/p>\n<h6><a href=\"https:\/\/www.landofsleep.com\/blog\/what-are-the-pros-and-cons-of-a-heated-blanket\" target=\"_blank\" rel=\"noopener\"><span id=\"hs_cos_wrapper_name\" class=\"hs_cos_wrapper hs_cos_wrapper_meta_field hs_cos_wrapper_type_text\" data-hs-cos-general-type=\"meta_field\" data-hs-cos-type=\"text\">Mik a f\u0171t\u00f6tt takar\u00f3 el\u0151nyei \u00e9s h\u00e1tr\u00e1nyai?<\/span><\/a><\/h6>\n<p><a href=\"\/?product_cat=patura-electrica\" target=\"_blank\" rel=\"noopener\">N\u00e9zze meg a hasonl\u00f3 term\u00e9keket<\/a><\/p>\n","protected":false},"excerpt":{"rendered":"<p>Cardinella Slim Extra elektromos takar\u00f3 egy \u00faj gener\u00e1ci\u00f3 H\u00e1l\u00f3szoba\/k\u00e9tszem\u00e9lyes \u00e1gy haszn\u00e1lat\u00e1ra szolg\u00e1l\/ A 120 x 150 cm-es Cardinella Slim Extra a k\u00f6vetkez\u0151 tulajdons\u00e1gokkal rendelkezik Atka\u00f6l\u0151 funkci\u00f3 Gyors felf\u0171t\u00e9s 3 + 1 f\u0171t\u00e9si fokozat LED-kijelz\u0151 a csatlakoz\u00f3n\/kapcsol\u00f3n Id\u0151z\u00edt\u0151 (4h \/ 8h \/ 12h \u2013 alap\u00e9rtelmezett: 12h) Automatikus kikapcsol\u00e1s Hat\u00e9kony nedvess\u00e9gelt\u00e1vol\u00edt\u00e1s Spir\u00e1lis f\u0171t\u0151k\u00e1bel dupla szigetel\u00e9ssel T\u00falmeleged\u00e9s \u00e9s [&hellip;]<\/p>\n","protected":false},"featured_media":243577,"comment_status":"open","ping_status":"closed","template":"","meta":{"_et_pb_use_builder":"","_et_pb_old_content":"","_et_gb_content_width":""},"product_brand":[407],"product_cat":[286],"product_tag":[],"class_list":{"0":"post-245824","1":"product","2":"type-product","3":"status-publish","4":"has-post-thumbnail","6":"product_brand-cardinella-hu","7":"product_cat-elektromos-takaro","9":"first","10":"instock","11":"shipping-taxable","12":"purchasable","13":"product-type-simple"},"yoast_head":"<!-- This site is optimized with the Yoast SEO plugin v27.4 - https:\/\/yoast.com\/product\/yoast-seo-wordpress\/ -->\n<title>elektromos takar\u00f3 Cardinella Slim Extra, 120x150 cm | Electric Blanket<\/title>\n<meta name=\"description\" content=\"Cardinella Slim Extra elektromos takar\u00f3 egy \u00faj gener\u00e1ci\u00f3 | Id\u0151z\u00edt\u0151| Automatikus kikapcsol\u00e1s | Levehet\u0151 csatlakoz\u00f3 | Spir\u00e1lis f\u0171t\u0151k\u00e1bel k\u00e9t r\u00e9teggel\" \/>\n<meta name=\"robots\" content=\"index, follow, max-snippet:-1, max-image-preview:large, max-video-preview:-1\" \/>\n<link rel=\"canonical\" href=\"https:\/\/cardinella.eu\/hu\/termek\/803272\/\" \/>\n<meta property=\"og:locale\" content=\"hu_HU\" \/>\n<meta property=\"og:type\" content=\"article\" \/>\n<meta property=\"og:title\" content=\"elektromos takar\u00f3 Cardinella Slim Extra, 120x150 cm | Electric Blanket\" \/>\n<meta property=\"og:description\" content=\"Cardinella Slim Extra elektromos takar\u00f3 egy \u00faj gener\u00e1ci\u00f3 | Id\u0151z\u00edt\u0151| Automatikus kikapcsol\u00e1s | Levehet\u0151 csatlakoz\u00f3 | Spir\u00e1lis f\u0171t\u0151k\u00e1bel k\u00e9t r\u00e9teggel\" \/>\n<meta property=\"og:url\" content=\"https:\/\/cardinella.eu\/hu\/termek\/803272\/\" \/>\n<meta property=\"og:site_name\" content=\"Electric Blanket\" \/>\n<meta property=\"article:modified_time\" content=\"2025-09-11T08:01:26+00:00\" \/>\n<meta property=\"og:image\" content=\"https:\/\/cardinella.eu\/wp-content\/uploads\/2021\/11\/Slimextra-1024x686.png\" \/>\n\t<meta property=\"og:image:width\" content=\"1024\" \/>\n\t<meta property=\"og:image:height\" content=\"686\" \/>\n\t<meta property=\"og:image:type\" content=\"image\/png\" \/>\n<meta name=\"twitter:card\" content=\"summary_large_image\" \/>\n<meta name=\"twitter:label1\" content=\"Becs\u00fclt olvas\u00e1si id\u0151\" \/>\n\t<meta name=\"twitter:data1\" content=\"1 perc\" \/>\n<script type=\"application\/ld+json\" class=\"yoast-schema-graph\">{\"@context\":\"https:\\\/\\\/schema.org\",\"@graph\":[{\"@type\":[\"WebPage\",\"ItemPage\"],\"@id\":\"https:\\\/\\\/cardinella.eu\\\/hu\\\/termek\\\/803272\\\/\",\"url\":\"https:\\\/\\\/cardinella.eu\\\/hu\\\/termek\\\/803272\\\/\",\"name\":\"elektromos takar\u00f3 Cardinella Slim Extra, 120x150 cm | Electric Blanket\",\"isPartOf\":{\"@id\":\"https:\\\/\\\/cardinella.eu\\\/hu\\\/#website\"},\"primaryImageOfPage\":{\"@id\":\"https:\\\/\\\/cardinella.eu\\\/hu\\\/termek\\\/803272\\\/#primaryimage\"},\"image\":{\"@id\":\"https:\\\/\\\/cardinella.eu\\\/hu\\\/termek\\\/803272\\\/#primaryimage\"},\"thumbnailUrl\":\"https:\\\/\\\/cdn.cardinella.eu\\\/wp-content\\\/uploads\\\/2021\\\/11\\\/Slimextra.png\",\"datePublished\":\"2021-11-18T18:46:33+00:00\",\"dateModified\":\"2025-09-11T08:01:26+00:00\",\"description\":\"Cardinella Slim Extra elektromos takar\u00f3 egy \u00faj gener\u00e1ci\u00f3 | Id\u0151z\u00edt\u0151| Automatikus kikapcsol\u00e1s | Levehet\u0151 csatlakoz\u00f3 | Spir\u00e1lis f\u0171t\u0151k\u00e1bel k\u00e9t r\u00e9teggel\",\"breadcrumb\":{\"@id\":\"https:\\\/\\\/cardinella.eu\\\/hu\\\/termek\\\/803272\\\/#breadcrumb\"},\"inLanguage\":\"hu\",\"potentialAction\":[{\"@type\":\"ReadAction\",\"target\":[\"https:\\\/\\\/cardinella.eu\\\/hu\\\/termek\\\/803272\\\/\"]}]},{\"@type\":\"ImageObject\",\"inLanguage\":\"hu\",\"@id\":\"https:\\\/\\\/cardinella.eu\\\/hu\\\/termek\\\/803272\\\/#primaryimage\",\"url\":\"https:\\\/\\\/cdn.cardinella.eu\\\/wp-content\\\/uploads\\\/2021\\\/11\\\/Slimextra.png\",\"contentUrl\":\"https:\\\/\\\/cdn.cardinella.eu\\\/wp-content\\\/uploads\\\/2021\\\/11\\\/Slimextra.png\",\"width\":3172,\"height\":2124,\"caption\":\"Koc elektryczny Cardinella\"},{\"@type\":\"BreadcrumbList\",\"@id\":\"https:\\\/\\\/cardinella.eu\\\/hu\\\/termek\\\/803272\\\/#breadcrumb\",\"itemListElement\":[{\"@type\":\"ListItem\",\"position\":1,\"name\":\"Home\",\"item\":\"https:\\\/\\\/cardinella.eu\\\/hu\\\/\"},{\"@type\":\"ListItem\",\"position\":2,\"name\":\"Shop\",\"item\":\"https:\\\/\\\/cardinella.eu\\\/shop\\\/\"},{\"@type\":\"ListItem\",\"position\":3,\"name\":\"elektromos takar\u00f3 Cardinella Slim Extra, 120&#215;150 cm\"}]},{\"@type\":\"WebSite\",\"@id\":\"https:\\\/\\\/cardinella.eu\\\/hu\\\/#website\",\"url\":\"https:\\\/\\\/cardinella.eu\\\/hu\\\/\",\"name\":\"Electric Blanket\",\"description\":\"Personal Body Warmers\",\"publisher\":{\"@id\":\"https:\\\/\\\/cardinella.eu\\\/hu\\\/#organization\"},\"potentialAction\":[{\"@type\":\"SearchAction\",\"target\":{\"@type\":\"EntryPoint\",\"urlTemplate\":\"https:\\\/\\\/cardinella.eu\\\/hu\\\/?s={search_term_string}\"},\"query-input\":{\"@type\":\"PropertyValueSpecification\",\"valueRequired\":true,\"valueName\":\"search_term_string\"}}],\"inLanguage\":\"hu\"},{\"@type\":\"Organization\",\"@id\":\"https:\\\/\\\/cardinella.eu\\\/hu\\\/#organization\",\"name\":\"Domtex.Bg Ltd\",\"alternateName\":\"Cardinella\",\"url\":\"https:\\\/\\\/cardinella.eu\\\/hu\\\/\",\"logo\":{\"@type\":\"ImageObject\",\"inLanguage\":\"hu\",\"@id\":\"https:\\\/\\\/cardinella.eu\\\/hu\\\/#\\\/schema\\\/logo\\\/image\\\/\",\"url\":\"https:\\\/\\\/cardinella.eu\\\/wp-content\\\/uploads\\\/2022\\\/01\\\/Cardinella_logo_C.png\",\"contentUrl\":\"https:\\\/\\\/cardinella.eu\\\/wp-content\\\/uploads\\\/2022\\\/01\\\/Cardinella_logo_C.png\",\"width\":72,\"height\":72,\"caption\":\"Domtex.Bg Ltd\"},\"image\":{\"@id\":\"https:\\\/\\\/cardinella.eu\\\/hu\\\/#\\\/schema\\\/logo\\\/image\\\/\"}}]}<\/script>\n<!-- \/ Yoast SEO plugin. -->","yoast_head_json":{"title":"elektromos takar\u00f3 Cardinella Slim Extra, 120x150 cm | Electric Blanket","description":"Cardinella Slim Extra elektromos takar\u00f3 egy \u00faj gener\u00e1ci\u00f3 | Id\u0151z\u00edt\u0151| Automatikus kikapcsol\u00e1s | Levehet\u0151 csatlakoz\u00f3 | Spir\u00e1lis f\u0171t\u0151k\u00e1bel k\u00e9t r\u00e9teggel","robots":{"index":"index","follow":"follow","max-snippet":"max-snippet:-1","max-image-preview":"max-image-preview:large","max-video-preview":"max-video-preview:-1"},"canonical":"https:\/\/cardinella.eu\/hu\/termek\/803272\/","og_locale":"hu_HU","og_type":"article","og_title":"elektromos takar\u00f3 Cardinella Slim Extra, 120x150 cm | Electric Blanket","og_description":"Cardinella Slim Extra elektromos takar\u00f3 egy \u00faj gener\u00e1ci\u00f3 | Id\u0151z\u00edt\u0151| Automatikus kikapcsol\u00e1s | Levehet\u0151 csatlakoz\u00f3 | Spir\u00e1lis f\u0171t\u0151k\u00e1bel k\u00e9t r\u00e9teggel","og_url":"https:\/\/cardinella.eu\/hu\/termek\/803272\/","og_site_name":"Electric Blanket","article_modified_time":"2025-09-11T08:01:26+00:00","og_image":[{"width":1024,"height":686,"url":"https:\/\/cardinella.eu\/wp-content\/uploads\/2021\/11\/Slimextra-1024x686.png","type":"image\/png"}],"twitter_card":"summary_large_image","twitter_misc":{"Becs\u00fclt olvas\u00e1si id\u0151":"1 perc"},"schema":{"@context":"https:\/\/schema.org","@graph":[{"@type":["WebPage","ItemPage"],"@id":"https:\/\/cardinella.eu\/hu\/termek\/803272\/","url":"https:\/\/cardinella.eu\/hu\/termek\/803272\/","name":"elektromos takar\u00f3 Cardinella Slim Extra, 120x150 cm | Electric Blanket","isPartOf":{"@id":"https:\/\/cardinella.eu\/hu\/#website"},"primaryImageOfPage":{"@id":"https:\/\/cardinella.eu\/hu\/termek\/803272\/#primaryimage"},"image":{"@id":"https:\/\/cardinella.eu\/hu\/termek\/803272\/#primaryimage"},"thumbnailUrl":"https:\/\/cdn.cardinella.eu\/wp-content\/uploads\/2021\/11\/Slimextra.png","datePublished":"2021-11-18T18:46:33+00:00","dateModified":"2025-09-11T08:01:26+00:00","description":"Cardinella Slim Extra elektromos takar\u00f3 egy \u00faj gener\u00e1ci\u00f3 | Id\u0151z\u00edt\u0151| Automatikus kikapcsol\u00e1s | Levehet\u0151 csatlakoz\u00f3 | Spir\u00e1lis f\u0171t\u0151k\u00e1bel k\u00e9t r\u00e9teggel","breadcrumb":{"@id":"https:\/\/cardinella.eu\/hu\/termek\/803272\/#breadcrumb"},"inLanguage":"hu","potentialAction":[{"@type":"ReadAction","target":["https:\/\/cardinella.eu\/hu\/termek\/803272\/"]}]},{"@type":"ImageObject","inLanguage":"hu","@id":"https:\/\/cardinella.eu\/hu\/termek\/803272\/#primaryimage","url":"https:\/\/cdn.cardinella.eu\/wp-content\/uploads\/2021\/11\/Slimextra.png","contentUrl":"https:\/\/cdn.cardinella.eu\/wp-content\/uploads\/2021\/11\/Slimextra.png","width":3172,"height":2124,"caption":"Koc elektryczny Cardinella"},{"@type":"BreadcrumbList","@id":"https:\/\/cardinella.eu\/hu\/termek\/803272\/#breadcrumb","itemListElement":[{"@type":"ListItem","position":1,"name":"Home","item":"https:\/\/cardinella.eu\/hu\/"},{"@type":"ListItem","position":2,"name":"Shop","item":"https:\/\/cardinella.eu\/shop\/"},{"@type":"ListItem","position":3,"name":"elektromos takar\u00f3 Cardinella Slim Extra, 120&#215;150 cm"}]},{"@type":"WebSite","@id":"https:\/\/cardinella.eu\/hu\/#website","url":"https:\/\/cardinella.eu\/hu\/","name":"Electric Blanket","description":"Personal Body Warmers","publisher":{"@id":"https:\/\/cardinella.eu\/hu\/#organization"},"potentialAction":[{"@type":"SearchAction","target":{"@type":"EntryPoint","urlTemplate":"https:\/\/cardinella.eu\/hu\/?s={search_term_string}"},"query-input":{"@type":"PropertyValueSpecification","valueRequired":true,"valueName":"search_term_string"}}],"inLanguage":"hu"},{"@type":"Organization","@id":"https:\/\/cardinella.eu\/hu\/#organization","name":"Domtex.Bg Ltd","alternateName":"Cardinella","url":"https:\/\/cardinella.eu\/hu\/","logo":{"@type":"ImageObject","inLanguage":"hu","@id":"https:\/\/cardinella.eu\/hu\/#\/schema\/logo\/image\/","url":"https:\/\/cardinella.eu\/wp-content\/uploads\/2022\/01\/Cardinella_logo_C.png","contentUrl":"https:\/\/cardinella.eu\/wp-content\/uploads\/2022\/01\/Cardinella_logo_C.png","width":72,"height":72,"caption":"Domtex.Bg Ltd"},"image":{"@id":"https:\/\/cardinella.eu\/hu\/#\/schema\/logo\/image\/"}}]}},"_links":{"self":[{"href":"https:\/\/cardinella.eu\/hu\/wp-json\/wp\/v2\/product\/245824","targetHints":{"allow":["GET"]}}],"collection":[{"href":"https:\/\/cardinella.eu\/hu\/wp-json\/wp\/v2\/product"}],"about":[{"href":"https:\/\/cardinella.eu\/hu\/wp-json\/wp\/v2\/types\/product"}],"replies":[{"embeddable":true,"href":"https:\/\/cardinella.eu\/hu\/wp-json\/wp\/v2\/comments?post=245824"}],"wp:featuredmedia":[{"embeddable":true,"href":"https:\/\/cardinella.eu\/hu\/wp-json\/wp\/v2\/media\/243577"}],"wp:attachment":[{"href":"https:\/\/cardinella.eu\/hu\/wp-json\/wp\/v2\/media?parent=245824"}],"wp:term":[{"taxonomy":"product_brand","embeddable":true,"href":"https:\/\/cardinella.eu\/hu\/wp-json\/wp\/v2\/product_brand?post=245824"},{"taxonomy":"product_cat","embeddable":true,"href":"https:\/\/cardinella.eu\/hu\/wp-json\/wp\/v2\/product_cat?post=245824"},{"taxonomy":"product_tag","embeddable":true,"href":"https:\/\/cardinella.eu\/hu\/wp-json\/wp\/v2\/product_tag?post=245824"}],"curies":[{"name":"wp","href":"https:\/\/api.w.org\/{rel}","templated":true}]}}