{"id":245944,"date":"2021-01-01T00:00:00","date_gmt":"2020-12-31T22:00:00","guid":{"rendered":"https:\/\/cardinella.eu\/shop\/elektromos-parna-cardinella-40-%d1%85-40-%d1%81%d0%bc-elektronikus-vezerlo-kulonbozo-mintakkal\/"},"modified":"2025-09-11T10:57:47","modified_gmt":"2025-09-11T07:57:47","slug":"800073","status":"publish","type":"product","link":"https:\/\/cardinella.eu\/hu\/termek\/800073\/","title":{"rendered":"Elektromos p\u00e1rna Cardinella, 40 \u0445 40 \u0441\u043c, elektronikus vez\u00e9rl\u0151 k\u00fcl\u00f6nb\u00f6z\u0151 mint\u00e1kkal"},"content":{"rendered":"<p>A Cardinella elektromos pad:<br \/>\nLevehet\u0151 t\u00e1pk\u00e1bel.<br \/>\nA h\u0151fokot egy kapcsol\u00f3val 9 fokozatban lehet szab\u00e1lyozni.<br \/>\nKivehet\u0151 huzat, amely moshat\u00f3 \u00e9s maxim\u00e1lis k\u00e9nyelmet biztos\u00edt a mindennapi haszn\u00e1lathoz.<\/p>\n<h6><a href=\"https:\/\/cchealth.org\/cold-weather\/#:~:text=Wear%20several%20layers%20of%20loose,Wear%20a%20hat.\" target=\"_blank\" rel=\"noopener\">V\u00e9dekezzen a hideg id\u0151j\u00e1r\u00e1s ellen<\/a><\/h6>\n<p><a href=\"\/?product_cat=patura-electrica\" target=\"_blank\" rel=\"noopener\">N\u00e9zze meg a hasonl\u00f3 term\u00e9keket<\/a><\/p>\n","protected":false},"excerpt":{"rendered":"<p>A Cardinella elektromos pad: Levehet\u0151 t\u00e1pk\u00e1bel. A h\u0151fokot egy kapcsol\u00f3val 9 fokozatban lehet szab\u00e1lyozni. Kivehet\u0151 huzat, amely moshat\u00f3 \u00e9s maxim\u00e1lis k\u00e9nyelmet biztos\u00edt a mindennapi haszn\u00e1lathoz. V\u00e9dekezzen a hideg id\u0151j\u00e1r\u00e1s ellen N\u00e9zze meg a hasonl\u00f3 term\u00e9keket<\/p>\n","protected":false},"featured_media":244193,"comment_status":"open","ping_status":"closed","template":"","meta":{"_et_pb_use_builder":"","_et_pb_old_content":"","_et_gb_content_width":""},"product_brand":[],"product_cat":[285],"product_tag":[],"class_list":{"0":"post-245944","1":"product","2":"type-product","3":"status-publish","4":"has-post-thumbnail","6":"product_cat-elektromos-pad","8":"first","9":"instock","10":"sale","11":"shipping-taxable","12":"purchasable","13":"product-type-simple"},"yoast_head":"<!-- This site is optimized with the Yoast SEO plugin v27.4 - https:\/\/yoast.com\/product\/yoast-seo-wordpress\/ -->\n<title>Elektromos p\u00e1rna Cardinella, 40 \u0445 40 \u0441\u043c, elektronikus vez\u00e9rl\u0151 k\u00fcl\u00f6nb\u00f6z\u0151 mint\u00e1kkal<\/title>\n<meta name=\"description\" content=\"Elektromos p\u00e1rna | % A h\u0151fokot egy kapcsol\u00f3val 9 fokozatban lehet szab\u00e1lyozni. | % A t\u00falmeleged\u00e9s elleni v\u00e9delem funkci\u00f3 a legbiztons\u00e1gosabb ell\u00e1t\u00e1st ny\u00fajtja \u00d6nnek.\" \/>\n<meta name=\"robots\" content=\"index, follow, max-snippet:-1, max-image-preview:large, max-video-preview:-1\" \/>\n<link rel=\"canonical\" href=\"https:\/\/cardinella.eu\/hu\/termek\/800073\/\" \/>\n<meta property=\"og:locale\" content=\"hu_HU\" \/>\n<meta property=\"og:type\" content=\"article\" \/>\n<meta property=\"og:title\" content=\"Elektromos p\u00e1rna Cardinella, 40 \u0445 40 \u0441\u043c, elektronikus vez\u00e9rl\u0151 k\u00fcl\u00f6nb\u00f6z\u0151 mint\u00e1kkal\" \/>\n<meta property=\"og:description\" content=\"Elektromos p\u00e1rna | % A h\u0151fokot egy kapcsol\u00f3val 9 fokozatban lehet szab\u00e1lyozni. | % A t\u00falmeleged\u00e9s elleni v\u00e9delem funkci\u00f3 a legbiztons\u00e1gosabb ell\u00e1t\u00e1st ny\u00fajtja \u00d6nnek.\" \/>\n<meta property=\"og:url\" content=\"https:\/\/cardinella.eu\/hu\/termek\/800073\/\" \/>\n<meta property=\"og:site_name\" content=\"Electric Blanket\" \/>\n<meta property=\"article:modified_time\" content=\"2025-09-11T07:57:47+00:00\" \/>\n<meta property=\"og:image\" content=\"https:\/\/cardinella.eu\/wp-content\/uploads\/2023\/09\/smart-pad-01a-scaled.jpeg\" \/>\n\t<meta property=\"og:image:width\" content=\"2560\" \/>\n\t<meta property=\"og:image:height\" content=\"1680\" \/>\n\t<meta property=\"og:image:type\" content=\"image\/jpeg\" \/>\n<meta name=\"twitter:card\" content=\"summary_large_image\" \/>\n<script type=\"application\/ld+json\" class=\"yoast-schema-graph\">{\"@context\":\"https:\\\/\\\/schema.org\",\"@graph\":[{\"@type\":[\"WebPage\",\"ItemPage\"],\"@id\":\"https:\\\/\\\/cardinella.eu\\\/hu\\\/termek\\\/800073\\\/\",\"url\":\"https:\\\/\\\/cardinella.eu\\\/hu\\\/termek\\\/800073\\\/\",\"name\":\"Elektromos p\u00e1rna Cardinella, 40 \u0445 40 \u0441\u043c, elektronikus vez\u00e9rl\u0151 k\u00fcl\u00f6nb\u00f6z\u0151 mint\u00e1kkal\",\"isPartOf\":{\"@id\":\"https:\\\/\\\/cardinella.eu\\\/hu\\\/#website\"},\"primaryImageOfPage\":{\"@id\":\"https:\\\/\\\/cardinella.eu\\\/hu\\\/termek\\\/800073\\\/#primaryimage\"},\"image\":{\"@id\":\"https:\\\/\\\/cardinella.eu\\\/hu\\\/termek\\\/800073\\\/#primaryimage\"},\"thumbnailUrl\":\"https:\\\/\\\/cdn.cardinella.eu\\\/wp-content\\\/uploads\\\/2023\\\/09\\\/smart-pad-01a-scaled.jpeg\",\"datePublished\":\"2020-12-31T22:00:00+00:00\",\"dateModified\":\"2025-09-11T07:57:47+00:00\",\"description\":\"Elektromos p\u00e1rna | % A h\u0151fokot egy kapcsol\u00f3val 9 fokozatban lehet szab\u00e1lyozni. | % A t\u00falmeleged\u00e9s elleni v\u00e9delem funkci\u00f3 a legbiztons\u00e1gosabb ell\u00e1t\u00e1st ny\u00fajtja \u00d6nnek.\",\"breadcrumb\":{\"@id\":\"https:\\\/\\\/cardinella.eu\\\/hu\\\/termek\\\/800073\\\/#breadcrumb\"},\"inLanguage\":\"hu\",\"potentialAction\":[{\"@type\":\"ReadAction\",\"target\":[\"https:\\\/\\\/cardinella.eu\\\/hu\\\/termek\\\/800073\\\/\"]}]},{\"@type\":\"ImageObject\",\"inLanguage\":\"hu\",\"@id\":\"https:\\\/\\\/cardinella.eu\\\/hu\\\/termek\\\/800073\\\/#primaryimage\",\"url\":\"https:\\\/\\\/cdn.cardinella.eu\\\/wp-content\\\/uploads\\\/2023\\\/09\\\/smart-pad-01a-scaled.jpeg\",\"contentUrl\":\"https:\\\/\\\/cdn.cardinella.eu\\\/wp-content\\\/uploads\\\/2023\\\/09\\\/smart-pad-01a-scaled.jpeg\",\"width\":2560,\"height\":1680},{\"@type\":\"BreadcrumbList\",\"@id\":\"https:\\\/\\\/cardinella.eu\\\/hu\\\/termek\\\/800073\\\/#breadcrumb\",\"itemListElement\":[{\"@type\":\"ListItem\",\"position\":1,\"name\":\"Home\",\"item\":\"https:\\\/\\\/cardinella.eu\\\/hu\\\/\"},{\"@type\":\"ListItem\",\"position\":2,\"name\":\"Shop\",\"item\":\"https:\\\/\\\/cardinella.eu\\\/shop\\\/\"},{\"@type\":\"ListItem\",\"position\":3,\"name\":\"Elektromos p\u00e1rna Cardinella, 40 \u0445 40 \u0441\u043c, elektronikus vez\u00e9rl\u0151 k\u00fcl\u00f6nb\u00f6z\u0151 mint\u00e1kkal\"}]},{\"@type\":\"WebSite\",\"@id\":\"https:\\\/\\\/cardinella.eu\\\/hu\\\/#website\",\"url\":\"https:\\\/\\\/cardinella.eu\\\/hu\\\/\",\"name\":\"Electric Blanket\",\"description\":\"Personal Body Warmers\",\"publisher\":{\"@id\":\"https:\\\/\\\/cardinella.eu\\\/hu\\\/#organization\"},\"potentialAction\":[{\"@type\":\"SearchAction\",\"target\":{\"@type\":\"EntryPoint\",\"urlTemplate\":\"https:\\\/\\\/cardinella.eu\\\/hu\\\/?s={search_term_string}\"},\"query-input\":{\"@type\":\"PropertyValueSpecification\",\"valueRequired\":true,\"valueName\":\"search_term_string\"}}],\"inLanguage\":\"hu\"},{\"@type\":\"Organization\",\"@id\":\"https:\\\/\\\/cardinella.eu\\\/hu\\\/#organization\",\"name\":\"Domtex.Bg Ltd\",\"alternateName\":\"Cardinella\",\"url\":\"https:\\\/\\\/cardinella.eu\\\/hu\\\/\",\"logo\":{\"@type\":\"ImageObject\",\"inLanguage\":\"hu\",\"@id\":\"https:\\\/\\\/cardinella.eu\\\/hu\\\/#\\\/schema\\\/logo\\\/image\\\/\",\"url\":\"https:\\\/\\\/cardinella.eu\\\/wp-content\\\/uploads\\\/2022\\\/01\\\/Cardinella_logo_C.png\",\"contentUrl\":\"https:\\\/\\\/cardinella.eu\\\/wp-content\\\/uploads\\\/2022\\\/01\\\/Cardinella_logo_C.png\",\"width\":72,\"height\":72,\"caption\":\"Domtex.Bg Ltd\"},\"image\":{\"@id\":\"https:\\\/\\\/cardinella.eu\\\/hu\\\/#\\\/schema\\\/logo\\\/image\\\/\"}}]}<\/script>\n<!-- \/ Yoast SEO plugin. -->","yoast_head_json":{"title":"Elektromos p\u00e1rna Cardinella, 40 \u0445 40 \u0441\u043c, elektronikus vez\u00e9rl\u0151 k\u00fcl\u00f6nb\u00f6z\u0151 mint\u00e1kkal","description":"Elektromos p\u00e1rna | % A h\u0151fokot egy kapcsol\u00f3val 9 fokozatban lehet szab\u00e1lyozni. | % A t\u00falmeleged\u00e9s elleni v\u00e9delem funkci\u00f3 a legbiztons\u00e1gosabb ell\u00e1t\u00e1st ny\u00fajtja \u00d6nnek.","robots":{"index":"index","follow":"follow","max-snippet":"max-snippet:-1","max-image-preview":"max-image-preview:large","max-video-preview":"max-video-preview:-1"},"canonical":"https:\/\/cardinella.eu\/hu\/termek\/800073\/","og_locale":"hu_HU","og_type":"article","og_title":"Elektromos p\u00e1rna Cardinella, 40 \u0445 40 \u0441\u043c, elektronikus vez\u00e9rl\u0151 k\u00fcl\u00f6nb\u00f6z\u0151 mint\u00e1kkal","og_description":"Elektromos p\u00e1rna | % A h\u0151fokot egy kapcsol\u00f3val 9 fokozatban lehet szab\u00e1lyozni. | % A t\u00falmeleged\u00e9s elleni v\u00e9delem funkci\u00f3 a legbiztons\u00e1gosabb ell\u00e1t\u00e1st ny\u00fajtja \u00d6nnek.","og_url":"https:\/\/cardinella.eu\/hu\/termek\/800073\/","og_site_name":"Electric Blanket","article_modified_time":"2025-09-11T07:57:47+00:00","og_image":[{"width":2560,"height":1680,"url":"https:\/\/cardinella.eu\/wp-content\/uploads\/2023\/09\/smart-pad-01a-scaled.jpeg","type":"image\/jpeg"}],"twitter_card":"summary_large_image","schema":{"@context":"https:\/\/schema.org","@graph":[{"@type":["WebPage","ItemPage"],"@id":"https:\/\/cardinella.eu\/hu\/termek\/800073\/","url":"https:\/\/cardinella.eu\/hu\/termek\/800073\/","name":"Elektromos p\u00e1rna Cardinella, 40 \u0445 40 \u0441\u043c, elektronikus vez\u00e9rl\u0151 k\u00fcl\u00f6nb\u00f6z\u0151 mint\u00e1kkal","isPartOf":{"@id":"https:\/\/cardinella.eu\/hu\/#website"},"primaryImageOfPage":{"@id":"https:\/\/cardinella.eu\/hu\/termek\/800073\/#primaryimage"},"image":{"@id":"https:\/\/cardinella.eu\/hu\/termek\/800073\/#primaryimage"},"thumbnailUrl":"https:\/\/cdn.cardinella.eu\/wp-content\/uploads\/2023\/09\/smart-pad-01a-scaled.jpeg","datePublished":"2020-12-31T22:00:00+00:00","dateModified":"2025-09-11T07:57:47+00:00","description":"Elektromos p\u00e1rna | % A h\u0151fokot egy kapcsol\u00f3val 9 fokozatban lehet szab\u00e1lyozni. | % A t\u00falmeleged\u00e9s elleni v\u00e9delem funkci\u00f3 a legbiztons\u00e1gosabb ell\u00e1t\u00e1st ny\u00fajtja \u00d6nnek.","breadcrumb":{"@id":"https:\/\/cardinella.eu\/hu\/termek\/800073\/#breadcrumb"},"inLanguage":"hu","potentialAction":[{"@type":"ReadAction","target":["https:\/\/cardinella.eu\/hu\/termek\/800073\/"]}]},{"@type":"ImageObject","inLanguage":"hu","@id":"https:\/\/cardinella.eu\/hu\/termek\/800073\/#primaryimage","url":"https:\/\/cdn.cardinella.eu\/wp-content\/uploads\/2023\/09\/smart-pad-01a-scaled.jpeg","contentUrl":"https:\/\/cdn.cardinella.eu\/wp-content\/uploads\/2023\/09\/smart-pad-01a-scaled.jpeg","width":2560,"height":1680},{"@type":"BreadcrumbList","@id":"https:\/\/cardinella.eu\/hu\/termek\/800073\/#breadcrumb","itemListElement":[{"@type":"ListItem","position":1,"name":"Home","item":"https:\/\/cardinella.eu\/hu\/"},{"@type":"ListItem","position":2,"name":"Shop","item":"https:\/\/cardinella.eu\/shop\/"},{"@type":"ListItem","position":3,"name":"Elektromos p\u00e1rna Cardinella, 40 \u0445 40 \u0441\u043c, elektronikus vez\u00e9rl\u0151 k\u00fcl\u00f6nb\u00f6z\u0151 mint\u00e1kkal"}]},{"@type":"WebSite","@id":"https:\/\/cardinella.eu\/hu\/#website","url":"https:\/\/cardinella.eu\/hu\/","name":"Electric Blanket","description":"Personal Body Warmers","publisher":{"@id":"https:\/\/cardinella.eu\/hu\/#organization"},"potentialAction":[{"@type":"SearchAction","target":{"@type":"EntryPoint","urlTemplate":"https:\/\/cardinella.eu\/hu\/?s={search_term_string}"},"query-input":{"@type":"PropertyValueSpecification","valueRequired":true,"valueName":"search_term_string"}}],"inLanguage":"hu"},{"@type":"Organization","@id":"https:\/\/cardinella.eu\/hu\/#organization","name":"Domtex.Bg Ltd","alternateName":"Cardinella","url":"https:\/\/cardinella.eu\/hu\/","logo":{"@type":"ImageObject","inLanguage":"hu","@id":"https:\/\/cardinella.eu\/hu\/#\/schema\/logo\/image\/","url":"https:\/\/cardinella.eu\/wp-content\/uploads\/2022\/01\/Cardinella_logo_C.png","contentUrl":"https:\/\/cardinella.eu\/wp-content\/uploads\/2022\/01\/Cardinella_logo_C.png","width":72,"height":72,"caption":"Domtex.Bg Ltd"},"image":{"@id":"https:\/\/cardinella.eu\/hu\/#\/schema\/logo\/image\/"}}]}},"_links":{"self":[{"href":"https:\/\/cardinella.eu\/hu\/wp-json\/wp\/v2\/product\/245944","targetHints":{"allow":["GET"]}}],"collection":[{"href":"https:\/\/cardinella.eu\/hu\/wp-json\/wp\/v2\/product"}],"about":[{"href":"https:\/\/cardinella.eu\/hu\/wp-json\/wp\/v2\/types\/product"}],"replies":[{"embeddable":true,"href":"https:\/\/cardinella.eu\/hu\/wp-json\/wp\/v2\/comments?post=245944"}],"wp:featuredmedia":[{"embeddable":true,"href":"https:\/\/cardinella.eu\/hu\/wp-json\/wp\/v2\/media\/244193"}],"wp:attachment":[{"href":"https:\/\/cardinella.eu\/hu\/wp-json\/wp\/v2\/media?parent=245944"}],"wp:term":[{"taxonomy":"product_brand","embeddable":true,"href":"https:\/\/cardinella.eu\/hu\/wp-json\/wp\/v2\/product_brand?post=245944"},{"taxonomy":"product_cat","embeddable":true,"href":"https:\/\/cardinella.eu\/hu\/wp-json\/wp\/v2\/product_cat?post=245944"},{"taxonomy":"product_tag","embeddable":true,"href":"https:\/\/cardinella.eu\/hu\/wp-json\/wp\/v2\/product_tag?post=245944"}],"curies":[{"name":"wp","href":"https:\/\/api.w.org\/{rel}","templated":true}]}}