{"id":245945,"date":"2020-12-28T14:26:09","date_gmt":"2020-12-28T12:26:09","guid":{"rendered":"https:\/\/cardinella.eu\/shop\/cardinella-lux-elektromos-takaro-85-x-150-cm-moshato\/"},"modified":"2025-09-11T11:01:21","modified_gmt":"2025-09-11T08:01:21","slug":"electric-blanket-washable-801681","status":"publish","type":"product","link":"https:\/\/cardinella.eu\/hu\/termek\/electric-blanket-washable-801681\/","title":{"rendered":"Cardinella LUX Elektromos takar\u00f3 85 x 150 cm, moshat\u00f3"},"content":{"rendered":"<p>Elektromos Takar\u00f3 Moshat\u00f3<\/p>\n<p>A reumatikus betegs\u00e9gek kezel\u00e9s\u00e9ben ismert, hogy az elektromos takar\u00f3 megv\u00e9di \u00d6nt a betegs\u00e9geket okoz\u00f3 hideg \u00e9s nedves leveg\u0151t\u0151l.<\/p>\n<p>A Cardinella elektromos takar\u00f3 alatti moshat\u00f3 takar\u00f3 a matrac felmeleg\u00edt\u00e9s\u00e9re \u00e9s a nedvess\u00e9g elt\u00e1vol\u00edt\u00e1s\u00e1ra szolg\u00e1l. Enyh\u00edti a t\u00fcneteket, \u00e9s aj\u00e1nlott \u00edz\u00fcleti gyullad\u00e1s, reuma \u00e9s egy\u00e9b \u00edz\u00fcleti betegs\u00e9gek eset\u00e9n.<\/p>\n<p>A hideg t\u00e9li \u00e9jszak\u00e1kon a melegen tart\u00e1s legjobb \u00e9s leggazdas\u00e1gosabb m\u00f3dja k\u00e9ts\u00e9gtelen\u00fcl az elektromos takar\u00f3.<\/p>\n<p>A Cardinella elektromos takar\u00f3 alatt az egyik legfontosabb m\u00e1rka az ipar\u00e1gban.<\/p>\n<p>A Cardinella elektromos takar\u00f3 alatt k\u00e9tfokozat\u00fa kapcsol\u00f3val rendelkezik. Mindk\u00e9t oldala k\u00fcl\u00f6nb\u00f6z\u0151 st\u00edlus\u00fa, mint\u00e1s sz\u00f6vetb\u0151l k\u00e9sz\u00fclt&#8230; Ez a term\u00e9k k\u00e9toldalas, a k\u00edv\u00e1nt oldalon haszn\u00e1lhat\u00f3 \u00e9s moshat\u00f3.<\/p>\n<p>A term\u00e9k \u00f6sszet\u00e9tele<\/p>\n<p>El\u0151lap &#8211; poli\u00e9szter pamut<br \/>\nK\u00e1rpitoz\u00e1s &#8211; poli\u00e9szter vatta<br \/>\nKulcs &#8211; k\u00e9t szakaszban<\/p>\n<p>A term\u00e9k haszn\u00e1lata el\u0151tt mindig olvassa el a haszn\u00e1lati \u00fatmutat\u00f3t. A Cardinella elektromos takar\u00f3t nem a test takar\u00e1s\u00e1ra tervezt\u00e9k.<\/p>\n<h6><a href=\"https:\/\/www.landofsleep.com\/blog\/what-are-the-pros-and-cons-of-a-heated-blanket\" target=\"_blank\" rel=\"noopener\"><span id=\"hs_cos_wrapper_name\" class=\"hs_cos_wrapper hs_cos_wrapper_meta_field hs_cos_wrapper_type_text\" data-hs-cos-general-type=\"meta_field\" data-hs-cos-type=\"text\">Mik a f\u0171t\u00f6tt takar\u00f3 el\u0151nyei \u00e9s h\u00e1tr\u00e1nyai?<\/span><\/a><\/h6>\n<p><a href=\"\/?product_cat=patura-electrica\" target=\"_blank\" rel=\"noopener\">N\u00e9zze meg a hasonl\u00f3 term\u00e9keket<\/a><\/p>\n","protected":false},"excerpt":{"rendered":"<p>Elektromos takar\u00f3 Cardinella LUX, 85 x 150, \u00dagy tervezt\u00e9k, hogy egyszem\u00e9lyes \u00e1gy f\u0171t\u00e9s\u00e9re szolg\u00e1ljon.<\/p>\n","protected":false},"featured_media":243721,"comment_status":"open","ping_status":"closed","template":"","meta":{"_et_pb_use_builder":"","_et_pb_old_content":"","_et_gb_content_width":""},"product_brand":[407],"product_cat":[286],"product_tag":[],"class_list":{"0":"post-245945","1":"product","2":"type-product","3":"status-publish","4":"has-post-thumbnail","6":"product_brand-cardinella-hu","7":"product_cat-elektromos-takaro","9":"first","10":"instock","11":"shipping-taxable","12":"purchasable","13":"product-type-simple"},"yoast_head":"<!-- This site is optimized with the Yoast SEO plugin v27.6 - https:\/\/yoast.com\/product\/yoast-seo-wordpress\/ -->\n<title>Cardinella LUX Elektromos takar\u00f3 85 x 150 cm, moshat\u00f3<\/title>\n<meta name=\"description\" content=\"A moshat\u00f3 elektromos takar\u00f3 a matrac felmeleg\u00edt\u00e9s\u00e9re \u00e9s a nedvess\u00e9g elt\u00e1vol\u00edt\u00e1s\u00e1ra szolg\u00e1l. Aj\u00e1nlott \u00edz\u00fcleti gyullad\u00e1s, reuma \u00e9s egy\u00e9b \u00edz\u00fcleti betegs\u00e9gek eset\u00e9n.\" \/>\n<meta name=\"robots\" content=\"index, follow, max-snippet:-1, max-image-preview:large, max-video-preview:-1\" \/>\n<link rel=\"canonical\" href=\"https:\/\/cardinella.eu\/hu\/termek\/electric-blanket-washable-801681\/\" \/>\n<meta property=\"og:locale\" content=\"hu_HU\" \/>\n<meta property=\"og:type\" content=\"article\" \/>\n<meta property=\"og:title\" content=\"Cardinella LUX Elektromos takar\u00f3 85 x 150 cm, moshat\u00f3\" \/>\n<meta property=\"og:description\" content=\"A moshat\u00f3 elektromos takar\u00f3 a matrac felmeleg\u00edt\u00e9s\u00e9re \u00e9s a nedvess\u00e9g elt\u00e1vol\u00edt\u00e1s\u00e1ra szolg\u00e1l. Aj\u00e1nlott \u00edz\u00fcleti gyullad\u00e1s, reuma \u00e9s egy\u00e9b \u00edz\u00fcleti betegs\u00e9gek eset\u00e9n.\" \/>\n<meta property=\"og:url\" content=\"https:\/\/cardinella.eu\/hu\/termek\/electric-blanket-washable-801681\/\" \/>\n<meta property=\"og:site_name\" content=\"Electric Blanket\" \/>\n<meta property=\"article:modified_time\" content=\"2025-09-11T08:01:21+00:00\" \/>\n<meta property=\"og:image\" content=\"https:\/\/cdn.cardinella.eu\/wp-content\/uploads\/2020\/12\/wash03-scaled.jpeg\" \/>\n\t<meta property=\"og:image:width\" content=\"2560\" \/>\n\t<meta property=\"og:image:height\" content=\"1815\" \/>\n\t<meta property=\"og:image:type\" content=\"image\/jpeg\" \/>\n<meta name=\"twitter:card\" content=\"summary_large_image\" \/>\n<meta name=\"twitter:label1\" content=\"Becs\u00fclt olvas\u00e1si id\u0151\" \/>\n\t<meta name=\"twitter:data1\" content=\"1 perc\" \/>\n<script type=\"application\/ld+json\" class=\"yoast-schema-graph\">{\"@context\":\"https:\\\/\\\/schema.org\",\"@graph\":[{\"@type\":[\"WebPage\",\"ItemPage\"],\"@id\":\"https:\\\/\\\/cardinella.eu\\\/hu\\\/termek\\\/electric-blanket-washable-801681\\\/\",\"url\":\"https:\\\/\\\/cardinella.eu\\\/hu\\\/termek\\\/electric-blanket-washable-801681\\\/\",\"name\":\"Cardinella LUX Elektromos takar\u00f3 85 x 150 cm, moshat\u00f3\",\"isPartOf\":{\"@id\":\"https:\\\/\\\/cardinella.eu\\\/hu\\\/#website\"},\"primaryImageOfPage\":{\"@id\":\"https:\\\/\\\/cardinella.eu\\\/hu\\\/termek\\\/electric-blanket-washable-801681\\\/#primaryimage\"},\"image\":{\"@id\":\"https:\\\/\\\/cardinella.eu\\\/hu\\\/termek\\\/electric-blanket-washable-801681\\\/#primaryimage\"},\"thumbnailUrl\":\"https:\\\/\\\/cdn.cardinella.eu\\\/wp-content\\\/uploads\\\/2020\\\/12\\\/wash03-scaled.jpeg\",\"datePublished\":\"2020-12-28T12:26:09+00:00\",\"dateModified\":\"2025-09-11T08:01:21+00:00\",\"description\":\"A moshat\u00f3 elektromos takar\u00f3 a matrac felmeleg\u00edt\u00e9s\u00e9re \u00e9s a nedvess\u00e9g elt\u00e1vol\u00edt\u00e1s\u00e1ra szolg\u00e1l. Aj\u00e1nlott \u00edz\u00fcleti gyullad\u00e1s, reuma \u00e9s egy\u00e9b \u00edz\u00fcleti betegs\u00e9gek eset\u00e9n.\",\"breadcrumb\":{\"@id\":\"https:\\\/\\\/cardinella.eu\\\/hu\\\/termek\\\/electric-blanket-washable-801681\\\/#breadcrumb\"},\"inLanguage\":\"hu\",\"potentialAction\":[{\"@type\":\"ReadAction\",\"target\":[\"https:\\\/\\\/cardinella.eu\\\/hu\\\/termek\\\/electric-blanket-washable-801681\\\/\"]}]},{\"@type\":\"ImageObject\",\"inLanguage\":\"hu\",\"@id\":\"https:\\\/\\\/cardinella.eu\\\/hu\\\/termek\\\/electric-blanket-washable-801681\\\/#primaryimage\",\"url\":\"https:\\\/\\\/cdn.cardinella.eu\\\/wp-content\\\/uploads\\\/2020\\\/12\\\/wash03-scaled.jpeg\",\"contentUrl\":\"https:\\\/\\\/cdn.cardinella.eu\\\/wp-content\\\/uploads\\\/2020\\\/12\\\/wash03-scaled.jpeg\",\"width\":2560,\"height\":1815},{\"@type\":\"BreadcrumbList\",\"@id\":\"https:\\\/\\\/cardinella.eu\\\/hu\\\/termek\\\/electric-blanket-washable-801681\\\/#breadcrumb\",\"itemListElement\":[{\"@type\":\"ListItem\",\"position\":1,\"name\":\"Home\",\"item\":\"https:\\\/\\\/cardinella.eu\\\/hu\\\/\"},{\"@type\":\"ListItem\",\"position\":2,\"name\":\"Shop\",\"item\":\"https:\\\/\\\/cardinella.eu\\\/shop\\\/\"},{\"@type\":\"ListItem\",\"position\":3,\"name\":\"Cardinella LUX Elektromos takar\u00f3 85 x 150 cm, moshat\u00f3\"}]},{\"@type\":\"WebSite\",\"@id\":\"https:\\\/\\\/cardinella.eu\\\/hu\\\/#website\",\"url\":\"https:\\\/\\\/cardinella.eu\\\/hu\\\/\",\"name\":\"Electric Blanket\",\"description\":\"Personal Body Warmers\",\"publisher\":{\"@id\":\"https:\\\/\\\/cardinella.eu\\\/hu\\\/#organization\"},\"potentialAction\":[{\"@type\":\"SearchAction\",\"target\":{\"@type\":\"EntryPoint\",\"urlTemplate\":\"https:\\\/\\\/cardinella.eu\\\/hu\\\/?s={search_term_string}\"},\"query-input\":{\"@type\":\"PropertyValueSpecification\",\"valueRequired\":true,\"valueName\":\"search_term_string\"}}],\"inLanguage\":\"hu\"},{\"@type\":\"Organization\",\"@id\":\"https:\\\/\\\/cardinella.eu\\\/hu\\\/#organization\",\"name\":\"Domtex.Bg Ltd\",\"alternateName\":\"Cardinella\",\"url\":\"https:\\\/\\\/cardinella.eu\\\/hu\\\/\",\"logo\":{\"@type\":\"ImageObject\",\"inLanguage\":\"hu\",\"@id\":\"https:\\\/\\\/cardinella.eu\\\/hu\\\/#\\\/schema\\\/logo\\\/image\\\/\",\"url\":\"https:\\\/\\\/cardinella.eu\\\/wp-content\\\/uploads\\\/2022\\\/01\\\/Cardinella_logo_C.png\",\"contentUrl\":\"https:\\\/\\\/cardinella.eu\\\/wp-content\\\/uploads\\\/2022\\\/01\\\/Cardinella_logo_C.png\",\"width\":72,\"height\":72,\"caption\":\"Domtex.Bg Ltd\"},\"image\":{\"@id\":\"https:\\\/\\\/cardinella.eu\\\/hu\\\/#\\\/schema\\\/logo\\\/image\\\/\"}}]}<\/script>\n<!-- \/ Yoast SEO plugin. -->","yoast_head_json":{"title":"Cardinella LUX Elektromos takar\u00f3 85 x 150 cm, moshat\u00f3","description":"A moshat\u00f3 elektromos takar\u00f3 a matrac felmeleg\u00edt\u00e9s\u00e9re \u00e9s a nedvess\u00e9g elt\u00e1vol\u00edt\u00e1s\u00e1ra szolg\u00e1l. Aj\u00e1nlott \u00edz\u00fcleti gyullad\u00e1s, reuma \u00e9s egy\u00e9b \u00edz\u00fcleti betegs\u00e9gek eset\u00e9n.","robots":{"index":"index","follow":"follow","max-snippet":"max-snippet:-1","max-image-preview":"max-image-preview:large","max-video-preview":"max-video-preview:-1"},"canonical":"https:\/\/cardinella.eu\/hu\/termek\/electric-blanket-washable-801681\/","og_locale":"hu_HU","og_type":"article","og_title":"Cardinella LUX Elektromos takar\u00f3 85 x 150 cm, moshat\u00f3","og_description":"A moshat\u00f3 elektromos takar\u00f3 a matrac felmeleg\u00edt\u00e9s\u00e9re \u00e9s a nedvess\u00e9g elt\u00e1vol\u00edt\u00e1s\u00e1ra szolg\u00e1l. Aj\u00e1nlott \u00edz\u00fcleti gyullad\u00e1s, reuma \u00e9s egy\u00e9b \u00edz\u00fcleti betegs\u00e9gek eset\u00e9n.","og_url":"https:\/\/cardinella.eu\/hu\/termek\/electric-blanket-washable-801681\/","og_site_name":"Electric Blanket","article_modified_time":"2025-09-11T08:01:21+00:00","og_image":[{"width":2560,"height":1815,"url":"https:\/\/cdn.cardinella.eu\/wp-content\/uploads\/2020\/12\/wash03-scaled.jpeg","type":"image\/jpeg"}],"twitter_card":"summary_large_image","twitter_misc":{"Becs\u00fclt olvas\u00e1si id\u0151":"1 perc"},"schema":{"@context":"https:\/\/schema.org","@graph":[{"@type":["WebPage","ItemPage"],"@id":"https:\/\/cardinella.eu\/hu\/termek\/electric-blanket-washable-801681\/","url":"https:\/\/cardinella.eu\/hu\/termek\/electric-blanket-washable-801681\/","name":"Cardinella LUX Elektromos takar\u00f3 85 x 150 cm, moshat\u00f3","isPartOf":{"@id":"https:\/\/cardinella.eu\/hu\/#website"},"primaryImageOfPage":{"@id":"https:\/\/cardinella.eu\/hu\/termek\/electric-blanket-washable-801681\/#primaryimage"},"image":{"@id":"https:\/\/cardinella.eu\/hu\/termek\/electric-blanket-washable-801681\/#primaryimage"},"thumbnailUrl":"https:\/\/cdn.cardinella.eu\/wp-content\/uploads\/2020\/12\/wash03-scaled.jpeg","datePublished":"2020-12-28T12:26:09+00:00","dateModified":"2025-09-11T08:01:21+00:00","description":"A moshat\u00f3 elektromos takar\u00f3 a matrac felmeleg\u00edt\u00e9s\u00e9re \u00e9s a nedvess\u00e9g elt\u00e1vol\u00edt\u00e1s\u00e1ra szolg\u00e1l. Aj\u00e1nlott \u00edz\u00fcleti gyullad\u00e1s, reuma \u00e9s egy\u00e9b \u00edz\u00fcleti betegs\u00e9gek eset\u00e9n.","breadcrumb":{"@id":"https:\/\/cardinella.eu\/hu\/termek\/electric-blanket-washable-801681\/#breadcrumb"},"inLanguage":"hu","potentialAction":[{"@type":"ReadAction","target":["https:\/\/cardinella.eu\/hu\/termek\/electric-blanket-washable-801681\/"]}]},{"@type":"ImageObject","inLanguage":"hu","@id":"https:\/\/cardinella.eu\/hu\/termek\/electric-blanket-washable-801681\/#primaryimage","url":"https:\/\/cdn.cardinella.eu\/wp-content\/uploads\/2020\/12\/wash03-scaled.jpeg","contentUrl":"https:\/\/cdn.cardinella.eu\/wp-content\/uploads\/2020\/12\/wash03-scaled.jpeg","width":2560,"height":1815},{"@type":"BreadcrumbList","@id":"https:\/\/cardinella.eu\/hu\/termek\/electric-blanket-washable-801681\/#breadcrumb","itemListElement":[{"@type":"ListItem","position":1,"name":"Home","item":"https:\/\/cardinella.eu\/hu\/"},{"@type":"ListItem","position":2,"name":"Shop","item":"https:\/\/cardinella.eu\/shop\/"},{"@type":"ListItem","position":3,"name":"Cardinella LUX Elektromos takar\u00f3 85 x 150 cm, moshat\u00f3"}]},{"@type":"WebSite","@id":"https:\/\/cardinella.eu\/hu\/#website","url":"https:\/\/cardinella.eu\/hu\/","name":"Electric Blanket","description":"Personal Body Warmers","publisher":{"@id":"https:\/\/cardinella.eu\/hu\/#organization"},"potentialAction":[{"@type":"SearchAction","target":{"@type":"EntryPoint","urlTemplate":"https:\/\/cardinella.eu\/hu\/?s={search_term_string}"},"query-input":{"@type":"PropertyValueSpecification","valueRequired":true,"valueName":"search_term_string"}}],"inLanguage":"hu"},{"@type":"Organization","@id":"https:\/\/cardinella.eu\/hu\/#organization","name":"Domtex.Bg Ltd","alternateName":"Cardinella","url":"https:\/\/cardinella.eu\/hu\/","logo":{"@type":"ImageObject","inLanguage":"hu","@id":"https:\/\/cardinella.eu\/hu\/#\/schema\/logo\/image\/","url":"https:\/\/cardinella.eu\/wp-content\/uploads\/2022\/01\/Cardinella_logo_C.png","contentUrl":"https:\/\/cardinella.eu\/wp-content\/uploads\/2022\/01\/Cardinella_logo_C.png","width":72,"height":72,"caption":"Domtex.Bg Ltd"},"image":{"@id":"https:\/\/cardinella.eu\/hu\/#\/schema\/logo\/image\/"}}]}},"_links":{"self":[{"href":"https:\/\/cardinella.eu\/hu\/wp-json\/wp\/v2\/product\/245945","targetHints":{"allow":["GET"]}}],"collection":[{"href":"https:\/\/cardinella.eu\/hu\/wp-json\/wp\/v2\/product"}],"about":[{"href":"https:\/\/cardinella.eu\/hu\/wp-json\/wp\/v2\/types\/product"}],"replies":[{"embeddable":true,"href":"https:\/\/cardinella.eu\/hu\/wp-json\/wp\/v2\/comments?post=245945"}],"wp:featuredmedia":[{"embeddable":true,"href":"https:\/\/cardinella.eu\/hu\/wp-json\/wp\/v2\/media\/243721"}],"wp:attachment":[{"href":"https:\/\/cardinella.eu\/hu\/wp-json\/wp\/v2\/media?parent=245945"}],"wp:term":[{"taxonomy":"product_brand","embeddable":true,"href":"https:\/\/cardinella.eu\/hu\/wp-json\/wp\/v2\/product_brand?post=245945"},{"taxonomy":"product_cat","embeddable":true,"href":"https:\/\/cardinella.eu\/hu\/wp-json\/wp\/v2\/product_cat?post=245945"},{"taxonomy":"product_tag","embeddable":true,"href":"https:\/\/cardinella.eu\/hu\/wp-json\/wp\/v2\/product_tag?post=245945"}],"curies":[{"name":"wp","href":"https:\/\/api.w.org\/{rel}","templated":true}]}}