{"id":245956,"date":"2023-09-18T16:36:01","date_gmt":"2023-09-18T14:36:01","guid":{"rendered":"https:\/\/cardinella.eu\/shop\/kulso-akkumulator-a-viaking-melegito-mellenyhez-20000-mah-usb-csatlakozassal\/"},"modified":"2025-09-11T16:52:26","modified_gmt":"2025-09-11T13:52:26","slug":"kulso-akkumulator-a-viaking-melegito-mellenyhez-20000-mah-usb-csatlakozassal","status":"publish","type":"product","link":"https:\/\/cardinella.eu\/hu\/termek\/kulso-akkumulator-a-viaking-melegito-mellenyhez-20000-mah-usb-csatlakozassal\/","title":{"rendered":"K\u00fcls\u0151 akkumul\u00e1tor f\u0171t\u0151mell\u00e9nyhez, 20 000 mAh, USB-csatlakoz\u00f3val"},"content":{"rendered":"<p>K\u00fcls\u0151 akkumul\u00e1tor alkalmas :<\/p>\n<p>&#8211; elektromos f\u0171t\u00f6tt talpbet\u00e9tek<\/p>\n<p>&#8211; elektromos f\u0171t\u00e9si mell\u00e9ny<\/p>\n<p>&#8211; elektromos f\u0171t\u00f6tt keszty\u0171<\/p>\n<p>&#8211; massz\u00e1zs \u00f6v<\/p>\n<p>&#8211; telefonok, t\u00e1blag\u00e9pek<\/p>\n<p>Jellemz\u0151k:<\/p>\n<p>Li-polimer akkumul\u00e1tor<br \/>\nKapacit\u00e1s: 20 000 mAh<br \/>\nMicro USB-port<br \/>\nUSB-port<br \/>\nZsebl\u00e1mpa funkci\u00f3<br \/>\n5V \/ 2,4A<br \/>\nMell\u00e9kelt 0,3 m-es Micro USB-k\u00e1bel<br \/>\nM\u00e9retek: 14 \u00d7 7 \u00d7 2 cm<\/p>\n","protected":false},"excerpt":{"rendered":"<p>K\u00fcls\u0151 akkumul\u00e1tor alkalmas : &#8211; elektromos f\u0171t\u00f6tt talpbet\u00e9tek &#8211; elektromos f\u0171t\u00e9si mell\u00e9ny &#8211; elektromos f\u0171t\u00f6tt keszty\u0171 &#8211; massz\u00e1zs \u00f6v &#8211; telefonok, t\u00e1blag\u00e9pek Jellemz\u0151k: Li-polimer akkumul\u00e1tor Kapacit\u00e1s: 20 000 mAh Micro USB-port USB-port Zsebl\u00e1mpa funkci\u00f3 5V \/ 2,4A Mell\u00e9kelt 0,3 m-es Micro USB-k\u00e1bel M\u00e9retek: 14 \u00d7 7 \u00d7 2 cm<\/p>\n","protected":false},"featured_media":246407,"comment_status":"open","ping_status":"closed","template":"","meta":{"_et_pb_use_builder":"","_et_pb_old_content":"","_et_gb_content_width":""},"product_brand":[],"product_cat":[347],"product_tag":[],"class_list":{"0":"post-245956","1":"product","2":"type-product","3":"status-publish","4":"has-post-thumbnail","6":"product_cat-power-bank-hu","8":"first","9":"instock","10":"shipping-taxable","11":"purchasable","12":"product-type-simple"},"yoast_head":"<!-- This site is optimized with the Yoast SEO plugin v27.4 - https:\/\/yoast.com\/product\/yoast-seo-wordpress\/ -->\n<title>K\u00fcls\u0151 akkumul\u00e1tor f\u0171t\u0151mell\u00e9nyhez, 20 000 mAh, USB-csatlakoz\u00f3val | Electric Blanket<\/title>\n<meta name=\"description\" content=\"K\u00fcls\u0151 akkumul\u00e1tor alkalmas | elektromos f\u0171t\u00e9si mell\u00e9ny | f\u0171t\u00f6tt talpbet\u00e9tek | telefonok | t\u00e1blag\u00e9pek| Zsebl\u00e1mpa funkci\u00f3 | 5V 2.4 A\" \/>\n<meta name=\"robots\" content=\"index, follow, max-snippet:-1, max-image-preview:large, max-video-preview:-1\" \/>\n<link rel=\"canonical\" href=\"https:\/\/cardinella.eu\/hu\/termek\/kulso-akkumulator-a-viaking-melegito-mellenyhez-20000-mah-usb-csatlakozassal\/\" \/>\n<meta property=\"og:locale\" content=\"hu_HU\" \/>\n<meta property=\"og:type\" content=\"article\" \/>\n<meta property=\"og:title\" content=\"K\u00fcls\u0151 akkumul\u00e1tor f\u0171t\u0151mell\u00e9nyhez, 20 000 mAh, USB-csatlakoz\u00f3val | Electric Blanket\" \/>\n<meta property=\"og:description\" content=\"K\u00fcls\u0151 akkumul\u00e1tor alkalmas | elektromos f\u0171t\u00e9si mell\u00e9ny | f\u0171t\u00f6tt talpbet\u00e9tek | telefonok | t\u00e1blag\u00e9pek| Zsebl\u00e1mpa funkci\u00f3 | 5V 2.4 A\" \/>\n<meta property=\"og:url\" content=\"https:\/\/cardinella.eu\/hu\/termek\/kulso-akkumulator-a-viaking-melegito-mellenyhez-20000-mah-usb-csatlakozassal\/\" \/>\n<meta property=\"og:site_name\" content=\"Electric Blanket\" \/>\n<meta property=\"article:modified_time\" content=\"2025-09-11T13:52:26+00:00\" \/>\n<meta property=\"og:image\" content=\"https:\/\/cdn.cardinella.eu\/wp-content\/uploads\/2025\/08\/powerbank-20-03-scaled.jpeg\" \/>\n\t<meta property=\"og:image:width\" content=\"2560\" \/>\n\t<meta property=\"og:image:height\" content=\"1987\" \/>\n\t<meta property=\"og:image:type\" content=\"image\/jpeg\" \/>\n<meta name=\"twitter:card\" content=\"summary_large_image\" \/>\n<script type=\"application\/ld+json\" class=\"yoast-schema-graph\">{\"@context\":\"https:\\\/\\\/schema.org\",\"@graph\":[{\"@type\":[\"WebPage\",\"ItemPage\"],\"@id\":\"https:\\\/\\\/cardinella.eu\\\/hu\\\/termek\\\/kulso-akkumulator-a-viaking-melegito-mellenyhez-20000-mah-usb-csatlakozassal\\\/\",\"url\":\"https:\\\/\\\/cardinella.eu\\\/hu\\\/termek\\\/kulso-akkumulator-a-viaking-melegito-mellenyhez-20000-mah-usb-csatlakozassal\\\/\",\"name\":\"K\u00fcls\u0151 akkumul\u00e1tor f\u0171t\u0151mell\u00e9nyhez, 20 000 mAh, USB-csatlakoz\u00f3val | Electric Blanket\",\"isPartOf\":{\"@id\":\"https:\\\/\\\/cardinella.eu\\\/hu\\\/#website\"},\"primaryImageOfPage\":{\"@id\":\"https:\\\/\\\/cardinella.eu\\\/hu\\\/termek\\\/kulso-akkumulator-a-viaking-melegito-mellenyhez-20000-mah-usb-csatlakozassal\\\/#primaryimage\"},\"image\":{\"@id\":\"https:\\\/\\\/cardinella.eu\\\/hu\\\/termek\\\/kulso-akkumulator-a-viaking-melegito-mellenyhez-20000-mah-usb-csatlakozassal\\\/#primaryimage\"},\"thumbnailUrl\":\"https:\\\/\\\/cdn.cardinella.eu\\\/wp-content\\\/uploads\\\/2025\\\/08\\\/powerbank-20-03-scaled.jpeg\",\"datePublished\":\"2023-09-18T14:36:01+00:00\",\"dateModified\":\"2025-09-11T13:52:26+00:00\",\"description\":\"K\u00fcls\u0151 akkumul\u00e1tor alkalmas | elektromos f\u0171t\u00e9si mell\u00e9ny | f\u0171t\u00f6tt talpbet\u00e9tek | telefonok | t\u00e1blag\u00e9pek| Zsebl\u00e1mpa funkci\u00f3 | 5V 2.4 A\",\"breadcrumb\":{\"@id\":\"https:\\\/\\\/cardinella.eu\\\/hu\\\/termek\\\/kulso-akkumulator-a-viaking-melegito-mellenyhez-20000-mah-usb-csatlakozassal\\\/#breadcrumb\"},\"inLanguage\":\"hu\",\"potentialAction\":[{\"@type\":\"ReadAction\",\"target\":[\"https:\\\/\\\/cardinella.eu\\\/hu\\\/termek\\\/kulso-akkumulator-a-viaking-melegito-mellenyhez-20000-mah-usb-csatlakozassal\\\/\"]}]},{\"@type\":\"ImageObject\",\"inLanguage\":\"hu\",\"@id\":\"https:\\\/\\\/cardinella.eu\\\/hu\\\/termek\\\/kulso-akkumulator-a-viaking-melegito-mellenyhez-20000-mah-usb-csatlakozassal\\\/#primaryimage\",\"url\":\"https:\\\/\\\/cdn.cardinella.eu\\\/wp-content\\\/uploads\\\/2025\\\/08\\\/powerbank-20-03-scaled.jpeg\",\"contentUrl\":\"https:\\\/\\\/cdn.cardinella.eu\\\/wp-content\\\/uploads\\\/2025\\\/08\\\/powerbank-20-03-scaled.jpeg\",\"width\":2560,\"height\":1987,\"caption\":\"Zewn\u0119trzna bateria\"},{\"@type\":\"BreadcrumbList\",\"@id\":\"https:\\\/\\\/cardinella.eu\\\/hu\\\/termek\\\/kulso-akkumulator-a-viaking-melegito-mellenyhez-20000-mah-usb-csatlakozassal\\\/#breadcrumb\",\"itemListElement\":[{\"@type\":\"ListItem\",\"position\":1,\"name\":\"Home\",\"item\":\"https:\\\/\\\/cardinella.eu\\\/hu\\\/\"},{\"@type\":\"ListItem\",\"position\":2,\"name\":\"Shop\",\"item\":\"https:\\\/\\\/cardinella.eu\\\/shop\\\/\"},{\"@type\":\"ListItem\",\"position\":3,\"name\":\"K\u00fcls\u0151 akkumul\u00e1tor f\u0171t\u0151mell\u00e9nyhez, 20 000 mAh, USB-csatlakoz\u00f3val\"}]},{\"@type\":\"WebSite\",\"@id\":\"https:\\\/\\\/cardinella.eu\\\/hu\\\/#website\",\"url\":\"https:\\\/\\\/cardinella.eu\\\/hu\\\/\",\"name\":\"Electric Blanket\",\"description\":\"Personal Body Warmers\",\"publisher\":{\"@id\":\"https:\\\/\\\/cardinella.eu\\\/hu\\\/#organization\"},\"potentialAction\":[{\"@type\":\"SearchAction\",\"target\":{\"@type\":\"EntryPoint\",\"urlTemplate\":\"https:\\\/\\\/cardinella.eu\\\/hu\\\/?s={search_term_string}\"},\"query-input\":{\"@type\":\"PropertyValueSpecification\",\"valueRequired\":true,\"valueName\":\"search_term_string\"}}],\"inLanguage\":\"hu\"},{\"@type\":\"Organization\",\"@id\":\"https:\\\/\\\/cardinella.eu\\\/hu\\\/#organization\",\"name\":\"Domtex.Bg Ltd\",\"alternateName\":\"Cardinella\",\"url\":\"https:\\\/\\\/cardinella.eu\\\/hu\\\/\",\"logo\":{\"@type\":\"ImageObject\",\"inLanguage\":\"hu\",\"@id\":\"https:\\\/\\\/cardinella.eu\\\/hu\\\/#\\\/schema\\\/logo\\\/image\\\/\",\"url\":\"https:\\\/\\\/cardinella.eu\\\/wp-content\\\/uploads\\\/2022\\\/01\\\/Cardinella_logo_C.png\",\"contentUrl\":\"https:\\\/\\\/cardinella.eu\\\/wp-content\\\/uploads\\\/2022\\\/01\\\/Cardinella_logo_C.png\",\"width\":72,\"height\":72,\"caption\":\"Domtex.Bg Ltd\"},\"image\":{\"@id\":\"https:\\\/\\\/cardinella.eu\\\/hu\\\/#\\\/schema\\\/logo\\\/image\\\/\"}}]}<\/script>\n<!-- \/ Yoast SEO plugin. -->","yoast_head_json":{"title":"K\u00fcls\u0151 akkumul\u00e1tor f\u0171t\u0151mell\u00e9nyhez, 20 000 mAh, USB-csatlakoz\u00f3val | Electric Blanket","description":"K\u00fcls\u0151 akkumul\u00e1tor alkalmas | elektromos f\u0171t\u00e9si mell\u00e9ny | f\u0171t\u00f6tt talpbet\u00e9tek | telefonok | t\u00e1blag\u00e9pek| Zsebl\u00e1mpa funkci\u00f3 | 5V 2.4 A","robots":{"index":"index","follow":"follow","max-snippet":"max-snippet:-1","max-image-preview":"max-image-preview:large","max-video-preview":"max-video-preview:-1"},"canonical":"https:\/\/cardinella.eu\/hu\/termek\/kulso-akkumulator-a-viaking-melegito-mellenyhez-20000-mah-usb-csatlakozassal\/","og_locale":"hu_HU","og_type":"article","og_title":"K\u00fcls\u0151 akkumul\u00e1tor f\u0171t\u0151mell\u00e9nyhez, 20 000 mAh, USB-csatlakoz\u00f3val | Electric Blanket","og_description":"K\u00fcls\u0151 akkumul\u00e1tor alkalmas | elektromos f\u0171t\u00e9si mell\u00e9ny | f\u0171t\u00f6tt talpbet\u00e9tek | telefonok | t\u00e1blag\u00e9pek| Zsebl\u00e1mpa funkci\u00f3 | 5V 2.4 A","og_url":"https:\/\/cardinella.eu\/hu\/termek\/kulso-akkumulator-a-viaking-melegito-mellenyhez-20000-mah-usb-csatlakozassal\/","og_site_name":"Electric Blanket","article_modified_time":"2025-09-11T13:52:26+00:00","og_image":[{"width":2560,"height":1987,"url":"https:\/\/cdn.cardinella.eu\/wp-content\/uploads\/2025\/08\/powerbank-20-03-scaled.jpeg","type":"image\/jpeg"}],"twitter_card":"summary_large_image","schema":{"@context":"https:\/\/schema.org","@graph":[{"@type":["WebPage","ItemPage"],"@id":"https:\/\/cardinella.eu\/hu\/termek\/kulso-akkumulator-a-viaking-melegito-mellenyhez-20000-mah-usb-csatlakozassal\/","url":"https:\/\/cardinella.eu\/hu\/termek\/kulso-akkumulator-a-viaking-melegito-mellenyhez-20000-mah-usb-csatlakozassal\/","name":"K\u00fcls\u0151 akkumul\u00e1tor f\u0171t\u0151mell\u00e9nyhez, 20 000 mAh, USB-csatlakoz\u00f3val | Electric Blanket","isPartOf":{"@id":"https:\/\/cardinella.eu\/hu\/#website"},"primaryImageOfPage":{"@id":"https:\/\/cardinella.eu\/hu\/termek\/kulso-akkumulator-a-viaking-melegito-mellenyhez-20000-mah-usb-csatlakozassal\/#primaryimage"},"image":{"@id":"https:\/\/cardinella.eu\/hu\/termek\/kulso-akkumulator-a-viaking-melegito-mellenyhez-20000-mah-usb-csatlakozassal\/#primaryimage"},"thumbnailUrl":"https:\/\/cdn.cardinella.eu\/wp-content\/uploads\/2025\/08\/powerbank-20-03-scaled.jpeg","datePublished":"2023-09-18T14:36:01+00:00","dateModified":"2025-09-11T13:52:26+00:00","description":"K\u00fcls\u0151 akkumul\u00e1tor alkalmas | elektromos f\u0171t\u00e9si mell\u00e9ny | f\u0171t\u00f6tt talpbet\u00e9tek | telefonok | t\u00e1blag\u00e9pek| Zsebl\u00e1mpa funkci\u00f3 | 5V 2.4 A","breadcrumb":{"@id":"https:\/\/cardinella.eu\/hu\/termek\/kulso-akkumulator-a-viaking-melegito-mellenyhez-20000-mah-usb-csatlakozassal\/#breadcrumb"},"inLanguage":"hu","potentialAction":[{"@type":"ReadAction","target":["https:\/\/cardinella.eu\/hu\/termek\/kulso-akkumulator-a-viaking-melegito-mellenyhez-20000-mah-usb-csatlakozassal\/"]}]},{"@type":"ImageObject","inLanguage":"hu","@id":"https:\/\/cardinella.eu\/hu\/termek\/kulso-akkumulator-a-viaking-melegito-mellenyhez-20000-mah-usb-csatlakozassal\/#primaryimage","url":"https:\/\/cdn.cardinella.eu\/wp-content\/uploads\/2025\/08\/powerbank-20-03-scaled.jpeg","contentUrl":"https:\/\/cdn.cardinella.eu\/wp-content\/uploads\/2025\/08\/powerbank-20-03-scaled.jpeg","width":2560,"height":1987,"caption":"Zewn\u0119trzna bateria"},{"@type":"BreadcrumbList","@id":"https:\/\/cardinella.eu\/hu\/termek\/kulso-akkumulator-a-viaking-melegito-mellenyhez-20000-mah-usb-csatlakozassal\/#breadcrumb","itemListElement":[{"@type":"ListItem","position":1,"name":"Home","item":"https:\/\/cardinella.eu\/hu\/"},{"@type":"ListItem","position":2,"name":"Shop","item":"https:\/\/cardinella.eu\/shop\/"},{"@type":"ListItem","position":3,"name":"K\u00fcls\u0151 akkumul\u00e1tor f\u0171t\u0151mell\u00e9nyhez, 20 000 mAh, USB-csatlakoz\u00f3val"}]},{"@type":"WebSite","@id":"https:\/\/cardinella.eu\/hu\/#website","url":"https:\/\/cardinella.eu\/hu\/","name":"Electric Blanket","description":"Personal Body Warmers","publisher":{"@id":"https:\/\/cardinella.eu\/hu\/#organization"},"potentialAction":[{"@type":"SearchAction","target":{"@type":"EntryPoint","urlTemplate":"https:\/\/cardinella.eu\/hu\/?s={search_term_string}"},"query-input":{"@type":"PropertyValueSpecification","valueRequired":true,"valueName":"search_term_string"}}],"inLanguage":"hu"},{"@type":"Organization","@id":"https:\/\/cardinella.eu\/hu\/#organization","name":"Domtex.Bg Ltd","alternateName":"Cardinella","url":"https:\/\/cardinella.eu\/hu\/","logo":{"@type":"ImageObject","inLanguage":"hu","@id":"https:\/\/cardinella.eu\/hu\/#\/schema\/logo\/image\/","url":"https:\/\/cardinella.eu\/wp-content\/uploads\/2022\/01\/Cardinella_logo_C.png","contentUrl":"https:\/\/cardinella.eu\/wp-content\/uploads\/2022\/01\/Cardinella_logo_C.png","width":72,"height":72,"caption":"Domtex.Bg Ltd"},"image":{"@id":"https:\/\/cardinella.eu\/hu\/#\/schema\/logo\/image\/"}}]}},"_links":{"self":[{"href":"https:\/\/cardinella.eu\/hu\/wp-json\/wp\/v2\/product\/245956","targetHints":{"allow":["GET"]}}],"collection":[{"href":"https:\/\/cardinella.eu\/hu\/wp-json\/wp\/v2\/product"}],"about":[{"href":"https:\/\/cardinella.eu\/hu\/wp-json\/wp\/v2\/types\/product"}],"replies":[{"embeddable":true,"href":"https:\/\/cardinella.eu\/hu\/wp-json\/wp\/v2\/comments?post=245956"}],"wp:featuredmedia":[{"embeddable":true,"href":"https:\/\/cardinella.eu\/hu\/wp-json\/wp\/v2\/media\/246407"}],"wp:attachment":[{"href":"https:\/\/cardinella.eu\/hu\/wp-json\/wp\/v2\/media?parent=245956"}],"wp:term":[{"taxonomy":"product_brand","embeddable":true,"href":"https:\/\/cardinella.eu\/hu\/wp-json\/wp\/v2\/product_brand?post=245956"},{"taxonomy":"product_cat","embeddable":true,"href":"https:\/\/cardinella.eu\/hu\/wp-json\/wp\/v2\/product_cat?post=245956"},{"taxonomy":"product_tag","embeddable":true,"href":"https:\/\/cardinella.eu\/hu\/wp-json\/wp\/v2\/product_tag?post=245956"}],"curies":[{"name":"wp","href":"https:\/\/api.w.org\/{rel}","templated":true}]}}