{"id":246116,"date":"2021-02-01T00:00:00","date_gmt":"2021-01-31T22:00:00","guid":{"rendered":"https:\/\/cardinella.eu\/shop\/hordozhato-futoparna-a-gorcsok-fajdalomcsillapitasara-menstruacios-hoparna-masszirozoval-elektromos-gyors-futocsomagolas-ovvel\/"},"modified":"2025-09-11T16:52:22","modified_gmt":"2025-09-11T13:52:22","slug":"801896","status":"publish","type":"product","link":"https:\/\/cardinella.eu\/hu\/termek\/801896\/","title":{"rendered":"Hordozhat\u00f3 f\u0171t\u0151p\u00e1rna a g\u00f6rcs\u00f6k f\u00e1jdalomcsillap\u00edt\u00e1s\u00e1ra, menstru\u00e1ci\u00f3s h\u0151p\u00e1rna massz\u00edroz\u00f3val, elektromos gyors f\u0171t\u0151csomagol\u00e1s \u00f6vvel"},"content":{"rendered":"<p>F\u0171t\u00e9s Massager \u00f6v<\/p>\n<p>Hordozhat\u00f3 elektromos f\u0171t\u0151- \u00e9s massz\u00e1zs\u00f6v. T\u00e9len melegen tartja a derek\u00e1t \u00e9s a has\u00e1t. K\u00e9nyelmes meleg\u00edt\u0151 ter\u00e1pi\u00e1t biztos\u00edt a der\u00e9kt\u00e1ji izomf\u00e1jdalmak kezel\u00e9s\u00e9re. Enyh\u00edti dysmenorrhea vagy hasi f\u00e1jdalom ve massz\u00e1zsok. Warms the abdomen and back.<\/p>\n<p>El\u0151ny\u00f6k &#8211; Mobil teljes\u00edtm\u00e9ny &#8211; k\u00fcls\u0151 akkumul\u00e1tor \/ Power Bank &#8211; be\u00e9p\u00edtett termoter\u00e1pi\u00e1s p\u00e1rna &#8211; gyors f\u0171t\u00e9s \u00e9s infrav\u00f6r\u00f6s behatol\u00e1s &#8211; csendes munka &#8211; fesz\u00fclts\u00e9gv\u00e9delem, h\u0151v\u00e9delem, biztons\u00e1g \u00e9s k\u00e9nyelem &#8211; a f\u0171t\u00e9s \u00e9s massz\u00e1zs funkci\u00f3 be\u00e1ll\u00edt\u00e1sa.<\/p>\n<h6><a href=\"https:\/\/www.tuasaude.com\/en\/stomach-and-back-pain\/\" target=\"_blank\" rel=\"noopener\">Gyomor- \u00e9s h\u00e1tf\u00e1j\u00e1s: 8 ok (\u00e9s mi a teend\u0151)<\/a><\/h6>\n<p><a href=\"\/?product_cat=patura-electrica\" target=\"_blank\" rel=\"noopener\">N\u00e9zze meg a hasonl\u00f3 term\u00e9keket<\/a><\/p>\n","protected":false},"excerpt":{"rendered":"<p>F\u0171t\u00e9s Massager \u00f6v Hordozhat\u00f3 elektromos f\u0171t\u0151- \u00e9s massz\u00e1zs\u00f6v. T\u00e9len melegen tartja a derek\u00e1t \u00e9s a has\u00e1t. K\u00e9nyelmes meleg\u00edt\u0151 ter\u00e1pi\u00e1t biztos\u00edt a der\u00e9kt\u00e1ji izomf\u00e1jdalmak kezel\u00e9s\u00e9re. Enyh\u00edti dysmenorrhea vagy hasi f\u00e1jdalom ve massz\u00e1zsok. Warms the abdomen and back. El\u0151ny\u00f6k &#8211; Mobil teljes\u00edtm\u00e9ny &#8211; k\u00fcls\u0151 akkumul\u00e1tor \/ Power Bank &#8211; be\u00e9p\u00edtett termoter\u00e1pi\u00e1s p\u00e1rna &#8211; gyors f\u0171t\u00e9s \u00e9s infrav\u00f6r\u00f6s [&hellip;]<\/p>\n","protected":false},"featured_media":243161,"comment_status":"open","ping_status":"closed","template":"","meta":{"_et_pb_use_builder":"off","_et_pb_old_content":"Ez a hordozhat\u00f3 elektromos f\u0171t\u0151- \u00e9s massz\u00e1zs\u00f6v t\u00e9len is melegen tartja a derek\u00e1t \u00e9s a has\u00e1t. K\u00e9nyelmes meleg\u00edt\u0151 ter\u00e1pi\u00e1t biztos\u00edt a der\u00e9kt\u00e1ji izomf\u00e1jdalmakra, enyh\u00edti a dysmenorrhe\u00e1t vagy a hasf\u00e1j\u00e1st, massz\u00edrozza, meleg\u00edti a hasat \u00e9s a h\u00e1tat.\r\n\r\nEl\u0151ny\u00f6k\r\n\r\n- Mobil energia - k\u00fcls\u0151 akkumul\u00e1tor \/ Power Bank,\r\n\r\n- tampon \u00eencorporat pentru termoterapie,\r\n\r\n- \u00eenc\u0103lzire rapid\u0103 \u0219i penetrare \u00een infraro\u0219u,\r\n\r\n- Munc\u0103 lini\u0219tit\u0103.\r\n\r\n- Protec\u021bie la tensiune, protec\u021bie la c\u0103ldur\u0103, siguran\u021b\u0103 \u0219i confort.\r\n\r\n- Reglarea func\u021biei de \u00eenc\u0103lzire \u0219i masaj","_et_gb_content_width":""},"product_brand":[],"product_cat":[308],"product_tag":[],"class_list":{"0":"post-246116","1":"product","2":"type-product","3":"status-publish","4":"has-post-thumbnail","6":"product_cat-electric-body-warmers-hu","8":"first","9":"instock","10":"shipping-taxable","11":"purchasable","12":"product-type-simple"},"yoast_head":"<!-- This site is optimized with the Yoast SEO plugin v27.4 - https:\/\/yoast.com\/product\/yoast-seo-wordpress\/ -->\n<title>https:\/\/cardinella.bg\/shop\/| Heat and massage therapy<\/title>\n<meta name=\"description\" content=\"A h\u0151- \u00e9s massz\u00e1zster\u00e1pia kombin\u00e1ci\u00f3ja seg\u00edt enyh\u00edteni a g\u00f6rcs\u00f6ket, ellaz\u00edtja az izmokat \u00e9s cs\u00f6kkenti a puffad\u00e1st. | F\u0171t\u00e9s Massager \u00f6v | nagyon v\u00e9kony| 5v biztons\u00e1gos\" \/>\n<meta name=\"robots\" content=\"index, follow, max-snippet:-1, max-image-preview:large, max-video-preview:-1\" \/>\n<link rel=\"canonical\" href=\"https:\/\/cardinella.eu\/hu\/termek\/801896\/\" \/>\n<meta property=\"og:locale\" content=\"hu_HU\" \/>\n<meta property=\"og:type\" content=\"article\" \/>\n<meta property=\"og:title\" content=\"https:\/\/cardinella.bg\/shop\/| Heat and massage therapy\" \/>\n<meta property=\"og:description\" content=\"A h\u0151- \u00e9s massz\u00e1zster\u00e1pia kombin\u00e1ci\u00f3ja seg\u00edt enyh\u00edteni a g\u00f6rcs\u00f6ket, ellaz\u00edtja az izmokat \u00e9s cs\u00f6kkenti a puffad\u00e1st. | F\u0171t\u00e9s Massager \u00f6v | nagyon v\u00e9kony| 5v biztons\u00e1gos\" \/>\n<meta property=\"og:url\" content=\"https:\/\/cardinella.eu\/hu\/termek\/801896\/\" \/>\n<meta property=\"og:site_name\" content=\"Electric Blanket\" \/>\n<meta property=\"article:modified_time\" content=\"2025-09-11T13:52:22+00:00\" \/>\n<meta property=\"og:image\" content=\"https:\/\/cardinella.eu\/wp-content\/uploads\/2021\/10\/801896.jpg\" \/>\n\t<meta property=\"og:image:width\" content=\"1000\" \/>\n\t<meta property=\"og:image:height\" content=\"1000\" \/>\n\t<meta property=\"og:image:type\" content=\"image\/jpeg\" \/>\n<meta name=\"twitter:card\" content=\"summary_large_image\" \/>\n<meta name=\"twitter:label1\" content=\"Becs\u00fclt olvas\u00e1si id\u0151\" \/>\n\t<meta name=\"twitter:data1\" content=\"1 perc\" \/>\n<script type=\"application\/ld+json\" class=\"yoast-schema-graph\">{\"@context\":\"https:\\\/\\\/schema.org\",\"@graph\":[{\"@type\":[\"WebPage\",\"ItemPage\"],\"@id\":\"https:\\\/\\\/cardinella.eu\\\/hu\\\/termek\\\/801896\\\/\",\"url\":\"https:\\\/\\\/cardinella.eu\\\/hu\\\/termek\\\/801896\\\/\",\"name\":\"https:\\\/\\\/cardinella.bg\\\/shop\\\/| Heat and massage therapy\",\"isPartOf\":{\"@id\":\"https:\\\/\\\/cardinella.eu\\\/hu\\\/#website\"},\"primaryImageOfPage\":{\"@id\":\"https:\\\/\\\/cardinella.eu\\\/hu\\\/termek\\\/801896\\\/#primaryimage\"},\"image\":{\"@id\":\"https:\\\/\\\/cardinella.eu\\\/hu\\\/termek\\\/801896\\\/#primaryimage\"},\"thumbnailUrl\":\"https:\\\/\\\/cdn.cardinella.eu\\\/wp-content\\\/uploads\\\/2021\\\/10\\\/801896.jpg\",\"datePublished\":\"2021-01-31T22:00:00+00:00\",\"dateModified\":\"2025-09-11T13:52:22+00:00\",\"description\":\"A h\u0151- \u00e9s massz\u00e1zster\u00e1pia kombin\u00e1ci\u00f3ja seg\u00edt enyh\u00edteni a g\u00f6rcs\u00f6ket, ellaz\u00edtja az izmokat \u00e9s cs\u00f6kkenti a puffad\u00e1st. | F\u0171t\u00e9s Massager \u00f6v | nagyon v\u00e9kony| 5v biztons\u00e1gos\",\"breadcrumb\":{\"@id\":\"https:\\\/\\\/cardinella.eu\\\/hu\\\/termek\\\/801896\\\/#breadcrumb\"},\"inLanguage\":\"hu\",\"potentialAction\":[{\"@type\":\"ReadAction\",\"target\":[\"https:\\\/\\\/cardinella.eu\\\/hu\\\/termek\\\/801896\\\/\"]}]},{\"@type\":\"ImageObject\",\"inLanguage\":\"hu\",\"@id\":\"https:\\\/\\\/cardinella.eu\\\/hu\\\/termek\\\/801896\\\/#primaryimage\",\"url\":\"https:\\\/\\\/cdn.cardinella.eu\\\/wp-content\\\/uploads\\\/2021\\\/10\\\/801896.jpg\",\"contentUrl\":\"https:\\\/\\\/cdn.cardinella.eu\\\/wp-content\\\/uploads\\\/2021\\\/10\\\/801896.jpg\",\"width\":1000,\"height\":1000},{\"@type\":\"BreadcrumbList\",\"@id\":\"https:\\\/\\\/cardinella.eu\\\/hu\\\/termek\\\/801896\\\/#breadcrumb\",\"itemListElement\":[{\"@type\":\"ListItem\",\"position\":1,\"name\":\"Home\",\"item\":\"https:\\\/\\\/cardinella.eu\\\/hu\\\/\"},{\"@type\":\"ListItem\",\"position\":2,\"name\":\"Shop\",\"item\":\"https:\\\/\\\/cardinella.eu\\\/shop\\\/\"},{\"@type\":\"ListItem\",\"position\":3,\"name\":\"Hordozhat\u00f3 f\u0171t\u0151p\u00e1rna a g\u00f6rcs\u00f6k f\u00e1jdalomcsillap\u00edt\u00e1s\u00e1ra, menstru\u00e1ci\u00f3s h\u0151p\u00e1rna massz\u00edroz\u00f3val, elektromos gyors f\u0171t\u0151csomagol\u00e1s \u00f6vvel\"}]},{\"@type\":\"WebSite\",\"@id\":\"https:\\\/\\\/cardinella.eu\\\/hu\\\/#website\",\"url\":\"https:\\\/\\\/cardinella.eu\\\/hu\\\/\",\"name\":\"Electric Blanket\",\"description\":\"Personal Body Warmers\",\"publisher\":{\"@id\":\"https:\\\/\\\/cardinella.eu\\\/hu\\\/#organization\"},\"potentialAction\":[{\"@type\":\"SearchAction\",\"target\":{\"@type\":\"EntryPoint\",\"urlTemplate\":\"https:\\\/\\\/cardinella.eu\\\/hu\\\/?s={search_term_string}\"},\"query-input\":{\"@type\":\"PropertyValueSpecification\",\"valueRequired\":true,\"valueName\":\"search_term_string\"}}],\"inLanguage\":\"hu\"},{\"@type\":\"Organization\",\"@id\":\"https:\\\/\\\/cardinella.eu\\\/hu\\\/#organization\",\"name\":\"Domtex.Bg Ltd\",\"alternateName\":\"Cardinella\",\"url\":\"https:\\\/\\\/cardinella.eu\\\/hu\\\/\",\"logo\":{\"@type\":\"ImageObject\",\"inLanguage\":\"hu\",\"@id\":\"https:\\\/\\\/cardinella.eu\\\/hu\\\/#\\\/schema\\\/logo\\\/image\\\/\",\"url\":\"https:\\\/\\\/cardinella.eu\\\/wp-content\\\/uploads\\\/2022\\\/01\\\/Cardinella_logo_C.png\",\"contentUrl\":\"https:\\\/\\\/cardinella.eu\\\/wp-content\\\/uploads\\\/2022\\\/01\\\/Cardinella_logo_C.png\",\"width\":72,\"height\":72,\"caption\":\"Domtex.Bg Ltd\"},\"image\":{\"@id\":\"https:\\\/\\\/cardinella.eu\\\/hu\\\/#\\\/schema\\\/logo\\\/image\\\/\"}}]}<\/script>\n<!-- \/ Yoast SEO plugin. -->","yoast_head_json":{"title":"https:\/\/cardinella.bg\/shop\/| Heat and massage therapy","description":"A h\u0151- \u00e9s massz\u00e1zster\u00e1pia kombin\u00e1ci\u00f3ja seg\u00edt enyh\u00edteni a g\u00f6rcs\u00f6ket, ellaz\u00edtja az izmokat \u00e9s cs\u00f6kkenti a puffad\u00e1st. | F\u0171t\u00e9s Massager \u00f6v | nagyon v\u00e9kony| 5v biztons\u00e1gos","robots":{"index":"index","follow":"follow","max-snippet":"max-snippet:-1","max-image-preview":"max-image-preview:large","max-video-preview":"max-video-preview:-1"},"canonical":"https:\/\/cardinella.eu\/hu\/termek\/801896\/","og_locale":"hu_HU","og_type":"article","og_title":"https:\/\/cardinella.bg\/shop\/| Heat and massage therapy","og_description":"A h\u0151- \u00e9s massz\u00e1zster\u00e1pia kombin\u00e1ci\u00f3ja seg\u00edt enyh\u00edteni a g\u00f6rcs\u00f6ket, ellaz\u00edtja az izmokat \u00e9s cs\u00f6kkenti a puffad\u00e1st. | F\u0171t\u00e9s Massager \u00f6v | nagyon v\u00e9kony| 5v biztons\u00e1gos","og_url":"https:\/\/cardinella.eu\/hu\/termek\/801896\/","og_site_name":"Electric Blanket","article_modified_time":"2025-09-11T13:52:22+00:00","og_image":[{"width":1000,"height":1000,"url":"https:\/\/cardinella.eu\/wp-content\/uploads\/2021\/10\/801896.jpg","type":"image\/jpeg"}],"twitter_card":"summary_large_image","twitter_misc":{"Becs\u00fclt olvas\u00e1si id\u0151":"1 perc"},"schema":{"@context":"https:\/\/schema.org","@graph":[{"@type":["WebPage","ItemPage"],"@id":"https:\/\/cardinella.eu\/hu\/termek\/801896\/","url":"https:\/\/cardinella.eu\/hu\/termek\/801896\/","name":"https:\/\/cardinella.bg\/shop\/| Heat and massage therapy","isPartOf":{"@id":"https:\/\/cardinella.eu\/hu\/#website"},"primaryImageOfPage":{"@id":"https:\/\/cardinella.eu\/hu\/termek\/801896\/#primaryimage"},"image":{"@id":"https:\/\/cardinella.eu\/hu\/termek\/801896\/#primaryimage"},"thumbnailUrl":"https:\/\/cdn.cardinella.eu\/wp-content\/uploads\/2021\/10\/801896.jpg","datePublished":"2021-01-31T22:00:00+00:00","dateModified":"2025-09-11T13:52:22+00:00","description":"A h\u0151- \u00e9s massz\u00e1zster\u00e1pia kombin\u00e1ci\u00f3ja seg\u00edt enyh\u00edteni a g\u00f6rcs\u00f6ket, ellaz\u00edtja az izmokat \u00e9s cs\u00f6kkenti a puffad\u00e1st. | F\u0171t\u00e9s Massager \u00f6v | nagyon v\u00e9kony| 5v biztons\u00e1gos","breadcrumb":{"@id":"https:\/\/cardinella.eu\/hu\/termek\/801896\/#breadcrumb"},"inLanguage":"hu","potentialAction":[{"@type":"ReadAction","target":["https:\/\/cardinella.eu\/hu\/termek\/801896\/"]}]},{"@type":"ImageObject","inLanguage":"hu","@id":"https:\/\/cardinella.eu\/hu\/termek\/801896\/#primaryimage","url":"https:\/\/cdn.cardinella.eu\/wp-content\/uploads\/2021\/10\/801896.jpg","contentUrl":"https:\/\/cdn.cardinella.eu\/wp-content\/uploads\/2021\/10\/801896.jpg","width":1000,"height":1000},{"@type":"BreadcrumbList","@id":"https:\/\/cardinella.eu\/hu\/termek\/801896\/#breadcrumb","itemListElement":[{"@type":"ListItem","position":1,"name":"Home","item":"https:\/\/cardinella.eu\/hu\/"},{"@type":"ListItem","position":2,"name":"Shop","item":"https:\/\/cardinella.eu\/shop\/"},{"@type":"ListItem","position":3,"name":"Hordozhat\u00f3 f\u0171t\u0151p\u00e1rna a g\u00f6rcs\u00f6k f\u00e1jdalomcsillap\u00edt\u00e1s\u00e1ra, menstru\u00e1ci\u00f3s h\u0151p\u00e1rna massz\u00edroz\u00f3val, elektromos gyors f\u0171t\u0151csomagol\u00e1s \u00f6vvel"}]},{"@type":"WebSite","@id":"https:\/\/cardinella.eu\/hu\/#website","url":"https:\/\/cardinella.eu\/hu\/","name":"Electric Blanket","description":"Personal Body Warmers","publisher":{"@id":"https:\/\/cardinella.eu\/hu\/#organization"},"potentialAction":[{"@type":"SearchAction","target":{"@type":"EntryPoint","urlTemplate":"https:\/\/cardinella.eu\/hu\/?s={search_term_string}"},"query-input":{"@type":"PropertyValueSpecification","valueRequired":true,"valueName":"search_term_string"}}],"inLanguage":"hu"},{"@type":"Organization","@id":"https:\/\/cardinella.eu\/hu\/#organization","name":"Domtex.Bg Ltd","alternateName":"Cardinella","url":"https:\/\/cardinella.eu\/hu\/","logo":{"@type":"ImageObject","inLanguage":"hu","@id":"https:\/\/cardinella.eu\/hu\/#\/schema\/logo\/image\/","url":"https:\/\/cardinella.eu\/wp-content\/uploads\/2022\/01\/Cardinella_logo_C.png","contentUrl":"https:\/\/cardinella.eu\/wp-content\/uploads\/2022\/01\/Cardinella_logo_C.png","width":72,"height":72,"caption":"Domtex.Bg Ltd"},"image":{"@id":"https:\/\/cardinella.eu\/hu\/#\/schema\/logo\/image\/"}}]}},"_links":{"self":[{"href":"https:\/\/cardinella.eu\/hu\/wp-json\/wp\/v2\/product\/246116","targetHints":{"allow":["GET"]}}],"collection":[{"href":"https:\/\/cardinella.eu\/hu\/wp-json\/wp\/v2\/product"}],"about":[{"href":"https:\/\/cardinella.eu\/hu\/wp-json\/wp\/v2\/types\/product"}],"replies":[{"embeddable":true,"href":"https:\/\/cardinella.eu\/hu\/wp-json\/wp\/v2\/comments?post=246116"}],"wp:featuredmedia":[{"embeddable":true,"href":"https:\/\/cardinella.eu\/hu\/wp-json\/wp\/v2\/media\/243161"}],"wp:attachment":[{"href":"https:\/\/cardinella.eu\/hu\/wp-json\/wp\/v2\/media?parent=246116"}],"wp:term":[{"taxonomy":"product_brand","embeddable":true,"href":"https:\/\/cardinella.eu\/hu\/wp-json\/wp\/v2\/product_brand?post=246116"},{"taxonomy":"product_cat","embeddable":true,"href":"https:\/\/cardinella.eu\/hu\/wp-json\/wp\/v2\/product_cat?post=246116"},{"taxonomy":"product_tag","embeddable":true,"href":"https:\/\/cardinella.eu\/hu\/wp-json\/wp\/v2\/product_tag?post=246116"}],"curies":[{"name":"wp","href":"https:\/\/api.w.org\/{rel}","templated":true}]}}