{"id":246117,"date":"2023-09-21T14:33:51","date_gmt":"2023-09-21T12:33:51","guid":{"rendered":"https:\/\/cardinella.eu\/shop\/kulso-akkumulator-az-elektromos-futott-talpbetetekhez-4000-mah\/"},"modified":"2025-09-11T10:57:14","modified_gmt":"2025-09-11T07:57:14","slug":"kulso-akkumulator-az-elektromos-futott-talpbetetekhez-4000-mah","status":"publish","type":"product","link":"https:\/\/cardinella.eu\/hu\/termek\/kulso-akkumulator-az-elektromos-futott-talpbetetekhez-4000-mah\/","title":{"rendered":"K\u00fcls\u0151 akkumul\u00e1tor az elektromos f\u0171t\u00f6tt talpbet\u00e9tekhez, 5000 mAh"},"content":{"rendered":"<p>Hordozhat\u00f3 k\u00fcls\u0151 akkumul\u00e1tor optim\u00e1lis m\u00e9retekkel, kis helyig\u00e9nnyel \u00e9s 4000 mAh kapacit\u00e1ssal.<\/p>\n<p>A hordozhat\u00f3 k\u00fcls\u0151 akkumul\u00e1tor alkalmas<\/p>\n<p>T\u00e1pegys\u00e9g elektromos f\u0171t\u00f6tt talpbet\u00e9tekhez, f\u0171t\u0151\u00f6vh\u00f6z, f\u0171t\u0151 massz\u00e1zs\u00f6vh\u00f6z \u00e9s f\u0171t\u00f6tt keszty\u0171kh\u00f6z.<br \/>Alkalmas tov\u00e1bb\u00e1 mobiltelefonok, iPod, MP3-lej\u00e1tsz\u00f3k, GPS, tablet stb. t\u00f6lt\u00e9s\u00e9re.<\/p>\n<p>A hordozhat\u00f3 k\u00fcls\u0151 akkumul\u00e1tor k\u00e9t USB 5 V, 2,1 A bemenettel rendelkezik.<\/p>\n<p>Mini USB t\u00e1pegys\u00e9g &#8211; DC 5 V\/ 1,5 A<\/p>\n<p>Akkumul\u00e1tor kapacit\u00e1s &#8211; 3,7 V\/5000 mAh<\/p>\n<p>M\u00e9retek 10 x 6,5 x 2,5 cm<\/p>\n<p>A k\u00e9sz\u00fcl\u00e9ket h\u00e1l\u00f3zati adapterrel \u00e9s a sz\u00e1m\u00edt\u00f3g\u00e9p USB-portj\u00e1val lehet t\u00f6lteni. Az akkumul\u00e1tor mobil \u00e1ramforr\u00e1sk\u00e9nt szolg\u00e1l, amikor csak sz\u00fcks\u00e9ge van r\u00e1, b\u00e1rmikor \u00e9s b\u00e1rhol.<\/p>\n","protected":false},"excerpt":{"rendered":"<p>T\u00e1pegys\u00e9g elektromos f\u0171t\u00f6tt talpbet\u00e9tekhez, f\u0171t\u0151\u00f6vh\u00f6z, f\u0171t\u0151 massz\u00e1zs\u00f6vh\u00f6z \u00e9s f\u0171t\u00f6tt keszty\u0171kh\u00f6z.<br \/>\nAlkalmas tov\u00e1bb\u00e1 mobiltelefonok, iPod, MP3-lej\u00e1tsz\u00f3k, GPS, tablet stb. t\u00f6lt\u00e9s\u00e9re.<\/p>\n","protected":false},"featured_media":246410,"comment_status":"open","ping_status":"closed","template":"","meta":{"_et_pb_use_builder":"","_et_pb_old_content":"","_et_gb_content_width":""},"product_brand":[],"product_cat":[347],"product_tag":[],"class_list":{"0":"post-246117","1":"product","2":"type-product","3":"status-publish","4":"has-post-thumbnail","6":"product_cat-power-bank-hu","8":"first","9":"instock","10":"shipping-taxable","11":"purchasable","12":"product-type-simple"},"yoast_head":"<!-- This site is optimized with the Yoast SEO plugin v27.4 - https:\/\/yoast.com\/product\/yoast-seo-wordpress\/ -->\n<title>K\u00fcls\u0151 akkumul\u00e1tor az elektromos f\u0171t\u00f6tt talpbet\u00e9tekhez, 5000 mAh | Electric Blanket<\/title>\n<meta name=\"description\" content=\"Hordozhat\u00f3 k\u00fcls\u0151 akkumul\u00e1tor | t\u00e1pegys\u00e9g elektromos f\u0171t\u00f6tt talpbet\u00e9tekhez | f\u0171t\u0151\u00f6v | f\u0171t\u00f6tt keszty\u0171 | mini USB - DC 5 V\/ 1,5 A\" \/>\n<meta name=\"robots\" content=\"index, follow, max-snippet:-1, max-image-preview:large, max-video-preview:-1\" \/>\n<link rel=\"canonical\" href=\"https:\/\/cardinella.eu\/hu\/termek\/kulso-akkumulator-az-elektromos-futott-talpbetetekhez-4000-mah\/\" \/>\n<meta property=\"og:locale\" content=\"hu_HU\" \/>\n<meta property=\"og:type\" content=\"article\" \/>\n<meta property=\"og:title\" content=\"K\u00fcls\u0151 akkumul\u00e1tor az elektromos f\u0171t\u00f6tt talpbet\u00e9tekhez, 5000 mAh | Electric Blanket\" \/>\n<meta property=\"og:description\" content=\"Hordozhat\u00f3 k\u00fcls\u0151 akkumul\u00e1tor | t\u00e1pegys\u00e9g elektromos f\u0171t\u00f6tt talpbet\u00e9tekhez | f\u0171t\u0151\u00f6v | f\u0171t\u00f6tt keszty\u0171 | mini USB - DC 5 V\/ 1,5 A\" \/>\n<meta property=\"og:url\" content=\"https:\/\/cardinella.eu\/hu\/termek\/kulso-akkumulator-az-elektromos-futott-talpbetetekhez-4000-mah\/\" \/>\n<meta property=\"og:site_name\" content=\"Electric Blanket\" \/>\n<meta property=\"article:modified_time\" content=\"2025-09-11T07:57:14+00:00\" \/>\n<meta property=\"og:image\" content=\"https:\/\/cdn.cardinella.eu\/wp-content\/uploads\/2025\/08\/powerbank-5-02.jpeg\" \/>\n\t<meta property=\"og:image:width\" content=\"1455\" \/>\n\t<meta property=\"og:image:height\" content=\"2085\" \/>\n\t<meta property=\"og:image:type\" content=\"image\/jpeg\" \/>\n<meta name=\"twitter:card\" content=\"summary_large_image\" \/>\n<meta name=\"twitter:label1\" content=\"Becs\u00fclt olvas\u00e1si id\u0151\" \/>\n\t<meta name=\"twitter:data1\" content=\"1 perc\" \/>\n<script type=\"application\/ld+json\" class=\"yoast-schema-graph\">{\"@context\":\"https:\\\/\\\/schema.org\",\"@graph\":[{\"@type\":[\"WebPage\",\"ItemPage\"],\"@id\":\"https:\\\/\\\/cardinella.eu\\\/hu\\\/termek\\\/kulso-akkumulator-az-elektromos-futott-talpbetetekhez-4000-mah\\\/\",\"url\":\"https:\\\/\\\/cardinella.eu\\\/hu\\\/termek\\\/kulso-akkumulator-az-elektromos-futott-talpbetetekhez-4000-mah\\\/\",\"name\":\"K\u00fcls\u0151 akkumul\u00e1tor az elektromos f\u0171t\u00f6tt talpbet\u00e9tekhez, 5000 mAh | Electric Blanket\",\"isPartOf\":{\"@id\":\"https:\\\/\\\/cardinella.eu\\\/hu\\\/#website\"},\"primaryImageOfPage\":{\"@id\":\"https:\\\/\\\/cardinella.eu\\\/hu\\\/termek\\\/kulso-akkumulator-az-elektromos-futott-talpbetetekhez-4000-mah\\\/#primaryimage\"},\"image\":{\"@id\":\"https:\\\/\\\/cardinella.eu\\\/hu\\\/termek\\\/kulso-akkumulator-az-elektromos-futott-talpbetetekhez-4000-mah\\\/#primaryimage\"},\"thumbnailUrl\":\"https:\\\/\\\/cdn.cardinella.eu\\\/wp-content\\\/uploads\\\/2025\\\/08\\\/powerbank-5-02.jpeg\",\"datePublished\":\"2023-09-21T12:33:51+00:00\",\"dateModified\":\"2025-09-11T07:57:14+00:00\",\"description\":\"Hordozhat\u00f3 k\u00fcls\u0151 akkumul\u00e1tor | t\u00e1pegys\u00e9g elektromos f\u0171t\u00f6tt talpbet\u00e9tekhez | f\u0171t\u0151\u00f6v | f\u0171t\u00f6tt keszty\u0171 | mini USB - DC 5 V\\\/ 1,5 A\",\"breadcrumb\":{\"@id\":\"https:\\\/\\\/cardinella.eu\\\/hu\\\/termek\\\/kulso-akkumulator-az-elektromos-futott-talpbetetekhez-4000-mah\\\/#breadcrumb\"},\"inLanguage\":\"hu\",\"potentialAction\":[{\"@type\":\"ReadAction\",\"target\":[\"https:\\\/\\\/cardinella.eu\\\/hu\\\/termek\\\/kulso-akkumulator-az-elektromos-futott-talpbetetekhez-4000-mah\\\/\"]}]},{\"@type\":\"ImageObject\",\"inLanguage\":\"hu\",\"@id\":\"https:\\\/\\\/cardinella.eu\\\/hu\\\/termek\\\/kulso-akkumulator-az-elektromos-futott-talpbetetekhez-4000-mah\\\/#primaryimage\",\"url\":\"https:\\\/\\\/cdn.cardinella.eu\\\/wp-content\\\/uploads\\\/2025\\\/08\\\/powerbank-5-02.jpeg\",\"contentUrl\":\"https:\\\/\\\/cdn.cardinella.eu\\\/wp-content\\\/uploads\\\/2025\\\/08\\\/powerbank-5-02.jpeg\",\"width\":1455,\"height\":2085},{\"@type\":\"BreadcrumbList\",\"@id\":\"https:\\\/\\\/cardinella.eu\\\/hu\\\/termek\\\/kulso-akkumulator-az-elektromos-futott-talpbetetekhez-4000-mah\\\/#breadcrumb\",\"itemListElement\":[{\"@type\":\"ListItem\",\"position\":1,\"name\":\"Home\",\"item\":\"https:\\\/\\\/cardinella.eu\\\/hu\\\/\"},{\"@type\":\"ListItem\",\"position\":2,\"name\":\"Shop\",\"item\":\"https:\\\/\\\/cardinella.eu\\\/shop\\\/\"},{\"@type\":\"ListItem\",\"position\":3,\"name\":\"K\u00fcls\u0151 akkumul\u00e1tor az elektromos f\u0171t\u00f6tt talpbet\u00e9tekhez, 5000 mAh\"}]},{\"@type\":\"WebSite\",\"@id\":\"https:\\\/\\\/cardinella.eu\\\/hu\\\/#website\",\"url\":\"https:\\\/\\\/cardinella.eu\\\/hu\\\/\",\"name\":\"Electric Blanket\",\"description\":\"Personal Body Warmers\",\"publisher\":{\"@id\":\"https:\\\/\\\/cardinella.eu\\\/hu\\\/#organization\"},\"potentialAction\":[{\"@type\":\"SearchAction\",\"target\":{\"@type\":\"EntryPoint\",\"urlTemplate\":\"https:\\\/\\\/cardinella.eu\\\/hu\\\/?s={search_term_string}\"},\"query-input\":{\"@type\":\"PropertyValueSpecification\",\"valueRequired\":true,\"valueName\":\"search_term_string\"}}],\"inLanguage\":\"hu\"},{\"@type\":\"Organization\",\"@id\":\"https:\\\/\\\/cardinella.eu\\\/hu\\\/#organization\",\"name\":\"Domtex.Bg Ltd\",\"alternateName\":\"Cardinella\",\"url\":\"https:\\\/\\\/cardinella.eu\\\/hu\\\/\",\"logo\":{\"@type\":\"ImageObject\",\"inLanguage\":\"hu\",\"@id\":\"https:\\\/\\\/cardinella.eu\\\/hu\\\/#\\\/schema\\\/logo\\\/image\\\/\",\"url\":\"https:\\\/\\\/cardinella.eu\\\/wp-content\\\/uploads\\\/2022\\\/01\\\/Cardinella_logo_C.png\",\"contentUrl\":\"https:\\\/\\\/cardinella.eu\\\/wp-content\\\/uploads\\\/2022\\\/01\\\/Cardinella_logo_C.png\",\"width\":72,\"height\":72,\"caption\":\"Domtex.Bg Ltd\"},\"image\":{\"@id\":\"https:\\\/\\\/cardinella.eu\\\/hu\\\/#\\\/schema\\\/logo\\\/image\\\/\"}}]}<\/script>\n<!-- \/ Yoast SEO plugin. -->","yoast_head_json":{"title":"K\u00fcls\u0151 akkumul\u00e1tor az elektromos f\u0171t\u00f6tt talpbet\u00e9tekhez, 5000 mAh | Electric Blanket","description":"Hordozhat\u00f3 k\u00fcls\u0151 akkumul\u00e1tor | t\u00e1pegys\u00e9g elektromos f\u0171t\u00f6tt talpbet\u00e9tekhez | f\u0171t\u0151\u00f6v | f\u0171t\u00f6tt keszty\u0171 | mini USB - DC 5 V\/ 1,5 A","robots":{"index":"index","follow":"follow","max-snippet":"max-snippet:-1","max-image-preview":"max-image-preview:large","max-video-preview":"max-video-preview:-1"},"canonical":"https:\/\/cardinella.eu\/hu\/termek\/kulso-akkumulator-az-elektromos-futott-talpbetetekhez-4000-mah\/","og_locale":"hu_HU","og_type":"article","og_title":"K\u00fcls\u0151 akkumul\u00e1tor az elektromos f\u0171t\u00f6tt talpbet\u00e9tekhez, 5000 mAh | Electric Blanket","og_description":"Hordozhat\u00f3 k\u00fcls\u0151 akkumul\u00e1tor | t\u00e1pegys\u00e9g elektromos f\u0171t\u00f6tt talpbet\u00e9tekhez | f\u0171t\u0151\u00f6v | f\u0171t\u00f6tt keszty\u0171 | mini USB - DC 5 V\/ 1,5 A","og_url":"https:\/\/cardinella.eu\/hu\/termek\/kulso-akkumulator-az-elektromos-futott-talpbetetekhez-4000-mah\/","og_site_name":"Electric Blanket","article_modified_time":"2025-09-11T07:57:14+00:00","og_image":[{"width":1455,"height":2085,"url":"https:\/\/cdn.cardinella.eu\/wp-content\/uploads\/2025\/08\/powerbank-5-02.jpeg","type":"image\/jpeg"}],"twitter_card":"summary_large_image","twitter_misc":{"Becs\u00fclt olvas\u00e1si id\u0151":"1 perc"},"schema":{"@context":"https:\/\/schema.org","@graph":[{"@type":["WebPage","ItemPage"],"@id":"https:\/\/cardinella.eu\/hu\/termek\/kulso-akkumulator-az-elektromos-futott-talpbetetekhez-4000-mah\/","url":"https:\/\/cardinella.eu\/hu\/termek\/kulso-akkumulator-az-elektromos-futott-talpbetetekhez-4000-mah\/","name":"K\u00fcls\u0151 akkumul\u00e1tor az elektromos f\u0171t\u00f6tt talpbet\u00e9tekhez, 5000 mAh | Electric Blanket","isPartOf":{"@id":"https:\/\/cardinella.eu\/hu\/#website"},"primaryImageOfPage":{"@id":"https:\/\/cardinella.eu\/hu\/termek\/kulso-akkumulator-az-elektromos-futott-talpbetetekhez-4000-mah\/#primaryimage"},"image":{"@id":"https:\/\/cardinella.eu\/hu\/termek\/kulso-akkumulator-az-elektromos-futott-talpbetetekhez-4000-mah\/#primaryimage"},"thumbnailUrl":"https:\/\/cdn.cardinella.eu\/wp-content\/uploads\/2025\/08\/powerbank-5-02.jpeg","datePublished":"2023-09-21T12:33:51+00:00","dateModified":"2025-09-11T07:57:14+00:00","description":"Hordozhat\u00f3 k\u00fcls\u0151 akkumul\u00e1tor | t\u00e1pegys\u00e9g elektromos f\u0171t\u00f6tt talpbet\u00e9tekhez | f\u0171t\u0151\u00f6v | f\u0171t\u00f6tt keszty\u0171 | mini USB - DC 5 V\/ 1,5 A","breadcrumb":{"@id":"https:\/\/cardinella.eu\/hu\/termek\/kulso-akkumulator-az-elektromos-futott-talpbetetekhez-4000-mah\/#breadcrumb"},"inLanguage":"hu","potentialAction":[{"@type":"ReadAction","target":["https:\/\/cardinella.eu\/hu\/termek\/kulso-akkumulator-az-elektromos-futott-talpbetetekhez-4000-mah\/"]}]},{"@type":"ImageObject","inLanguage":"hu","@id":"https:\/\/cardinella.eu\/hu\/termek\/kulso-akkumulator-az-elektromos-futott-talpbetetekhez-4000-mah\/#primaryimage","url":"https:\/\/cdn.cardinella.eu\/wp-content\/uploads\/2025\/08\/powerbank-5-02.jpeg","contentUrl":"https:\/\/cdn.cardinella.eu\/wp-content\/uploads\/2025\/08\/powerbank-5-02.jpeg","width":1455,"height":2085},{"@type":"BreadcrumbList","@id":"https:\/\/cardinella.eu\/hu\/termek\/kulso-akkumulator-az-elektromos-futott-talpbetetekhez-4000-mah\/#breadcrumb","itemListElement":[{"@type":"ListItem","position":1,"name":"Home","item":"https:\/\/cardinella.eu\/hu\/"},{"@type":"ListItem","position":2,"name":"Shop","item":"https:\/\/cardinella.eu\/shop\/"},{"@type":"ListItem","position":3,"name":"K\u00fcls\u0151 akkumul\u00e1tor az elektromos f\u0171t\u00f6tt talpbet\u00e9tekhez, 5000 mAh"}]},{"@type":"WebSite","@id":"https:\/\/cardinella.eu\/hu\/#website","url":"https:\/\/cardinella.eu\/hu\/","name":"Electric Blanket","description":"Personal Body Warmers","publisher":{"@id":"https:\/\/cardinella.eu\/hu\/#organization"},"potentialAction":[{"@type":"SearchAction","target":{"@type":"EntryPoint","urlTemplate":"https:\/\/cardinella.eu\/hu\/?s={search_term_string}"},"query-input":{"@type":"PropertyValueSpecification","valueRequired":true,"valueName":"search_term_string"}}],"inLanguage":"hu"},{"@type":"Organization","@id":"https:\/\/cardinella.eu\/hu\/#organization","name":"Domtex.Bg Ltd","alternateName":"Cardinella","url":"https:\/\/cardinella.eu\/hu\/","logo":{"@type":"ImageObject","inLanguage":"hu","@id":"https:\/\/cardinella.eu\/hu\/#\/schema\/logo\/image\/","url":"https:\/\/cardinella.eu\/wp-content\/uploads\/2022\/01\/Cardinella_logo_C.png","contentUrl":"https:\/\/cardinella.eu\/wp-content\/uploads\/2022\/01\/Cardinella_logo_C.png","width":72,"height":72,"caption":"Domtex.Bg Ltd"},"image":{"@id":"https:\/\/cardinella.eu\/hu\/#\/schema\/logo\/image\/"}}]}},"_links":{"self":[{"href":"https:\/\/cardinella.eu\/hu\/wp-json\/wp\/v2\/product\/246117","targetHints":{"allow":["GET"]}}],"collection":[{"href":"https:\/\/cardinella.eu\/hu\/wp-json\/wp\/v2\/product"}],"about":[{"href":"https:\/\/cardinella.eu\/hu\/wp-json\/wp\/v2\/types\/product"}],"replies":[{"embeddable":true,"href":"https:\/\/cardinella.eu\/hu\/wp-json\/wp\/v2\/comments?post=246117"}],"wp:featuredmedia":[{"embeddable":true,"href":"https:\/\/cardinella.eu\/hu\/wp-json\/wp\/v2\/media\/246410"}],"wp:attachment":[{"href":"https:\/\/cardinella.eu\/hu\/wp-json\/wp\/v2\/media?parent=246117"}],"wp:term":[{"taxonomy":"product_brand","embeddable":true,"href":"https:\/\/cardinella.eu\/hu\/wp-json\/wp\/v2\/product_brand?post=246117"},{"taxonomy":"product_cat","embeddable":true,"href":"https:\/\/cardinella.eu\/hu\/wp-json\/wp\/v2\/product_cat?post=246117"},{"taxonomy":"product_tag","embeddable":true,"href":"https:\/\/cardinella.eu\/hu\/wp-json\/wp\/v2\/product_tag?post=246117"}],"curies":[{"name":"wp","href":"https:\/\/api.w.org\/{rel}","templated":true}]}}