{"id":246541,"date":"2025-08-23T12:39:46","date_gmt":"2025-08-23T10:39:46","guid":{"rendered":"https:\/\/cardinella.eu\/?post_type=product&#038;p=246541"},"modified":"2025-09-11T10:58:46","modified_gmt":"2025-09-11T07:58:46","slug":"803661","status":"publish","type":"product","link":"https:\/\/cardinella.eu\/hu\/termek\/803661\/","title":{"rendered":"9 Z\u00f3n\u00e1s F\u0171t\u00f6tt Mell\u00e9ny Piros L \u2013 USB T\u00f6lt\u00e9s &#038; H\u0151m\u00e9rs\u00e9klet-szab\u00e1lyoz\u00e1s | Cardinella"},"content":{"rendered":"<p><strong>9 Z\u00f3n\u00e1s F\u0171t\u00f6tt Mell\u00e9ny Piros L \u2013 USB T\u00f6lt\u00e9s &amp; H\u0151m\u00e9rs\u00e9klet-szab\u00e1lyoz\u00e1s | Cardinella<\/strong><\/p>\n<p>Az elektromos f\u0171t\u00e9ssel ell\u00e1tott mell\u00e9ny minden olyan ember sz\u00e1m\u00e1ra alkalmas, aki t\u00e9len f\u00e1zik.<\/p>\n<p>A mell\u00e9ny 3 f\u0171t\u00e9si szinttel rendelkezik. Hideg k\u00f6r\u00fclm\u00e9nyek k\u00f6z\u00f6tt biztos\u00edtja a sz\u00fcks\u00e9ges testh\u0151t.<\/p>\n<p>\u00c9rezze a t\u00e9li s\u00e9ta \u00f6r\u00f6m\u00e9t a hidegt\u0151l \u00e9s a fagyt\u00f3l val\u00f3 f\u00e9lelem n\u00e9lk\u00fcl.<br \/>\nK\u00e9nyelmet teremt a szabadban vagy hidegben v\u00e9gzett munka sor\u00e1n.<br \/>\nHa t\u00e9len szeret horg\u00e1szni, a mell\u00e9ny k\u00e9nyelmes h\u0151m\u00e9rs\u00e9kletet biztos\u00edt.<\/p>\n<p>Cardinella 9 Z\u00f3n\u00e1s F\u0171t\u00f6tt Mell\u00e9ny Piros L \u2013 USB T\u00f6lt\u00e9s &amp; H\u0151m\u00e9rs\u00e9klet-szab\u00e1lyoz\u00e1s<\/p>\n<p>Az optim\u00e1lis k\u00e9nyelem \u00e9s melegs\u00e9g \u00e9rdek\u00e9ben az elektromos f\u0171t\u00e9ssel ell\u00e1tott mell\u00e9nyt a k\u00f6vetkez\u0151kkel l\u00e1tjuk el:<\/p>\n<p>9 f\u0171t\u00e9si z\u00f3na;<br \/>\nA nyak, a v\u00e1llak, a has \u00e9s a h\u00e1t kellemes \u00e9s nyugtat\u00f3 melege;<br \/>\n3 h\u0151m\u00e9rs\u00e9kleti szint (45\u00b0 55\u00b0 65\u00b0);<br \/>\nAz anyag v\u00edz- \u00e9s sz\u00e9l\u00e1ll\u00f3;<br \/>\nEmberi biztons\u00e1gos fesz\u00fclts\u00e9g 5V \/ 2A;<br \/>\nBe\u00e9p\u00edtett USB-k\u00e1bel;<br \/>\nBels\u0151 zseb a h\u00e1l\u00f3zati akkumul\u00e1tor sz\u00e1m\u00e1ra;<br \/>\nK\u00e9t k\u00fcls\u0151 zseb;<br \/>\nKellemes melegs\u00e9g a k\u00fcls\u0151 ruh\u00e1zat alatt;<br \/>\nEleg\u00e1ns, k\u00e9nyelmes, k\u00f6nny\u0171 \u00e9s meleg minden napra \u00e9s id\u0151re.<\/p>\n<h5 class=\"font-bold font-sans break-normal text-black mb-6 text-4xl lg:text-5xl leading-extra-tight\"><a href=\"https:\/\/www.health.harvard.edu\/staying-healthy\/how-does-cold-weather-affect-your-health#:~:text=Cold%20weather%20acts%20as%20a,heart%2C%20such%20as%20shoveling%20snow.\">Hogyan hat a hideg id\u0151j\u00e1r\u00e1s az eg\u00e9szs\u00e9gre?<\/a><\/h5>\n<p><a href=\"\/?product_cat=incalzitoare-electrice\" target=\"_blank\" rel=\"noopener\">N\u00e9zze meg a hasonl\u00f3 term\u00e9keket<\/a><\/p>\n","protected":false},"excerpt":{"rendered":"<p>9 Z\u00f3n\u00e1s F\u0171t\u00f6tt Mell\u00e9ny Piros L \u2013 USB T\u00f6lt\u00e9s &amp; H\u0151m\u00e9rs\u00e9klet-szab\u00e1lyoz\u00e1s | Cardinella Az elektromos f\u0171t\u00e9ssel ell\u00e1tott mell\u00e9ny minden olyan ember sz\u00e1m\u00e1ra alkalmas, aki t\u00e9len f\u00e1zik. A mell\u00e9ny 3 f\u0171t\u00e9si szinttel rendelkezik. Hideg k\u00f6r\u00fclm\u00e9nyek k\u00f6z\u00f6tt biztos\u00edtja a sz\u00fcks\u00e9ges testh\u0151t. \u00c9rezze a t\u00e9li s\u00e9ta \u00f6r\u00f6m\u00e9t a hidegt\u0151l \u00e9s a fagyt\u00f3l val\u00f3 f\u00e9lelem n\u00e9lk\u00fcl. K\u00e9nyelmet teremt a [&hellip;]<\/p>\n","protected":false},"featured_media":246733,"comment_status":"open","ping_status":"closed","template":"","meta":{"_et_pb_use_builder":"","_et_pb_old_content":"","_et_gb_content_width":""},"product_brand":[407],"product_cat":[308],"product_tag":[],"class_list":{"0":"post-246541","1":"product","2":"type-product","3":"status-publish","4":"has-post-thumbnail","6":"product_brand-cardinella-hu","7":"product_cat-electric-body-warmers-hu","9":"first","10":"instock","11":"shipping-taxable","12":"purchasable","13":"product-type-simple"},"yoast_head":"<!-- This site is optimized with the Yoast SEO plugin v27.4 - https:\/\/yoast.com\/product\/yoast-seo-wordpress\/ -->\n<title>F\u0171t\u00f6tt Mell\u00e9ny | 9 Z\u00f3n\u00e1s<\/title>\n<meta name=\"description\" content=\"Cardinella 9 Z\u00f3n\u00e1s F\u0171t\u00f6tt Mell\u00e9ny Piros L | A mell\u00e9ny 3 f\u0171t\u00e9si szinttel rendelkezik. | Ha szabadban vagy hidegben dolgozik.\" \/>\n<meta name=\"robots\" content=\"index, follow, max-snippet:-1, max-image-preview:large, max-video-preview:-1\" \/>\n<link rel=\"canonical\" href=\"https:\/\/cardinella.eu\/hu\/termek\/803661\/\" \/>\n<meta property=\"og:locale\" content=\"hu_HU\" \/>\n<meta property=\"og:type\" content=\"article\" \/>\n<meta property=\"og:title\" content=\"F\u0171t\u00f6tt Mell\u00e9ny | 9 Z\u00f3n\u00e1s\" \/>\n<meta property=\"og:description\" content=\"Cardinella 9 Z\u00f3n\u00e1s F\u0171t\u00f6tt Mell\u00e9ny Piros L | A mell\u00e9ny 3 f\u0171t\u00e9si szinttel rendelkezik. | Ha szabadban vagy hidegben dolgozik.\" \/>\n<meta property=\"og:url\" content=\"https:\/\/cardinella.eu\/hu\/termek\/803661\/\" \/>\n<meta property=\"og:site_name\" content=\"Electric Blanket\" \/>\n<meta property=\"article:modified_time\" content=\"2025-09-11T07:58:46+00:00\" \/>\n<meta property=\"og:image\" content=\"https:\/\/cdn.cardinella.eu\/wp-content\/uploads\/2025\/08\/Vest-red.jpg\" \/>\n\t<meta property=\"og:image:width\" content=\"225\" \/>\n\t<meta property=\"og:image:height\" content=\"225\" \/>\n\t<meta property=\"og:image:type\" content=\"image\/jpeg\" \/>\n<meta name=\"twitter:card\" content=\"summary_large_image\" \/>\n<meta name=\"twitter:label1\" content=\"Becs\u00fclt olvas\u00e1si id\u0151\" \/>\n\t<meta name=\"twitter:data1\" content=\"1 perc\" \/>\n<script type=\"application\/ld+json\" class=\"yoast-schema-graph\">{\"@context\":\"https:\\\/\\\/schema.org\",\"@graph\":[{\"@type\":[\"WebPage\",\"ItemPage\"],\"@id\":\"https:\\\/\\\/cardinella.eu\\\/hu\\\/termek\\\/803661\\\/\",\"url\":\"https:\\\/\\\/cardinella.eu\\\/hu\\\/termek\\\/803661\\\/\",\"name\":\"F\u0171t\u00f6tt Mell\u00e9ny | 9 Z\u00f3n\u00e1s\",\"isPartOf\":{\"@id\":\"https:\\\/\\\/cardinella.eu\\\/hu\\\/#website\"},\"primaryImageOfPage\":{\"@id\":\"https:\\\/\\\/cardinella.eu\\\/hu\\\/termek\\\/803661\\\/#primaryimage\"},\"image\":{\"@id\":\"https:\\\/\\\/cardinella.eu\\\/hu\\\/termek\\\/803661\\\/#primaryimage\"},\"thumbnailUrl\":\"https:\\\/\\\/cdn.cardinella.eu\\\/wp-content\\\/uploads\\\/2025\\\/08\\\/vest-red-400x400-1.jpg\",\"datePublished\":\"2025-08-23T10:39:46+00:00\",\"dateModified\":\"2025-09-11T07:58:46+00:00\",\"description\":\"Cardinella 9 Z\u00f3n\u00e1s F\u0171t\u00f6tt Mell\u00e9ny Piros L | A mell\u00e9ny 3 f\u0171t\u00e9si szinttel rendelkezik. | Ha szabadban vagy hidegben dolgozik.\",\"breadcrumb\":{\"@id\":\"https:\\\/\\\/cardinella.eu\\\/hu\\\/termek\\\/803661\\\/#breadcrumb\"},\"inLanguage\":\"hu\",\"potentialAction\":[{\"@type\":\"ReadAction\",\"target\":[\"https:\\\/\\\/cardinella.eu\\\/hu\\\/termek\\\/803661\\\/\"]}]},{\"@type\":\"ImageObject\",\"inLanguage\":\"hu\",\"@id\":\"https:\\\/\\\/cardinella.eu\\\/hu\\\/termek\\\/803661\\\/#primaryimage\",\"url\":\"https:\\\/\\\/cdn.cardinella.eu\\\/wp-content\\\/uploads\\\/2025\\\/08\\\/vest-red-400x400-1.jpg\",\"contentUrl\":\"https:\\\/\\\/cdn.cardinella.eu\\\/wp-content\\\/uploads\\\/2025\\\/08\\\/vest-red-400x400-1.jpg\",\"width\":400,\"height\":400},{\"@type\":\"BreadcrumbList\",\"@id\":\"https:\\\/\\\/cardinella.eu\\\/hu\\\/termek\\\/803661\\\/#breadcrumb\",\"itemListElement\":[{\"@type\":\"ListItem\",\"position\":1,\"name\":\"Home\",\"item\":\"https:\\\/\\\/cardinella.eu\\\/hu\\\/\"},{\"@type\":\"ListItem\",\"position\":2,\"name\":\"Shop\",\"item\":\"https:\\\/\\\/cardinella.eu\\\/shop\\\/\"},{\"@type\":\"ListItem\",\"position\":3,\"name\":\"9 Z\u00f3n\u00e1s F\u0171t\u00f6tt Mell\u00e9ny Piros L \u2013 USB T\u00f6lt\u00e9s &#038; H\u0151m\u00e9rs\u00e9klet-szab\u00e1lyoz\u00e1s | Cardinella\"}]},{\"@type\":\"WebSite\",\"@id\":\"https:\\\/\\\/cardinella.eu\\\/hu\\\/#website\",\"url\":\"https:\\\/\\\/cardinella.eu\\\/hu\\\/\",\"name\":\"Electric Blanket\",\"description\":\"Personal Body Warmers\",\"publisher\":{\"@id\":\"https:\\\/\\\/cardinella.eu\\\/hu\\\/#organization\"},\"potentialAction\":[{\"@type\":\"SearchAction\",\"target\":{\"@type\":\"EntryPoint\",\"urlTemplate\":\"https:\\\/\\\/cardinella.eu\\\/hu\\\/?s={search_term_string}\"},\"query-input\":{\"@type\":\"PropertyValueSpecification\",\"valueRequired\":true,\"valueName\":\"search_term_string\"}}],\"inLanguage\":\"hu\"},{\"@type\":\"Organization\",\"@id\":\"https:\\\/\\\/cardinella.eu\\\/hu\\\/#organization\",\"name\":\"Domtex.Bg Ltd\",\"alternateName\":\"Cardinella\",\"url\":\"https:\\\/\\\/cardinella.eu\\\/hu\\\/\",\"logo\":{\"@type\":\"ImageObject\",\"inLanguage\":\"hu\",\"@id\":\"https:\\\/\\\/cardinella.eu\\\/hu\\\/#\\\/schema\\\/logo\\\/image\\\/\",\"url\":\"https:\\\/\\\/cardinella.eu\\\/wp-content\\\/uploads\\\/2022\\\/01\\\/Cardinella_logo_C.png\",\"contentUrl\":\"https:\\\/\\\/cardinella.eu\\\/wp-content\\\/uploads\\\/2022\\\/01\\\/Cardinella_logo_C.png\",\"width\":72,\"height\":72,\"caption\":\"Domtex.Bg Ltd\"},\"image\":{\"@id\":\"https:\\\/\\\/cardinella.eu\\\/hu\\\/#\\\/schema\\\/logo\\\/image\\\/\"}}]}<\/script>\n<!-- \/ Yoast SEO plugin. -->","yoast_head_json":{"title":"F\u0171t\u00f6tt Mell\u00e9ny | 9 Z\u00f3n\u00e1s","description":"Cardinella 9 Z\u00f3n\u00e1s F\u0171t\u00f6tt Mell\u00e9ny Piros L | A mell\u00e9ny 3 f\u0171t\u00e9si szinttel rendelkezik. | Ha szabadban vagy hidegben dolgozik.","robots":{"index":"index","follow":"follow","max-snippet":"max-snippet:-1","max-image-preview":"max-image-preview:large","max-video-preview":"max-video-preview:-1"},"canonical":"https:\/\/cardinella.eu\/hu\/termek\/803661\/","og_locale":"hu_HU","og_type":"article","og_title":"F\u0171t\u00f6tt Mell\u00e9ny | 9 Z\u00f3n\u00e1s","og_description":"Cardinella 9 Z\u00f3n\u00e1s F\u0171t\u00f6tt Mell\u00e9ny Piros L | A mell\u00e9ny 3 f\u0171t\u00e9si szinttel rendelkezik. | Ha szabadban vagy hidegben dolgozik.","og_url":"https:\/\/cardinella.eu\/hu\/termek\/803661\/","og_site_name":"Electric Blanket","article_modified_time":"2025-09-11T07:58:46+00:00","og_image":[{"width":225,"height":225,"url":"https:\/\/cdn.cardinella.eu\/wp-content\/uploads\/2025\/08\/Vest-red.jpg","type":"image\/jpeg"}],"twitter_card":"summary_large_image","twitter_misc":{"Becs\u00fclt olvas\u00e1si id\u0151":"1 perc"},"schema":{"@context":"https:\/\/schema.org","@graph":[{"@type":["WebPage","ItemPage"],"@id":"https:\/\/cardinella.eu\/hu\/termek\/803661\/","url":"https:\/\/cardinella.eu\/hu\/termek\/803661\/","name":"F\u0171t\u00f6tt Mell\u00e9ny | 9 Z\u00f3n\u00e1s","isPartOf":{"@id":"https:\/\/cardinella.eu\/hu\/#website"},"primaryImageOfPage":{"@id":"https:\/\/cardinella.eu\/hu\/termek\/803661\/#primaryimage"},"image":{"@id":"https:\/\/cardinella.eu\/hu\/termek\/803661\/#primaryimage"},"thumbnailUrl":"https:\/\/cdn.cardinella.eu\/wp-content\/uploads\/2025\/08\/vest-red-400x400-1.jpg","datePublished":"2025-08-23T10:39:46+00:00","dateModified":"2025-09-11T07:58:46+00:00","description":"Cardinella 9 Z\u00f3n\u00e1s F\u0171t\u00f6tt Mell\u00e9ny Piros L | A mell\u00e9ny 3 f\u0171t\u00e9si szinttel rendelkezik. | Ha szabadban vagy hidegben dolgozik.","breadcrumb":{"@id":"https:\/\/cardinella.eu\/hu\/termek\/803661\/#breadcrumb"},"inLanguage":"hu","potentialAction":[{"@type":"ReadAction","target":["https:\/\/cardinella.eu\/hu\/termek\/803661\/"]}]},{"@type":"ImageObject","inLanguage":"hu","@id":"https:\/\/cardinella.eu\/hu\/termek\/803661\/#primaryimage","url":"https:\/\/cdn.cardinella.eu\/wp-content\/uploads\/2025\/08\/vest-red-400x400-1.jpg","contentUrl":"https:\/\/cdn.cardinella.eu\/wp-content\/uploads\/2025\/08\/vest-red-400x400-1.jpg","width":400,"height":400},{"@type":"BreadcrumbList","@id":"https:\/\/cardinella.eu\/hu\/termek\/803661\/#breadcrumb","itemListElement":[{"@type":"ListItem","position":1,"name":"Home","item":"https:\/\/cardinella.eu\/hu\/"},{"@type":"ListItem","position":2,"name":"Shop","item":"https:\/\/cardinella.eu\/shop\/"},{"@type":"ListItem","position":3,"name":"9 Z\u00f3n\u00e1s F\u0171t\u00f6tt Mell\u00e9ny Piros L \u2013 USB T\u00f6lt\u00e9s &#038; H\u0151m\u00e9rs\u00e9klet-szab\u00e1lyoz\u00e1s | Cardinella"}]},{"@type":"WebSite","@id":"https:\/\/cardinella.eu\/hu\/#website","url":"https:\/\/cardinella.eu\/hu\/","name":"Electric Blanket","description":"Personal Body Warmers","publisher":{"@id":"https:\/\/cardinella.eu\/hu\/#organization"},"potentialAction":[{"@type":"SearchAction","target":{"@type":"EntryPoint","urlTemplate":"https:\/\/cardinella.eu\/hu\/?s={search_term_string}"},"query-input":{"@type":"PropertyValueSpecification","valueRequired":true,"valueName":"search_term_string"}}],"inLanguage":"hu"},{"@type":"Organization","@id":"https:\/\/cardinella.eu\/hu\/#organization","name":"Domtex.Bg Ltd","alternateName":"Cardinella","url":"https:\/\/cardinella.eu\/hu\/","logo":{"@type":"ImageObject","inLanguage":"hu","@id":"https:\/\/cardinella.eu\/hu\/#\/schema\/logo\/image\/","url":"https:\/\/cardinella.eu\/wp-content\/uploads\/2022\/01\/Cardinella_logo_C.png","contentUrl":"https:\/\/cardinella.eu\/wp-content\/uploads\/2022\/01\/Cardinella_logo_C.png","width":72,"height":72,"caption":"Domtex.Bg Ltd"},"image":{"@id":"https:\/\/cardinella.eu\/hu\/#\/schema\/logo\/image\/"}}]}},"_links":{"self":[{"href":"https:\/\/cardinella.eu\/hu\/wp-json\/wp\/v2\/product\/246541","targetHints":{"allow":["GET"]}}],"collection":[{"href":"https:\/\/cardinella.eu\/hu\/wp-json\/wp\/v2\/product"}],"about":[{"href":"https:\/\/cardinella.eu\/hu\/wp-json\/wp\/v2\/types\/product"}],"replies":[{"embeddable":true,"href":"https:\/\/cardinella.eu\/hu\/wp-json\/wp\/v2\/comments?post=246541"}],"wp:featuredmedia":[{"embeddable":true,"href":"https:\/\/cardinella.eu\/hu\/wp-json\/wp\/v2\/media\/246733"}],"wp:attachment":[{"href":"https:\/\/cardinella.eu\/hu\/wp-json\/wp\/v2\/media?parent=246541"}],"wp:term":[{"taxonomy":"product_brand","embeddable":true,"href":"https:\/\/cardinella.eu\/hu\/wp-json\/wp\/v2\/product_brand?post=246541"},{"taxonomy":"product_cat","embeddable":true,"href":"https:\/\/cardinella.eu\/hu\/wp-json\/wp\/v2\/product_cat?post=246541"},{"taxonomy":"product_tag","embeddable":true,"href":"https:\/\/cardinella.eu\/hu\/wp-json\/wp\/v2\/product_tag?post=246541"}],"curies":[{"name":"wp","href":"https:\/\/api.w.org\/{rel}","templated":true}]}}