{"id":246623,"date":"2022-02-06T20:19:28","date_gmt":"2022-02-06T18:19:28","guid":{"rendered":"https:\/\/cardinella.eu\/product\/futott-ujratoltheto-kesztyu-erintokepernyohoz-unisex-teli-sport-cardinella\/"},"modified":"2025-09-11T11:01:48","modified_gmt":"2025-09-11T08:01:48","slug":"futott-ujratoltheto-kesztyu-erintokepernyohoz-unisex-teli-sport-cardinella","status":"publish","type":"product","link":"https:\/\/cardinella.eu\/hu\/termek\/futott-ujratoltheto-kesztyu-erintokepernyohoz-unisex-teli-sport-cardinella\/","title":{"rendered":"F\u0171t\u00f6tt, \u00fajrat\u00f6lthet\u0151 keszty\u0171 \u00e9rint\u0151k\u00e9perny\u0151h\u00f6z \u2013 Unisex t\u00e9li sport | Cardinella"},"content":{"rendered":"<p>A f\u0171t\u00f6tt keszty\u0171k mindazok sz\u00e1m\u00e1ra alkalmasak, akik alacsony h\u0151m\u00e9rs\u00e9kleten v\u00e9geznek szabadt\u00e9ri tev\u00e9kenys\u00e9geket. A keszty\u0171 biztos\u00edtja a megfelel\u0151 h\u0151m\u00e9rs\u00e9kletet, hogy k\u00e9nyelmesen \u00e9rezze mag\u00e1t ker\u00e9kp\u00e1roz\u00e1s, s\u00edel\u00e9s, vad\u00e1szat, t\u00far\u00e1z\u00e1s vagy sok m\u00e1s tev\u00e9kenys\u00e9g k\u00f6zben, amikor odakint hideg van.<\/p>\n<p>A f\u0171t\u00f6tt keszty\u0171 3 f\u0171t\u00e9si szinttel rendelkezik, hogy maxim\u00e1lis k\u00e9nyelmet biztos\u00edtson \u00e9s melegen tartsa a kezet.<\/p>\n<p>A nemzetk\u00f6zi szabv\u00e1nyos m\u00e9ret \u00e9s vastags\u00e1g megfelel a legt\u00f6bb ember ig\u00e9nyeinek. V\u00edz\u00e1ll\u00f3, l\u00e9legz\u0151 anyagb\u00f3l k\u00e9sz\u00fclt, er\u0151s \u00e9s biztons\u00e1gos. A keszty\u0171 tenyere cs\u00fasz\u00e1sg\u00e1tl\u00f3.<\/p>\n<p>Jellemz\u0151k:<\/p>\n<ul>\n<li>\u00c1tmeleg\u00edti az eg\u00e9sz kezet \u00e9s az ujjakat;<\/li>\n<li>V\u00edz\u00e1ll\u00f3 anyagb\u00f3l k\u00e9sz\u00fclt;<\/li>\n<li>f\u00e9nyvisszaver\u0151 szalag;<\/li>\n<li>Megh\u00faz\u00e1s k\u00e9zi hevederrel;<\/li>\n<li>H\u00e1romszint\u0171 intelligens termoszt\u00e1t;<\/li>\n<li>PU anyag kop\u00e1s\u00e1ll\u00f3 \u00e9s cs\u00fasz\u00e1sg\u00e1tl\u00f3;<\/li>\n<li>A csukl\u00f3ra varrt zsin\u00f3r;<\/li>\n<li>V\u00edz\u00e1ll\u00f3 zseb cipz\u00e1rral;<\/li>\n<li>H\u00faz\u00f3zsin\u00f3rral ell\u00e1tott csukl\u00f3zseb.<\/li>\n<\/ul>\n<h5><a href=\"https:\/\/www.niams.nih.gov\/health-topics\/raynauds-phenomenon\" target=\"_blank\" rel=\"noopener\">A Raynaud-jelens\u00e9g okai<\/a><\/h5>\n<p><a href=\"https:\/\/cardinella.eu\/shop\" target=\"_blank\" rel=\"noopener\">N\u00e9zze meg a hasonl\u00f3 term\u00e9keket<\/a><\/p>\n","protected":false},"excerpt":{"rendered":"<p>A f\u0171t\u00f6tt keszty\u0171k mindazok sz\u00e1m\u00e1ra alkalmasak, akik alacsony h\u0151m\u00e9rs\u00e9kleten v\u00e9geznek szabadt\u00e9ri tev\u00e9kenys\u00e9geket. A keszty\u0171 biztos\u00edtja a megfelel\u0151 h\u0151m\u00e9rs\u00e9kletet, hogy k\u00e9nyelmesen \u00e9rezze mag\u00e1t ker\u00e9kp\u00e1roz\u00e1s, s\u00edel\u00e9s, vad\u00e1szat, t\u00far\u00e1z\u00e1s vagy sok m\u00e1s tev\u00e9kenys\u00e9g k\u00f6zben, amikor odakint hideg van. A f\u0171t\u00f6tt keszty\u0171 3 f\u0171t\u00e9si szinttel rendelkezik, hogy maxim\u00e1lis k\u00e9nyelmet biztos\u00edtson \u00e9s melegen tartsa a kezet. A nemzetk\u00f6zi szabv\u00e1nyos m\u00e9ret [&hellip;]<\/p>\n","protected":false},"featured_media":243257,"comment_status":"open","ping_status":"closed","template":"","meta":{"_et_pb_use_builder":"","_et_pb_old_content":"","_et_gb_content_width":""},"product_brand":[407],"product_cat":[308],"product_tag":[],"class_list":{"0":"post-246623","1":"product","2":"type-product","3":"status-publish","4":"has-post-thumbnail","6":"product_brand-cardinella-hu","7":"product_cat-electric-body-warmers-hu","9":"first","10":"instock","11":"shipping-taxable","12":"purchasable","13":"product-type-simple"},"yoast_head":"<!-- This site is optimized with the Yoast SEO plugin v27.6 - https:\/\/yoast.com\/product\/yoast-seo-wordpress\/ -->\n<title>F\u0171t\u00f6tt keszty\u0171 | 3 szint\u0171 f\u0171t\u00e9s<\/title>\n<meta name=\"description\" content=\"A f\u0171t\u00f6tt keszty\u0171k mindazok sz\u00e1m\u00e1ra alkalmasak, akik alacsony h\u0151m\u00e9rs\u00e9kleten v\u00e9geznek szabadt\u00e9ri tev\u00e9kenys\u00e9geket. |% Az eg\u00e9sz kezet \u00e9s az ujjakat felmeleg\u00edti.\" \/>\n<meta name=\"robots\" content=\"index, follow, max-snippet:-1, max-image-preview:large, max-video-preview:-1\" \/>\n<link rel=\"canonical\" href=\"https:\/\/cardinella.eu\/hu\/termek\/futott-ujratoltheto-kesztyu-erintokepernyohoz-unisex-teli-sport-cardinella\/\" \/>\n<meta property=\"og:locale\" content=\"hu_HU\" \/>\n<meta property=\"og:type\" content=\"article\" \/>\n<meta property=\"og:title\" content=\"F\u0171t\u00f6tt keszty\u0171 | 3 szint\u0171 f\u0171t\u00e9s\" \/>\n<meta property=\"og:description\" content=\"A f\u0171t\u00f6tt keszty\u0171k mindazok sz\u00e1m\u00e1ra alkalmasak, akik alacsony h\u0151m\u00e9rs\u00e9kleten v\u00e9geznek szabadt\u00e9ri tev\u00e9kenys\u00e9geket. |% Az eg\u00e9sz kezet \u00e9s az ujjakat felmeleg\u00edti.\" \/>\n<meta property=\"og:url\" content=\"https:\/\/cardinella.eu\/hu\/termek\/futott-ujratoltheto-kesztyu-erintokepernyohoz-unisex-teli-sport-cardinella\/\" \/>\n<meta property=\"og:site_name\" content=\"Electric Blanket\" \/>\n<meta property=\"article:modified_time\" content=\"2025-09-11T08:01:48+00:00\" \/>\n<meta property=\"og:image\" content=\"https:\/\/cdn.cardinella.eu\/wp-content\/uploads\/2022\/02\/Gloves-1.jpg\" \/>\n\t<meta property=\"og:image:width\" content=\"800\" \/>\n\t<meta property=\"og:image:height\" content=\"800\" \/>\n\t<meta property=\"og:image:type\" content=\"image\/jpeg\" \/>\n<meta name=\"twitter:card\" content=\"summary_large_image\" \/>\n<meta name=\"twitter:label1\" content=\"Becs\u00fclt olvas\u00e1si id\u0151\" \/>\n\t<meta name=\"twitter:data1\" content=\"1 perc\" \/>\n<script type=\"application\/ld+json\" class=\"yoast-schema-graph\">{\"@context\":\"https:\\\/\\\/schema.org\",\"@graph\":[{\"@type\":[\"WebPage\",\"ItemPage\"],\"@id\":\"https:\\\/\\\/cardinella.eu\\\/hu\\\/termek\\\/futott-ujratoltheto-kesztyu-erintokepernyohoz-unisex-teli-sport-cardinella\\\/\",\"url\":\"https:\\\/\\\/cardinella.eu\\\/hu\\\/termek\\\/futott-ujratoltheto-kesztyu-erintokepernyohoz-unisex-teli-sport-cardinella\\\/\",\"name\":\"F\u0171t\u00f6tt keszty\u0171 | 3 szint\u0171 f\u0171t\u00e9s\",\"isPartOf\":{\"@id\":\"https:\\\/\\\/cardinella.eu\\\/hu\\\/#website\"},\"primaryImageOfPage\":{\"@id\":\"https:\\\/\\\/cardinella.eu\\\/hu\\\/termek\\\/futott-ujratoltheto-kesztyu-erintokepernyohoz-unisex-teli-sport-cardinella\\\/#primaryimage\"},\"image\":{\"@id\":\"https:\\\/\\\/cardinella.eu\\\/hu\\\/termek\\\/futott-ujratoltheto-kesztyu-erintokepernyohoz-unisex-teli-sport-cardinella\\\/#primaryimage\"},\"thumbnailUrl\":\"https:\\\/\\\/cdn.cardinella.eu\\\/wp-content\\\/uploads\\\/2022\\\/02\\\/Gloves-1.jpg\",\"datePublished\":\"2022-02-06T18:19:28+00:00\",\"dateModified\":\"2025-09-11T08:01:48+00:00\",\"description\":\"A f\u0171t\u00f6tt keszty\u0171k mindazok sz\u00e1m\u00e1ra alkalmasak, akik alacsony h\u0151m\u00e9rs\u00e9kleten v\u00e9geznek szabadt\u00e9ri tev\u00e9kenys\u00e9geket. |% Az eg\u00e9sz kezet \u00e9s az ujjakat felmeleg\u00edti.\",\"breadcrumb\":{\"@id\":\"https:\\\/\\\/cardinella.eu\\\/hu\\\/termek\\\/futott-ujratoltheto-kesztyu-erintokepernyohoz-unisex-teli-sport-cardinella\\\/#breadcrumb\"},\"inLanguage\":\"hu\",\"potentialAction\":[{\"@type\":\"ReadAction\",\"target\":[\"https:\\\/\\\/cardinella.eu\\\/hu\\\/termek\\\/futott-ujratoltheto-kesztyu-erintokepernyohoz-unisex-teli-sport-cardinella\\\/\"]}]},{\"@type\":\"ImageObject\",\"inLanguage\":\"hu\",\"@id\":\"https:\\\/\\\/cardinella.eu\\\/hu\\\/termek\\\/futott-ujratoltheto-kesztyu-erintokepernyohoz-unisex-teli-sport-cardinella\\\/#primaryimage\",\"url\":\"https:\\\/\\\/cdn.cardinella.eu\\\/wp-content\\\/uploads\\\/2022\\\/02\\\/Gloves-1.jpg\",\"contentUrl\":\"https:\\\/\\\/cdn.cardinella.eu\\\/wp-content\\\/uploads\\\/2022\\\/02\\\/Gloves-1.jpg\",\"width\":800,\"height\":800},{\"@type\":\"BreadcrumbList\",\"@id\":\"https:\\\/\\\/cardinella.eu\\\/hu\\\/termek\\\/futott-ujratoltheto-kesztyu-erintokepernyohoz-unisex-teli-sport-cardinella\\\/#breadcrumb\",\"itemListElement\":[{\"@type\":\"ListItem\",\"position\":1,\"name\":\"Home\",\"item\":\"https:\\\/\\\/cardinella.eu\\\/hu\\\/\"},{\"@type\":\"ListItem\",\"position\":2,\"name\":\"Shop\",\"item\":\"https:\\\/\\\/cardinella.eu\\\/shop\\\/\"},{\"@type\":\"ListItem\",\"position\":3,\"name\":\"F\u0171t\u00f6tt, \u00fajrat\u00f6lthet\u0151 keszty\u0171 \u00e9rint\u0151k\u00e9perny\u0151h\u00f6z \u2013 Unisex t\u00e9li sport | Cardinella\"}]},{\"@type\":\"WebSite\",\"@id\":\"https:\\\/\\\/cardinella.eu\\\/hu\\\/#website\",\"url\":\"https:\\\/\\\/cardinella.eu\\\/hu\\\/\",\"name\":\"Electric Blanket\",\"description\":\"Personal Body Warmers\",\"publisher\":{\"@id\":\"https:\\\/\\\/cardinella.eu\\\/hu\\\/#organization\"},\"potentialAction\":[{\"@type\":\"SearchAction\",\"target\":{\"@type\":\"EntryPoint\",\"urlTemplate\":\"https:\\\/\\\/cardinella.eu\\\/hu\\\/?s={search_term_string}\"},\"query-input\":{\"@type\":\"PropertyValueSpecification\",\"valueRequired\":true,\"valueName\":\"search_term_string\"}}],\"inLanguage\":\"hu\"},{\"@type\":\"Organization\",\"@id\":\"https:\\\/\\\/cardinella.eu\\\/hu\\\/#organization\",\"name\":\"Domtex.Bg Ltd\",\"alternateName\":\"Cardinella\",\"url\":\"https:\\\/\\\/cardinella.eu\\\/hu\\\/\",\"logo\":{\"@type\":\"ImageObject\",\"inLanguage\":\"hu\",\"@id\":\"https:\\\/\\\/cardinella.eu\\\/hu\\\/#\\\/schema\\\/logo\\\/image\\\/\",\"url\":\"https:\\\/\\\/cardinella.eu\\\/wp-content\\\/uploads\\\/2022\\\/01\\\/Cardinella_logo_C.png\",\"contentUrl\":\"https:\\\/\\\/cardinella.eu\\\/wp-content\\\/uploads\\\/2022\\\/01\\\/Cardinella_logo_C.png\",\"width\":72,\"height\":72,\"caption\":\"Domtex.Bg Ltd\"},\"image\":{\"@id\":\"https:\\\/\\\/cardinella.eu\\\/hu\\\/#\\\/schema\\\/logo\\\/image\\\/\"}}]}<\/script>\n<!-- \/ Yoast SEO plugin. -->","yoast_head_json":{"title":"F\u0171t\u00f6tt keszty\u0171 | 3 szint\u0171 f\u0171t\u00e9s","description":"A f\u0171t\u00f6tt keszty\u0171k mindazok sz\u00e1m\u00e1ra alkalmasak, akik alacsony h\u0151m\u00e9rs\u00e9kleten v\u00e9geznek szabadt\u00e9ri tev\u00e9kenys\u00e9geket. |% Az eg\u00e9sz kezet \u00e9s az ujjakat felmeleg\u00edti.","robots":{"index":"index","follow":"follow","max-snippet":"max-snippet:-1","max-image-preview":"max-image-preview:large","max-video-preview":"max-video-preview:-1"},"canonical":"https:\/\/cardinella.eu\/hu\/termek\/futott-ujratoltheto-kesztyu-erintokepernyohoz-unisex-teli-sport-cardinella\/","og_locale":"hu_HU","og_type":"article","og_title":"F\u0171t\u00f6tt keszty\u0171 | 3 szint\u0171 f\u0171t\u00e9s","og_description":"A f\u0171t\u00f6tt keszty\u0171k mindazok sz\u00e1m\u00e1ra alkalmasak, akik alacsony h\u0151m\u00e9rs\u00e9kleten v\u00e9geznek szabadt\u00e9ri tev\u00e9kenys\u00e9geket. |% Az eg\u00e9sz kezet \u00e9s az ujjakat felmeleg\u00edti.","og_url":"https:\/\/cardinella.eu\/hu\/termek\/futott-ujratoltheto-kesztyu-erintokepernyohoz-unisex-teli-sport-cardinella\/","og_site_name":"Electric Blanket","article_modified_time":"2025-09-11T08:01:48+00:00","og_image":[{"width":800,"height":800,"url":"https:\/\/cdn.cardinella.eu\/wp-content\/uploads\/2022\/02\/Gloves-1.jpg","type":"image\/jpeg"}],"twitter_card":"summary_large_image","twitter_misc":{"Becs\u00fclt olvas\u00e1si id\u0151":"1 perc"},"schema":{"@context":"https:\/\/schema.org","@graph":[{"@type":["WebPage","ItemPage"],"@id":"https:\/\/cardinella.eu\/hu\/termek\/futott-ujratoltheto-kesztyu-erintokepernyohoz-unisex-teli-sport-cardinella\/","url":"https:\/\/cardinella.eu\/hu\/termek\/futott-ujratoltheto-kesztyu-erintokepernyohoz-unisex-teli-sport-cardinella\/","name":"F\u0171t\u00f6tt keszty\u0171 | 3 szint\u0171 f\u0171t\u00e9s","isPartOf":{"@id":"https:\/\/cardinella.eu\/hu\/#website"},"primaryImageOfPage":{"@id":"https:\/\/cardinella.eu\/hu\/termek\/futott-ujratoltheto-kesztyu-erintokepernyohoz-unisex-teli-sport-cardinella\/#primaryimage"},"image":{"@id":"https:\/\/cardinella.eu\/hu\/termek\/futott-ujratoltheto-kesztyu-erintokepernyohoz-unisex-teli-sport-cardinella\/#primaryimage"},"thumbnailUrl":"https:\/\/cdn.cardinella.eu\/wp-content\/uploads\/2022\/02\/Gloves-1.jpg","datePublished":"2022-02-06T18:19:28+00:00","dateModified":"2025-09-11T08:01:48+00:00","description":"A f\u0171t\u00f6tt keszty\u0171k mindazok sz\u00e1m\u00e1ra alkalmasak, akik alacsony h\u0151m\u00e9rs\u00e9kleten v\u00e9geznek szabadt\u00e9ri tev\u00e9kenys\u00e9geket. |% Az eg\u00e9sz kezet \u00e9s az ujjakat felmeleg\u00edti.","breadcrumb":{"@id":"https:\/\/cardinella.eu\/hu\/termek\/futott-ujratoltheto-kesztyu-erintokepernyohoz-unisex-teli-sport-cardinella\/#breadcrumb"},"inLanguage":"hu","potentialAction":[{"@type":"ReadAction","target":["https:\/\/cardinella.eu\/hu\/termek\/futott-ujratoltheto-kesztyu-erintokepernyohoz-unisex-teli-sport-cardinella\/"]}]},{"@type":"ImageObject","inLanguage":"hu","@id":"https:\/\/cardinella.eu\/hu\/termek\/futott-ujratoltheto-kesztyu-erintokepernyohoz-unisex-teli-sport-cardinella\/#primaryimage","url":"https:\/\/cdn.cardinella.eu\/wp-content\/uploads\/2022\/02\/Gloves-1.jpg","contentUrl":"https:\/\/cdn.cardinella.eu\/wp-content\/uploads\/2022\/02\/Gloves-1.jpg","width":800,"height":800},{"@type":"BreadcrumbList","@id":"https:\/\/cardinella.eu\/hu\/termek\/futott-ujratoltheto-kesztyu-erintokepernyohoz-unisex-teli-sport-cardinella\/#breadcrumb","itemListElement":[{"@type":"ListItem","position":1,"name":"Home","item":"https:\/\/cardinella.eu\/hu\/"},{"@type":"ListItem","position":2,"name":"Shop","item":"https:\/\/cardinella.eu\/shop\/"},{"@type":"ListItem","position":3,"name":"F\u0171t\u00f6tt, \u00fajrat\u00f6lthet\u0151 keszty\u0171 \u00e9rint\u0151k\u00e9perny\u0151h\u00f6z \u2013 Unisex t\u00e9li sport | Cardinella"}]},{"@type":"WebSite","@id":"https:\/\/cardinella.eu\/hu\/#website","url":"https:\/\/cardinella.eu\/hu\/","name":"Electric Blanket","description":"Personal Body Warmers","publisher":{"@id":"https:\/\/cardinella.eu\/hu\/#organization"},"potentialAction":[{"@type":"SearchAction","target":{"@type":"EntryPoint","urlTemplate":"https:\/\/cardinella.eu\/hu\/?s={search_term_string}"},"query-input":{"@type":"PropertyValueSpecification","valueRequired":true,"valueName":"search_term_string"}}],"inLanguage":"hu"},{"@type":"Organization","@id":"https:\/\/cardinella.eu\/hu\/#organization","name":"Domtex.Bg Ltd","alternateName":"Cardinella","url":"https:\/\/cardinella.eu\/hu\/","logo":{"@type":"ImageObject","inLanguage":"hu","@id":"https:\/\/cardinella.eu\/hu\/#\/schema\/logo\/image\/","url":"https:\/\/cardinella.eu\/wp-content\/uploads\/2022\/01\/Cardinella_logo_C.png","contentUrl":"https:\/\/cardinella.eu\/wp-content\/uploads\/2022\/01\/Cardinella_logo_C.png","width":72,"height":72,"caption":"Domtex.Bg Ltd"},"image":{"@id":"https:\/\/cardinella.eu\/hu\/#\/schema\/logo\/image\/"}}]}},"_links":{"self":[{"href":"https:\/\/cardinella.eu\/hu\/wp-json\/wp\/v2\/product\/246623","targetHints":{"allow":["GET"]}}],"collection":[{"href":"https:\/\/cardinella.eu\/hu\/wp-json\/wp\/v2\/product"}],"about":[{"href":"https:\/\/cardinella.eu\/hu\/wp-json\/wp\/v2\/types\/product"}],"replies":[{"embeddable":true,"href":"https:\/\/cardinella.eu\/hu\/wp-json\/wp\/v2\/comments?post=246623"}],"wp:featuredmedia":[{"embeddable":true,"href":"https:\/\/cardinella.eu\/hu\/wp-json\/wp\/v2\/media\/243257"}],"wp:attachment":[{"href":"https:\/\/cardinella.eu\/hu\/wp-json\/wp\/v2\/media?parent=246623"}],"wp:term":[{"taxonomy":"product_brand","embeddable":true,"href":"https:\/\/cardinella.eu\/hu\/wp-json\/wp\/v2\/product_brand?post=246623"},{"taxonomy":"product_cat","embeddable":true,"href":"https:\/\/cardinella.eu\/hu\/wp-json\/wp\/v2\/product_cat?post=246623"},{"taxonomy":"product_tag","embeddable":true,"href":"https:\/\/cardinella.eu\/hu\/wp-json\/wp\/v2\/product_tag?post=246623"}],"curies":[{"name":"wp","href":"https:\/\/api.w.org\/{rel}","templated":true}]}}