{"id":248312,"date":"2025-09-12T08:59:06","date_gmt":"2025-09-12T05:59:06","guid":{"rendered":"https:\/\/cardinella.eu\/?post_type=product&#038;p=248312"},"modified":"2025-09-12T09:06:51","modified_gmt":"2025-09-12T06:06:51","slug":"12v-os-futott-futartaska-hoszigetelt-etelmelegito-taska-ettermeknek-es-hazhoz-szallitashoz-extra-kopya","status":"publish","type":"product","link":"https:\/\/cardinella.eu\/hu\/termek\/12v-os-futott-futartaska-hoszigetelt-etelmelegito-taska-ettermeknek-es-hazhoz-szallitashoz-extra-kopya\/","title":{"rendered":"12V-os f\u0171t\u00f6tt fut\u00e1rt\u00e1ska \u2013 H\u0151szigetelt \u00e9telmeleg\u00edt\u0151 t\u00e1ska \u00e9ttermeknek \u00e9s h\u00e1zhoz sz\u00e1ll\u00edt\u00e1shoz"},"content":{"rendered":"<p data-start=\"76\" data-end=\"771\"><strong data-start=\"76\" data-end=\"125\">Heated Courier Bag 12V &#8211; Innovative solution for your food deliveries!<\/strong>A 12V-os f\u0171t\u00f6tt k\u00e9zbes\u00edt\u0151zs\u00e1k egyes\u00edti a meleget \u00e9s a biztons\u00e1got. Professzion\u00e1lis jelleget k\u00f6lcs\u00f6n\u00f6z munk\u00e1j\u00e1nak. <\/p>\n<p data-start=\"376\" data-end=\"642\">A professzion\u00e1lis 12V-os elektromos \u00e9telkisz\u00e1ll\u00edt\u00f3 t\u00e1ska ide\u00e1lis fut\u00e1rok, \u00e9ttermek \u00e9s elviteles szolg\u00e1ltat\u00e1sok sz\u00e1m\u00e1ra. A h\u0151szigetelt termikus kialak\u00edt\u00e1s melegen \u00e9s frissen tartja az \u00e9teleket sz\u00e1ll\u00edt\u00e1s k\u00f6zben. A 60\u00b0C-ig t\u00f6rt\u00e9n\u0151 f\u0171t\u00e9sszab\u00e1lyoz\u00e1ssal az \u00e9telek mindig t\u00f6k\u00e9letes \u00e1llapotban jutnak el a v\u00e1s\u00e1rl\u00f3khoz.  <\/p>\n<p data-start=\"644\" data-end=\"837\">A cs\u00fasz\u00e1sg\u00e1tl\u00f3 talp lehet\u0151v\u00e9 teszi a t\u00e1ska r\u00f6gz\u00edt\u00e9s\u00e9t biztons\u00e1gi \u00f6vvel. Ez megakad\u00e1lyozza a vezet\u00e9s k\u00f6zbeni elmozdul\u00e1st. A higi\u00e9nikus \u00e9s tart\u00f3s anyagokb\u00f3l k\u00e9sz\u00fclt t\u00e1ska k\u00f6nnyen tiszt\u00edthat\u00f3 \u00e9s hossz\u00fa t\u00e1v\u00fa haszn\u00e1latra k\u00e9sz\u00fclt.  <\/p>\n<p data-start=\"839\" data-end=\"865\"><strong data-start=\"839\" data-end=\"863\">Mi\u00e9rt v\u00e1lassza ezt a t\u00e1sk\u00e1t?<\/strong><\/p>\n<ul data-start=\"866\" data-end=\"1036\">\n<li data-start=\"866\" data-end=\"924\">\n<p data-start=\"868\" data-end=\"924\">Meleg \u00e9telt sz\u00e1ll\u00edt \u00e9s n\u00f6veli a v\u00e1s\u00e1rl\u00f3i el\u00e9gedetts\u00e9get.<\/p>\n<\/li>\n<li data-start=\"925\" data-end=\"981\">\n<p data-start=\"927\" data-end=\"981\">V\u00e9di term\u00e9keit egy biztons\u00e1gos sz\u00e1ll\u00edt\u00e1si rendszerrel.<\/p>\n<\/li>\n<li data-start=\"982\" data-end=\"1036\">\n<p data-start=\"984\" data-end=\"1036\">Tart\u00f3s, k\u00f6nnyen tiszt\u00edthat\u00f3 \u00e9s higi\u00e9nikus a hossz\u00fa haszn\u00e1lat \u00e9rdek\u00e9ben.<\/p>\n<\/li>\n<\/ul>\n<p data-start=\"1038\" data-end=\"1097\"><strong data-start=\"1038\" data-end=\"1095\">Emelje a k\u00f6vetkez\u0151 szintre a k\u00e9zbes\u00edt\u00e9s professzionalizmus\u00e1t!<\/strong><\/p>\n<p data-start=\"1455\" data-end=\"1796\"><strong><a href=\"https:\/\/optimoroute.com\/how-to-deliver-hot-food\/\">Az \u00e9lelmiszerek megfelel\u0151 h\u0151m\u00e9rs\u00e9kleten t\u00f6rt\u00e9n\u0151 kisz\u00e1ll\u00edt\u00e1sa nemcsak a v\u00e1s\u00e1rl\u00f3i el\u00e9gedetts\u00e9gr\u0151l sz\u00f3l &#8211; ez egy kulcsfontoss\u00e1g\u00fa \u00e9lelmiszerbiztons\u00e1gi k\u00e9rd\u00e9s is. Amint azt az OptimoRoute blogon meg\u00edrtuk, a meleg \u00e9teleket 60 \u00b0C (140 \u00b0F) felett kell tartani a bakt\u00e9riumok elszaporod\u00e1s\u00e1nak megakad\u00e1lyoz\u00e1sa \u00e9s a biztons\u00e1gos, kiv\u00e1l\u00f3 min\u0151s\u00e9g\u0171 \u00e9tkez\u00e9si \u00e9lm\u00e9ny biztos\u00edt\u00e1sa \u00e9rdek\u00e9ben. <\/a><\/strong><\/p>\n<p data-start=\"1455\" data-end=\"1796\"><a href=\"\/?product_cat=incalzitoare-electrice\" target=\"_blank\" rel=\"noopener\">N\u00e9zze meg a hasonl\u00f3 term\u00e9keket<\/a><\/p>\n","protected":false},"excerpt":{"rendered":"<p>Heated Courier Bag 12V &#8211; Innovative solution for your food deliveries!A 12V-os f\u0171t\u00f6tt k\u00e9zbes\u00edt\u0151zs\u00e1k egyes\u00edti a meleget \u00e9s a biztons\u00e1got. Professzion\u00e1lis jelleget k\u00f6lcs\u00f6n\u00f6z munk\u00e1j\u00e1nak. A professzion\u00e1lis 12V-os elektromos \u00e9telkisz\u00e1ll\u00edt\u00f3 t\u00e1ska ide\u00e1lis fut\u00e1rok, \u00e9ttermek \u00e9s elviteles szolg\u00e1ltat\u00e1sok sz\u00e1m\u00e1ra. A h\u0151szigetelt termikus kialak\u00edt\u00e1s melegen \u00e9s frissen tartja az \u00e9teleket sz\u00e1ll\u00edt\u00e1s k\u00f6zben. A 60\u00b0C-ig t\u00f6rt\u00e9n\u0151 f\u0171t\u00e9sszab\u00e1lyoz\u00e1ssal az \u00e9telek [&hellip;]<\/p>\n","protected":false},"featured_media":246774,"comment_status":"open","ping_status":"closed","template":"","meta":{"_et_pb_use_builder":"","_et_pb_old_content":"","_et_gb_content_width":""},"product_brand":[407],"product_cat":[308,417],"product_tag":[],"class_list":{"0":"post-248312","1":"product","2":"type-product","3":"status-publish","4":"has-post-thumbnail","6":"product_brand-cardinella-hu","7":"product_cat-electric-body-warmers-hu","8":"product_cat-heated-bag-hu","10":"first","11":"instock","12":"shipping-taxable","13":"purchasable","14":"product-type-simple"},"yoast_head":"<!-- This site is optimized with the Yoast SEO plugin v27.4 - https:\/\/yoast.com\/product\/yoast-seo-wordpress\/ -->\n<title>F\u0171t\u00f6tt fut\u00e1rt\u00e1ska 12V - Szigetelt \u00e9telmeleg\u00edt\u0151 fut\u00e1roknak<\/title>\n<meta name=\"description\" content=\"Tartsa melegen az \u00e9teleket \u00fatk\u00f6zben a f\u0171t\u00f6tt 12 V-os fut\u00e1rt\u00e1sk\u00e1val. Szigetelt, higi\u00e9nikus \u00e9s tart\u00f3s \u00e9telmeleg\u00edt\u0151 - ide\u00e1lis fut\u00e1roknak, \u00e9ttermeknek \u00e9s elvitelre.\" \/>\n<meta name=\"robots\" content=\"index, follow, max-snippet:-1, max-image-preview:large, max-video-preview:-1\" \/>\n<link rel=\"canonical\" href=\"https:\/\/cardinella.eu\/hu\/termek\/12v-os-futott-futartaska-hoszigetelt-etelmelegito-taska-ettermeknek-es-hazhoz-szallitashoz-extra-kopya\/\" \/>\n<meta property=\"og:locale\" content=\"hu_HU\" \/>\n<meta property=\"og:type\" content=\"article\" \/>\n<meta property=\"og:title\" content=\"F\u0171t\u00f6tt fut\u00e1rt\u00e1ska 12V - Szigetelt \u00e9telmeleg\u00edt\u0151 fut\u00e1roknak\" \/>\n<meta property=\"og:description\" content=\"Tartsa melegen az \u00e9teleket \u00fatk\u00f6zben a f\u0171t\u00f6tt 12 V-os fut\u00e1rt\u00e1sk\u00e1val. Szigetelt, higi\u00e9nikus \u00e9s tart\u00f3s \u00e9telmeleg\u00edt\u0151 - ide\u00e1lis fut\u00e1roknak, \u00e9ttermeknek \u00e9s elvitelre.\" \/>\n<meta property=\"og:url\" content=\"https:\/\/cardinella.eu\/hu\/termek\/12v-os-futott-futartaska-hoszigetelt-etelmelegito-taska-ettermeknek-es-hazhoz-szallitashoz-extra-kopya\/\" \/>\n<meta property=\"og:site_name\" content=\"Electric Blanket\" \/>\n<meta property=\"article:modified_time\" content=\"2025-09-12T06:06:51+00:00\" \/>\n<meta property=\"og:image\" content=\"https:\/\/cdn.cardinella.eu\/wp-content\/uploads\/2025\/08\/heating-sac02.jpg\" \/>\n\t<meta property=\"og:image:width\" content=\"1080\" \/>\n\t<meta property=\"og:image:height\" content=\"608\" \/>\n\t<meta property=\"og:image:type\" content=\"image\/jpeg\" \/>\n<meta name=\"twitter:card\" content=\"summary_large_image\" \/>\n<meta name=\"twitter:label1\" content=\"Becs\u00fclt olvas\u00e1si id\u0151\" \/>\n\t<meta name=\"twitter:data1\" content=\"2 perc\" \/>\n<script type=\"application\/ld+json\" class=\"yoast-schema-graph\">{\"@context\":\"https:\\\/\\\/schema.org\",\"@graph\":[{\"@type\":[\"WebPage\",\"ItemPage\"],\"@id\":\"https:\\\/\\\/cardinella.eu\\\/hu\\\/termek\\\/12v-os-futott-futartaska-hoszigetelt-etelmelegito-taska-ettermeknek-es-hazhoz-szallitashoz-extra-kopya\\\/\",\"url\":\"https:\\\/\\\/cardinella.eu\\\/hu\\\/termek\\\/12v-os-futott-futartaska-hoszigetelt-etelmelegito-taska-ettermeknek-es-hazhoz-szallitashoz-extra-kopya\\\/\",\"name\":\"F\u0171t\u00f6tt fut\u00e1rt\u00e1ska 12V - Szigetelt \u00e9telmeleg\u00edt\u0151 fut\u00e1roknak\",\"isPartOf\":{\"@id\":\"https:\\\/\\\/cardinella.eu\\\/hu\\\/#website\"},\"primaryImageOfPage\":{\"@id\":\"https:\\\/\\\/cardinella.eu\\\/hu\\\/termek\\\/12v-os-futott-futartaska-hoszigetelt-etelmelegito-taska-ettermeknek-es-hazhoz-szallitashoz-extra-kopya\\\/#primaryimage\"},\"image\":{\"@id\":\"https:\\\/\\\/cardinella.eu\\\/hu\\\/termek\\\/12v-os-futott-futartaska-hoszigetelt-etelmelegito-taska-ettermeknek-es-hazhoz-szallitashoz-extra-kopya\\\/#primaryimage\"},\"thumbnailUrl\":\"https:\\\/\\\/cdn.cardinella.eu\\\/wp-content\\\/uploads\\\/2025\\\/08\\\/heating-sac02.jpg\",\"datePublished\":\"2025-09-12T05:59:06+00:00\",\"dateModified\":\"2025-09-12T06:06:51+00:00\",\"description\":\"Tartsa melegen az \u00e9teleket \u00fatk\u00f6zben a f\u0171t\u00f6tt 12 V-os fut\u00e1rt\u00e1sk\u00e1val. Szigetelt, higi\u00e9nikus \u00e9s tart\u00f3s \u00e9telmeleg\u00edt\u0151 - ide\u00e1lis fut\u00e1roknak, \u00e9ttermeknek \u00e9s elvitelre.\",\"breadcrumb\":{\"@id\":\"https:\\\/\\\/cardinella.eu\\\/hu\\\/termek\\\/12v-os-futott-futartaska-hoszigetelt-etelmelegito-taska-ettermeknek-es-hazhoz-szallitashoz-extra-kopya\\\/#breadcrumb\"},\"inLanguage\":\"hu\",\"potentialAction\":[{\"@type\":\"ReadAction\",\"target\":[\"https:\\\/\\\/cardinella.eu\\\/hu\\\/termek\\\/12v-os-futott-futartaska-hoszigetelt-etelmelegito-taska-ettermeknek-es-hazhoz-szallitashoz-extra-kopya\\\/\"]}]},{\"@type\":\"ImageObject\",\"inLanguage\":\"hu\",\"@id\":\"https:\\\/\\\/cardinella.eu\\\/hu\\\/termek\\\/12v-os-futott-futartaska-hoszigetelt-etelmelegito-taska-ettermeknek-es-hazhoz-szallitashoz-extra-kopya\\\/#primaryimage\",\"url\":\"https:\\\/\\\/cdn.cardinella.eu\\\/wp-content\\\/uploads\\\/2025\\\/08\\\/heating-sac02.jpg\",\"contentUrl\":\"https:\\\/\\\/cdn.cardinella.eu\\\/wp-content\\\/uploads\\\/2025\\\/08\\\/heating-sac02.jpg\",\"width\":1080,\"height\":608,\"caption\":\"F\u0171t\u00f6tt fut\u00e1rt\u00e1ska 12V\"},{\"@type\":\"BreadcrumbList\",\"@id\":\"https:\\\/\\\/cardinella.eu\\\/hu\\\/termek\\\/12v-os-futott-futartaska-hoszigetelt-etelmelegito-taska-ettermeknek-es-hazhoz-szallitashoz-extra-kopya\\\/#breadcrumb\",\"itemListElement\":[{\"@type\":\"ListItem\",\"position\":1,\"name\":\"Home\",\"item\":\"https:\\\/\\\/cardinella.eu\\\/hu\\\/\"},{\"@type\":\"ListItem\",\"position\":2,\"name\":\"Shop\",\"item\":\"https:\\\/\\\/cardinella.eu\\\/shop\\\/\"},{\"@type\":\"ListItem\",\"position\":3,\"name\":\"12V-os f\u0171t\u00f6tt fut\u00e1rt\u00e1ska \u2013 H\u0151szigetelt \u00e9telmeleg\u00edt\u0151 t\u00e1ska \u00e9ttermeknek \u00e9s h\u00e1zhoz sz\u00e1ll\u00edt\u00e1shoz\"}]},{\"@type\":\"WebSite\",\"@id\":\"https:\\\/\\\/cardinella.eu\\\/hu\\\/#website\",\"url\":\"https:\\\/\\\/cardinella.eu\\\/hu\\\/\",\"name\":\"Electric Blanket\",\"description\":\"Personal Body Warmers\",\"publisher\":{\"@id\":\"https:\\\/\\\/cardinella.eu\\\/hu\\\/#organization\"},\"potentialAction\":[{\"@type\":\"SearchAction\",\"target\":{\"@type\":\"EntryPoint\",\"urlTemplate\":\"https:\\\/\\\/cardinella.eu\\\/hu\\\/?s={search_term_string}\"},\"query-input\":{\"@type\":\"PropertyValueSpecification\",\"valueRequired\":true,\"valueName\":\"search_term_string\"}}],\"inLanguage\":\"hu\"},{\"@type\":\"Organization\",\"@id\":\"https:\\\/\\\/cardinella.eu\\\/hu\\\/#organization\",\"name\":\"Domtex.Bg Ltd\",\"alternateName\":\"Cardinella\",\"url\":\"https:\\\/\\\/cardinella.eu\\\/hu\\\/\",\"logo\":{\"@type\":\"ImageObject\",\"inLanguage\":\"hu\",\"@id\":\"https:\\\/\\\/cardinella.eu\\\/hu\\\/#\\\/schema\\\/logo\\\/image\\\/\",\"url\":\"https:\\\/\\\/cardinella.eu\\\/wp-content\\\/uploads\\\/2022\\\/01\\\/Cardinella_logo_C.png\",\"contentUrl\":\"https:\\\/\\\/cardinella.eu\\\/wp-content\\\/uploads\\\/2022\\\/01\\\/Cardinella_logo_C.png\",\"width\":72,\"height\":72,\"caption\":\"Domtex.Bg Ltd\"},\"image\":{\"@id\":\"https:\\\/\\\/cardinella.eu\\\/hu\\\/#\\\/schema\\\/logo\\\/image\\\/\"}}]}<\/script>\n<!-- \/ Yoast SEO plugin. -->","yoast_head_json":{"title":"F\u0171t\u00f6tt fut\u00e1rt\u00e1ska 12V - Szigetelt \u00e9telmeleg\u00edt\u0151 fut\u00e1roknak","description":"Tartsa melegen az \u00e9teleket \u00fatk\u00f6zben a f\u0171t\u00f6tt 12 V-os fut\u00e1rt\u00e1sk\u00e1val. Szigetelt, higi\u00e9nikus \u00e9s tart\u00f3s \u00e9telmeleg\u00edt\u0151 - ide\u00e1lis fut\u00e1roknak, \u00e9ttermeknek \u00e9s elvitelre.","robots":{"index":"index","follow":"follow","max-snippet":"max-snippet:-1","max-image-preview":"max-image-preview:large","max-video-preview":"max-video-preview:-1"},"canonical":"https:\/\/cardinella.eu\/hu\/termek\/12v-os-futott-futartaska-hoszigetelt-etelmelegito-taska-ettermeknek-es-hazhoz-szallitashoz-extra-kopya\/","og_locale":"hu_HU","og_type":"article","og_title":"F\u0171t\u00f6tt fut\u00e1rt\u00e1ska 12V - Szigetelt \u00e9telmeleg\u00edt\u0151 fut\u00e1roknak","og_description":"Tartsa melegen az \u00e9teleket \u00fatk\u00f6zben a f\u0171t\u00f6tt 12 V-os fut\u00e1rt\u00e1sk\u00e1val. Szigetelt, higi\u00e9nikus \u00e9s tart\u00f3s \u00e9telmeleg\u00edt\u0151 - ide\u00e1lis fut\u00e1roknak, \u00e9ttermeknek \u00e9s elvitelre.","og_url":"https:\/\/cardinella.eu\/hu\/termek\/12v-os-futott-futartaska-hoszigetelt-etelmelegito-taska-ettermeknek-es-hazhoz-szallitashoz-extra-kopya\/","og_site_name":"Electric Blanket","article_modified_time":"2025-09-12T06:06:51+00:00","og_image":[{"width":1080,"height":608,"url":"https:\/\/cdn.cardinella.eu\/wp-content\/uploads\/2025\/08\/heating-sac02.jpg","type":"image\/jpeg"}],"twitter_card":"summary_large_image","twitter_misc":{"Becs\u00fclt olvas\u00e1si id\u0151":"2 perc"},"schema":{"@context":"https:\/\/schema.org","@graph":[{"@type":["WebPage","ItemPage"],"@id":"https:\/\/cardinella.eu\/hu\/termek\/12v-os-futott-futartaska-hoszigetelt-etelmelegito-taska-ettermeknek-es-hazhoz-szallitashoz-extra-kopya\/","url":"https:\/\/cardinella.eu\/hu\/termek\/12v-os-futott-futartaska-hoszigetelt-etelmelegito-taska-ettermeknek-es-hazhoz-szallitashoz-extra-kopya\/","name":"F\u0171t\u00f6tt fut\u00e1rt\u00e1ska 12V - Szigetelt \u00e9telmeleg\u00edt\u0151 fut\u00e1roknak","isPartOf":{"@id":"https:\/\/cardinella.eu\/hu\/#website"},"primaryImageOfPage":{"@id":"https:\/\/cardinella.eu\/hu\/termek\/12v-os-futott-futartaska-hoszigetelt-etelmelegito-taska-ettermeknek-es-hazhoz-szallitashoz-extra-kopya\/#primaryimage"},"image":{"@id":"https:\/\/cardinella.eu\/hu\/termek\/12v-os-futott-futartaska-hoszigetelt-etelmelegito-taska-ettermeknek-es-hazhoz-szallitashoz-extra-kopya\/#primaryimage"},"thumbnailUrl":"https:\/\/cdn.cardinella.eu\/wp-content\/uploads\/2025\/08\/heating-sac02.jpg","datePublished":"2025-09-12T05:59:06+00:00","dateModified":"2025-09-12T06:06:51+00:00","description":"Tartsa melegen az \u00e9teleket \u00fatk\u00f6zben a f\u0171t\u00f6tt 12 V-os fut\u00e1rt\u00e1sk\u00e1val. Szigetelt, higi\u00e9nikus \u00e9s tart\u00f3s \u00e9telmeleg\u00edt\u0151 - ide\u00e1lis fut\u00e1roknak, \u00e9ttermeknek \u00e9s elvitelre.","breadcrumb":{"@id":"https:\/\/cardinella.eu\/hu\/termek\/12v-os-futott-futartaska-hoszigetelt-etelmelegito-taska-ettermeknek-es-hazhoz-szallitashoz-extra-kopya\/#breadcrumb"},"inLanguage":"hu","potentialAction":[{"@type":"ReadAction","target":["https:\/\/cardinella.eu\/hu\/termek\/12v-os-futott-futartaska-hoszigetelt-etelmelegito-taska-ettermeknek-es-hazhoz-szallitashoz-extra-kopya\/"]}]},{"@type":"ImageObject","inLanguage":"hu","@id":"https:\/\/cardinella.eu\/hu\/termek\/12v-os-futott-futartaska-hoszigetelt-etelmelegito-taska-ettermeknek-es-hazhoz-szallitashoz-extra-kopya\/#primaryimage","url":"https:\/\/cdn.cardinella.eu\/wp-content\/uploads\/2025\/08\/heating-sac02.jpg","contentUrl":"https:\/\/cdn.cardinella.eu\/wp-content\/uploads\/2025\/08\/heating-sac02.jpg","width":1080,"height":608,"caption":"F\u0171t\u00f6tt fut\u00e1rt\u00e1ska 12V"},{"@type":"BreadcrumbList","@id":"https:\/\/cardinella.eu\/hu\/termek\/12v-os-futott-futartaska-hoszigetelt-etelmelegito-taska-ettermeknek-es-hazhoz-szallitashoz-extra-kopya\/#breadcrumb","itemListElement":[{"@type":"ListItem","position":1,"name":"Home","item":"https:\/\/cardinella.eu\/hu\/"},{"@type":"ListItem","position":2,"name":"Shop","item":"https:\/\/cardinella.eu\/shop\/"},{"@type":"ListItem","position":3,"name":"12V-os f\u0171t\u00f6tt fut\u00e1rt\u00e1ska \u2013 H\u0151szigetelt \u00e9telmeleg\u00edt\u0151 t\u00e1ska \u00e9ttermeknek \u00e9s h\u00e1zhoz sz\u00e1ll\u00edt\u00e1shoz"}]},{"@type":"WebSite","@id":"https:\/\/cardinella.eu\/hu\/#website","url":"https:\/\/cardinella.eu\/hu\/","name":"Electric Blanket","description":"Personal Body Warmers","publisher":{"@id":"https:\/\/cardinella.eu\/hu\/#organization"},"potentialAction":[{"@type":"SearchAction","target":{"@type":"EntryPoint","urlTemplate":"https:\/\/cardinella.eu\/hu\/?s={search_term_string}"},"query-input":{"@type":"PropertyValueSpecification","valueRequired":true,"valueName":"search_term_string"}}],"inLanguage":"hu"},{"@type":"Organization","@id":"https:\/\/cardinella.eu\/hu\/#organization","name":"Domtex.Bg Ltd","alternateName":"Cardinella","url":"https:\/\/cardinella.eu\/hu\/","logo":{"@type":"ImageObject","inLanguage":"hu","@id":"https:\/\/cardinella.eu\/hu\/#\/schema\/logo\/image\/","url":"https:\/\/cardinella.eu\/wp-content\/uploads\/2022\/01\/Cardinella_logo_C.png","contentUrl":"https:\/\/cardinella.eu\/wp-content\/uploads\/2022\/01\/Cardinella_logo_C.png","width":72,"height":72,"caption":"Domtex.Bg Ltd"},"image":{"@id":"https:\/\/cardinella.eu\/hu\/#\/schema\/logo\/image\/"}}]}},"_links":{"self":[{"href":"https:\/\/cardinella.eu\/hu\/wp-json\/wp\/v2\/product\/248312","targetHints":{"allow":["GET"]}}],"collection":[{"href":"https:\/\/cardinella.eu\/hu\/wp-json\/wp\/v2\/product"}],"about":[{"href":"https:\/\/cardinella.eu\/hu\/wp-json\/wp\/v2\/types\/product"}],"replies":[{"embeddable":true,"href":"https:\/\/cardinella.eu\/hu\/wp-json\/wp\/v2\/comments?post=248312"}],"wp:featuredmedia":[{"embeddable":true,"href":"https:\/\/cardinella.eu\/hu\/wp-json\/wp\/v2\/media\/246774"}],"wp:attachment":[{"href":"https:\/\/cardinella.eu\/hu\/wp-json\/wp\/v2\/media?parent=248312"}],"wp:term":[{"taxonomy":"product_brand","embeddable":true,"href":"https:\/\/cardinella.eu\/hu\/wp-json\/wp\/v2\/product_brand?post=248312"},{"taxonomy":"product_cat","embeddable":true,"href":"https:\/\/cardinella.eu\/hu\/wp-json\/wp\/v2\/product_cat?post=248312"},{"taxonomy":"product_tag","embeddable":true,"href":"https:\/\/cardinella.eu\/hu\/wp-json\/wp\/v2\/product_tag?post=248312"}],"curies":[{"name":"wp","href":"https:\/\/api.w.org\/{rel}","templated":true}]}}