{"id":244697,"date":"2020-12-10T09:49:35","date_gmt":"2020-12-10T07:49:35","guid":{"rendered":"https:\/\/cardinella.eu\/%d0%b3%d0%b0%d1%80%d0%b0%d0%bd%d1%86%d0%b8%d0%be%d0%bd%d0%bd%d0%b8-%d1%83%d1%81%d0%bb%d0%be%d0%b2%d0%b8%d1%8f\/"},"modified":"2023-09-23T21:32:55","modified_gmt":"2023-09-23T19:32:55","slug":"warunki-gwarancji","status":"publish","type":"page","link":"https:\/\/cardinella.eu\/pl\/warunki-gwarancji\/","title":{"rendered":"Warranty"},"content":{"rendered":"<p>[et_pb_section fb_built=&#8221;1&#8243; _builder_version=&#8221;4.7.4&#8243; _module_preset=&#8221;default&#8221; background_color=&#8221;rgba(255,255,255,0.79)&#8221; background_image=&#8221;https:\/\/cardinella.eu\/wp-content\/uploads\/2020\/10\/img-home-banner-2.jpg&#8221; background_blend=&#8221;overlay&#8221; custom_padding=&#8221;40px||40px||true|false&#8221; global_colors_info=&#8221;{}&#8221;][et_pb_row column_structure=&#8221;1_2,1_2&#8243; _builder_version=&#8221;4.6.6&#8243; _module_preset=&#8221;default&#8221; custom_padding=&#8221;15px||15px||true|false&#8221; global_colors_info=&#8221;{}&#8221;][et_pb_column type=&#8221;1_2&#8243; _builder_version=&#8221;4.6.6&#8243; _module_preset=&#8221;default&#8221; global_colors_info=&#8221;{}&#8221;][\/et_pb_column][et_pb_column type=&#8221;1_2&#8243; _builder_version=&#8221;4.6.6&#8243; _module_preset=&#8221;default&#8221; global_colors_info=&#8221;{}&#8221;][et_pb_text _builder_version=&#8221;4.14.6&#8243; _module_preset=&#8221;default&#8221; text_text_color=&#8221;#000000&#8243; text_font_size=&#8221;24px&#8221; text_orientation=&#8221;center&#8221; hover_enabled=&#8221;0&#8243; global_colors_info=&#8221;{}&#8221; sticky_enabled=&#8221;0&#8243;]<\/p>\n<h1><span style=\"color: #ff0000;\"><strong>2 lata<\/strong> <strong>gwarancja!<\/strong> <\/span><\/h1>\n<h3><strong>dla koc\u00f3w i poduszek elektrycznych<\/strong><\/h3>\n<p>[\/et_pb_text][\/et_pb_column][\/et_pb_row][\/et_pb_section][et_pb_section fb_built=&#8221;1&#8243; specialty=&#8221;on&#8221; _builder_version=&#8221;4.7.4&#8243; _module_preset=&#8221;default&#8221; global_colors_info=&#8221;{}&#8221;][et_pb_column type=&#8221;1_4&#8243; _builder_version=&#8221;3.25&#8243; custom_padding=&#8221;|||&#8221; global_colors_info=&#8221;{}&#8221; custom_padding__hover=&#8221;|||&#8221;][et_pb_sidebar area=&#8221;sidebar-4&#8243; _builder_version=&#8221;4.7.4&#8243; _module_preset=&#8221;default&#8221; global_colors_info=&#8221;{}&#8221;][\/et_pb_sidebar][et_pb_text _builder_version=&#8221;4.14.6&#8243; _dynamic_attributes=&#8221;link_option_url&#8221; _module_preset=&#8221;default&#8221; link_option_url=&#8221;@ET-DC@eyJkeW5hbWljIjp0cnVlLCJjb250ZW50IjoicG9zdF9saW5rX3VybF9wYWdlIiwic2V0dGluZ3MiOnsicG9zdF9pZCI6IjI0MDQ3MiJ9fQ==@&#8221; global_colors_info=&#8221;{}&#8221;]<\/p>\n<p>Formularz zwrotu produktu<\/p>\n<p>[\/et_pb_text][et_pb_text _builder_version=&#8221;4.14.6&#8243; _dynamic_attributes=&#8221;link_option_url&#8221; _module_preset=&#8221;default&#8221; link_option_url=&#8221;@ET-DC@eyJkeW5hbWljIjp0cnVlLCJjb250ZW50IjoicG9zdF9saW5rX3VybF9wYWdlIiwic2V0dGluZ3MiOnsicG9zdF9pZCI6IjI0MDQ4MyJ9fQ==@&#8221; global_colors_info=&#8221;{}&#8221;]<\/p>\n<p>Formularz us\u0142ugi<\/p>\n<p>[\/et_pb_text][\/et_pb_column][et_pb_column type=&#8221;3_4&#8243; specialty_columns=&#8221;3&#8243; _builder_version=&#8221;3.25&#8243; custom_padding=&#8221;|||&#8221; global_colors_info=&#8221;{}&#8221; custom_padding__hover=&#8221;|||&#8221;][et_pb_row_inner _builder_version=&#8221;4.7.4&#8243; _module_preset=&#8221;default&#8221; global_colors_info=&#8221;{}&#8221;][et_pb_column_inner saved_specialty_column_type=&#8221;3_4&#8243; _builder_version=&#8221;4.7.4&#8243; _module_preset=&#8221;default&#8221; global_colors_info=&#8221;{}&#8221;][et_pb_text _builder_version=&#8221;4.14.6&#8243; _module_preset=&#8221;default&#8221; text_orientation=&#8221;center&#8221; global_colors_info=&#8221;{}&#8221;]<\/p>\n<h1><span color=\"#006aff\" style=\"color: #006aff;\">Gwarancja i serwis<\/span><\/h1>\n<p>[\/et_pb_text][et_pb_text module_class=&#8221;dsdep-checklist&#8221; _builder_version=&#8221;4.14.6&#8243; _module_preset=&#8221;default&#8221; custom_margin=&#8221;||15px||false|false&#8221; custom_padding=&#8221;25px|25px|25px|25px|true|true&#8221; hover_enabled=&#8221;0&#8243; border_width_all=&#8221;1px&#8221; border_color_all=&#8221;rgba(51,51,51,0.18)&#8221; global_colors_info=&#8221;{}&#8221; sticky_enabled=&#8221;0&#8243;]<\/p>\n<p><span style=\"color: #ff0000;\">Wszystkie koce i poduszki elektryczne s\u0105 obj\u0119te 2-letni\u0105 gwarancj\u0105. Us\u0142uga jest bezp\u0142atna w okresie gwarancyjnym. Koszty wysy\u0142ki produktu do serwisu ponosi klient. Koszty wysy\u0142ki w przypadku zwrotu produktu z serwisu s\u0105 dla klienta bezp\u0142atne. Przed wys\u0142aniem produktu do serwisu jest to konieczne:<\/span><\/p>\n<ul>\n<li>Wype\u0142nij formularz serwisowy.<\/li>\n<li>Skontaktujemy si\u0119 z Tob\u0105 w celu wyja\u015bnienia.<\/li>\n<li>Produkt nale\u017cy starannie zapakowa\u0107 do wysy\u0142ki.<\/li>\n<li>Produkty dostarczone do serwisu, kt\u00f3re nie spe\u0142niaj\u0105 warunk\u00f3w gwarancji, nie b\u0119d\u0105 naprawiane.<\/li>\n<li>W przypadku produkt\u00f3w, kt\u00f3rych gwarancja wygas\u0142a, koszt zwrotu produktu ponosi klient.<br \/><span><\/span><\/li>\n<\/ul>\n<p>[\/et_pb_text][et_pb_button button_url=&#8221;@ET-DC@eyJkeW5hbWljIjp0cnVlLCJjb250ZW50IjoicG9zdF9saW5rX3VybF9wYWdlIiwic2V0dGluZ3MiOnsicG9zdF9pZCI6IjI0MDQ4MyJ9fQ==@&#8221; button_text=&#8221;Formularz us\u0142ugi&#8221; button_alignment=&#8221;center&#8221; module_class=&#8221;dsdep-button-primary dsdep-shadow-primary dsdep-button-medium&#8221; _builder_version=&#8221;4.14.6&#8243; _dynamic_attributes=&#8221;button_url&#8221; _module_preset=&#8221;default&#8221; global_colors_info=&#8221;{}&#8221;][\/et_pb_button][\/et_pb_column_inner][\/et_pb_row_inner][\/et_pb_column][\/et_pb_section][et_pb_section fb_built=&#8221;1&#8243; disabled_on=&#8221;off|off|off&#8221; _builder_version=&#8221;4.6.6&#8243; _module_preset=&#8221;default&#8221; custom_padding=&#8221;||0px|||&#8221; global_colors_info=&#8221;{}&#8221;][et_pb_row _builder_version=&#8221;4.6.6&#8243; _module_preset=&#8221;default&#8221; custom_padding=&#8221;0px|||||&#8221; global_colors_info=&#8221;{}&#8221;][et_pb_column type=&#8221;4_4&#8243; _builder_version=&#8221;4.6.6&#8243; _module_preset=&#8221;default&#8221; global_colors_info=&#8221;{}&#8221;][et_pb_text _builder_version=&#8221;4.14.6&#8243; _module_preset=&#8221;default&#8221; text_orientation=&#8221;center&#8221; global_colors_info=&#8221;{}&#8221;]<\/p>\n<h1>Gwarancja<\/h1>\n<p>[\/et_pb_text][\/et_pb_column][\/et_pb_row][\/et_pb_section][et_pb_section fb_built=&#8221;1&#8243; _builder_version=&#8221;4.6.6&#8243; _module_preset=&#8221;default&#8221; custom_padding=&#8221;40px||40px||true|false&#8221; global_colors_info=&#8221;{}&#8221;][et_pb_row column_structure=&#8221;1_3,1_3,1_3&#8243; _builder_version=&#8221;4.6.6&#8243; _module_preset=&#8221;default&#8221; custom_padding=&#8221;15px||15px||true|false&#8221; global_colors_info=&#8221;{}&#8221;][et_pb_column type=&#8221;1_3&#8243; _builder_version=&#8221;4.6.6&#8243; _module_preset=&#8221;default&#8221; global_colors_info=&#8221;{}&#8221;][et_pb_text module_class=&#8221;dsdep-checklist&#8221; _builder_version=&#8221;4.14.6&#8243; _module_preset=&#8221;default&#8221; custom_margin=&#8221;||15px||false|false&#8221; custom_padding=&#8221;25px|25px|25px|25px|true|true&#8221; border_width_all=&#8221;1px&#8221; border_color_all=&#8221;rgba(51,51,51,0.18)&#8221; global_colors_info=&#8221;{}&#8221;]<\/p>\n<ul>\n<li><span style=\"color: #ff0000;\">Numer karty gwarancyjnej musi by\u0107 zgodny z numerem seryjnym produktu.<\/span><\/li>\n<li>Okres gwarancji wynosi 24 miesi\u0105ce i rozpoczyna si\u0119 od daty zakupu produktu.<\/li>\n<li>Niniejsza gwarancja jest wa\u017cna tylko wtedy, gdy jest wype\u0142niona w ca\u0142o\u015bci i czytelnie w momencie odbioru towaru, zawiera nazw\u0119 i piecz\u0119\u0107 sprzedawcy, podpis klienta i dost\u0119pny jest paragon.<\/li>\n<\/ul>\n<p>[\/et_pb_text][\/et_pb_column][et_pb_column type=&#8221;1_3&#8243; _builder_version=&#8221;4.6.6&#8243; _module_preset=&#8221;default&#8221; global_colors_info=&#8221;{}&#8221;][et_pb_text module_class=&#8221;dsdep-checklist&#8221; _builder_version=&#8221;4.14.6&#8243; _module_preset=&#8221;default&#8221; custom_margin=&#8221;||15px||false|false&#8221; custom_padding=&#8221;25px|25px|25px|25px|true|true&#8221; border_width_all=&#8221;1px&#8221; border_color_all=&#8221;rgba(51,51,51,0.18)&#8221; global_colors_info=&#8221;{}&#8221;]<\/p>\n<ul>\n<li>Niniejsza gwarancja traci wa\u017cno\u015b\u0107 w przypadku nieprzestrzegania zasad u\u017cytkowania.<\/li>\n<li>Gwarancja jest niewa\u017cna w przypadku utraty, nieprawid\u0142owego wype\u0142nienia lub sfa\u0142szowania.<\/li>\n<li>Gwarancja traci wa\u017cno\u015b\u0107 w przypadku pr\u00f3by naprawy wady przez kupuj\u0105cego lub osoby nieupowa\u017cnione.<\/li>\n<\/ul>\n<p>&nbsp;<\/p>\n<p>&nbsp;<\/p>\n<p>&nbsp;<\/p>\n<p>[\/et_pb_text][\/et_pb_column][et_pb_column type=&#8221;1_3&#8243; _builder_version=&#8221;4.6.6&#8243; _module_preset=&#8221;default&#8221; global_colors_info=&#8221;{}&#8221;][et_pb_text module_class=&#8221;dsdep-checklist&#8221; _builder_version=&#8221;4.14.6&#8243; _module_preset=&#8221;default&#8221; custom_margin=&#8221;||15px||false|false&#8221; custom_padding=&#8221;25px|25px|25px|25px|true|true&#8221; border_width_all=&#8221;1px&#8221; border_color_all=&#8221;rgba(51,51,51,0.18)&#8221; global_colors_info=&#8221;{}&#8221;]<\/p>\n<ul>\n<li>Szkody s\u0105 usuwane w ci\u0105gu 30 (trzydziestu) dni roboczych.<\/li>\n<li>Nabywca tego produktu akceptuje i zapozna\u0142 si\u0119 z powy\u017cszymi wymaganiami dotycz\u0105cymi prawid\u0142owego dzia\u0142ania i warunk\u00f3w gwarancji.<\/li>\n<li>\u017baden sprzedawca nie ma prawa do zmiany warunk\u00f3w niniejszej gwarancji z jakiegokolwiek powodu.<\/li>\n<\/ul>\n<p>&nbsp;<\/p>\n<p>&nbsp;<\/p>\n<p>&nbsp;<\/p>\n<p>[\/et_pb_text][\/et_pb_column][\/et_pb_row][\/et_pb_section]<\/p>\n","protected":false},"excerpt":{"rendered":"<p>2 lata gwarancja! dla koc\u00f3w i poduszek elektrycznychFormularz zwrotu produktuFormularz us\u0142ugiGwarancja i serwisWszystkie koce i poduszki elektryczne s\u0105 obj\u0119te 2-letni\u0105 gwarancj\u0105. Us\u0142uga jest bezp\u0142atna w okresie gwarancyjnym. Koszty wysy\u0142ki produktu do serwisu ponosi klient. Koszty wysy\u0142ki w przypadku zwrotu produktu z serwisu s\u0105 dla klienta bezp\u0142atne. Przed wys\u0142aniem produktu do serwisu jest to konieczne: Wype\u0142nij [&hellip;]<\/p>\n","protected":false},"author":1,"featured_media":0,"parent":0,"menu_order":0,"comment_status":"closed","ping_status":"closed","template":"","meta":{"_et_pb_use_builder":"on","_et_pb_old_content":"","_et_gb_content_width":"","footnotes":""},"class_list":["post-244697","page","type-page","status-publish","hentry"],"yoast_head":"<!-- This site is optimized with the Yoast SEO plugin v27.6 - https:\/\/yoast.com\/product\/yoast-seo-wordpress\/ -->\n<title>Warranty | Electric Blanket<\/title>\n<meta name=\"robots\" content=\"index, follow, max-snippet:-1, max-image-preview:large, max-video-preview:-1\" \/>\n<link rel=\"canonical\" href=\"https:\/\/cardinella.eu\/pl\/warunki-gwarancji\/\" \/>\n<meta property=\"og:locale\" content=\"pl_PL\" \/>\n<meta property=\"og:type\" content=\"article\" \/>\n<meta property=\"og:title\" content=\"Warranty | Electric Blanket\" \/>\n<meta property=\"og:description\" content=\"2 lata gwarancja! dla koc\u00f3w i poduszek elektrycznychFormularz zwrotu produktuFormularz us\u0142ugiGwarancja i serwisWszystkie koce i poduszki elektryczne s\u0105 obj\u0119te 2-letni\u0105 gwarancj\u0105. Us\u0142uga jest bezp\u0142atna w okresie gwarancyjnym. Koszty wysy\u0142ki produktu do serwisu ponosi klient. Koszty wysy\u0142ki w przypadku zwrotu produktu z serwisu s\u0105 dla klienta bezp\u0142atne. Przed wys\u0142aniem produktu do serwisu jest to konieczne: Wype\u0142nij [&hellip;]\" \/>\n<meta property=\"og:url\" content=\"https:\/\/cardinella.eu\/pl\/warunki-gwarancji\/\" \/>\n<meta property=\"og:site_name\" content=\"Electric Blanket\" \/>\n<meta property=\"article:modified_time\" content=\"2023-09-23T19:32:55+00:00\" \/>\n<meta name=\"twitter:card\" content=\"summary_large_image\" \/>\n<meta name=\"twitter:label1\" content=\"Szacowany czas czytania\" \/>\n\t<meta name=\"twitter:data1\" content=\"5 minut\" \/>\n<script type=\"application\/ld+json\" class=\"yoast-schema-graph\">{\"@context\":\"https:\\\/\\\/schema.org\",\"@graph\":[{\"@type\":\"WebPage\",\"@id\":\"https:\\\/\\\/cardinella.eu\\\/pl\\\/warunki-gwarancji\\\/\",\"url\":\"https:\\\/\\\/cardinella.eu\\\/pl\\\/warunki-gwarancji\\\/\",\"name\":\"Warranty | Electric Blanket\",\"isPartOf\":{\"@id\":\"https:\\\/\\\/cardinella.eu\\\/pl\\\/#website\"},\"datePublished\":\"2020-12-10T07:49:35+00:00\",\"dateModified\":\"2023-09-23T19:32:55+00:00\",\"breadcrumb\":{\"@id\":\"https:\\\/\\\/cardinella.eu\\\/pl\\\/warunki-gwarancji\\\/#breadcrumb\"},\"inLanguage\":\"pl-PL\",\"potentialAction\":[{\"@type\":\"ReadAction\",\"target\":[\"https:\\\/\\\/cardinella.eu\\\/pl\\\/warunki-gwarancji\\\/\"]}]},{\"@type\":\"BreadcrumbList\",\"@id\":\"https:\\\/\\\/cardinella.eu\\\/pl\\\/warunki-gwarancji\\\/#breadcrumb\",\"itemListElement\":[{\"@type\":\"ListItem\",\"position\":1,\"name\":\"Home\",\"item\":\"https:\\\/\\\/cardinella.eu\\\/pl\\\/\"},{\"@type\":\"ListItem\",\"position\":2,\"name\":\"Warranty\"}]},{\"@type\":\"WebSite\",\"@id\":\"https:\\\/\\\/cardinella.eu\\\/pl\\\/#website\",\"url\":\"https:\\\/\\\/cardinella.eu\\\/pl\\\/\",\"name\":\"Electric Blanket\",\"description\":\"Personal Body Warmers\",\"publisher\":{\"@id\":\"https:\\\/\\\/cardinella.eu\\\/pl\\\/#organization\"},\"potentialAction\":[{\"@type\":\"SearchAction\",\"target\":{\"@type\":\"EntryPoint\",\"urlTemplate\":\"https:\\\/\\\/cardinella.eu\\\/pl\\\/?s={search_term_string}\"},\"query-input\":{\"@type\":\"PropertyValueSpecification\",\"valueRequired\":true,\"valueName\":\"search_term_string\"}}],\"inLanguage\":\"pl-PL\"},{\"@type\":\"Organization\",\"@id\":\"https:\\\/\\\/cardinella.eu\\\/pl\\\/#organization\",\"name\":\"Domtex.Bg Ltd\",\"alternateName\":\"Cardinella\",\"url\":\"https:\\\/\\\/cardinella.eu\\\/pl\\\/\",\"logo\":{\"@type\":\"ImageObject\",\"inLanguage\":\"pl-PL\",\"@id\":\"https:\\\/\\\/cardinella.eu\\\/pl\\\/#\\\/schema\\\/logo\\\/image\\\/\",\"url\":\"https:\\\/\\\/cardinella.eu\\\/wp-content\\\/uploads\\\/2022\\\/01\\\/Cardinella_logo_C.png\",\"contentUrl\":\"https:\\\/\\\/cardinella.eu\\\/wp-content\\\/uploads\\\/2022\\\/01\\\/Cardinella_logo_C.png\",\"width\":72,\"height\":72,\"caption\":\"Domtex.Bg Ltd\"},\"image\":{\"@id\":\"https:\\\/\\\/cardinella.eu\\\/pl\\\/#\\\/schema\\\/logo\\\/image\\\/\"}}]}<\/script>\n<!-- \/ Yoast SEO plugin. -->","yoast_head_json":{"title":"Warranty | Electric Blanket","robots":{"index":"index","follow":"follow","max-snippet":"max-snippet:-1","max-image-preview":"max-image-preview:large","max-video-preview":"max-video-preview:-1"},"canonical":"https:\/\/cardinella.eu\/pl\/warunki-gwarancji\/","og_locale":"pl_PL","og_type":"article","og_title":"Warranty | Electric Blanket","og_description":"2 lata gwarancja! dla koc\u00f3w i poduszek elektrycznychFormularz zwrotu produktuFormularz us\u0142ugiGwarancja i serwisWszystkie koce i poduszki elektryczne s\u0105 obj\u0119te 2-letni\u0105 gwarancj\u0105. Us\u0142uga jest bezp\u0142atna w okresie gwarancyjnym. Koszty wysy\u0142ki produktu do serwisu ponosi klient. Koszty wysy\u0142ki w przypadku zwrotu produktu z serwisu s\u0105 dla klienta bezp\u0142atne. Przed wys\u0142aniem produktu do serwisu jest to konieczne: Wype\u0142nij [&hellip;]","og_url":"https:\/\/cardinella.eu\/pl\/warunki-gwarancji\/","og_site_name":"Electric Blanket","article_modified_time":"2023-09-23T19:32:55+00:00","twitter_card":"summary_large_image","twitter_misc":{"Szacowany czas czytania":"5 minut"},"schema":{"@context":"https:\/\/schema.org","@graph":[{"@type":"WebPage","@id":"https:\/\/cardinella.eu\/pl\/warunki-gwarancji\/","url":"https:\/\/cardinella.eu\/pl\/warunki-gwarancji\/","name":"Warranty | Electric Blanket","isPartOf":{"@id":"https:\/\/cardinella.eu\/pl\/#website"},"datePublished":"2020-12-10T07:49:35+00:00","dateModified":"2023-09-23T19:32:55+00:00","breadcrumb":{"@id":"https:\/\/cardinella.eu\/pl\/warunki-gwarancji\/#breadcrumb"},"inLanguage":"pl-PL","potentialAction":[{"@type":"ReadAction","target":["https:\/\/cardinella.eu\/pl\/warunki-gwarancji\/"]}]},{"@type":"BreadcrumbList","@id":"https:\/\/cardinella.eu\/pl\/warunki-gwarancji\/#breadcrumb","itemListElement":[{"@type":"ListItem","position":1,"name":"Home","item":"https:\/\/cardinella.eu\/pl\/"},{"@type":"ListItem","position":2,"name":"Warranty"}]},{"@type":"WebSite","@id":"https:\/\/cardinella.eu\/pl\/#website","url":"https:\/\/cardinella.eu\/pl\/","name":"Electric Blanket","description":"Personal Body Warmers","publisher":{"@id":"https:\/\/cardinella.eu\/pl\/#organization"},"potentialAction":[{"@type":"SearchAction","target":{"@type":"EntryPoint","urlTemplate":"https:\/\/cardinella.eu\/pl\/?s={search_term_string}"},"query-input":{"@type":"PropertyValueSpecification","valueRequired":true,"valueName":"search_term_string"}}],"inLanguage":"pl-PL"},{"@type":"Organization","@id":"https:\/\/cardinella.eu\/pl\/#organization","name":"Domtex.Bg Ltd","alternateName":"Cardinella","url":"https:\/\/cardinella.eu\/pl\/","logo":{"@type":"ImageObject","inLanguage":"pl-PL","@id":"https:\/\/cardinella.eu\/pl\/#\/schema\/logo\/image\/","url":"https:\/\/cardinella.eu\/wp-content\/uploads\/2022\/01\/Cardinella_logo_C.png","contentUrl":"https:\/\/cardinella.eu\/wp-content\/uploads\/2022\/01\/Cardinella_logo_C.png","width":72,"height":72,"caption":"Domtex.Bg Ltd"},"image":{"@id":"https:\/\/cardinella.eu\/pl\/#\/schema\/logo\/image\/"}}]}},"_links":{"self":[{"href":"https:\/\/cardinella.eu\/pl\/wp-json\/wp\/v2\/pages\/244697","targetHints":{"allow":["GET"]}}],"collection":[{"href":"https:\/\/cardinella.eu\/pl\/wp-json\/wp\/v2\/pages"}],"about":[{"href":"https:\/\/cardinella.eu\/pl\/wp-json\/wp\/v2\/types\/page"}],"author":[{"embeddable":true,"href":"https:\/\/cardinella.eu\/pl\/wp-json\/wp\/v2\/users\/1"}],"replies":[{"embeddable":true,"href":"https:\/\/cardinella.eu\/pl\/wp-json\/wp\/v2\/comments?post=244697"}],"version-history":[{"count":5,"href":"https:\/\/cardinella.eu\/pl\/wp-json\/wp\/v2\/pages\/244697\/revisions"}],"predecessor-version":[{"id":246279,"href":"https:\/\/cardinella.eu\/pl\/wp-json\/wp\/v2\/pages\/244697\/revisions\/246279"}],"wp:attachment":[{"href":"https:\/\/cardinella.eu\/pl\/wp-json\/wp\/v2\/media?parent=244697"}],"curies":[{"name":"wp","href":"https:\/\/api.w.org\/{rel}","templated":true}]}}