{"id":245378,"date":"2017-11-13T14:52:54","date_gmt":"2017-11-13T12:52:54","guid":{"rendered":"https:\/\/cardinella.eu\/%d0%ba%d0%be%d0%bb%d0%b8%d1%87%d0%ba%d0%b0\/"},"modified":"2023-09-23T21:50:09","modified_gmt":"2023-09-23T19:50:09","slug":"wozek","status":"publish","type":"page","link":"https:\/\/cardinella.eu\/pl\/wozek\/","title":{"rendered":"cart"},"content":{"rendered":"<p>[et_pb_section fb_built=&#8221;1&#8243; custom_padding_last_edited=&#8221;on|desktop&#8221; _builder_version=&#8221;4.6.6&#8243; custom_padding=&#8221;80px||0px||false|false&#8221; custom_padding_tablet=&#8221;60px||||false|false&#8221; custom_padding_phone=&#8221;40px||||false|false&#8221; global_colors_info=&#8221;{}&#8221;][et_pb_row _builder_version=&#8221;3.25&#8243; background_size=&#8221;initial&#8221; background_position=&#8221;top_left&#8221; background_repeat=&#8221;repeat&#8221; width=&#8221;90%&#8221; width_tablet=&#8221;80%&#8221; width_phone=&#8221;&#8221; width_last_edited=&#8221;on|desktop&#8221; custom_padding=&#8221;0px|||||&#8221; global_colors_info=&#8221;{}&#8221;][et_pb_column type=&#8221;4_4&#8243; _builder_version=&#8221;3.25&#8243; custom_padding=&#8221;|||&#8221; global_colors_info=&#8221;{}&#8221; custom_padding__hover=&#8221;|||&#8221;][et_pb_text _builder_version=&#8221;4.14.6&#8243; _module_preset=&#8221;default&#8221; header_font=&#8221;|600|||||||&#8221; header_font_size=&#8221;37px&#8221; text_orientation=&#8221;center&#8221; custom_margin=&#8221;||37px||false|false&#8221; hover_enabled=&#8221;0&#8243; header_font_size_tablet=&#8221;34px&#8221; header_font_size_phone=&#8221;30px&#8221; header_font_size_last_edited=&#8221;on|phone&#8221; global_colors_info=&#8221;{}&#8221; sticky_enabled=&#8221;0&#8243;]<\/p>\n<h1>Produkty w koszyku<\/h1>\n<p>[\/et_pb_text][et_pb_code admin_label=&#8221;Woo Cart Shortcode &#8211; klasa .woo-cart&#8221; module_class=&#8221;dsdep-cart dsdep-color-dark&#8221; _builder_version=&#8221;4.6.6&#8243; global_colors_info=&#8221;{}&#8221;][\/et_pb_code][\/et_pb_column][\/et_pb_row][\/et_pb_section][et_pb_section fb_built=&#8221;1&#8243; admin_label=&#8221;Section &#8211; Bottom Blurbs&#8221; module_class=&#8221;bottom-blurbs&#8221; _builder_version=&#8221;4.6.6&#8243; custom_margin=&#8221;10px||-7px|||&#8221; custom_padding=&#8221;0px||0px||true|false&#8221; global_module=&#8221;2426&#8243; collapsed=&#8221;on&#8221; global_colors_info=&#8221;{}&#8221;][et_pb_row column_structure=&#8221;1_4,1_4,1_4,1_4&#8243; use_custom_gutter=&#8221;on&#8221; gutter_width=&#8221;1&#8243; make_equal=&#8221;on&#8221; module_class=&#8221;dsdep-small-row &#8221; _builder_version=&#8221;4.6.6&#8243; width=&#8221;95%&#8221; custom_margin=&#8221;0px||0px|&#8221; custom_padding=&#8221;0px||0px|&#8221; global_colors_info=&#8221;{}&#8221;][et_pb_column type=&#8221;1_4&#8243; _builder_version=&#8221;4.6.6&#8243; custom_padding=&#8221;23px|15px|23px|15px|true|true&#8221; border_width_right=&#8221;1px&#8221; border_color_right=&#8221;#efefef&#8221; border_color_bottom=&#8221;#efefef&#8221; border_width_right_tablet=&#8221;&#8221; border_width_right_phone=&#8221;0px&#8221; border_width_right_last_edited=&#8221;on|phone&#8221; border_width_bottom_tablet=&#8221;1px&#8221; border_width_bottom_phone=&#8221;&#8221; border_width_bottom_last_edited=&#8221;on|desktop&#8221; global_colors_info=&#8221;{}&#8221; custom_padding__hover=&#8221;|||&#8221;][et_pb_blurb title=&#8221;Szybka dostawa&#8221; use_icon=&#8221;on&#8221; font_icon=&#8221;&#xe015;||divi||400&#8243; icon_placement=&#8221;left&#8221; image_icon_width=&#8221;30px&#8221; admin_label=&#8221;Blurb &#8211; Free Shipping&#8221; _builder_version=&#8221;4.14.6&#8243; header_font_size=&#8221;21px&#8221; custom_padding=&#8221;15px|23px|15px|23px|true|true&#8221; animation=&#8221;off&#8221; custom_css_blurb_image=&#8221;vertical-align: middle;||padding-right: 10px;&#8221; custom_css_blurb_title=&#8221;padding-bottom: 16px;&#8221; icon_font_size=&#8221;30px&#8221; global_colors_info=&#8221;{}&#8221;]<\/p>\n<p>Zam\u00f3wienia s\u0105 dostarczane w ci\u0105gu 24-48 godzin<\/p>\n<p>[\/et_pb_blurb][\/et_pb_column][et_pb_column type=&#8221;1_4&#8243; _builder_version=&#8221;4.6.6&#8243; custom_padding=&#8221;23px|15px|23px|15px|true|true&#8221; border_width_right=&#8221;1px&#8221; border_color_right=&#8221;#efefef&#8221; border_color_bottom=&#8221;#efefef&#8221; border_width_right_tablet=&#8221;0px&#8221; border_width_right_phone=&#8221;0px&#8221; border_width_right_last_edited=&#8221;on|desktop&#8221; border_width_bottom_tablet=&#8221;1px&#8221; border_width_bottom_phone=&#8221;&#8221; border_width_bottom_last_edited=&#8221;on|desktop&#8221; global_colors_info=&#8221;{}&#8221; custom_padding__hover=&#8221;|||&#8221;][et_pb_blurb title=&#8221;Bezpieczna p\u0142atno\u015b\u0107&#8221; use_icon=&#8221;on&#8221; font_icon=&#8221;&#xe014;||divi||400&#8243; icon_placement=&#8221;left&#8221; image_icon_width=&#8221;30px&#8221; admin_label=&#8221;Blurb &#8211; Secure Payment&#8221; _builder_version=&#8221;4.14.6&#8243; header_font_size=&#8221;21px&#8221; custom_padding=&#8221;15px|23px|15px|23px|true|true&#8221; animation=&#8221;off&#8221; custom_css_blurb_image=&#8221;vertical-align: middle;||padding-right: 10px;&#8221; custom_css_blurb_title=&#8221;padding-bottom: 16px;&#8221; icon_font_size=&#8221;30px&#8221; global_colors_info=&#8221;{}&#8221;]<\/p>\n<p>P\u0142atno\u015b\u0107 po otrzymaniu zam\u00f3wienia<\/p>\n<p>[\/et_pb_blurb][\/et_pb_column][et_pb_column type=&#8221;1_4&#8243; _builder_version=&#8221;4.6.6&#8243; custom_padding=&#8221;23px|15px|23px|15px|true|true&#8221; border_width_right=&#8221;1px&#8221; border_color_right=&#8221;#efefef&#8221; border_color_bottom=&#8221;#efefef&#8221; border_width_right_tablet=&#8221;&#8221; border_width_right_phone=&#8221;0px&#8221; border_width_right_last_edited=&#8221;on|tablet&#8221; border_width_bottom_tablet=&#8221;0px&#8221; border_width_bottom_phone=&#8221;1px&#8221; border_width_bottom_last_edited=&#8221;on|phone&#8221; global_colors_info=&#8221;{}&#8221; custom_padding__hover=&#8221;|||&#8221;][et_pb_blurb title=&#8221;100% gwarancji&#8221; use_icon=&#8221;on&#8221; font_icon=&#8221;&#xe106;||divi||400&#8243; icon_placement=&#8221;left&#8221; image_icon_width=&#8221;30px&#8221; admin_label=&#8221;Blurb &#8211; Money Guarantee&#8221; _builder_version=&#8221;4.14.6&#8243; header_font_size=&#8221;21px&#8221; custom_padding=&#8221;15px|23px|15px|23px|true|true&#8221; animation=&#8221;off&#8221; custom_css_blurb_image=&#8221;vertical-align: middle;||padding-right: 10px;&#8221; custom_css_blurb_title=&#8221;padding-bottom: 16px;&#8221; icon_font_size=&#8221;30px&#8221; global_colors_info=&#8221;{}&#8221;]<\/p>\n<p>14-dniowe prawo zwrotu<\/p>\n<p>[\/et_pb_blurb][\/et_pb_column][et_pb_column type=&#8221;1_4&#8243; _builder_version=&#8221;4.6.6&#8243; custom_padding=&#8221;23px|15px|23px|15px|true|true&#8221; border_color_right=&#8221;#efefef&#8221; border_color_bottom=&#8221;#efefef&#8221; border_width_right_tablet=&#8221;&#8221; border_width_right_phone=&#8221;0px&#8221; border_width_right_last_edited=&#8221;on|tablet&#8221; border_width_bottom_tablet=&#8221;0px&#8221; border_width_bottom_phone=&#8221;&#8221; border_width_bottom_last_edited=&#8221;on|phone&#8221; global_colors_info=&#8221;{}&#8221; custom_padding__hover=&#8221;|||&#8221;][et_pb_blurb title=&#8221;Gwarancja&#8221; use_icon=&#8221;on&#8221; font_icon=&#8221;&#xe028;||divi||400&#8243; icon_placement=&#8221;left&#8221; image_icon_width=&#8221;30px&#8221; admin_label=&#8221;Blurb &#8211; Online Support&#8221; _builder_version=&#8221;4.14.6&#8243; header_font_size=&#8221;21px&#8221; custom_padding=&#8221;15px|23px|15px|23px|true|true&#8221; animation=&#8221;off&#8221; custom_css_blurb_image=&#8221;vertical-align: middle;||padding-right: 10px;&#8221; custom_css_blurb_title=&#8221;padding-bottom: 16px;&#8221; icon_font_size=&#8221;30px&#8221; global_colors_info=&#8221;{}&#8221;]<\/p>\n<p>24-miesi\u0119czna gwarancja na wszystkie produkty<\/p>\n<p>[\/et_pb_blurb][\/et_pb_column][\/et_pb_row][\/et_pb_section][et_pb_section fb_built=&#8221;1&#8243; admin_label=&#8221;Newsletter Section&#8221; _builder_version=&#8221;4.6.6&#8243; _module_preset=&#8221;default&#8221; custom_padding=&#8221;0px||80px||false|false&#8221; global_module=&#8221;237733&#8243; saved_tabs=&#8221;all&#8221; global_colors_info=&#8221;{}&#8221;][et_pb_row module_class=&#8221;dsdep-background-color-primary dsdep-borderRadius &#8221; _builder_version=&#8221;4.6.6&#8243; _module_preset=&#8221;default&#8221; custom_padding=&#8221;60px|40px|60px|40px|true|true&#8221; global_colors_info=&#8221;{}&#8221;][et_pb_column type=&#8221;4_4&#8243; _builder_version=&#8221;4.6.6&#8243; _module_preset=&#8221;default&#8221; global_colors_info=&#8221;{}&#8221;][et_pb_signup provider=&#8221;mailpoet&#8221; mailpoet_list=&#8221;\u041d\u043e\u0432\u0438 \u0430\u0431\u043e\u043d\u0430\u0442\u0438|3&#8243; name_field=&#8221;on&#8221; success_message=&#8221;Dzi\u0119kuj\u0119! Mo\u017cesz zweryfikowa\u0107 sw\u00f3j adres e-mail.&#8221; title=&#8221;Zapisz si\u0119 do naszego newslettera&#8221; button_text=&#8221;wysy\u0142a\u0107&#8221; description=&#8221;<\/p>\n<p>Subskrybuj\u0105c, potwierdzam, \u017ce chc\u0119 otrzymywa\u0107 oferty specjalne<\/p>\n<p>&#8221; module_class=&#8221;dsdep-optin dsdep-inline-optin  dsdep-module-button-shadow-primary dsdep-module-button-second&#8221; _builder_version=&#8221;4.14.6&#8243; _module_preset=&#8221;default&#8221; use_background_color=&#8221;off&#8221; max_width=&#8221;1200px&#8221; module_alignment=&#8221;center&#8221; global_colors_info=&#8221;{}&#8221;][\/et_pb_signup][\/et_pb_column][\/et_pb_row][\/et_pb_section]<\/p>\n","protected":false},"excerpt":{"rendered":"<p>Produkty w koszykuZam\u00f3wienia s\u0105 dostarczane w ci\u0105gu 24-48 godzinP\u0142atno\u015b\u0107 po otrzymaniu zam\u00f3wienia14-dniowe prawo zwrotu24-miesi\u0119czna gwarancja na wszystkie produkty<\/p>\n","protected":false},"author":1,"featured_media":0,"parent":0,"menu_order":0,"comment_status":"closed","ping_status":"closed","template":"","meta":{"_et_pb_use_builder":"on","_et_pb_old_content":"","_et_gb_content_width":"","footnotes":""},"class_list":["post-245378","page","type-page","status-publish","hentry"],"yoast_head":"<!-- This site is optimized with the Yoast SEO plugin v27.5 - https:\/\/yoast.com\/product\/yoast-seo-wordpress\/ -->\n<title>cart | Electric Blanket<\/title>\n<meta name=\"robots\" content=\"index, follow, max-snippet:-1, max-image-preview:large, max-video-preview:-1\" \/>\n<link rel=\"canonical\" href=\"https:\/\/cardinella.eu\/pl\/wozek\/\" \/>\n<meta property=\"og:locale\" content=\"pl_PL\" \/>\n<meta property=\"og:type\" content=\"article\" \/>\n<meta property=\"og:title\" content=\"cart | Electric Blanket\" \/>\n<meta property=\"og:description\" content=\"Produkty w koszykuZam\u00f3wienia s\u0105 dostarczane w ci\u0105gu 24-48 godzinP\u0142atno\u015b\u0107 po otrzymaniu zam\u00f3wienia14-dniowe prawo zwrotu24-miesi\u0119czna gwarancja na wszystkie produkty\" \/>\n<meta property=\"og:url\" content=\"https:\/\/cardinella.eu\/pl\/wozek\/\" \/>\n<meta property=\"og:site_name\" content=\"Electric Blanket\" \/>\n<meta property=\"article:modified_time\" content=\"2023-09-23T19:50:09+00:00\" \/>\n<meta name=\"twitter:card\" content=\"summary_large_image\" \/>\n<meta name=\"twitter:label1\" content=\"Szacowany czas czytania\" \/>\n\t<meta name=\"twitter:data1\" content=\"5 minut\" \/>\n<script type=\"application\/ld+json\" class=\"yoast-schema-graph\">{\"@context\":\"https:\\\/\\\/schema.org\",\"@graph\":[{\"@type\":\"WebPage\",\"@id\":\"https:\\\/\\\/cardinella.eu\\\/pl\\\/wozek\\\/\",\"url\":\"https:\\\/\\\/cardinella.eu\\\/pl\\\/wozek\\\/\",\"name\":\"cart | Electric Blanket\",\"isPartOf\":{\"@id\":\"https:\\\/\\\/cardinella.eu\\\/pl\\\/#website\"},\"datePublished\":\"2017-11-13T12:52:54+00:00\",\"dateModified\":\"2023-09-23T19:50:09+00:00\",\"breadcrumb\":{\"@id\":\"https:\\\/\\\/cardinella.eu\\\/pl\\\/wozek\\\/#breadcrumb\"},\"inLanguage\":\"pl-PL\",\"potentialAction\":[{\"@type\":\"ReadAction\",\"target\":[\"https:\\\/\\\/cardinella.eu\\\/pl\\\/wozek\\\/\"]}]},{\"@type\":\"BreadcrumbList\",\"@id\":\"https:\\\/\\\/cardinella.eu\\\/pl\\\/wozek\\\/#breadcrumb\",\"itemListElement\":[{\"@type\":\"ListItem\",\"position\":1,\"name\":\"Home\",\"item\":\"https:\\\/\\\/cardinella.eu\\\/pl\\\/\"},{\"@type\":\"ListItem\",\"position\":2,\"name\":\"cart\"}]},{\"@type\":\"WebSite\",\"@id\":\"https:\\\/\\\/cardinella.eu\\\/pl\\\/#website\",\"url\":\"https:\\\/\\\/cardinella.eu\\\/pl\\\/\",\"name\":\"Electric Blanket\",\"description\":\"Personal Body Warmers\",\"publisher\":{\"@id\":\"https:\\\/\\\/cardinella.eu\\\/pl\\\/#organization\"},\"potentialAction\":[{\"@type\":\"SearchAction\",\"target\":{\"@type\":\"EntryPoint\",\"urlTemplate\":\"https:\\\/\\\/cardinella.eu\\\/pl\\\/?s={search_term_string}\"},\"query-input\":{\"@type\":\"PropertyValueSpecification\",\"valueRequired\":true,\"valueName\":\"search_term_string\"}}],\"inLanguage\":\"pl-PL\"},{\"@type\":\"Organization\",\"@id\":\"https:\\\/\\\/cardinella.eu\\\/pl\\\/#organization\",\"name\":\"Domtex.Bg Ltd\",\"alternateName\":\"Cardinella\",\"url\":\"https:\\\/\\\/cardinella.eu\\\/pl\\\/\",\"logo\":{\"@type\":\"ImageObject\",\"inLanguage\":\"pl-PL\",\"@id\":\"https:\\\/\\\/cardinella.eu\\\/pl\\\/#\\\/schema\\\/logo\\\/image\\\/\",\"url\":\"https:\\\/\\\/cardinella.eu\\\/wp-content\\\/uploads\\\/2022\\\/01\\\/Cardinella_logo_C.png\",\"contentUrl\":\"https:\\\/\\\/cardinella.eu\\\/wp-content\\\/uploads\\\/2022\\\/01\\\/Cardinella_logo_C.png\",\"width\":72,\"height\":72,\"caption\":\"Domtex.Bg Ltd\"},\"image\":{\"@id\":\"https:\\\/\\\/cardinella.eu\\\/pl\\\/#\\\/schema\\\/logo\\\/image\\\/\"}}]}<\/script>\n<!-- \/ Yoast SEO plugin. -->","yoast_head_json":{"title":"cart | Electric Blanket","robots":{"index":"index","follow":"follow","max-snippet":"max-snippet:-1","max-image-preview":"max-image-preview:large","max-video-preview":"max-video-preview:-1"},"canonical":"https:\/\/cardinella.eu\/pl\/wozek\/","og_locale":"pl_PL","og_type":"article","og_title":"cart | Electric Blanket","og_description":"Produkty w koszykuZam\u00f3wienia s\u0105 dostarczane w ci\u0105gu 24-48 godzinP\u0142atno\u015b\u0107 po otrzymaniu zam\u00f3wienia14-dniowe prawo zwrotu24-miesi\u0119czna gwarancja na wszystkie produkty","og_url":"https:\/\/cardinella.eu\/pl\/wozek\/","og_site_name":"Electric Blanket","article_modified_time":"2023-09-23T19:50:09+00:00","twitter_card":"summary_large_image","twitter_misc":{"Szacowany czas czytania":"5 minut"},"schema":{"@context":"https:\/\/schema.org","@graph":[{"@type":"WebPage","@id":"https:\/\/cardinella.eu\/pl\/wozek\/","url":"https:\/\/cardinella.eu\/pl\/wozek\/","name":"cart | Electric Blanket","isPartOf":{"@id":"https:\/\/cardinella.eu\/pl\/#website"},"datePublished":"2017-11-13T12:52:54+00:00","dateModified":"2023-09-23T19:50:09+00:00","breadcrumb":{"@id":"https:\/\/cardinella.eu\/pl\/wozek\/#breadcrumb"},"inLanguage":"pl-PL","potentialAction":[{"@type":"ReadAction","target":["https:\/\/cardinella.eu\/pl\/wozek\/"]}]},{"@type":"BreadcrumbList","@id":"https:\/\/cardinella.eu\/pl\/wozek\/#breadcrumb","itemListElement":[{"@type":"ListItem","position":1,"name":"Home","item":"https:\/\/cardinella.eu\/pl\/"},{"@type":"ListItem","position":2,"name":"cart"}]},{"@type":"WebSite","@id":"https:\/\/cardinella.eu\/pl\/#website","url":"https:\/\/cardinella.eu\/pl\/","name":"Electric Blanket","description":"Personal Body Warmers","publisher":{"@id":"https:\/\/cardinella.eu\/pl\/#organization"},"potentialAction":[{"@type":"SearchAction","target":{"@type":"EntryPoint","urlTemplate":"https:\/\/cardinella.eu\/pl\/?s={search_term_string}"},"query-input":{"@type":"PropertyValueSpecification","valueRequired":true,"valueName":"search_term_string"}}],"inLanguage":"pl-PL"},{"@type":"Organization","@id":"https:\/\/cardinella.eu\/pl\/#organization","name":"Domtex.Bg Ltd","alternateName":"Cardinella","url":"https:\/\/cardinella.eu\/pl\/","logo":{"@type":"ImageObject","inLanguage":"pl-PL","@id":"https:\/\/cardinella.eu\/pl\/#\/schema\/logo\/image\/","url":"https:\/\/cardinella.eu\/wp-content\/uploads\/2022\/01\/Cardinella_logo_C.png","contentUrl":"https:\/\/cardinella.eu\/wp-content\/uploads\/2022\/01\/Cardinella_logo_C.png","width":72,"height":72,"caption":"Domtex.Bg Ltd"},"image":{"@id":"https:\/\/cardinella.eu\/pl\/#\/schema\/logo\/image\/"}}]}},"_links":{"self":[{"href":"https:\/\/cardinella.eu\/pl\/wp-json\/wp\/v2\/pages\/245378","targetHints":{"allow":["GET"]}}],"collection":[{"href":"https:\/\/cardinella.eu\/pl\/wp-json\/wp\/v2\/pages"}],"about":[{"href":"https:\/\/cardinella.eu\/pl\/wp-json\/wp\/v2\/types\/page"}],"author":[{"embeddable":true,"href":"https:\/\/cardinella.eu\/pl\/wp-json\/wp\/v2\/users\/1"}],"replies":[{"embeddable":true,"href":"https:\/\/cardinella.eu\/pl\/wp-json\/wp\/v2\/comments?post=245378"}],"version-history":[{"count":6,"href":"https:\/\/cardinella.eu\/pl\/wp-json\/wp\/v2\/pages\/245378\/revisions"}],"predecessor-version":[{"id":246291,"href":"https:\/\/cardinella.eu\/pl\/wp-json\/wp\/v2\/pages\/245378\/revisions\/246291"}],"wp:attachment":[{"href":"https:\/\/cardinella.eu\/pl\/wp-json\/wp\/v2\/media?parent=245378"}],"curies":[{"name":"wp","href":"https:\/\/api.w.org\/{rel}","templated":true}]}}