{"id":246297,"date":"2021-02-01T00:00:00","date_gmt":"2021-01-31T22:00:00","guid":{"rendered":"https:\/\/cardinella.eu\/shop\/przenosna-podkladka-grzewcza-lagodzaca-skurcze-menstruacyjna-podkladka-grzewcza-z-masazerem-elektryczny-pas-do-szybkiego-ogrzewania\/"},"modified":"2025-09-11T16:52:20","modified_gmt":"2025-09-11T13:52:20","slug":"801896","status":"publish","type":"product","link":"https:\/\/cardinella.eu\/pl\/produkt\/801896\/","title":{"rendered":"Przeno\u015bna podk\u0142adka grzewcza \u0142agodz\u0105ca skurcze, menstruacyjna podk\u0142adka grzewcza z masa\u017cerem, elektryczny pas do szybkiego ogrzewania"},"content":{"rendered":"<p>Podgrzewana poduszka do masa\u017cu<\/p>\n<p>Przeno\u015bny elektryczny pas grzewczy i masuj\u0105cy. Utrzymuje ciep\u0142o w talii i brzuchu zim\u0105. Zapewnia komfortow\u0105 terapi\u0119 grzewcz\u0105 w przypadku b\u00f3lu mi\u0119\u015bni dolnej cz\u0119\u015bci plec\u00f3w. \u0141agodzi bolesne miesi\u0105czkowanie lub b\u00f3l brzucha podczas masa\u017cu. Rozgrzewa brzuch i plecy.<\/p>\n<p>Zalety &#8211; Mobilne zasilanie &#8211; zewn\u0119trzna bateria \/ Power Bank &#8211; wbudowana poduszka do termoterapii &#8211; szybkie nagrzewanie i penetracja podczerwieni &#8211; Cicha praca &#8211; Ochrona napi\u0119cia, ochrona cieplna, bezpiecze\u0144stwo i komfort &#8211; Regulacja funkcji ogrzewania i masa\u017cu<\/p>\n<h6><a href=\"https:\/\/www.tuasaude.com\/en\/stomach-and-back-pain\/\" target=\"_blank\" rel=\"noopener\">B\u00f3l brzucha i plec\u00f3w: 8 przyczyn (i co robi\u0107)<\/a><\/h6>\n<p><a href=\"\/?product_cat=patura-electrica\" target=\"_blank\" rel=\"noopener\">Sprawd\u017a podobne produkty<\/a><\/p>\n","protected":false},"excerpt":{"rendered":"<p>Podgrzewana poduszka do masa\u017cu Przeno\u015bny elektryczny pas grzewczy i masuj\u0105cy. Utrzymuje ciep\u0142o w talii i brzuchu zim\u0105. Zapewnia komfortow\u0105 terapi\u0119 grzewcz\u0105 w przypadku b\u00f3lu mi\u0119\u015bni dolnej cz\u0119\u015bci plec\u00f3w. \u0141agodzi bolesne miesi\u0105czkowanie lub b\u00f3l brzucha podczas masa\u017cu. Rozgrzewa brzuch i plecy. Zalety &#8211; Mobilne zasilanie &#8211; zewn\u0119trzna bateria \/ Power Bank &#8211; wbudowana poduszka do termoterapii [&hellip;]<\/p>\n","protected":false},"featured_media":243163,"comment_status":"open","ping_status":"closed","template":"","meta":{"_et_pb_use_builder":"off","_et_pb_old_content":"Ten przeno\u015bny elektryczny pas do masa\u017cu i ogrzewania zapewnia ciep\u0142o w talii i brzuchu zim\u0105. Zapewnia komfortow\u0105 terapi\u0119 rozgrzewaj\u0105c\u0105 w przypadku b\u00f3lu mi\u0119\u015bni dolnej cz\u0119\u015bci plec\u00f3w, \u0142agodzi bolesne miesi\u0105czkowanie lub b\u00f3l brzucha, masuje, ogrzewa brzuch i plecy.\r\n\r\nZalety\r\n\r\n- Zasilanie mobilne - bateria zewn\u0119trzna \/ Power Bank,\r\n\r\n- wbudowana podk\u0142adka do termoterapii,\r\n\r\n- szybkie nagrzewanie i penetracja podczerwieni,\r\n\r\n- Cicha praca.\r\n\r\n- Ochrona przed napi\u0119ciem, ochrona termiczna, bezpiecze\u0144stwo i komfort.\r\n\r\n- Regulacja funkcji ogrzewania i masa\u017cu","_et_gb_content_width":""},"product_brand":[],"product_cat":[353],"product_tag":[],"class_list":{"0":"post-246297","1":"product","2":"type-product","3":"status-publish","4":"has-post-thumbnail","6":"product_cat-elektryczne-ogrzewacze-ciala","8":"first","9":"instock","10":"shipping-taxable","11":"purchasable","12":"product-type-simple"},"yoast_head":"<!-- This site is optimized with the Yoast SEO plugin v27.4 - https:\/\/yoast.com\/product\/yoast-seo-wordpress\/ -->\n<title>Podgrzewana poduszka do masa\u017cu| Terapia ciep\u0142em i masa\u017cem<\/title>\n<meta name=\"description\" content=\"Po\u0142\u0105czenie ciep\u0142a i masa\u017cu pomaga z\u0142agodzi\u0107 skurcze, rozlu\u017ani\u0107 mi\u0119\u015bnie i zmniejszy\u0107 wzd\u0119cia. | Podgrzewana poduszka do masa\u017cu | bardzo cienki | 5v bezpieczny\" \/>\n<meta name=\"robots\" content=\"index, follow, max-snippet:-1, max-image-preview:large, max-video-preview:-1\" \/>\n<link rel=\"canonical\" href=\"https:\/\/cardinella.eu\/pl\/produkt\/801896\/\" \/>\n<meta property=\"og:locale\" content=\"pl_PL\" \/>\n<meta property=\"og:type\" content=\"article\" \/>\n<meta property=\"og:title\" content=\"Podgrzewana poduszka do masa\u017cu| Terapia ciep\u0142em i masa\u017cem\" \/>\n<meta property=\"og:description\" content=\"Po\u0142\u0105czenie ciep\u0142a i masa\u017cu pomaga z\u0142agodzi\u0107 skurcze, rozlu\u017ani\u0107 mi\u0119\u015bnie i zmniejszy\u0107 wzd\u0119cia. | Podgrzewana poduszka do masa\u017cu | bardzo cienki | 5v bezpieczny\" \/>\n<meta property=\"og:url\" content=\"https:\/\/cardinella.eu\/pl\/produkt\/801896\/\" \/>\n<meta property=\"og:site_name\" content=\"Electric Blanket\" \/>\n<meta property=\"article:modified_time\" content=\"2025-09-11T13:52:20+00:00\" \/>\n<meta property=\"og:image\" content=\"https:\/\/cardinella.eu\/wp-content\/uploads\/2021\/10\/801896.jpg\" \/>\n\t<meta property=\"og:image:width\" content=\"1000\" \/>\n\t<meta property=\"og:image:height\" content=\"1000\" \/>\n\t<meta property=\"og:image:type\" content=\"image\/jpeg\" \/>\n<meta name=\"twitter:card\" content=\"summary_large_image\" \/>\n<meta name=\"twitter:label1\" content=\"Szacowany czas czytania\" \/>\n\t<meta name=\"twitter:data1\" content=\"1 minuta\" \/>\n<script type=\"application\/ld+json\" class=\"yoast-schema-graph\">{\"@context\":\"https:\\\/\\\/schema.org\",\"@graph\":[{\"@type\":[\"WebPage\",\"ItemPage\"],\"@id\":\"https:\\\/\\\/cardinella.eu\\\/pl\\\/produkt\\\/801896\\\/\",\"url\":\"https:\\\/\\\/cardinella.eu\\\/pl\\\/produkt\\\/801896\\\/\",\"name\":\"Podgrzewana poduszka do masa\u017cu| Terapia ciep\u0142em i masa\u017cem\",\"isPartOf\":{\"@id\":\"https:\\\/\\\/cardinella.eu\\\/pl\\\/#website\"},\"primaryImageOfPage\":{\"@id\":\"https:\\\/\\\/cardinella.eu\\\/pl\\\/produkt\\\/801896\\\/#primaryimage\"},\"image\":{\"@id\":\"https:\\\/\\\/cardinella.eu\\\/pl\\\/produkt\\\/801896\\\/#primaryimage\"},\"thumbnailUrl\":\"https:\\\/\\\/cdn.cardinella.eu\\\/wp-content\\\/uploads\\\/2021\\\/10\\\/801896.jpg\",\"datePublished\":\"2021-01-31T22:00:00+00:00\",\"dateModified\":\"2025-09-11T13:52:20+00:00\",\"description\":\"Po\u0142\u0105czenie ciep\u0142a i masa\u017cu pomaga z\u0142agodzi\u0107 skurcze, rozlu\u017ani\u0107 mi\u0119\u015bnie i zmniejszy\u0107 wzd\u0119cia. | Podgrzewana poduszka do masa\u017cu | bardzo cienki | 5v bezpieczny\",\"breadcrumb\":{\"@id\":\"https:\\\/\\\/cardinella.eu\\\/pl\\\/produkt\\\/801896\\\/#breadcrumb\"},\"inLanguage\":\"pl-PL\",\"potentialAction\":[{\"@type\":\"ReadAction\",\"target\":[\"https:\\\/\\\/cardinella.eu\\\/pl\\\/produkt\\\/801896\\\/\"]}]},{\"@type\":\"ImageObject\",\"inLanguage\":\"pl-PL\",\"@id\":\"https:\\\/\\\/cardinella.eu\\\/pl\\\/produkt\\\/801896\\\/#primaryimage\",\"url\":\"https:\\\/\\\/cdn.cardinella.eu\\\/wp-content\\\/uploads\\\/2021\\\/10\\\/801896.jpg\",\"contentUrl\":\"https:\\\/\\\/cdn.cardinella.eu\\\/wp-content\\\/uploads\\\/2021\\\/10\\\/801896.jpg\",\"width\":1000,\"height\":1000},{\"@type\":\"BreadcrumbList\",\"@id\":\"https:\\\/\\\/cardinella.eu\\\/pl\\\/produkt\\\/801896\\\/#breadcrumb\",\"itemListElement\":[{\"@type\":\"ListItem\",\"position\":1,\"name\":\"Home\",\"item\":\"https:\\\/\\\/cardinella.eu\\\/pl\\\/\"},{\"@type\":\"ListItem\",\"position\":2,\"name\":\"Shop\",\"item\":\"https:\\\/\\\/cardinella.eu\\\/shop\\\/\"},{\"@type\":\"ListItem\",\"position\":3,\"name\":\"Przeno\u015bna podk\u0142adka grzewcza \u0142agodz\u0105ca skurcze, menstruacyjna podk\u0142adka grzewcza z masa\u017cerem, elektryczny pas do szybkiego ogrzewania\"}]},{\"@type\":\"WebSite\",\"@id\":\"https:\\\/\\\/cardinella.eu\\\/pl\\\/#website\",\"url\":\"https:\\\/\\\/cardinella.eu\\\/pl\\\/\",\"name\":\"Electric Blanket\",\"description\":\"Personal Body Warmers\",\"publisher\":{\"@id\":\"https:\\\/\\\/cardinella.eu\\\/pl\\\/#organization\"},\"potentialAction\":[{\"@type\":\"SearchAction\",\"target\":{\"@type\":\"EntryPoint\",\"urlTemplate\":\"https:\\\/\\\/cardinella.eu\\\/pl\\\/?s={search_term_string}\"},\"query-input\":{\"@type\":\"PropertyValueSpecification\",\"valueRequired\":true,\"valueName\":\"search_term_string\"}}],\"inLanguage\":\"pl-PL\"},{\"@type\":\"Organization\",\"@id\":\"https:\\\/\\\/cardinella.eu\\\/pl\\\/#organization\",\"name\":\"Domtex.Bg Ltd\",\"alternateName\":\"Cardinella\",\"url\":\"https:\\\/\\\/cardinella.eu\\\/pl\\\/\",\"logo\":{\"@type\":\"ImageObject\",\"inLanguage\":\"pl-PL\",\"@id\":\"https:\\\/\\\/cardinella.eu\\\/pl\\\/#\\\/schema\\\/logo\\\/image\\\/\",\"url\":\"https:\\\/\\\/cardinella.eu\\\/wp-content\\\/uploads\\\/2022\\\/01\\\/Cardinella_logo_C.png\",\"contentUrl\":\"https:\\\/\\\/cardinella.eu\\\/wp-content\\\/uploads\\\/2022\\\/01\\\/Cardinella_logo_C.png\",\"width\":72,\"height\":72,\"caption\":\"Domtex.Bg Ltd\"},\"image\":{\"@id\":\"https:\\\/\\\/cardinella.eu\\\/pl\\\/#\\\/schema\\\/logo\\\/image\\\/\"}}]}<\/script>\n<!-- \/ Yoast SEO plugin. -->","yoast_head_json":{"title":"Podgrzewana poduszka do masa\u017cu| Terapia ciep\u0142em i masa\u017cem","description":"Po\u0142\u0105czenie ciep\u0142a i masa\u017cu pomaga z\u0142agodzi\u0107 skurcze, rozlu\u017ani\u0107 mi\u0119\u015bnie i zmniejszy\u0107 wzd\u0119cia. | Podgrzewana poduszka do masa\u017cu | bardzo cienki | 5v bezpieczny","robots":{"index":"index","follow":"follow","max-snippet":"max-snippet:-1","max-image-preview":"max-image-preview:large","max-video-preview":"max-video-preview:-1"},"canonical":"https:\/\/cardinella.eu\/pl\/produkt\/801896\/","og_locale":"pl_PL","og_type":"article","og_title":"Podgrzewana poduszka do masa\u017cu| Terapia ciep\u0142em i masa\u017cem","og_description":"Po\u0142\u0105czenie ciep\u0142a i masa\u017cu pomaga z\u0142agodzi\u0107 skurcze, rozlu\u017ani\u0107 mi\u0119\u015bnie i zmniejszy\u0107 wzd\u0119cia. | Podgrzewana poduszka do masa\u017cu | bardzo cienki | 5v bezpieczny","og_url":"https:\/\/cardinella.eu\/pl\/produkt\/801896\/","og_site_name":"Electric Blanket","article_modified_time":"2025-09-11T13:52:20+00:00","og_image":[{"width":1000,"height":1000,"url":"https:\/\/cardinella.eu\/wp-content\/uploads\/2021\/10\/801896.jpg","type":"image\/jpeg"}],"twitter_card":"summary_large_image","twitter_misc":{"Szacowany czas czytania":"1 minuta"},"schema":{"@context":"https:\/\/schema.org","@graph":[{"@type":["WebPage","ItemPage"],"@id":"https:\/\/cardinella.eu\/pl\/produkt\/801896\/","url":"https:\/\/cardinella.eu\/pl\/produkt\/801896\/","name":"Podgrzewana poduszka do masa\u017cu| Terapia ciep\u0142em i masa\u017cem","isPartOf":{"@id":"https:\/\/cardinella.eu\/pl\/#website"},"primaryImageOfPage":{"@id":"https:\/\/cardinella.eu\/pl\/produkt\/801896\/#primaryimage"},"image":{"@id":"https:\/\/cardinella.eu\/pl\/produkt\/801896\/#primaryimage"},"thumbnailUrl":"https:\/\/cdn.cardinella.eu\/wp-content\/uploads\/2021\/10\/801896.jpg","datePublished":"2021-01-31T22:00:00+00:00","dateModified":"2025-09-11T13:52:20+00:00","description":"Po\u0142\u0105czenie ciep\u0142a i masa\u017cu pomaga z\u0142agodzi\u0107 skurcze, rozlu\u017ani\u0107 mi\u0119\u015bnie i zmniejszy\u0107 wzd\u0119cia. | Podgrzewana poduszka do masa\u017cu | bardzo cienki | 5v bezpieczny","breadcrumb":{"@id":"https:\/\/cardinella.eu\/pl\/produkt\/801896\/#breadcrumb"},"inLanguage":"pl-PL","potentialAction":[{"@type":"ReadAction","target":["https:\/\/cardinella.eu\/pl\/produkt\/801896\/"]}]},{"@type":"ImageObject","inLanguage":"pl-PL","@id":"https:\/\/cardinella.eu\/pl\/produkt\/801896\/#primaryimage","url":"https:\/\/cdn.cardinella.eu\/wp-content\/uploads\/2021\/10\/801896.jpg","contentUrl":"https:\/\/cdn.cardinella.eu\/wp-content\/uploads\/2021\/10\/801896.jpg","width":1000,"height":1000},{"@type":"BreadcrumbList","@id":"https:\/\/cardinella.eu\/pl\/produkt\/801896\/#breadcrumb","itemListElement":[{"@type":"ListItem","position":1,"name":"Home","item":"https:\/\/cardinella.eu\/pl\/"},{"@type":"ListItem","position":2,"name":"Shop","item":"https:\/\/cardinella.eu\/shop\/"},{"@type":"ListItem","position":3,"name":"Przeno\u015bna podk\u0142adka grzewcza \u0142agodz\u0105ca skurcze, menstruacyjna podk\u0142adka grzewcza z masa\u017cerem, elektryczny pas do szybkiego ogrzewania"}]},{"@type":"WebSite","@id":"https:\/\/cardinella.eu\/pl\/#website","url":"https:\/\/cardinella.eu\/pl\/","name":"Electric Blanket","description":"Personal Body Warmers","publisher":{"@id":"https:\/\/cardinella.eu\/pl\/#organization"},"potentialAction":[{"@type":"SearchAction","target":{"@type":"EntryPoint","urlTemplate":"https:\/\/cardinella.eu\/pl\/?s={search_term_string}"},"query-input":{"@type":"PropertyValueSpecification","valueRequired":true,"valueName":"search_term_string"}}],"inLanguage":"pl-PL"},{"@type":"Organization","@id":"https:\/\/cardinella.eu\/pl\/#organization","name":"Domtex.Bg Ltd","alternateName":"Cardinella","url":"https:\/\/cardinella.eu\/pl\/","logo":{"@type":"ImageObject","inLanguage":"pl-PL","@id":"https:\/\/cardinella.eu\/pl\/#\/schema\/logo\/image\/","url":"https:\/\/cardinella.eu\/wp-content\/uploads\/2022\/01\/Cardinella_logo_C.png","contentUrl":"https:\/\/cardinella.eu\/wp-content\/uploads\/2022\/01\/Cardinella_logo_C.png","width":72,"height":72,"caption":"Domtex.Bg Ltd"},"image":{"@id":"https:\/\/cardinella.eu\/pl\/#\/schema\/logo\/image\/"}}]}},"_links":{"self":[{"href":"https:\/\/cardinella.eu\/pl\/wp-json\/wp\/v2\/product\/246297","targetHints":{"allow":["GET"]}}],"collection":[{"href":"https:\/\/cardinella.eu\/pl\/wp-json\/wp\/v2\/product"}],"about":[{"href":"https:\/\/cardinella.eu\/pl\/wp-json\/wp\/v2\/types\/product"}],"replies":[{"embeddable":true,"href":"https:\/\/cardinella.eu\/pl\/wp-json\/wp\/v2\/comments?post=246297"}],"wp:featuredmedia":[{"embeddable":true,"href":"https:\/\/cardinella.eu\/pl\/wp-json\/wp\/v2\/media\/243163"}],"wp:attachment":[{"href":"https:\/\/cardinella.eu\/pl\/wp-json\/wp\/v2\/media?parent=246297"}],"wp:term":[{"taxonomy":"product_brand","embeddable":true,"href":"https:\/\/cardinella.eu\/pl\/wp-json\/wp\/v2\/product_brand?post=246297"},{"taxonomy":"product_cat","embeddable":true,"href":"https:\/\/cardinella.eu\/pl\/wp-json\/wp\/v2\/product_cat?post=246297"},{"taxonomy":"product_tag","embeddable":true,"href":"https:\/\/cardinella.eu\/pl\/wp-json\/wp\/v2\/product_tag?post=246297"}],"curies":[{"name":"wp","href":"https:\/\/api.w.org\/{rel}","templated":true}]}}