{"id":246299,"date":"2023-09-18T16:36:01","date_gmt":"2023-09-18T14:36:01","guid":{"rendered":"https:\/\/cardinella.eu\/shop\/zewnetrzna-bateria-do-kamizelki-grzewczej-viaking-20000-mah-port-usb\/"},"modified":"2025-09-11T16:52:25","modified_gmt":"2025-09-11T13:52:25","slug":"803357","status":"publish","type":"product","link":"https:\/\/cardinella.eu\/pl\/produkt\/803357\/","title":{"rendered":"Zewn\u0119trzna bateria do kamizelki grzewczej  20000 mAh, port USB"},"content":{"rendered":"<p data-start=\"617\" data-end=\"671\"><strong>Zewn\u0119trzna bateria odpowiednia do wielu urz\u0105dze\u0144<\/strong><\/p>\n<p data-start=\"673\" data-end=\"945\">Nowoczesny powerbank o pojemno\u015bci <strong data-start=\"707\" data-end=\"721\">20 000 mAh<\/strong> zapewnia niezawodne \u017ar\u00f3d\u0142o energii w ka\u017cdej sytuacji. Wyposa\u017cony w praktyczny <strong data-start=\"800\" data-end=\"819\">wy\u015bwietlacz LCD<\/strong>, port USB i micro USB oraz funkcj\u0119 latarki, doskonale sprawdzi si\u0119 zar\u00f3wno w codziennym u\u017cytkowaniu, jak i podczas podr\u00f3\u017cy.<\/p>\n<p data-start=\"947\" data-end=\"990\">Mo\u017ce zasila\u0107 r\u00f3\u017cne urz\u0105dzenia, takie jak:<\/p>\n<ul data-start=\"782\" data-end=\"944\">\n<li data-start=\"782\" data-end=\"818\">\n<p data-start=\"784\" data-end=\"818\">Wk\u0142adki elektrycznie podgrzewane<\/p>\n<\/li>\n<li data-start=\"819\" data-end=\"853\">\n<p data-start=\"821\" data-end=\"853\">Elektryczna kamizelka grzewcza<\/p>\n<\/li>\n<li data-start=\"854\" data-end=\"891\">\n<p data-start=\"856\" data-end=\"891\">R\u0119kawice elektrycznie podgrzewane<\/p>\n<\/li>\n<li data-start=\"892\" data-end=\"921\">\n<p data-start=\"894\" data-end=\"921\">Elektryczny pas do masa\u017cu<\/p>\n<\/li>\n<li data-start=\"922\" data-end=\"944\">\n<p data-start=\"924\" data-end=\"944\">Telefony i tablety<\/p>\n<\/li>\n<\/ul>\n<h3 data-start=\"951\" data-end=\"970\">Zewn\u0119trzna bateria 20 000 mAh \u2013 Cechy produktu:<\/h3>\n<ul data-start=\"971\" data-end=\"1210\">\n<li data-start=\"971\" data-end=\"1003\">\n<p data-start=\"973\" data-end=\"1003\">Akumulator litowo-polimerowy<\/p>\n<\/li>\n<li data-start=\"1004\" data-end=\"1033\">\n<p data-start=\"1006\" data-end=\"1033\">Pojemno\u015b\u0107: <strong data-start=\"1017\" data-end=\"1031\">20 000 mAh<\/strong><\/p>\n<\/li>\n<li data-start=\"1054\" data-end=\"1072\">\n<p data-start=\"1056\" data-end=\"1072\">Port micro USB<\/p>\n<\/li>\n<li data-start=\"1073\" data-end=\"1085\">\n<p data-start=\"1075\" data-end=\"1085\">Port USB<\/p>\n<\/li>\n<li data-start=\"1086\" data-end=\"1105\">\n<p data-start=\"1088\" data-end=\"1105\">Funkcja latarki<\/p>\n<\/li>\n<li data-start=\"1106\" data-end=\"1140\">\n<p data-start=\"1108\" data-end=\"1140\">Napi\u0119cie\/Pr\u0105d: <strong data-start=\"1123\" data-end=\"1138\">5 V \/ 2,4 A<\/strong><\/p>\n<\/li>\n<li data-start=\"1141\" data-end=\"1179\">\n<p data-start=\"1143\" data-end=\"1179\">Kabel micro USB (0,3 m) w zestawie<\/p>\n<\/li>\n<li data-start=\"1180\" data-end=\"1210\">\n<p data-start=\"1182\" data-end=\"1210\">Wymiary: <strong data-start=\"1191\" data-end=\"1208\">14 \u00d7 7 \u00d7 2 cm<\/strong><\/p>\n<\/li>\n<\/ul>\n","protected":false},"excerpt":{"rendered":"<p>Powerbank o pojemno\u015bci 20 000 mAh z wy\u015bwietlaczem, funkcj\u0105 latarki i dwoma portami USB. Idealny do zasilania telefon\u00f3w, tablet\u00f3w oraz akcesori\u00f3w grzewczych.<\/p>\n","protected":false},"featured_media":246408,"comment_status":"open","ping_status":"closed","template":"","meta":{"_et_pb_use_builder":"","_et_pb_old_content":"","_et_gb_content_width":""},"product_brand":[],"product_cat":[348],"product_tag":[],"class_list":{"0":"post-246299","1":"product","2":"type-product","3":"status-publish","4":"has-post-thumbnail","6":"product_cat-power-bank-pl","8":"first","9":"instock","10":"shipping-taxable","11":"purchasable","12":"product-type-simple"},"yoast_head":"<!-- This site is optimized with the Yoast SEO plugin v27.4 - https:\/\/yoast.com\/product\/yoast-seo-wordpress\/ -->\n<title>Zewn\u0119trzna bateria do kamizelki grzewczej 20000 mAh, port USB | Electric Blanket<\/title>\n<meta name=\"description\" content=\"Zewn\u0119trzna bateria odpowiednia dla | elektryczna kamizelka grzewcza | podgrzewane wk\u0142adki| telefony| tablet | Zfunkcja latarki | 5V 2.4 A\" \/>\n<meta name=\"robots\" content=\"index, follow, max-snippet:-1, max-image-preview:large, max-video-preview:-1\" \/>\n<link rel=\"canonical\" href=\"https:\/\/cardinella.eu\/pl\/produkt\/803357\/\" \/>\n<meta property=\"og:locale\" content=\"pl_PL\" \/>\n<meta property=\"og:type\" content=\"article\" \/>\n<meta property=\"og:title\" content=\"Zewn\u0119trzna bateria do kamizelki grzewczej 20000 mAh, port USB | Electric Blanket\" \/>\n<meta property=\"og:description\" content=\"Zewn\u0119trzna bateria odpowiednia dla | elektryczna kamizelka grzewcza | podgrzewane wk\u0142adki| telefony| tablet | Zfunkcja latarki | 5V 2.4 A\" \/>\n<meta property=\"og:url\" content=\"https:\/\/cardinella.eu\/pl\/produkt\/803357\/\" \/>\n<meta property=\"og:site_name\" content=\"Electric Blanket\" \/>\n<meta property=\"article:modified_time\" content=\"2025-09-11T13:52:25+00:00\" \/>\n<meta property=\"og:image\" content=\"https:\/\/cdn.cardinella.eu\/wp-content\/uploads\/2025\/08\/powerbank-20-03-scaled.jpeg\" \/>\n\t<meta property=\"og:image:width\" content=\"2560\" \/>\n\t<meta property=\"og:image:height\" content=\"1987\" \/>\n\t<meta property=\"og:image:type\" content=\"image\/jpeg\" \/>\n<meta name=\"twitter:card\" content=\"summary_large_image\" \/>\n<meta name=\"twitter:label1\" content=\"Szacowany czas czytania\" \/>\n\t<meta name=\"twitter:data1\" content=\"1 minuta\" \/>\n<script type=\"application\/ld+json\" class=\"yoast-schema-graph\">{\"@context\":\"https:\\\/\\\/schema.org\",\"@graph\":[{\"@type\":[\"WebPage\",\"ItemPage\"],\"@id\":\"https:\\\/\\\/cardinella.eu\\\/pl\\\/produkt\\\/803357\\\/\",\"url\":\"https:\\\/\\\/cardinella.eu\\\/pl\\\/produkt\\\/803357\\\/\",\"name\":\"Zewn\u0119trzna bateria do kamizelki grzewczej 20000 mAh, port USB | Electric Blanket\",\"isPartOf\":{\"@id\":\"https:\\\/\\\/cardinella.eu\\\/pl\\\/#website\"},\"primaryImageOfPage\":{\"@id\":\"https:\\\/\\\/cardinella.eu\\\/pl\\\/produkt\\\/803357\\\/#primaryimage\"},\"image\":{\"@id\":\"https:\\\/\\\/cardinella.eu\\\/pl\\\/produkt\\\/803357\\\/#primaryimage\"},\"thumbnailUrl\":\"https:\\\/\\\/cdn.cardinella.eu\\\/wp-content\\\/uploads\\\/2025\\\/08\\\/powerbank-20-03-scaled.jpeg\",\"datePublished\":\"2023-09-18T14:36:01+00:00\",\"dateModified\":\"2025-09-11T13:52:25+00:00\",\"description\":\"Zewn\u0119trzna bateria odpowiednia dla | elektryczna kamizelka grzewcza | podgrzewane wk\u0142adki| telefony| tablet | Zfunkcja latarki | 5V 2.4 A\",\"breadcrumb\":{\"@id\":\"https:\\\/\\\/cardinella.eu\\\/pl\\\/produkt\\\/803357\\\/#breadcrumb\"},\"inLanguage\":\"pl-PL\",\"potentialAction\":[{\"@type\":\"ReadAction\",\"target\":[\"https:\\\/\\\/cardinella.eu\\\/pl\\\/produkt\\\/803357\\\/\"]}]},{\"@type\":\"ImageObject\",\"inLanguage\":\"pl-PL\",\"@id\":\"https:\\\/\\\/cardinella.eu\\\/pl\\\/produkt\\\/803357\\\/#primaryimage\",\"url\":\"https:\\\/\\\/cdn.cardinella.eu\\\/wp-content\\\/uploads\\\/2025\\\/08\\\/powerbank-20-03-scaled.jpeg\",\"contentUrl\":\"https:\\\/\\\/cdn.cardinella.eu\\\/wp-content\\\/uploads\\\/2025\\\/08\\\/powerbank-20-03-scaled.jpeg\",\"width\":2560,\"height\":1987,\"caption\":\"Zewn\u0119trzna bateria\"},{\"@type\":\"BreadcrumbList\",\"@id\":\"https:\\\/\\\/cardinella.eu\\\/pl\\\/produkt\\\/803357\\\/#breadcrumb\",\"itemListElement\":[{\"@type\":\"ListItem\",\"position\":1,\"name\":\"Home\",\"item\":\"https:\\\/\\\/cardinella.eu\\\/pl\\\/\"},{\"@type\":\"ListItem\",\"position\":2,\"name\":\"Shop\",\"item\":\"https:\\\/\\\/cardinella.eu\\\/shop\\\/\"},{\"@type\":\"ListItem\",\"position\":3,\"name\":\"Zewn\u0119trzna bateria do kamizelki grzewczej 20000 mAh, port USB\"}]},{\"@type\":\"WebSite\",\"@id\":\"https:\\\/\\\/cardinella.eu\\\/pl\\\/#website\",\"url\":\"https:\\\/\\\/cardinella.eu\\\/pl\\\/\",\"name\":\"Electric Blanket\",\"description\":\"Personal Body Warmers\",\"publisher\":{\"@id\":\"https:\\\/\\\/cardinella.eu\\\/pl\\\/#organization\"},\"potentialAction\":[{\"@type\":\"SearchAction\",\"target\":{\"@type\":\"EntryPoint\",\"urlTemplate\":\"https:\\\/\\\/cardinella.eu\\\/pl\\\/?s={search_term_string}\"},\"query-input\":{\"@type\":\"PropertyValueSpecification\",\"valueRequired\":true,\"valueName\":\"search_term_string\"}}],\"inLanguage\":\"pl-PL\"},{\"@type\":\"Organization\",\"@id\":\"https:\\\/\\\/cardinella.eu\\\/pl\\\/#organization\",\"name\":\"Domtex.Bg Ltd\",\"alternateName\":\"Cardinella\",\"url\":\"https:\\\/\\\/cardinella.eu\\\/pl\\\/\",\"logo\":{\"@type\":\"ImageObject\",\"inLanguage\":\"pl-PL\",\"@id\":\"https:\\\/\\\/cardinella.eu\\\/pl\\\/#\\\/schema\\\/logo\\\/image\\\/\",\"url\":\"https:\\\/\\\/cardinella.eu\\\/wp-content\\\/uploads\\\/2022\\\/01\\\/Cardinella_logo_C.png\",\"contentUrl\":\"https:\\\/\\\/cardinella.eu\\\/wp-content\\\/uploads\\\/2022\\\/01\\\/Cardinella_logo_C.png\",\"width\":72,\"height\":72,\"caption\":\"Domtex.Bg Ltd\"},\"image\":{\"@id\":\"https:\\\/\\\/cardinella.eu\\\/pl\\\/#\\\/schema\\\/logo\\\/image\\\/\"}}]}<\/script>\n<!-- \/ Yoast SEO plugin. -->","yoast_head_json":{"title":"Zewn\u0119trzna bateria do kamizelki grzewczej 20000 mAh, port USB | Electric Blanket","description":"Zewn\u0119trzna bateria odpowiednia dla | elektryczna kamizelka grzewcza | podgrzewane wk\u0142adki| telefony| tablet | Zfunkcja latarki | 5V 2.4 A","robots":{"index":"index","follow":"follow","max-snippet":"max-snippet:-1","max-image-preview":"max-image-preview:large","max-video-preview":"max-video-preview:-1"},"canonical":"https:\/\/cardinella.eu\/pl\/produkt\/803357\/","og_locale":"pl_PL","og_type":"article","og_title":"Zewn\u0119trzna bateria do kamizelki grzewczej 20000 mAh, port USB | Electric Blanket","og_description":"Zewn\u0119trzna bateria odpowiednia dla | elektryczna kamizelka grzewcza | podgrzewane wk\u0142adki| telefony| tablet | Zfunkcja latarki | 5V 2.4 A","og_url":"https:\/\/cardinella.eu\/pl\/produkt\/803357\/","og_site_name":"Electric Blanket","article_modified_time":"2025-09-11T13:52:25+00:00","og_image":[{"width":2560,"height":1987,"url":"https:\/\/cdn.cardinella.eu\/wp-content\/uploads\/2025\/08\/powerbank-20-03-scaled.jpeg","type":"image\/jpeg"}],"twitter_card":"summary_large_image","twitter_misc":{"Szacowany czas czytania":"1 minuta"},"schema":{"@context":"https:\/\/schema.org","@graph":[{"@type":["WebPage","ItemPage"],"@id":"https:\/\/cardinella.eu\/pl\/produkt\/803357\/","url":"https:\/\/cardinella.eu\/pl\/produkt\/803357\/","name":"Zewn\u0119trzna bateria do kamizelki grzewczej 20000 mAh, port USB | Electric Blanket","isPartOf":{"@id":"https:\/\/cardinella.eu\/pl\/#website"},"primaryImageOfPage":{"@id":"https:\/\/cardinella.eu\/pl\/produkt\/803357\/#primaryimage"},"image":{"@id":"https:\/\/cardinella.eu\/pl\/produkt\/803357\/#primaryimage"},"thumbnailUrl":"https:\/\/cdn.cardinella.eu\/wp-content\/uploads\/2025\/08\/powerbank-20-03-scaled.jpeg","datePublished":"2023-09-18T14:36:01+00:00","dateModified":"2025-09-11T13:52:25+00:00","description":"Zewn\u0119trzna bateria odpowiednia dla | elektryczna kamizelka grzewcza | podgrzewane wk\u0142adki| telefony| tablet | Zfunkcja latarki | 5V 2.4 A","breadcrumb":{"@id":"https:\/\/cardinella.eu\/pl\/produkt\/803357\/#breadcrumb"},"inLanguage":"pl-PL","potentialAction":[{"@type":"ReadAction","target":["https:\/\/cardinella.eu\/pl\/produkt\/803357\/"]}]},{"@type":"ImageObject","inLanguage":"pl-PL","@id":"https:\/\/cardinella.eu\/pl\/produkt\/803357\/#primaryimage","url":"https:\/\/cdn.cardinella.eu\/wp-content\/uploads\/2025\/08\/powerbank-20-03-scaled.jpeg","contentUrl":"https:\/\/cdn.cardinella.eu\/wp-content\/uploads\/2025\/08\/powerbank-20-03-scaled.jpeg","width":2560,"height":1987,"caption":"Zewn\u0119trzna bateria"},{"@type":"BreadcrumbList","@id":"https:\/\/cardinella.eu\/pl\/produkt\/803357\/#breadcrumb","itemListElement":[{"@type":"ListItem","position":1,"name":"Home","item":"https:\/\/cardinella.eu\/pl\/"},{"@type":"ListItem","position":2,"name":"Shop","item":"https:\/\/cardinella.eu\/shop\/"},{"@type":"ListItem","position":3,"name":"Zewn\u0119trzna bateria do kamizelki grzewczej 20000 mAh, port USB"}]},{"@type":"WebSite","@id":"https:\/\/cardinella.eu\/pl\/#website","url":"https:\/\/cardinella.eu\/pl\/","name":"Electric Blanket","description":"Personal Body Warmers","publisher":{"@id":"https:\/\/cardinella.eu\/pl\/#organization"},"potentialAction":[{"@type":"SearchAction","target":{"@type":"EntryPoint","urlTemplate":"https:\/\/cardinella.eu\/pl\/?s={search_term_string}"},"query-input":{"@type":"PropertyValueSpecification","valueRequired":true,"valueName":"search_term_string"}}],"inLanguage":"pl-PL"},{"@type":"Organization","@id":"https:\/\/cardinella.eu\/pl\/#organization","name":"Domtex.Bg Ltd","alternateName":"Cardinella","url":"https:\/\/cardinella.eu\/pl\/","logo":{"@type":"ImageObject","inLanguage":"pl-PL","@id":"https:\/\/cardinella.eu\/pl\/#\/schema\/logo\/image\/","url":"https:\/\/cardinella.eu\/wp-content\/uploads\/2022\/01\/Cardinella_logo_C.png","contentUrl":"https:\/\/cardinella.eu\/wp-content\/uploads\/2022\/01\/Cardinella_logo_C.png","width":72,"height":72,"caption":"Domtex.Bg Ltd"},"image":{"@id":"https:\/\/cardinella.eu\/pl\/#\/schema\/logo\/image\/"}}]}},"_links":{"self":[{"href":"https:\/\/cardinella.eu\/pl\/wp-json\/wp\/v2\/product\/246299","targetHints":{"allow":["GET"]}}],"collection":[{"href":"https:\/\/cardinella.eu\/pl\/wp-json\/wp\/v2\/product"}],"about":[{"href":"https:\/\/cardinella.eu\/pl\/wp-json\/wp\/v2\/types\/product"}],"replies":[{"embeddable":true,"href":"https:\/\/cardinella.eu\/pl\/wp-json\/wp\/v2\/comments?post=246299"}],"wp:featuredmedia":[{"embeddable":true,"href":"https:\/\/cardinella.eu\/pl\/wp-json\/wp\/v2\/media\/246408"}],"wp:attachment":[{"href":"https:\/\/cardinella.eu\/pl\/wp-json\/wp\/v2\/media?parent=246299"}],"wp:term":[{"taxonomy":"product_brand","embeddable":true,"href":"https:\/\/cardinella.eu\/pl\/wp-json\/wp\/v2\/product_brand?post=246299"},{"taxonomy":"product_cat","embeddable":true,"href":"https:\/\/cardinella.eu\/pl\/wp-json\/wp\/v2\/product_cat?post=246299"},{"taxonomy":"product_tag","embeddable":true,"href":"https:\/\/cardinella.eu\/pl\/wp-json\/wp\/v2\/product_tag?post=246299"}],"curies":[{"name":"wp","href":"https:\/\/api.w.org\/{rel}","templated":true}]}}