{"id":246302,"date":"2023-09-21T14:33:51","date_gmt":"2023-09-21T12:33:51","guid":{"rendered":"https:\/\/cardinella.eu\/shop\/zewnetrzna-bateria-do-elektrycznie-podgrzewanych-wkladek-4000-mah\/"},"modified":"2025-09-11T10:57:13","modified_gmt":"2025-09-11T07:57:13","slug":"zewnetrzna-bateria-do-elektrycznie-podgrzewanych-wkladek-4000-mah","status":"publish","type":"product","link":"https:\/\/cardinella.eu\/pl\/produkt\/zewnetrzna-bateria-do-elektrycznie-podgrzewanych-wkladek-4000-mah\/","title":{"rendered":"Zewn\u0119trzna bateria do elektrycznie podgrzewanych wk\u0142adek, 5000 mAh"},"content":{"rendered":"<p>Przeno\u015bna bateria zewn\u0119trzna o optymalnych wymiarach, zajmuj\u0105ca niewiele miejsca i o pojemno\u015bci 4000 mAh.<\/p>\n<p>Przeno\u015bna bateria zewn\u0119trzna jest odpowiednia dla<\/p>\n<p>zasilacz do elektrycznych podgrzewanych wk\u0142adek, pasa grzewczego, podgrzewanego pasa do masa\u017cu, podgrzewanych r\u0119kawic<br \/>\u0142adowanie telefon\u00f3w kom\u00f3rkowych, iPoda, odtwarzacza MP3, GPS, tabletu itp,<\/p>\n<p>Przeno\u015bna bateria zewn\u0119trzna posiada dwa wej\u015bcia USB 5 V, 2,1 A<\/p>\n<p>Zasilacz mini USB &#8211; DC 5 V\/ 1,5 A<\/p>\n<p>Pojemno\u015b\u0107 baterii &#8211; 3,7 V\/5000 mAh<\/p>\n<p>Wymiary 10 x 6,5 x 2,5 cm<\/p>\n<p>Urz\u0105dzenie mo\u017cna \u0142adowa\u0107 za pomoc\u0105 zasilacza sieciowego i portu USB komputera. Akumulator s\u0142u\u017cy jako mobilne \u017ar\u00f3d\u0142o zasilania, gdy go potrzebujesz, zawsze i wsz\u0119dzie<\/p>\n","protected":false},"excerpt":{"rendered":"<p>zasilacz do elektrycznych podgrzewanych wk\u0142adek, pasa grzewczego, podgrzewanego pasa do masa\u017cu, podgrzewanych r\u0119kawic<br \/>\n\u0142adowanie telefon\u00f3w kom\u00f3rkowych, iPoda, odtwarzacza MP3, GPS, tabletu itp,<\/p>\n","protected":false},"featured_media":246411,"comment_status":"open","ping_status":"closed","template":"","meta":{"_et_pb_use_builder":"","_et_pb_old_content":"","_et_gb_content_width":""},"product_brand":[],"product_cat":[348],"product_tag":[],"class_list":{"0":"post-246302","1":"product","2":"type-product","3":"status-publish","4":"has-post-thumbnail","6":"product_cat-power-bank-pl","8":"first","9":"instock","10":"shipping-taxable","11":"purchasable","12":"product-type-simple"},"yoast_head":"<!-- This site is optimized with the Yoast SEO plugin v27.4 - https:\/\/yoast.com\/product\/yoast-seo-wordpress\/ -->\n<title>Zewn\u0119trzna bateria do elektrycznie podgrzewanych wk\u0142adek, 5000 mAh | Electric Blanket<\/title>\n<meta name=\"description\" content=\"Przeno\u015bny akumulator zewn\u0119trzny | zasilacz do elektrycznie podgrzewanych wk\u0142adek | pas grzewczy | podgrzewane r\u0119kawice | mini USB - DC 5 V \/ 1,5 A\" \/>\n<meta name=\"robots\" content=\"index, follow, max-snippet:-1, max-image-preview:large, max-video-preview:-1\" \/>\n<link rel=\"canonical\" href=\"https:\/\/cardinella.eu\/pl\/produkt\/zewnetrzna-bateria-do-elektrycznie-podgrzewanych-wkladek-4000-mah\/\" \/>\n<meta property=\"og:locale\" content=\"pl_PL\" \/>\n<meta property=\"og:type\" content=\"article\" \/>\n<meta property=\"og:title\" content=\"Zewn\u0119trzna bateria do elektrycznie podgrzewanych wk\u0142adek, 5000 mAh | Electric Blanket\" \/>\n<meta property=\"og:description\" content=\"Przeno\u015bny akumulator zewn\u0119trzny | zasilacz do elektrycznie podgrzewanych wk\u0142adek | pas grzewczy | podgrzewane r\u0119kawice | mini USB - DC 5 V \/ 1,5 A\" \/>\n<meta property=\"og:url\" content=\"https:\/\/cardinella.eu\/pl\/produkt\/zewnetrzna-bateria-do-elektrycznie-podgrzewanych-wkladek-4000-mah\/\" \/>\n<meta property=\"og:site_name\" content=\"Electric Blanket\" \/>\n<meta property=\"article:modified_time\" content=\"2025-09-11T07:57:13+00:00\" \/>\n<meta property=\"og:image\" content=\"https:\/\/cdn.cardinella.eu\/wp-content\/uploads\/2025\/08\/powerbank-5-02.jpeg\" \/>\n\t<meta property=\"og:image:width\" content=\"1455\" \/>\n\t<meta property=\"og:image:height\" content=\"2085\" \/>\n\t<meta property=\"og:image:type\" content=\"image\/jpeg\" \/>\n<meta name=\"twitter:card\" content=\"summary_large_image\" \/>\n<meta name=\"twitter:label1\" content=\"Szacowany czas czytania\" \/>\n\t<meta name=\"twitter:data1\" content=\"1 minuta\" \/>\n<script type=\"application\/ld+json\" class=\"yoast-schema-graph\">{\"@context\":\"https:\\\/\\\/schema.org\",\"@graph\":[{\"@type\":[\"WebPage\",\"ItemPage\"],\"@id\":\"https:\\\/\\\/cardinella.eu\\\/pl\\\/produkt\\\/zewnetrzna-bateria-do-elektrycznie-podgrzewanych-wkladek-4000-mah\\\/\",\"url\":\"https:\\\/\\\/cardinella.eu\\\/pl\\\/produkt\\\/zewnetrzna-bateria-do-elektrycznie-podgrzewanych-wkladek-4000-mah\\\/\",\"name\":\"Zewn\u0119trzna bateria do elektrycznie podgrzewanych wk\u0142adek, 5000 mAh | Electric Blanket\",\"isPartOf\":{\"@id\":\"https:\\\/\\\/cardinella.eu\\\/pl\\\/#website\"},\"primaryImageOfPage\":{\"@id\":\"https:\\\/\\\/cardinella.eu\\\/pl\\\/produkt\\\/zewnetrzna-bateria-do-elektrycznie-podgrzewanych-wkladek-4000-mah\\\/#primaryimage\"},\"image\":{\"@id\":\"https:\\\/\\\/cardinella.eu\\\/pl\\\/produkt\\\/zewnetrzna-bateria-do-elektrycznie-podgrzewanych-wkladek-4000-mah\\\/#primaryimage\"},\"thumbnailUrl\":\"https:\\\/\\\/cdn.cardinella.eu\\\/wp-content\\\/uploads\\\/2025\\\/08\\\/powerbank-5-02.jpeg\",\"datePublished\":\"2023-09-21T12:33:51+00:00\",\"dateModified\":\"2025-09-11T07:57:13+00:00\",\"description\":\"Przeno\u015bny akumulator zewn\u0119trzny | zasilacz do elektrycznie podgrzewanych wk\u0142adek | pas grzewczy | podgrzewane r\u0119kawice | mini USB - DC 5 V \\\/ 1,5 A\",\"breadcrumb\":{\"@id\":\"https:\\\/\\\/cardinella.eu\\\/pl\\\/produkt\\\/zewnetrzna-bateria-do-elektrycznie-podgrzewanych-wkladek-4000-mah\\\/#breadcrumb\"},\"inLanguage\":\"pl-PL\",\"potentialAction\":[{\"@type\":\"ReadAction\",\"target\":[\"https:\\\/\\\/cardinella.eu\\\/pl\\\/produkt\\\/zewnetrzna-bateria-do-elektrycznie-podgrzewanych-wkladek-4000-mah\\\/\"]}]},{\"@type\":\"ImageObject\",\"inLanguage\":\"pl-PL\",\"@id\":\"https:\\\/\\\/cardinella.eu\\\/pl\\\/produkt\\\/zewnetrzna-bateria-do-elektrycznie-podgrzewanych-wkladek-4000-mah\\\/#primaryimage\",\"url\":\"https:\\\/\\\/cdn.cardinella.eu\\\/wp-content\\\/uploads\\\/2025\\\/08\\\/powerbank-5-02.jpeg\",\"contentUrl\":\"https:\\\/\\\/cdn.cardinella.eu\\\/wp-content\\\/uploads\\\/2025\\\/08\\\/powerbank-5-02.jpeg\",\"width\":1455,\"height\":2085},{\"@type\":\"BreadcrumbList\",\"@id\":\"https:\\\/\\\/cardinella.eu\\\/pl\\\/produkt\\\/zewnetrzna-bateria-do-elektrycznie-podgrzewanych-wkladek-4000-mah\\\/#breadcrumb\",\"itemListElement\":[{\"@type\":\"ListItem\",\"position\":1,\"name\":\"Home\",\"item\":\"https:\\\/\\\/cardinella.eu\\\/pl\\\/\"},{\"@type\":\"ListItem\",\"position\":2,\"name\":\"Shop\",\"item\":\"https:\\\/\\\/cardinella.eu\\\/shop\\\/\"},{\"@type\":\"ListItem\",\"position\":3,\"name\":\"Zewn\u0119trzna bateria do elektrycznie podgrzewanych wk\u0142adek, 5000 mAh\"}]},{\"@type\":\"WebSite\",\"@id\":\"https:\\\/\\\/cardinella.eu\\\/pl\\\/#website\",\"url\":\"https:\\\/\\\/cardinella.eu\\\/pl\\\/\",\"name\":\"Electric Blanket\",\"description\":\"Personal Body Warmers\",\"publisher\":{\"@id\":\"https:\\\/\\\/cardinella.eu\\\/pl\\\/#organization\"},\"potentialAction\":[{\"@type\":\"SearchAction\",\"target\":{\"@type\":\"EntryPoint\",\"urlTemplate\":\"https:\\\/\\\/cardinella.eu\\\/pl\\\/?s={search_term_string}\"},\"query-input\":{\"@type\":\"PropertyValueSpecification\",\"valueRequired\":true,\"valueName\":\"search_term_string\"}}],\"inLanguage\":\"pl-PL\"},{\"@type\":\"Organization\",\"@id\":\"https:\\\/\\\/cardinella.eu\\\/pl\\\/#organization\",\"name\":\"Domtex.Bg Ltd\",\"alternateName\":\"Cardinella\",\"url\":\"https:\\\/\\\/cardinella.eu\\\/pl\\\/\",\"logo\":{\"@type\":\"ImageObject\",\"inLanguage\":\"pl-PL\",\"@id\":\"https:\\\/\\\/cardinella.eu\\\/pl\\\/#\\\/schema\\\/logo\\\/image\\\/\",\"url\":\"https:\\\/\\\/cardinella.eu\\\/wp-content\\\/uploads\\\/2022\\\/01\\\/Cardinella_logo_C.png\",\"contentUrl\":\"https:\\\/\\\/cardinella.eu\\\/wp-content\\\/uploads\\\/2022\\\/01\\\/Cardinella_logo_C.png\",\"width\":72,\"height\":72,\"caption\":\"Domtex.Bg Ltd\"},\"image\":{\"@id\":\"https:\\\/\\\/cardinella.eu\\\/pl\\\/#\\\/schema\\\/logo\\\/image\\\/\"}}]}<\/script>\n<!-- \/ Yoast SEO plugin. -->","yoast_head_json":{"title":"Zewn\u0119trzna bateria do elektrycznie podgrzewanych wk\u0142adek, 5000 mAh | Electric Blanket","description":"Przeno\u015bny akumulator zewn\u0119trzny | zasilacz do elektrycznie podgrzewanych wk\u0142adek | pas grzewczy | podgrzewane r\u0119kawice | mini USB - DC 5 V \/ 1,5 A","robots":{"index":"index","follow":"follow","max-snippet":"max-snippet:-1","max-image-preview":"max-image-preview:large","max-video-preview":"max-video-preview:-1"},"canonical":"https:\/\/cardinella.eu\/pl\/produkt\/zewnetrzna-bateria-do-elektrycznie-podgrzewanych-wkladek-4000-mah\/","og_locale":"pl_PL","og_type":"article","og_title":"Zewn\u0119trzna bateria do elektrycznie podgrzewanych wk\u0142adek, 5000 mAh | Electric Blanket","og_description":"Przeno\u015bny akumulator zewn\u0119trzny | zasilacz do elektrycznie podgrzewanych wk\u0142adek | pas grzewczy | podgrzewane r\u0119kawice | mini USB - DC 5 V \/ 1,5 A","og_url":"https:\/\/cardinella.eu\/pl\/produkt\/zewnetrzna-bateria-do-elektrycznie-podgrzewanych-wkladek-4000-mah\/","og_site_name":"Electric Blanket","article_modified_time":"2025-09-11T07:57:13+00:00","og_image":[{"width":1455,"height":2085,"url":"https:\/\/cdn.cardinella.eu\/wp-content\/uploads\/2025\/08\/powerbank-5-02.jpeg","type":"image\/jpeg"}],"twitter_card":"summary_large_image","twitter_misc":{"Szacowany czas czytania":"1 minuta"},"schema":{"@context":"https:\/\/schema.org","@graph":[{"@type":["WebPage","ItemPage"],"@id":"https:\/\/cardinella.eu\/pl\/produkt\/zewnetrzna-bateria-do-elektrycznie-podgrzewanych-wkladek-4000-mah\/","url":"https:\/\/cardinella.eu\/pl\/produkt\/zewnetrzna-bateria-do-elektrycznie-podgrzewanych-wkladek-4000-mah\/","name":"Zewn\u0119trzna bateria do elektrycznie podgrzewanych wk\u0142adek, 5000 mAh | Electric Blanket","isPartOf":{"@id":"https:\/\/cardinella.eu\/pl\/#website"},"primaryImageOfPage":{"@id":"https:\/\/cardinella.eu\/pl\/produkt\/zewnetrzna-bateria-do-elektrycznie-podgrzewanych-wkladek-4000-mah\/#primaryimage"},"image":{"@id":"https:\/\/cardinella.eu\/pl\/produkt\/zewnetrzna-bateria-do-elektrycznie-podgrzewanych-wkladek-4000-mah\/#primaryimage"},"thumbnailUrl":"https:\/\/cdn.cardinella.eu\/wp-content\/uploads\/2025\/08\/powerbank-5-02.jpeg","datePublished":"2023-09-21T12:33:51+00:00","dateModified":"2025-09-11T07:57:13+00:00","description":"Przeno\u015bny akumulator zewn\u0119trzny | zasilacz do elektrycznie podgrzewanych wk\u0142adek | pas grzewczy | podgrzewane r\u0119kawice | mini USB - DC 5 V \/ 1,5 A","breadcrumb":{"@id":"https:\/\/cardinella.eu\/pl\/produkt\/zewnetrzna-bateria-do-elektrycznie-podgrzewanych-wkladek-4000-mah\/#breadcrumb"},"inLanguage":"pl-PL","potentialAction":[{"@type":"ReadAction","target":["https:\/\/cardinella.eu\/pl\/produkt\/zewnetrzna-bateria-do-elektrycznie-podgrzewanych-wkladek-4000-mah\/"]}]},{"@type":"ImageObject","inLanguage":"pl-PL","@id":"https:\/\/cardinella.eu\/pl\/produkt\/zewnetrzna-bateria-do-elektrycznie-podgrzewanych-wkladek-4000-mah\/#primaryimage","url":"https:\/\/cdn.cardinella.eu\/wp-content\/uploads\/2025\/08\/powerbank-5-02.jpeg","contentUrl":"https:\/\/cdn.cardinella.eu\/wp-content\/uploads\/2025\/08\/powerbank-5-02.jpeg","width":1455,"height":2085},{"@type":"BreadcrumbList","@id":"https:\/\/cardinella.eu\/pl\/produkt\/zewnetrzna-bateria-do-elektrycznie-podgrzewanych-wkladek-4000-mah\/#breadcrumb","itemListElement":[{"@type":"ListItem","position":1,"name":"Home","item":"https:\/\/cardinella.eu\/pl\/"},{"@type":"ListItem","position":2,"name":"Shop","item":"https:\/\/cardinella.eu\/shop\/"},{"@type":"ListItem","position":3,"name":"Zewn\u0119trzna bateria do elektrycznie podgrzewanych wk\u0142adek, 5000 mAh"}]},{"@type":"WebSite","@id":"https:\/\/cardinella.eu\/pl\/#website","url":"https:\/\/cardinella.eu\/pl\/","name":"Electric Blanket","description":"Personal Body Warmers","publisher":{"@id":"https:\/\/cardinella.eu\/pl\/#organization"},"potentialAction":[{"@type":"SearchAction","target":{"@type":"EntryPoint","urlTemplate":"https:\/\/cardinella.eu\/pl\/?s={search_term_string}"},"query-input":{"@type":"PropertyValueSpecification","valueRequired":true,"valueName":"search_term_string"}}],"inLanguage":"pl-PL"},{"@type":"Organization","@id":"https:\/\/cardinella.eu\/pl\/#organization","name":"Domtex.Bg Ltd","alternateName":"Cardinella","url":"https:\/\/cardinella.eu\/pl\/","logo":{"@type":"ImageObject","inLanguage":"pl-PL","@id":"https:\/\/cardinella.eu\/pl\/#\/schema\/logo\/image\/","url":"https:\/\/cardinella.eu\/wp-content\/uploads\/2022\/01\/Cardinella_logo_C.png","contentUrl":"https:\/\/cardinella.eu\/wp-content\/uploads\/2022\/01\/Cardinella_logo_C.png","width":72,"height":72,"caption":"Domtex.Bg Ltd"},"image":{"@id":"https:\/\/cardinella.eu\/pl\/#\/schema\/logo\/image\/"}}]}},"_links":{"self":[{"href":"https:\/\/cardinella.eu\/pl\/wp-json\/wp\/v2\/product\/246302","targetHints":{"allow":["GET"]}}],"collection":[{"href":"https:\/\/cardinella.eu\/pl\/wp-json\/wp\/v2\/product"}],"about":[{"href":"https:\/\/cardinella.eu\/pl\/wp-json\/wp\/v2\/types\/product"}],"replies":[{"embeddable":true,"href":"https:\/\/cardinella.eu\/pl\/wp-json\/wp\/v2\/comments?post=246302"}],"wp:featuredmedia":[{"embeddable":true,"href":"https:\/\/cardinella.eu\/pl\/wp-json\/wp\/v2\/media\/246411"}],"wp:attachment":[{"href":"https:\/\/cardinella.eu\/pl\/wp-json\/wp\/v2\/media?parent=246302"}],"wp:term":[{"taxonomy":"product_brand","embeddable":true,"href":"https:\/\/cardinella.eu\/pl\/wp-json\/wp\/v2\/product_brand?post=246302"},{"taxonomy":"product_cat","embeddable":true,"href":"https:\/\/cardinella.eu\/pl\/wp-json\/wp\/v2\/product_cat?post=246302"},{"taxonomy":"product_tag","embeddable":true,"href":"https:\/\/cardinella.eu\/pl\/wp-json\/wp\/v2\/product_tag?post=246302"}],"curies":[{"name":"wp","href":"https:\/\/api.w.org\/{rel}","templated":true}]}}