{"id":246303,"date":"2023-09-09T21:00:51","date_gmt":"2023-09-09T19:00:51","guid":{"rendered":"https:\/\/cardinella.eu\/shop\/podkladka-elektryczna-cardinella-40-x-40-cm-sterownik-elektroniczny-wzor-02\/"},"modified":"2024-03-14T03:22:16","modified_gmt":"2024-03-14T01:22:16","slug":"electric-pad-2","status":"publish","type":"product","link":"https:\/\/cardinella.eu\/pl\/produkt\/electric-pad-2\/","title":{"rendered":"Podk\u0142adka elektryczna Cardinella, 40 x 40 cm, sterownik elektroniczny wz\u00f3r 02"},"content":{"rendered":"<p>Podk\u0142adka elektryczna Cardinella posiada nast\u0119puj\u0105ce cechy<\/p>\n<p>Od\u0142\u0105czany przew\u00f3d zasilaj\u0105cy dla \u0142atwo\u015bci u\u017cytkowania<br \/>\nCiep\u0142o jest regulowane przez elektroniczny sterownik &#8211; prze\u0142\u0105cznik 3 +1 stopni.<br \/>\nOpcja zabijania roztoczy<br \/>\nOpcja ustawienia automatycznego zatrzymania po 4, 8 lub 12 godzinach<br \/>\nWymienny pokrowiec, kt\u00f3ry mo\u017cna pra\u0107 i kt\u00f3ry zapewnia maksymalny komfort podczas codziennego u\u017cytkowania<br \/>\nFunkcja ochrony przed przegrzaniem zapewnia najbezpieczniejsz\u0105 opiek\u0119 dla Ciebie i Twojej rodziny.<\/p>\n<p>&nbsp;<\/p>\n<p>Gwarancja 24 miesi\u0105ce<\/p>\n<p>Wyprodukowano w Bu\u0142garii<\/p>\n","protected":false},"excerpt":{"rendered":"<p>Podk\u0142adka elektryczna Cardinella posiada nast\u0119puj\u0105ce cechy Od\u0142\u0105czany przew\u00f3d zasilaj\u0105cy dla \u0142atwo\u015bci u\u017cytkowania Ciep\u0142o jest regulowane przez elektroniczny sterownik &#8211; prze\u0142\u0105cznik 3 +1 stopni. Opcja zabijania roztoczy Opcja ustawienia automatycznego zatrzymania po 4, 8 lub 12 godzinach Wymienny pokrowiec, kt\u00f3ry mo\u017cna pra\u0107 i kt\u00f3ry zapewnia maksymalny komfort podczas codziennego u\u017cytkowania Funkcja ochrony przed przegrzaniem zapewnia najbezpieczniejsz\u0105 [&hellip;]<\/p>\n","protected":false},"featured_media":248360,"comment_status":"open","ping_status":"closed","template":"","meta":{"_et_pb_use_builder":"","_et_pb_old_content":"","_et_gb_content_width":""},"product_brand":[],"product_cat":[284],"product_tag":[],"class_list":{"0":"post-246303","1":"product","2":"type-product","3":"status-publish","4":"has-post-thumbnail","6":"product_cat-podkladka-elektryczna","8":"first","9":"instock","10":"shipping-taxable","11":"purchasable","12":"product-type-simple"},"yoast_head":"<!-- This site is optimized with the Yoast SEO plugin v27.6 - https:\/\/yoast.com\/product\/yoast-seo-wordpress\/ -->\n<title>Podk\u0142adka elektryczna Cardinella, 40 x 40 cm, sterownik elektroniczny wz\u00f3r 02<\/title>\n<meta name=\"description\" content=\"Od\u0142\u0105czany przew\u00f3d zasilaj\u0105cy dla \u0142atwo\u015bci u\u017cytkowania | Opcja zabijania roztoczy | Automatyczne zatrzymanie po 4, 8 lub 12 godzinach | Funkcja ochrony przed przegrzaniem\" \/>\n<meta name=\"robots\" content=\"index, follow, max-snippet:-1, max-image-preview:large, max-video-preview:-1\" \/>\n<link rel=\"canonical\" href=\"https:\/\/cardinella.eu\/pl\/produkt\/electric-pad-2\/\" \/>\n<meta property=\"og:locale\" content=\"pl_PL\" \/>\n<meta property=\"og:type\" content=\"article\" \/>\n<meta property=\"og:title\" content=\"Podk\u0142adka elektryczna Cardinella, 40 x 40 cm, sterownik elektroniczny wz\u00f3r 02\" \/>\n<meta property=\"og:description\" content=\"Od\u0142\u0105czany przew\u00f3d zasilaj\u0105cy dla \u0142atwo\u015bci u\u017cytkowania | Opcja zabijania roztoczy | Automatyczne zatrzymanie po 4, 8 lub 12 godzinach | Funkcja ochrony przed przegrzaniem\" \/>\n<meta property=\"og:url\" content=\"https:\/\/cardinella.eu\/pl\/produkt\/electric-pad-2\/\" \/>\n<meta property=\"og:site_name\" content=\"Electric Blanket\" \/>\n<meta property=\"article:modified_time\" content=\"2024-03-14T01:22:16+00:00\" \/>\n<meta property=\"og:image\" content=\"https:\/\/cardinella.eu\/wp-content\/uploads\/2023\/09\/smart-pad-02a-scaled.jpeg\" \/>\n\t<meta property=\"og:image:width\" content=\"2560\" \/>\n\t<meta property=\"og:image:height\" content=\"2072\" \/>\n\t<meta property=\"og:image:type\" content=\"image\/jpeg\" \/>\n<meta name=\"twitter:card\" content=\"summary_large_image\" \/>\n<script type=\"application\/ld+json\" class=\"yoast-schema-graph\">{\"@context\":\"https:\\\/\\\/schema.org\",\"@graph\":[{\"@type\":[\"WebPage\",\"ItemPage\"],\"@id\":\"https:\\\/\\\/cardinella.eu\\\/pl\\\/produkt\\\/electric-pad-2\\\/\",\"url\":\"https:\\\/\\\/cardinella.eu\\\/pl\\\/produkt\\\/electric-pad-2\\\/\",\"name\":\"Podk\u0142adka elektryczna Cardinella, 40 x 40 cm, sterownik elektroniczny wz\u00f3r 02\",\"isPartOf\":{\"@id\":\"https:\\\/\\\/cardinella.eu\\\/pl\\\/#website\"},\"primaryImageOfPage\":{\"@id\":\"https:\\\/\\\/cardinella.eu\\\/pl\\\/produkt\\\/electric-pad-2\\\/#primaryimage\"},\"image\":{\"@id\":\"https:\\\/\\\/cardinella.eu\\\/pl\\\/produkt\\\/electric-pad-2\\\/#primaryimage\"},\"thumbnailUrl\":\"https:\\\/\\\/cdn.cardinella.eu\\\/wp-content\\\/uploads\\\/2020\\\/12\\\/02B-0-800042.jpg\",\"datePublished\":\"2023-09-09T19:00:51+00:00\",\"dateModified\":\"2024-03-14T01:22:16+00:00\",\"description\":\"Od\u0142\u0105czany przew\u00f3d zasilaj\u0105cy dla \u0142atwo\u015bci u\u017cytkowania | Opcja zabijania roztoczy | Automatyczne zatrzymanie po 4, 8 lub 12 godzinach | Funkcja ochrony przed przegrzaniem\",\"breadcrumb\":{\"@id\":\"https:\\\/\\\/cardinella.eu\\\/pl\\\/produkt\\\/electric-pad-2\\\/#breadcrumb\"},\"inLanguage\":\"pl-PL\",\"potentialAction\":[{\"@type\":\"ReadAction\",\"target\":[\"https:\\\/\\\/cardinella.eu\\\/pl\\\/produkt\\\/electric-pad-2\\\/\"]}]},{\"@type\":\"ImageObject\",\"inLanguage\":\"pl-PL\",\"@id\":\"https:\\\/\\\/cardinella.eu\\\/pl\\\/produkt\\\/electric-pad-2\\\/#primaryimage\",\"url\":\"https:\\\/\\\/cdn.cardinella.eu\\\/wp-content\\\/uploads\\\/2020\\\/12\\\/02B-0-800042.jpg\",\"contentUrl\":\"https:\\\/\\\/cdn.cardinella.eu\\\/wp-content\\\/uploads\\\/2020\\\/12\\\/02B-0-800042.jpg\",\"width\":400,\"height\":400,\"caption\":\"electric pad electronic controller\"},{\"@type\":\"BreadcrumbList\",\"@id\":\"https:\\\/\\\/cardinella.eu\\\/pl\\\/produkt\\\/electric-pad-2\\\/#breadcrumb\",\"itemListElement\":[{\"@type\":\"ListItem\",\"position\":1,\"name\":\"Home\",\"item\":\"https:\\\/\\\/cardinella.eu\\\/pl\\\/\"},{\"@type\":\"ListItem\",\"position\":2,\"name\":\"Shop\",\"item\":\"https:\\\/\\\/cardinella.eu\\\/shop\\\/\"},{\"@type\":\"ListItem\",\"position\":3,\"name\":\"Podk\u0142adka elektryczna Cardinella, 40 x 40 cm, sterownik elektroniczny wz\u00f3r 02\"}]},{\"@type\":\"WebSite\",\"@id\":\"https:\\\/\\\/cardinella.eu\\\/pl\\\/#website\",\"url\":\"https:\\\/\\\/cardinella.eu\\\/pl\\\/\",\"name\":\"Electric Blanket\",\"description\":\"Personal Body Warmers\",\"publisher\":{\"@id\":\"https:\\\/\\\/cardinella.eu\\\/pl\\\/#organization\"},\"potentialAction\":[{\"@type\":\"SearchAction\",\"target\":{\"@type\":\"EntryPoint\",\"urlTemplate\":\"https:\\\/\\\/cardinella.eu\\\/pl\\\/?s={search_term_string}\"},\"query-input\":{\"@type\":\"PropertyValueSpecification\",\"valueRequired\":true,\"valueName\":\"search_term_string\"}}],\"inLanguage\":\"pl-PL\"},{\"@type\":\"Organization\",\"@id\":\"https:\\\/\\\/cardinella.eu\\\/pl\\\/#organization\",\"name\":\"Domtex.Bg Ltd\",\"alternateName\":\"Cardinella\",\"url\":\"https:\\\/\\\/cardinella.eu\\\/pl\\\/\",\"logo\":{\"@type\":\"ImageObject\",\"inLanguage\":\"pl-PL\",\"@id\":\"https:\\\/\\\/cardinella.eu\\\/pl\\\/#\\\/schema\\\/logo\\\/image\\\/\",\"url\":\"https:\\\/\\\/cardinella.eu\\\/wp-content\\\/uploads\\\/2022\\\/01\\\/Cardinella_logo_C.png\",\"contentUrl\":\"https:\\\/\\\/cardinella.eu\\\/wp-content\\\/uploads\\\/2022\\\/01\\\/Cardinella_logo_C.png\",\"width\":72,\"height\":72,\"caption\":\"Domtex.Bg Ltd\"},\"image\":{\"@id\":\"https:\\\/\\\/cardinella.eu\\\/pl\\\/#\\\/schema\\\/logo\\\/image\\\/\"}}]}<\/script>\n<!-- \/ Yoast SEO plugin. -->","yoast_head_json":{"title":"Podk\u0142adka elektryczna Cardinella, 40 x 40 cm, sterownik elektroniczny wz\u00f3r 02","description":"Od\u0142\u0105czany przew\u00f3d zasilaj\u0105cy dla \u0142atwo\u015bci u\u017cytkowania | Opcja zabijania roztoczy | Automatyczne zatrzymanie po 4, 8 lub 12 godzinach | Funkcja ochrony przed przegrzaniem","robots":{"index":"index","follow":"follow","max-snippet":"max-snippet:-1","max-image-preview":"max-image-preview:large","max-video-preview":"max-video-preview:-1"},"canonical":"https:\/\/cardinella.eu\/pl\/produkt\/electric-pad-2\/","og_locale":"pl_PL","og_type":"article","og_title":"Podk\u0142adka elektryczna Cardinella, 40 x 40 cm, sterownik elektroniczny wz\u00f3r 02","og_description":"Od\u0142\u0105czany przew\u00f3d zasilaj\u0105cy dla \u0142atwo\u015bci u\u017cytkowania | Opcja zabijania roztoczy | Automatyczne zatrzymanie po 4, 8 lub 12 godzinach | Funkcja ochrony przed przegrzaniem","og_url":"https:\/\/cardinella.eu\/pl\/produkt\/electric-pad-2\/","og_site_name":"Electric Blanket","article_modified_time":"2024-03-14T01:22:16+00:00","og_image":[{"width":2560,"height":2072,"url":"https:\/\/cardinella.eu\/wp-content\/uploads\/2023\/09\/smart-pad-02a-scaled.jpeg","type":"image\/jpeg"}],"twitter_card":"summary_large_image","schema":{"@context":"https:\/\/schema.org","@graph":[{"@type":["WebPage","ItemPage"],"@id":"https:\/\/cardinella.eu\/pl\/produkt\/electric-pad-2\/","url":"https:\/\/cardinella.eu\/pl\/produkt\/electric-pad-2\/","name":"Podk\u0142adka elektryczna Cardinella, 40 x 40 cm, sterownik elektroniczny wz\u00f3r 02","isPartOf":{"@id":"https:\/\/cardinella.eu\/pl\/#website"},"primaryImageOfPage":{"@id":"https:\/\/cardinella.eu\/pl\/produkt\/electric-pad-2\/#primaryimage"},"image":{"@id":"https:\/\/cardinella.eu\/pl\/produkt\/electric-pad-2\/#primaryimage"},"thumbnailUrl":"https:\/\/cdn.cardinella.eu\/wp-content\/uploads\/2020\/12\/02B-0-800042.jpg","datePublished":"2023-09-09T19:00:51+00:00","dateModified":"2024-03-14T01:22:16+00:00","description":"Od\u0142\u0105czany przew\u00f3d zasilaj\u0105cy dla \u0142atwo\u015bci u\u017cytkowania | Opcja zabijania roztoczy | Automatyczne zatrzymanie po 4, 8 lub 12 godzinach | Funkcja ochrony przed przegrzaniem","breadcrumb":{"@id":"https:\/\/cardinella.eu\/pl\/produkt\/electric-pad-2\/#breadcrumb"},"inLanguage":"pl-PL","potentialAction":[{"@type":"ReadAction","target":["https:\/\/cardinella.eu\/pl\/produkt\/electric-pad-2\/"]}]},{"@type":"ImageObject","inLanguage":"pl-PL","@id":"https:\/\/cardinella.eu\/pl\/produkt\/electric-pad-2\/#primaryimage","url":"https:\/\/cdn.cardinella.eu\/wp-content\/uploads\/2020\/12\/02B-0-800042.jpg","contentUrl":"https:\/\/cdn.cardinella.eu\/wp-content\/uploads\/2020\/12\/02B-0-800042.jpg","width":400,"height":400,"caption":"electric pad electronic controller"},{"@type":"BreadcrumbList","@id":"https:\/\/cardinella.eu\/pl\/produkt\/electric-pad-2\/#breadcrumb","itemListElement":[{"@type":"ListItem","position":1,"name":"Home","item":"https:\/\/cardinella.eu\/pl\/"},{"@type":"ListItem","position":2,"name":"Shop","item":"https:\/\/cardinella.eu\/shop\/"},{"@type":"ListItem","position":3,"name":"Podk\u0142adka elektryczna Cardinella, 40 x 40 cm, sterownik elektroniczny wz\u00f3r 02"}]},{"@type":"WebSite","@id":"https:\/\/cardinella.eu\/pl\/#website","url":"https:\/\/cardinella.eu\/pl\/","name":"Electric Blanket","description":"Personal Body Warmers","publisher":{"@id":"https:\/\/cardinella.eu\/pl\/#organization"},"potentialAction":[{"@type":"SearchAction","target":{"@type":"EntryPoint","urlTemplate":"https:\/\/cardinella.eu\/pl\/?s={search_term_string}"},"query-input":{"@type":"PropertyValueSpecification","valueRequired":true,"valueName":"search_term_string"}}],"inLanguage":"pl-PL"},{"@type":"Organization","@id":"https:\/\/cardinella.eu\/pl\/#organization","name":"Domtex.Bg Ltd","alternateName":"Cardinella","url":"https:\/\/cardinella.eu\/pl\/","logo":{"@type":"ImageObject","inLanguage":"pl-PL","@id":"https:\/\/cardinella.eu\/pl\/#\/schema\/logo\/image\/","url":"https:\/\/cardinella.eu\/wp-content\/uploads\/2022\/01\/Cardinella_logo_C.png","contentUrl":"https:\/\/cardinella.eu\/wp-content\/uploads\/2022\/01\/Cardinella_logo_C.png","width":72,"height":72,"caption":"Domtex.Bg Ltd"},"image":{"@id":"https:\/\/cardinella.eu\/pl\/#\/schema\/logo\/image\/"}}]}},"_links":{"self":[{"href":"https:\/\/cardinella.eu\/pl\/wp-json\/wp\/v2\/product\/246303","targetHints":{"allow":["GET"]}}],"collection":[{"href":"https:\/\/cardinella.eu\/pl\/wp-json\/wp\/v2\/product"}],"about":[{"href":"https:\/\/cardinella.eu\/pl\/wp-json\/wp\/v2\/types\/product"}],"replies":[{"embeddable":true,"href":"https:\/\/cardinella.eu\/pl\/wp-json\/wp\/v2\/comments?post=246303"}],"wp:featuredmedia":[{"embeddable":true,"href":"https:\/\/cardinella.eu\/pl\/wp-json\/wp\/v2\/media\/248360"}],"wp:attachment":[{"href":"https:\/\/cardinella.eu\/pl\/wp-json\/wp\/v2\/media?parent=246303"}],"wp:term":[{"taxonomy":"product_brand","embeddable":true,"href":"https:\/\/cardinella.eu\/pl\/wp-json\/wp\/v2\/product_brand?post=246303"},{"taxonomy":"product_cat","embeddable":true,"href":"https:\/\/cardinella.eu\/pl\/wp-json\/wp\/v2\/product_cat?post=246303"},{"taxonomy":"product_tag","embeddable":true,"href":"https:\/\/cardinella.eu\/pl\/wp-json\/wp\/v2\/product_tag?post=246303"}],"curies":[{"name":"wp","href":"https:\/\/api.w.org\/{rel}","templated":true}]}}