{"id":246304,"date":"2022-02-09T21:17:58","date_gmt":"2022-02-09T19:17:58","guid":{"rendered":"https:\/\/cardinella.eu\/shop\/podgrzewane-wkladki-do-butow-usb-wkladki-do-butow-cardinella-usb-rozmiar-l-40-45\/"},"modified":"2025-09-11T11:01:56","modified_gmt":"2025-09-11T08:01:56","slug":"803319","status":"publish","type":"product","link":"https:\/\/cardinella.eu\/pl\/produkt\/803319\/","title":{"rendered":"Podgrzewane wk\u0142adki do but\u00f3w USB, wk\u0142adki do but\u00f3w Cardinella, USB, rozmiar L 40-45"},"content":{"rendered":"<p><strong>Nigdy wi\u0119cej zimnych st\u00f3p! Podgrzewane wk\u0142adki USB<\/strong><\/p>\n<p>Te podgrzewane wk\u0142adki wykorzystuj\u0105 now\u0105 technologi\u0119 ogrzewania i wygodny elastyczny materia\u0142 EVA. I z dobr\u0105 amortyzacj\u0105. Przeno\u015bne \u015bwiat\u0142o, grzejnik jest wygodny z interfejsem USB. S\u0142u\u017cy do ogrzewania za pomoc\u0105 kabla USB. Du\u017ca powierzchnia grzewcza i r\u00f3wnomierne rozprowadzanie ciep\u0142a. Temperatura pracy do 50 \u00b0C\/122 \u2109.<\/p>\n<p><strong>Mo\u017cliwo\u015b\u0107 czyszczenia i wielokrotnego u\u017cytku:<\/strong>materia\u0142 <strong>podgrzewanych wk\u0142adek<\/strong> USB jest wodoodporny. Nadaje si\u0119 do prania i ponownego u\u017cycia. Mo\u017cna j\u0105 pra\u0107 za pomoc\u0105 szczotki, ale nie mo\u017cna jej pra\u0107 w pralce. Nale\u017cy zauwa\u017cy\u0107, \u017ce po umyciu nale\u017cy go wysuszy\u0107, a przed u\u017cyciem musi by\u0107 ca\u0142kowicie wysuszony.<\/p>\n<p><span data-spm-anchor-id=\"a2700.wholesale.0.i40.166b4ab6ZDvGOz\"><strong>Wk\u0142adki regulowane DIY Rozmiar :<\/strong> Wk\u0142adki elektryczne mo\u017cna przyci\u0105\u0107 do potrzebnego rozmiaru i dopasowa\u0107 do rozmiaru buta. Zakres rozmiar\u00f3w but\u00f3w jest podany na wk\u0142adkach dla wygody majsterkowania. Nie musisz si\u0119 martwi\u0107 o rozmiar, na wk\u0142adkach s\u0105 zaznaczone linie, \u0142atwe do przyci\u0119cia. Odpowiednie dla m\u0119\u017cczyzn i kobiet od rozmiaru UE 35-44, a podgrzewane wk\u0142adki maj\u0105 grubo\u015b\u0107 5 mm.<\/span><\/p>\n<p><strong>Szeroki zakres zastosowa\u0144 i najlepszy prezent:<\/strong> Podgrzewane wk\u0142adki do but\u00f3w utrzymuj\u0105 stopy w cieple w mro\u017an\u0105 zim\u0119. Temperatura osi\u0105gnie do 42 \u00b0C\/108 \u2109, wi\u0119c bez wzgl\u0119du na to, gdzie si\u0119 wybierasz, mo\u017cesz si\u0119 ogrza\u0107. Nadaje si\u0119 do jazdy na nartach i sport\u00f3w na \u015bwie\u017cym powietrzu, innych sport\u00f3w, biwakowania, prac domowych, polowa\u0144, w\u0119dr\u00f3wek, w\u0119dkarstwa itp. To najlepszy prezent \u015bwi\u0105teczny.<\/p>\n<h5><strong>Uwaga:<\/strong><\/h5>\n<p>1. dopuszczalny b\u0142\u0105d 3,0 mm ze wzgl\u0119du na pomiary r\u0119czne. Przed zakupem upewnij si\u0119, \u017ce nie masz nic przeciwko.<\/p>\n<p>2. ze wzgl\u0119du na r\u00f3\u017cne wy\u015bwietlacze mog\u0105 wyst\u0119powa\u0107 subtelne r\u00f3\u017cnice w kolorach produkt\u00f3w. Mamy nadziej\u0119, \u017ce je zrozumiesz.<\/p>\n<p>3. zostaw nam wiadomo\u015b\u0107. Je\u015bli znajdziesz jakiekolwiek problemy z naszym produktem, z przyjemno\u015bci\u0105 je rozwi\u0105\u017cemy.<\/p>\n<p><strong data-spm-anchor-id=\"a2700.wholesale.0.i41.166b4ab6ZDvGOz\">4.Cena w linku nie obejmuje adaptera. Je\u015bli potrzebujesz adaptera, sprawd\u017a z nami dodatkowy koszt, kt\u00f3ry nale\u017cy doliczy\u0107.<\/strong><\/p>\n<p><strong>Bez baterii, plug and play<\/strong><\/p>\n<p><strong>Przypominamy: <\/strong><\/p>\n<p><strong>Kolor kabla mo\u017ce by\u0107 czarny lub bia\u0142y<\/strong><\/p>\n<p><strong>Rzeczywista d\u0142ugo\u015b\u0107 wk\u0142adki przed przyci\u0119ciem wynosi oko\u0142o 28 cm.<\/strong><\/p>\n<h5 class=\"font-bold font-sans break-normal text-black mb-6 text-4xl lg:text-5xl leading-extra-tight\"><a href=\"https:\/\/www.health.harvard.edu\/staying-healthy\/how-does-cold-weather-affect-your-health#:~:text=Cold%20weather%20acts%20as%20a,heart%2C%20such%20as%20shoveling%20snow.\">Jak niska temperatura wp\u0142ywa na zdrowie?<\/a><\/h5>\n<p><a href=\"\/?product_cat=incalzitoare-electrice\" target=\"_blank\" rel=\"noopener\">Sprawd\u017a podobne produkty<\/a><\/p>\n<p data-spm-anchor-id=\"a2700.wholesale.0.i43.166b4ab6ZDvGOz\"><strong data-spm-anchor-id=\"a2700.wholesale.0.i44.166b4ab6ZDvGOz\">Opis:<\/strong><br \/>\n<strong>Kolor:<\/strong> czarny<br \/>\n<strong>Materia\u0142:<\/strong> EVA<br \/>\n<strong>Odporno\u015b\u0107:<\/strong>: W\u0142\u00f3kno w\u0119glowe<br \/>\n<strong>Moc:<\/strong> 8 W<br \/>\n<strong>Zasilanie:<\/strong> 5V\/2A<br \/>\n<strong>D\u0142ugo\u015b\u0107 kabla:<\/strong> 150 cm<br \/>\n<strong>rozmiar: EU 41-45 <\/strong><\/p>\n<p><strong>Lista opakowa\u0144:<\/strong><br \/>\n1 Podw\u00f3jna * wk\u0142adka grzewcza<br \/>\n1* Linia \u0142adowania<\/p>\n","protected":false},"excerpt":{"rendered":"<p>Nigdy wi\u0119cej zimnych st\u00f3p! Podgrzewane wk\u0142adki USB Te podgrzewane wk\u0142adki wykorzystuj\u0105 now\u0105 technologi\u0119 ogrzewania i wygodny elastyczny materia\u0142 EVA. I z dobr\u0105 amortyzacj\u0105. Przeno\u015bne \u015bwiat\u0142o, grzejnik jest wygodny z interfejsem USB. S\u0142u\u017cy do ogrzewania za pomoc\u0105 kabla USB. Du\u017ca powierzchnia grzewcza i r\u00f3wnomierne rozprowadzanie ciep\u0142a. Temperatura pracy do 50 \u00b0C\/122 \u2109. Mo\u017cliwo\u015b\u0107 czyszczenia i wielokrotnego [&hellip;]<\/p>\n","protected":false},"featured_media":243451,"comment_status":"open","ping_status":"closed","template":"","meta":{"_et_pb_use_builder":"","_et_pb_old_content":"","_et_gb_content_width":""},"product_brand":[],"product_cat":[353],"product_tag":[],"class_list":{"0":"post-246304","1":"product","2":"type-product","3":"status-publish","4":"has-post-thumbnail","6":"product_cat-elektryczne-ogrzewacze-ciala","8":"first","9":"instock","10":"shipping-taxable","11":"purchasable","12":"product-type-simple"},"yoast_head":"<!-- This site is optimized with the Yoast SEO plugin v27.4 - https:\/\/yoast.com\/product\/yoast-seo-wordpress\/ -->\n<title>Podgrzewane wk\u0142adki \u0142adowane przez USB | ciep\u0142e stopy<\/title>\n<meta name=\"description\" content=\"Podgrzewane wk\u0142adki USB utrzymuj\u0105 stopy w cieple w mro\u017an\u0105 zim\u0119, temperatura osi\u0105gnie do 42 \u00b0C\/108 \u2109, | wodoodporny efekt, mo\u017cna je pra\u0107 i u\u017cywa\u0107 ponownie,\" \/>\n<meta name=\"robots\" content=\"index, follow, max-snippet:-1, max-image-preview:large, max-video-preview:-1\" \/>\n<link rel=\"canonical\" href=\"https:\/\/cardinella.eu\/pl\/produkt\/803319\/\" \/>\n<meta property=\"og:locale\" content=\"pl_PL\" \/>\n<meta property=\"og:type\" content=\"article\" \/>\n<meta property=\"og:title\" content=\"Podgrzewane wk\u0142adki \u0142adowane przez USB | ciep\u0142e stopy\" \/>\n<meta property=\"og:description\" content=\"Podgrzewane wk\u0142adki USB utrzymuj\u0105 stopy w cieple w mro\u017an\u0105 zim\u0119, temperatura osi\u0105gnie do 42 \u00b0C\/108 \u2109, | wodoodporny efekt, mo\u017cna je pra\u0107 i u\u017cywa\u0107 ponownie,\" \/>\n<meta property=\"og:url\" content=\"https:\/\/cardinella.eu\/pl\/produkt\/803319\/\" \/>\n<meta property=\"og:site_name\" content=\"Electric Blanket\" \/>\n<meta property=\"article:modified_time\" content=\"2025-09-11T08:01:56+00:00\" \/>\n<meta property=\"og:image\" content=\"https:\/\/cdn.cardinella.eu\/wp-content\/uploads\/2022\/02\/L-Size-02.png\" \/>\n\t<meta property=\"og:image:width\" content=\"750\" \/>\n\t<meta property=\"og:image:height\" content=\"750\" \/>\n\t<meta property=\"og:image:type\" content=\"image\/png\" \/>\n<meta name=\"twitter:card\" content=\"summary_large_image\" \/>\n<meta name=\"twitter:label1\" content=\"Szacowany czas czytania\" \/>\n\t<meta name=\"twitter:data1\" content=\"2 minuty\" \/>\n<script type=\"application\/ld+json\" class=\"yoast-schema-graph\">{\"@context\":\"https:\\\/\\\/schema.org\",\"@graph\":[{\"@type\":[\"WebPage\",\"ItemPage\"],\"@id\":\"https:\\\/\\\/cardinella.eu\\\/pl\\\/produkt\\\/803319\\\/\",\"url\":\"https:\\\/\\\/cardinella.eu\\\/pl\\\/produkt\\\/803319\\\/\",\"name\":\"Podgrzewane wk\u0142adki \u0142adowane przez USB | ciep\u0142e stopy\",\"isPartOf\":{\"@id\":\"https:\\\/\\\/cardinella.eu\\\/pl\\\/#website\"},\"primaryImageOfPage\":{\"@id\":\"https:\\\/\\\/cardinella.eu\\\/pl\\\/produkt\\\/803319\\\/#primaryimage\"},\"image\":{\"@id\":\"https:\\\/\\\/cardinella.eu\\\/pl\\\/produkt\\\/803319\\\/#primaryimage\"},\"thumbnailUrl\":\"https:\\\/\\\/cdn.cardinella.eu\\\/wp-content\\\/uploads\\\/2022\\\/02\\\/L-Size-02.png\",\"datePublished\":\"2022-02-09T19:17:58+00:00\",\"dateModified\":\"2025-09-11T08:01:56+00:00\",\"description\":\"Podgrzewane wk\u0142adki USB utrzymuj\u0105 stopy w cieple w mro\u017an\u0105 zim\u0119, temperatura osi\u0105gnie do 42 \u00b0C\\\/108 \u2109, | wodoodporny efekt, mo\u017cna je pra\u0107 i u\u017cywa\u0107 ponownie,\",\"breadcrumb\":{\"@id\":\"https:\\\/\\\/cardinella.eu\\\/pl\\\/produkt\\\/803319\\\/#breadcrumb\"},\"inLanguage\":\"pl-PL\",\"potentialAction\":[{\"@type\":\"ReadAction\",\"target\":[\"https:\\\/\\\/cardinella.eu\\\/pl\\\/produkt\\\/803319\\\/\"]}]},{\"@type\":\"ImageObject\",\"inLanguage\":\"pl-PL\",\"@id\":\"https:\\\/\\\/cardinella.eu\\\/pl\\\/produkt\\\/803319\\\/#primaryimage\",\"url\":\"https:\\\/\\\/cdn.cardinella.eu\\\/wp-content\\\/uploads\\\/2022\\\/02\\\/L-Size-02.png\",\"contentUrl\":\"https:\\\/\\\/cdn.cardinella.eu\\\/wp-content\\\/uploads\\\/2022\\\/02\\\/L-Size-02.png\",\"width\":750,\"height\":750,\"caption\":\"Podgrzewane wk\u0142adki USB\"},{\"@type\":\"BreadcrumbList\",\"@id\":\"https:\\\/\\\/cardinella.eu\\\/pl\\\/produkt\\\/803319\\\/#breadcrumb\",\"itemListElement\":[{\"@type\":\"ListItem\",\"position\":1,\"name\":\"Home\",\"item\":\"https:\\\/\\\/cardinella.eu\\\/pl\\\/\"},{\"@type\":\"ListItem\",\"position\":2,\"name\":\"Shop\",\"item\":\"https:\\\/\\\/cardinella.eu\\\/shop\\\/\"},{\"@type\":\"ListItem\",\"position\":3,\"name\":\"Podgrzewane wk\u0142adki do but\u00f3w USB, wk\u0142adki do but\u00f3w Cardinella, USB, rozmiar L 40-45\"}]},{\"@type\":\"WebSite\",\"@id\":\"https:\\\/\\\/cardinella.eu\\\/pl\\\/#website\",\"url\":\"https:\\\/\\\/cardinella.eu\\\/pl\\\/\",\"name\":\"Electric Blanket\",\"description\":\"Personal Body Warmers\",\"publisher\":{\"@id\":\"https:\\\/\\\/cardinella.eu\\\/pl\\\/#organization\"},\"potentialAction\":[{\"@type\":\"SearchAction\",\"target\":{\"@type\":\"EntryPoint\",\"urlTemplate\":\"https:\\\/\\\/cardinella.eu\\\/pl\\\/?s={search_term_string}\"},\"query-input\":{\"@type\":\"PropertyValueSpecification\",\"valueRequired\":true,\"valueName\":\"search_term_string\"}}],\"inLanguage\":\"pl-PL\"},{\"@type\":\"Organization\",\"@id\":\"https:\\\/\\\/cardinella.eu\\\/pl\\\/#organization\",\"name\":\"Domtex.Bg Ltd\",\"alternateName\":\"Cardinella\",\"url\":\"https:\\\/\\\/cardinella.eu\\\/pl\\\/\",\"logo\":{\"@type\":\"ImageObject\",\"inLanguage\":\"pl-PL\",\"@id\":\"https:\\\/\\\/cardinella.eu\\\/pl\\\/#\\\/schema\\\/logo\\\/image\\\/\",\"url\":\"https:\\\/\\\/cardinella.eu\\\/wp-content\\\/uploads\\\/2022\\\/01\\\/Cardinella_logo_C.png\",\"contentUrl\":\"https:\\\/\\\/cardinella.eu\\\/wp-content\\\/uploads\\\/2022\\\/01\\\/Cardinella_logo_C.png\",\"width\":72,\"height\":72,\"caption\":\"Domtex.Bg Ltd\"},\"image\":{\"@id\":\"https:\\\/\\\/cardinella.eu\\\/pl\\\/#\\\/schema\\\/logo\\\/image\\\/\"}}]}<\/script>\n<!-- \/ Yoast SEO plugin. -->","yoast_head_json":{"title":"Podgrzewane wk\u0142adki \u0142adowane przez USB | ciep\u0142e stopy","description":"Podgrzewane wk\u0142adki USB utrzymuj\u0105 stopy w cieple w mro\u017an\u0105 zim\u0119, temperatura osi\u0105gnie do 42 \u00b0C\/108 \u2109, | wodoodporny efekt, mo\u017cna je pra\u0107 i u\u017cywa\u0107 ponownie,","robots":{"index":"index","follow":"follow","max-snippet":"max-snippet:-1","max-image-preview":"max-image-preview:large","max-video-preview":"max-video-preview:-1"},"canonical":"https:\/\/cardinella.eu\/pl\/produkt\/803319\/","og_locale":"pl_PL","og_type":"article","og_title":"Podgrzewane wk\u0142adki \u0142adowane przez USB | ciep\u0142e stopy","og_description":"Podgrzewane wk\u0142adki USB utrzymuj\u0105 stopy w cieple w mro\u017an\u0105 zim\u0119, temperatura osi\u0105gnie do 42 \u00b0C\/108 \u2109, | wodoodporny efekt, mo\u017cna je pra\u0107 i u\u017cywa\u0107 ponownie,","og_url":"https:\/\/cardinella.eu\/pl\/produkt\/803319\/","og_site_name":"Electric Blanket","article_modified_time":"2025-09-11T08:01:56+00:00","og_image":[{"width":750,"height":750,"url":"https:\/\/cdn.cardinella.eu\/wp-content\/uploads\/2022\/02\/L-Size-02.png","type":"image\/png"}],"twitter_card":"summary_large_image","twitter_misc":{"Szacowany czas czytania":"2 minuty"},"schema":{"@context":"https:\/\/schema.org","@graph":[{"@type":["WebPage","ItemPage"],"@id":"https:\/\/cardinella.eu\/pl\/produkt\/803319\/","url":"https:\/\/cardinella.eu\/pl\/produkt\/803319\/","name":"Podgrzewane wk\u0142adki \u0142adowane przez USB | ciep\u0142e stopy","isPartOf":{"@id":"https:\/\/cardinella.eu\/pl\/#website"},"primaryImageOfPage":{"@id":"https:\/\/cardinella.eu\/pl\/produkt\/803319\/#primaryimage"},"image":{"@id":"https:\/\/cardinella.eu\/pl\/produkt\/803319\/#primaryimage"},"thumbnailUrl":"https:\/\/cdn.cardinella.eu\/wp-content\/uploads\/2022\/02\/L-Size-02.png","datePublished":"2022-02-09T19:17:58+00:00","dateModified":"2025-09-11T08:01:56+00:00","description":"Podgrzewane wk\u0142adki USB utrzymuj\u0105 stopy w cieple w mro\u017an\u0105 zim\u0119, temperatura osi\u0105gnie do 42 \u00b0C\/108 \u2109, | wodoodporny efekt, mo\u017cna je pra\u0107 i u\u017cywa\u0107 ponownie,","breadcrumb":{"@id":"https:\/\/cardinella.eu\/pl\/produkt\/803319\/#breadcrumb"},"inLanguage":"pl-PL","potentialAction":[{"@type":"ReadAction","target":["https:\/\/cardinella.eu\/pl\/produkt\/803319\/"]}]},{"@type":"ImageObject","inLanguage":"pl-PL","@id":"https:\/\/cardinella.eu\/pl\/produkt\/803319\/#primaryimage","url":"https:\/\/cdn.cardinella.eu\/wp-content\/uploads\/2022\/02\/L-Size-02.png","contentUrl":"https:\/\/cdn.cardinella.eu\/wp-content\/uploads\/2022\/02\/L-Size-02.png","width":750,"height":750,"caption":"Podgrzewane wk\u0142adki USB"},{"@type":"BreadcrumbList","@id":"https:\/\/cardinella.eu\/pl\/produkt\/803319\/#breadcrumb","itemListElement":[{"@type":"ListItem","position":1,"name":"Home","item":"https:\/\/cardinella.eu\/pl\/"},{"@type":"ListItem","position":2,"name":"Shop","item":"https:\/\/cardinella.eu\/shop\/"},{"@type":"ListItem","position":3,"name":"Podgrzewane wk\u0142adki do but\u00f3w USB, wk\u0142adki do but\u00f3w Cardinella, USB, rozmiar L 40-45"}]},{"@type":"WebSite","@id":"https:\/\/cardinella.eu\/pl\/#website","url":"https:\/\/cardinella.eu\/pl\/","name":"Electric Blanket","description":"Personal Body Warmers","publisher":{"@id":"https:\/\/cardinella.eu\/pl\/#organization"},"potentialAction":[{"@type":"SearchAction","target":{"@type":"EntryPoint","urlTemplate":"https:\/\/cardinella.eu\/pl\/?s={search_term_string}"},"query-input":{"@type":"PropertyValueSpecification","valueRequired":true,"valueName":"search_term_string"}}],"inLanguage":"pl-PL"},{"@type":"Organization","@id":"https:\/\/cardinella.eu\/pl\/#organization","name":"Domtex.Bg Ltd","alternateName":"Cardinella","url":"https:\/\/cardinella.eu\/pl\/","logo":{"@type":"ImageObject","inLanguage":"pl-PL","@id":"https:\/\/cardinella.eu\/pl\/#\/schema\/logo\/image\/","url":"https:\/\/cardinella.eu\/wp-content\/uploads\/2022\/01\/Cardinella_logo_C.png","contentUrl":"https:\/\/cardinella.eu\/wp-content\/uploads\/2022\/01\/Cardinella_logo_C.png","width":72,"height":72,"caption":"Domtex.Bg Ltd"},"image":{"@id":"https:\/\/cardinella.eu\/pl\/#\/schema\/logo\/image\/"}}]}},"_links":{"self":[{"href":"https:\/\/cardinella.eu\/pl\/wp-json\/wp\/v2\/product\/246304","targetHints":{"allow":["GET"]}}],"collection":[{"href":"https:\/\/cardinella.eu\/pl\/wp-json\/wp\/v2\/product"}],"about":[{"href":"https:\/\/cardinella.eu\/pl\/wp-json\/wp\/v2\/types\/product"}],"replies":[{"embeddable":true,"href":"https:\/\/cardinella.eu\/pl\/wp-json\/wp\/v2\/comments?post=246304"}],"wp:featuredmedia":[{"embeddable":true,"href":"https:\/\/cardinella.eu\/pl\/wp-json\/wp\/v2\/media\/243451"}],"wp:attachment":[{"href":"https:\/\/cardinella.eu\/pl\/wp-json\/wp\/v2\/media?parent=246304"}],"wp:term":[{"taxonomy":"product_brand","embeddable":true,"href":"https:\/\/cardinella.eu\/pl\/wp-json\/wp\/v2\/product_brand?post=246304"},{"taxonomy":"product_cat","embeddable":true,"href":"https:\/\/cardinella.eu\/pl\/wp-json\/wp\/v2\/product_cat?post=246304"},{"taxonomy":"product_tag","embeddable":true,"href":"https:\/\/cardinella.eu\/pl\/wp-json\/wp\/v2\/product_tag?post=246304"}],"curies":[{"name":"wp","href":"https:\/\/api.w.org\/{rel}","templated":true}]}}