{"id":246390,"date":"2021-11-18T20:54:37","date_gmt":"2021-11-18T18:54:37","guid":{"rendered":"https:\/\/cardinella.eu\/shop\/koc-elektryczny-cardinella-slim-new-120-x-150-cm\/"},"modified":"2025-09-11T11:00:36","modified_gmt":"2025-09-11T08:00:36","slug":"koc-elektryczny-cardinella-slim-new-120-x-150-cm","status":"publish","type":"product","link":"https:\/\/cardinella.eu\/pl\/produkt\/koc-elektryczny-cardinella-slim-new-120-x-150-cm\/","title":{"rendered":"Koc elektryczny Cardinella SLIM NEW, 120 x 150 cm"},"content":{"rendered":"<p>Koc elektryczny Cardinella s\u0142u\u017cy do ogrzewania \u0142\u00f3\u017cka i usuwania wilgoci. \u0141agodzi objawy i jest zalecany w przypadku zapalenia staw\u00f3w, reumatyzmu i innych chor\u00f3b staw\u00f3w.<\/p>\n<p>Koc elektryczny Cardinella SLIM NEW jest bia\u0142y<\/p>\n<p>Sk\u0142ad produktu<\/p>\n<p>Przednia cz\u0119\u015b\u0107 &#8211; poliester<\/p>\n<p>Kontroler &#8211; w dw\u00f3ch etapach<\/p>\n<p>Ochrona przed przegrzaniem<\/p>\n<h6><a href=\"https:\/\/www.landofsleep.com\/blog\/what-are-the-pros-and-cons-of-a-heated-blanket\" target=\"_blank\" rel=\"noopener\"><span id=\"hs_cos_wrapper_name\" class=\"hs_cos_wrapper hs_cos_wrapper_meta_field hs_cos_wrapper_type_text\" data-hs-cos-general-type=\"meta_field\" data-hs-cos-type=\"text\">Jakie s\u0105 wady i zalety koca grzewczego?<\/span><\/a><\/h6>\n<p><a href=\"\/?product_cat=patura-electrica\" target=\"_blank\" rel=\"noopener\">Sprawd\u017a podobne produkty<\/a><\/p>\n","protected":false},"excerpt":{"rendered":"<p>Koc elektryczny Cardinella s\u0142u\u017cy do ogrzewania \u0142\u00f3\u017cka i usuwania wilgoci. \u0141agodzi objawy i jest zalecany w przypadku zapalenia staw\u00f3w, reumatyzmu i innych chor\u00f3b staw\u00f3w. Koc elektryczny Cardinella SLIM NEW jest bia\u0142y Sk\u0142ad produktu Przednia cz\u0119\u015b\u0107 &#8211; poliester Kontroler &#8211; w dw\u00f3ch etapach Ochrona przed przegrzaniem Jakie s\u0105 wady i zalety koca grzewczego? Sprawd\u017a podobne produkty<\/p>\n","protected":false},"featured_media":245508,"comment_status":"open","ping_status":"closed","template":"","meta":{"_et_pb_use_builder":"","_et_pb_old_content":"","_et_gb_content_width":""},"product_brand":[408],"product_cat":[377],"product_tag":[],"class_list":{"0":"post-246390","1":"product","2":"type-product","3":"status-publish","4":"has-post-thumbnail","6":"product_brand-cardinella-pl","7":"product_cat-koc-elektryczny","9":"first","10":"instock","11":"shipping-taxable","12":"purchasable","13":"product-type-simple"},"yoast_head":"<!-- This site is optimized with the Yoast SEO plugin v27.4 - https:\/\/yoast.com\/product\/yoast-seo-wordpress\/ -->\n<title>Electric Blanket %%page% | Kontroler - w dw\u00f3ch etapach<\/title>\n<meta name=\"description\" content=\"Koc elektryczny jest idealny do ogrzewania \u0142\u00f3\u017cka i usuwania wilgoci | \u0141agodzi objawy i jest zalecany w przypadku zapalenia staw\u00f3w |\" \/>\n<meta name=\"robots\" content=\"index, follow, max-snippet:-1, max-image-preview:large, max-video-preview:-1\" \/>\n<link rel=\"canonical\" href=\"https:\/\/cardinella.eu\/pl\/produkt\/koc-elektryczny-cardinella-slim-new-120-x-150-cm\/\" \/>\n<meta property=\"og:locale\" content=\"pl_PL\" \/>\n<meta property=\"og:type\" content=\"article\" \/>\n<meta property=\"og:title\" content=\"Electric Blanket %%page% | Kontroler - w dw\u00f3ch etapach\" \/>\n<meta property=\"og:description\" content=\"Koc elektryczny jest idealny do ogrzewania \u0142\u00f3\u017cka i usuwania wilgoci | \u0141agodzi objawy i jest zalecany w przypadku zapalenia staw\u00f3w |\" \/>\n<meta property=\"og:url\" content=\"https:\/\/cardinella.eu\/pl\/produkt\/koc-elektryczny-cardinella-slim-new-120-x-150-cm\/\" \/>\n<meta property=\"og:site_name\" content=\"Electric Blanket\" \/>\n<meta property=\"article:modified_time\" content=\"2025-09-11T08:00:36+00:00\" \/>\n<meta property=\"og:image\" content=\"https:\/\/cardinella.eu\/wp-content\/uploads\/2023\/09\/slim03-scaled-1.jpg\" \/>\n\t<meta property=\"og:image:width\" content=\"2560\" \/>\n\t<meta property=\"og:image:height\" content=\"1684\" \/>\n\t<meta property=\"og:image:type\" content=\"image\/jpeg\" \/>\n<meta name=\"twitter:card\" content=\"summary_large_image\" \/>\n<script type=\"application\/ld+json\" class=\"yoast-schema-graph\">{\"@context\":\"https:\\\/\\\/schema.org\",\"@graph\":[{\"@type\":[\"WebPage\",\"ItemPage\"],\"@id\":\"https:\\\/\\\/cardinella.eu\\\/pl\\\/produkt\\\/koc-elektryczny-cardinella-slim-new-120-x-150-cm\\\/\",\"url\":\"https:\\\/\\\/cardinella.eu\\\/pl\\\/produkt\\\/koc-elektryczny-cardinella-slim-new-120-x-150-cm\\\/\",\"name\":\"Electric Blanket %%page% | Kontroler - w dw\u00f3ch etapach\",\"isPartOf\":{\"@id\":\"https:\\\/\\\/cardinella.eu\\\/pl\\\/#website\"},\"primaryImageOfPage\":{\"@id\":\"https:\\\/\\\/cardinella.eu\\\/pl\\\/produkt\\\/koc-elektryczny-cardinella-slim-new-120-x-150-cm\\\/#primaryimage\"},\"image\":{\"@id\":\"https:\\\/\\\/cardinella.eu\\\/pl\\\/produkt\\\/koc-elektryczny-cardinella-slim-new-120-x-150-cm\\\/#primaryimage\"},\"thumbnailUrl\":\"https:\\\/\\\/cdn.cardinella.eu\\\/wp-content\\\/uploads\\\/2023\\\/09\\\/slim03-scaled-1.jpg\",\"datePublished\":\"2021-11-18T18:54:37+00:00\",\"dateModified\":\"2025-09-11T08:00:36+00:00\",\"description\":\"Koc elektryczny jest idealny do ogrzewania \u0142\u00f3\u017cka i usuwania wilgoci | \u0141agodzi objawy i jest zalecany w przypadku zapalenia staw\u00f3w |\",\"breadcrumb\":{\"@id\":\"https:\\\/\\\/cardinella.eu\\\/pl\\\/produkt\\\/koc-elektryczny-cardinella-slim-new-120-x-150-cm\\\/#breadcrumb\"},\"inLanguage\":\"pl-PL\",\"potentialAction\":[{\"@type\":\"ReadAction\",\"target\":[\"https:\\\/\\\/cardinella.eu\\\/pl\\\/produkt\\\/koc-elektryczny-cardinella-slim-new-120-x-150-cm\\\/\"]}]},{\"@type\":\"ImageObject\",\"inLanguage\":\"pl-PL\",\"@id\":\"https:\\\/\\\/cardinella.eu\\\/pl\\\/produkt\\\/koc-elektryczny-cardinella-slim-new-120-x-150-cm\\\/#primaryimage\",\"url\":\"https:\\\/\\\/cdn.cardinella.eu\\\/wp-content\\\/uploads\\\/2023\\\/09\\\/slim03-scaled-1.jpg\",\"contentUrl\":\"https:\\\/\\\/cdn.cardinella.eu\\\/wp-content\\\/uploads\\\/2023\\\/09\\\/slim03-scaled-1.jpg\",\"width\":2560,\"height\":1684},{\"@type\":\"BreadcrumbList\",\"@id\":\"https:\\\/\\\/cardinella.eu\\\/pl\\\/produkt\\\/koc-elektryczny-cardinella-slim-new-120-x-150-cm\\\/#breadcrumb\",\"itemListElement\":[{\"@type\":\"ListItem\",\"position\":1,\"name\":\"Home\",\"item\":\"https:\\\/\\\/cardinella.eu\\\/pl\\\/\"},{\"@type\":\"ListItem\",\"position\":2,\"name\":\"Shop\",\"item\":\"https:\\\/\\\/cardinella.eu\\\/shop\\\/\"},{\"@type\":\"ListItem\",\"position\":3,\"name\":\"Koc elektryczny Cardinella SLIM NEW, 120 x 150 cm\"}]},{\"@type\":\"WebSite\",\"@id\":\"https:\\\/\\\/cardinella.eu\\\/pl\\\/#website\",\"url\":\"https:\\\/\\\/cardinella.eu\\\/pl\\\/\",\"name\":\"Electric Blanket\",\"description\":\"Personal Body Warmers\",\"publisher\":{\"@id\":\"https:\\\/\\\/cardinella.eu\\\/pl\\\/#organization\"},\"potentialAction\":[{\"@type\":\"SearchAction\",\"target\":{\"@type\":\"EntryPoint\",\"urlTemplate\":\"https:\\\/\\\/cardinella.eu\\\/pl\\\/?s={search_term_string}\"},\"query-input\":{\"@type\":\"PropertyValueSpecification\",\"valueRequired\":true,\"valueName\":\"search_term_string\"}}],\"inLanguage\":\"pl-PL\"},{\"@type\":\"Organization\",\"@id\":\"https:\\\/\\\/cardinella.eu\\\/pl\\\/#organization\",\"name\":\"Domtex.Bg Ltd\",\"alternateName\":\"Cardinella\",\"url\":\"https:\\\/\\\/cardinella.eu\\\/pl\\\/\",\"logo\":{\"@type\":\"ImageObject\",\"inLanguage\":\"pl-PL\",\"@id\":\"https:\\\/\\\/cardinella.eu\\\/pl\\\/#\\\/schema\\\/logo\\\/image\\\/\",\"url\":\"https:\\\/\\\/cardinella.eu\\\/wp-content\\\/uploads\\\/2022\\\/01\\\/Cardinella_logo_C.png\",\"contentUrl\":\"https:\\\/\\\/cardinella.eu\\\/wp-content\\\/uploads\\\/2022\\\/01\\\/Cardinella_logo_C.png\",\"width\":72,\"height\":72,\"caption\":\"Domtex.Bg Ltd\"},\"image\":{\"@id\":\"https:\\\/\\\/cardinella.eu\\\/pl\\\/#\\\/schema\\\/logo\\\/image\\\/\"}}]}<\/script>\n<!-- \/ Yoast SEO plugin. -->","yoast_head_json":{"title":"Electric Blanket %%page% | Kontroler - w dw\u00f3ch etapach","description":"Koc elektryczny jest idealny do ogrzewania \u0142\u00f3\u017cka i usuwania wilgoci | \u0141agodzi objawy i jest zalecany w przypadku zapalenia staw\u00f3w |","robots":{"index":"index","follow":"follow","max-snippet":"max-snippet:-1","max-image-preview":"max-image-preview:large","max-video-preview":"max-video-preview:-1"},"canonical":"https:\/\/cardinella.eu\/pl\/produkt\/koc-elektryczny-cardinella-slim-new-120-x-150-cm\/","og_locale":"pl_PL","og_type":"article","og_title":"Electric Blanket %%page% | Kontroler - w dw\u00f3ch etapach","og_description":"Koc elektryczny jest idealny do ogrzewania \u0142\u00f3\u017cka i usuwania wilgoci | \u0141agodzi objawy i jest zalecany w przypadku zapalenia staw\u00f3w |","og_url":"https:\/\/cardinella.eu\/pl\/produkt\/koc-elektryczny-cardinella-slim-new-120-x-150-cm\/","og_site_name":"Electric Blanket","article_modified_time":"2025-09-11T08:00:36+00:00","og_image":[{"width":2560,"height":1684,"url":"https:\/\/cardinella.eu\/wp-content\/uploads\/2023\/09\/slim03-scaled-1.jpg","type":"image\/jpeg"}],"twitter_card":"summary_large_image","schema":{"@context":"https:\/\/schema.org","@graph":[{"@type":["WebPage","ItemPage"],"@id":"https:\/\/cardinella.eu\/pl\/produkt\/koc-elektryczny-cardinella-slim-new-120-x-150-cm\/","url":"https:\/\/cardinella.eu\/pl\/produkt\/koc-elektryczny-cardinella-slim-new-120-x-150-cm\/","name":"Electric Blanket %%page% | Kontroler - w dw\u00f3ch etapach","isPartOf":{"@id":"https:\/\/cardinella.eu\/pl\/#website"},"primaryImageOfPage":{"@id":"https:\/\/cardinella.eu\/pl\/produkt\/koc-elektryczny-cardinella-slim-new-120-x-150-cm\/#primaryimage"},"image":{"@id":"https:\/\/cardinella.eu\/pl\/produkt\/koc-elektryczny-cardinella-slim-new-120-x-150-cm\/#primaryimage"},"thumbnailUrl":"https:\/\/cdn.cardinella.eu\/wp-content\/uploads\/2023\/09\/slim03-scaled-1.jpg","datePublished":"2021-11-18T18:54:37+00:00","dateModified":"2025-09-11T08:00:36+00:00","description":"Koc elektryczny jest idealny do ogrzewania \u0142\u00f3\u017cka i usuwania wilgoci | \u0141agodzi objawy i jest zalecany w przypadku zapalenia staw\u00f3w |","breadcrumb":{"@id":"https:\/\/cardinella.eu\/pl\/produkt\/koc-elektryczny-cardinella-slim-new-120-x-150-cm\/#breadcrumb"},"inLanguage":"pl-PL","potentialAction":[{"@type":"ReadAction","target":["https:\/\/cardinella.eu\/pl\/produkt\/koc-elektryczny-cardinella-slim-new-120-x-150-cm\/"]}]},{"@type":"ImageObject","inLanguage":"pl-PL","@id":"https:\/\/cardinella.eu\/pl\/produkt\/koc-elektryczny-cardinella-slim-new-120-x-150-cm\/#primaryimage","url":"https:\/\/cdn.cardinella.eu\/wp-content\/uploads\/2023\/09\/slim03-scaled-1.jpg","contentUrl":"https:\/\/cdn.cardinella.eu\/wp-content\/uploads\/2023\/09\/slim03-scaled-1.jpg","width":2560,"height":1684},{"@type":"BreadcrumbList","@id":"https:\/\/cardinella.eu\/pl\/produkt\/koc-elektryczny-cardinella-slim-new-120-x-150-cm\/#breadcrumb","itemListElement":[{"@type":"ListItem","position":1,"name":"Home","item":"https:\/\/cardinella.eu\/pl\/"},{"@type":"ListItem","position":2,"name":"Shop","item":"https:\/\/cardinella.eu\/shop\/"},{"@type":"ListItem","position":3,"name":"Koc elektryczny Cardinella SLIM NEW, 120 x 150 cm"}]},{"@type":"WebSite","@id":"https:\/\/cardinella.eu\/pl\/#website","url":"https:\/\/cardinella.eu\/pl\/","name":"Electric Blanket","description":"Personal Body Warmers","publisher":{"@id":"https:\/\/cardinella.eu\/pl\/#organization"},"potentialAction":[{"@type":"SearchAction","target":{"@type":"EntryPoint","urlTemplate":"https:\/\/cardinella.eu\/pl\/?s={search_term_string}"},"query-input":{"@type":"PropertyValueSpecification","valueRequired":true,"valueName":"search_term_string"}}],"inLanguage":"pl-PL"},{"@type":"Organization","@id":"https:\/\/cardinella.eu\/pl\/#organization","name":"Domtex.Bg Ltd","alternateName":"Cardinella","url":"https:\/\/cardinella.eu\/pl\/","logo":{"@type":"ImageObject","inLanguage":"pl-PL","@id":"https:\/\/cardinella.eu\/pl\/#\/schema\/logo\/image\/","url":"https:\/\/cardinella.eu\/wp-content\/uploads\/2022\/01\/Cardinella_logo_C.png","contentUrl":"https:\/\/cardinella.eu\/wp-content\/uploads\/2022\/01\/Cardinella_logo_C.png","width":72,"height":72,"caption":"Domtex.Bg Ltd"},"image":{"@id":"https:\/\/cardinella.eu\/pl\/#\/schema\/logo\/image\/"}}]}},"_links":{"self":[{"href":"https:\/\/cardinella.eu\/pl\/wp-json\/wp\/v2\/product\/246390","targetHints":{"allow":["GET"]}}],"collection":[{"href":"https:\/\/cardinella.eu\/pl\/wp-json\/wp\/v2\/product"}],"about":[{"href":"https:\/\/cardinella.eu\/pl\/wp-json\/wp\/v2\/types\/product"}],"replies":[{"embeddable":true,"href":"https:\/\/cardinella.eu\/pl\/wp-json\/wp\/v2\/comments?post=246390"}],"wp:featuredmedia":[{"embeddable":true,"href":"https:\/\/cardinella.eu\/pl\/wp-json\/wp\/v2\/media\/245508"}],"wp:attachment":[{"href":"https:\/\/cardinella.eu\/pl\/wp-json\/wp\/v2\/media?parent=246390"}],"wp:term":[{"taxonomy":"product_brand","embeddable":true,"href":"https:\/\/cardinella.eu\/pl\/wp-json\/wp\/v2\/product_brand?post=246390"},{"taxonomy":"product_cat","embeddable":true,"href":"https:\/\/cardinella.eu\/pl\/wp-json\/wp\/v2\/product_cat?post=246390"},{"taxonomy":"product_tag","embeddable":true,"href":"https:\/\/cardinella.eu\/pl\/wp-json\/wp\/v2\/product_tag?post=246390"}],"curies":[{"name":"wp","href":"https:\/\/api.w.org\/{rel}","templated":true}]}}