{"id":246570,"date":"2025-08-23T18:05:40","date_gmt":"2025-08-23T16:05:40","guid":{"rendered":"https:\/\/cardinella.eu\/?post_type=product&#038;p=246570"},"modified":"2025-09-11T10:59:01","modified_gmt":"2025-09-11T07:59:01","slug":"803746","status":"publish","type":"product","link":"https:\/\/cardinella.eu\/pl\/produkt\/803746\/","title":{"rendered":"Kamizelka Ogrzewana 9-Strefowa Granatowa XL \u2013 \u0141adowanie USB i Regulacja Temperatury | Cardinella"},"content":{"rendered":"<p><strong>Cardinella Kamizelka Ogrzewana 9-Strefowa Granatowa XL \u2013 \u0141adowanie USB i Regulacja Temperatury<\/strong><\/p>\n<p>Kamizelka z ogrzewaniem elektrycznym jest odpowiednia dla wszystkich os\u00f3b, kt\u00f3re marzn\u0105 zim\u0105.<\/p>\n<p>Kamizelka ma 3 poziomy ogrzewania. Zapewnia niezb\u0119dn\u0105 ciep\u0142ot\u0119 cia\u0142a w zimnych warunkach.<\/p>\n<p>Poczuj przyjemno\u015b\u0107 zimowego spaceru bez strachu przed zimnem i mrozem.<br \/>\nZapewniaj\u0105 komfort podczas pracy na zewn\u0105trz lub w niskich temperaturach.<br \/>\nJe\u015bli lubisz \u0142owi\u0107 ryby zim\u0105, kamizelka zapewni komfortow\u0105 temperatur\u0119.<\/p>\n<p>Cardinella Kamizelka Ogrzewana 9-Strefowa Granatowa XL \u2013 \u0141adowanie USB i Regulacja Temperatury<\/p>\n<p>Aby zapewni\u0107 optymalny komfort i ciep\u0142o, kamizelka jest wyposa\u017cona w ogrzewanie elektryczne:<\/p>\n<p>9 stref grzewczych;<br \/>\nPrzyjemne i koj\u0105ce ciep\u0142o szyi, ramion, brzucha i plec\u00f3w;<br \/>\n3 poziomy temperatury (45\u00b0 55\u00b0 65\u00b0);<br \/>\nMateria\u0142 jest wodoodporny i wiatroszczelny;<br \/>\nNapi\u0119cie bezpieczne dla cz\u0142owieka 5V \/ 2A;<br \/>\nWbudowany kabel USB;<br \/>\nWewn\u0119trzna kiesze\u0144 z miejscem na akumulator;<br \/>\nDwie kieszenie zewn\u0119trzne;<br \/>\nPrzyjemne ciep\u0142o pod odzie\u017c\u0105 wierzchni\u0105;<br \/>\nEleganckie, wygodne, lekkie i ciep\u0142e na ka\u017cdy dzie\u0144 i por\u0119.<\/p>\n<h5 class=\"font-bold font-sans break-normal text-black mb-6 text-4xl lg:text-5xl leading-extra-tight\"><a href=\"https:\/\/www.health.harvard.edu\/staying-healthy\/how-does-cold-weather-affect-your-health#:~:text=Cold%20weather%20acts%20as%20a,heart%2C%20such%20as%20shoveling%20snow.\">Jak niska temperatura wp\u0142ywa na zdrowie?<\/a><\/h5>\n<p><a href=\"\/?product_cat=incalzitoare-electrice\" target=\"_blank\" rel=\"noopener\">Sprawd\u017a podobne produkty<\/a><\/p>\n","protected":false},"excerpt":{"rendered":"<p>Cardinella Kamizelka Ogrzewana 9-Strefowa Granatowa XL \u2013 \u0141adowanie USB i Regulacja Temperatury Kamizelka z ogrzewaniem elektrycznym jest odpowiednia dla wszystkich os\u00f3b, kt\u00f3re marzn\u0105 zim\u0105. Kamizelka ma 3 poziomy ogrzewania. Zapewnia niezb\u0119dn\u0105 ciep\u0142ot\u0119 cia\u0142a w zimnych warunkach. Poczuj przyjemno\u015b\u0107 zimowego spaceru bez strachu przed zimnem i mrozem. Zapewniaj\u0105 komfort podczas pracy na zewn\u0105trz lub w niskich [&hellip;]<\/p>\n","protected":false},"featured_media":246741,"comment_status":"open","ping_status":"closed","template":"","meta":{"_et_pb_use_builder":"","_et_pb_old_content":"","_et_gb_content_width":""},"product_brand":[408],"product_cat":[353],"product_tag":[],"class_list":{"0":"post-246570","1":"product","2":"type-product","3":"status-publish","4":"has-post-thumbnail","6":"product_brand-cardinella-pl","7":"product_cat-elektryczne-ogrzewacze-ciala","9":"first","10":"instock","11":"shipping-taxable","12":"purchasable","13":"product-type-simple"},"yoast_head":"<!-- This site is optimized with the Yoast SEO plugin v27.4 - https:\/\/yoast.com\/product\/yoast-seo-wordpress\/ -->\n<title>Kamizelka Ogrzewana Granatowa XL | Ogrzewana 9<\/title>\n<meta name=\"description\" content=\"Cardinella Kamizelka Ogrzewana XL 9-Strefowa| Regulacja Temperatury |\" \/>\n<meta name=\"robots\" content=\"index, follow, max-snippet:-1, max-image-preview:large, max-video-preview:-1\" \/>\n<link rel=\"canonical\" href=\"https:\/\/cardinella.eu\/pl\/produkt\/803746\/\" \/>\n<meta property=\"og:locale\" content=\"pl_PL\" \/>\n<meta property=\"og:type\" content=\"article\" \/>\n<meta property=\"og:title\" content=\"Kamizelka Ogrzewana Granatowa XL | Ogrzewana 9\" \/>\n<meta property=\"og:description\" content=\"Cardinella Kamizelka Ogrzewana XL 9-Strefowa| Regulacja Temperatury |\" \/>\n<meta property=\"og:url\" content=\"https:\/\/cardinella.eu\/pl\/produkt\/803746\/\" \/>\n<meta property=\"og:site_name\" content=\"Electric Blanket\" \/>\n<meta property=\"article:modified_time\" content=\"2025-09-11T07:59:01+00:00\" \/>\n<meta property=\"og:image\" content=\"https:\/\/cdn.cardinella.eu\/wp-content\/uploads\/2023\/10\/Vest-blue_1.jpeg\" \/>\n\t<meta property=\"og:image:width\" content=\"561\" \/>\n\t<meta property=\"og:image:height\" content=\"1050\" \/>\n\t<meta property=\"og:image:type\" content=\"image\/jpeg\" \/>\n<meta name=\"twitter:card\" content=\"summary_large_image\" \/>\n<meta name=\"twitter:label1\" content=\"Szacowany czas czytania\" \/>\n\t<meta name=\"twitter:data1\" content=\"1 minuta\" \/>\n<script type=\"application\/ld+json\" class=\"yoast-schema-graph\">{\"@context\":\"https:\\\/\\\/schema.org\",\"@graph\":[{\"@type\":[\"WebPage\",\"ItemPage\"],\"@id\":\"https:\\\/\\\/cardinella.eu\\\/pl\\\/produkt\\\/803746\\\/\",\"url\":\"https:\\\/\\\/cardinella.eu\\\/pl\\\/produkt\\\/803746\\\/\",\"name\":\"Kamizelka Ogrzewana Granatowa XL | Ogrzewana 9\",\"isPartOf\":{\"@id\":\"https:\\\/\\\/cardinella.eu\\\/pl\\\/#website\"},\"primaryImageOfPage\":{\"@id\":\"https:\\\/\\\/cardinella.eu\\\/pl\\\/produkt\\\/803746\\\/#primaryimage\"},\"image\":{\"@id\":\"https:\\\/\\\/cardinella.eu\\\/pl\\\/produkt\\\/803746\\\/#primaryimage\"},\"thumbnailUrl\":\"https:\\\/\\\/cdn.cardinella.eu\\\/wp-content\\\/uploads\\\/2025\\\/08\\\/vest-blue-400x400-1.jpg\",\"datePublished\":\"2025-08-23T16:05:40+00:00\",\"dateModified\":\"2025-09-11T07:59:01+00:00\",\"description\":\"Cardinella Kamizelka Ogrzewana XL 9-Strefowa| Regulacja Temperatury |\",\"breadcrumb\":{\"@id\":\"https:\\\/\\\/cardinella.eu\\\/pl\\\/produkt\\\/803746\\\/#breadcrumb\"},\"inLanguage\":\"pl-PL\",\"potentialAction\":[{\"@type\":\"ReadAction\",\"target\":[\"https:\\\/\\\/cardinella.eu\\\/pl\\\/produkt\\\/803746\\\/\"]}]},{\"@type\":\"ImageObject\",\"inLanguage\":\"pl-PL\",\"@id\":\"https:\\\/\\\/cardinella.eu\\\/pl\\\/produkt\\\/803746\\\/#primaryimage\",\"url\":\"https:\\\/\\\/cdn.cardinella.eu\\\/wp-content\\\/uploads\\\/2025\\\/08\\\/vest-blue-400x400-1.jpg\",\"contentUrl\":\"https:\\\/\\\/cdn.cardinella.eu\\\/wp-content\\\/uploads\\\/2025\\\/08\\\/vest-blue-400x400-1.jpg\",\"width\":400,\"height\":400,\"caption\":\"9-Zone Heated Vest Dark Blue\"},{\"@type\":\"BreadcrumbList\",\"@id\":\"https:\\\/\\\/cardinella.eu\\\/pl\\\/produkt\\\/803746\\\/#breadcrumb\",\"itemListElement\":[{\"@type\":\"ListItem\",\"position\":1,\"name\":\"Home\",\"item\":\"https:\\\/\\\/cardinella.eu\\\/pl\\\/\"},{\"@type\":\"ListItem\",\"position\":2,\"name\":\"Shop\",\"item\":\"https:\\\/\\\/cardinella.eu\\\/shop\\\/\"},{\"@type\":\"ListItem\",\"position\":3,\"name\":\"Kamizelka Ogrzewana 9-Strefowa Granatowa XL \u2013 \u0141adowanie USB i Regulacja Temperatury | Cardinella\"}]},{\"@type\":\"WebSite\",\"@id\":\"https:\\\/\\\/cardinella.eu\\\/pl\\\/#website\",\"url\":\"https:\\\/\\\/cardinella.eu\\\/pl\\\/\",\"name\":\"Electric Blanket\",\"description\":\"Personal Body Warmers\",\"publisher\":{\"@id\":\"https:\\\/\\\/cardinella.eu\\\/pl\\\/#organization\"},\"potentialAction\":[{\"@type\":\"SearchAction\",\"target\":{\"@type\":\"EntryPoint\",\"urlTemplate\":\"https:\\\/\\\/cardinella.eu\\\/pl\\\/?s={search_term_string}\"},\"query-input\":{\"@type\":\"PropertyValueSpecification\",\"valueRequired\":true,\"valueName\":\"search_term_string\"}}],\"inLanguage\":\"pl-PL\"},{\"@type\":\"Organization\",\"@id\":\"https:\\\/\\\/cardinella.eu\\\/pl\\\/#organization\",\"name\":\"Domtex.Bg Ltd\",\"alternateName\":\"Cardinella\",\"url\":\"https:\\\/\\\/cardinella.eu\\\/pl\\\/\",\"logo\":{\"@type\":\"ImageObject\",\"inLanguage\":\"pl-PL\",\"@id\":\"https:\\\/\\\/cardinella.eu\\\/pl\\\/#\\\/schema\\\/logo\\\/image\\\/\",\"url\":\"https:\\\/\\\/cardinella.eu\\\/wp-content\\\/uploads\\\/2022\\\/01\\\/Cardinella_logo_C.png\",\"contentUrl\":\"https:\\\/\\\/cardinella.eu\\\/wp-content\\\/uploads\\\/2022\\\/01\\\/Cardinella_logo_C.png\",\"width\":72,\"height\":72,\"caption\":\"Domtex.Bg Ltd\"},\"image\":{\"@id\":\"https:\\\/\\\/cardinella.eu\\\/pl\\\/#\\\/schema\\\/logo\\\/image\\\/\"}}]}<\/script>\n<!-- \/ Yoast SEO plugin. -->","yoast_head_json":{"title":"Kamizelka Ogrzewana Granatowa XL | Ogrzewana 9","description":"Cardinella Kamizelka Ogrzewana XL 9-Strefowa| Regulacja Temperatury |","robots":{"index":"index","follow":"follow","max-snippet":"max-snippet:-1","max-image-preview":"max-image-preview:large","max-video-preview":"max-video-preview:-1"},"canonical":"https:\/\/cardinella.eu\/pl\/produkt\/803746\/","og_locale":"pl_PL","og_type":"article","og_title":"Kamizelka Ogrzewana Granatowa XL | Ogrzewana 9","og_description":"Cardinella Kamizelka Ogrzewana XL 9-Strefowa| Regulacja Temperatury |","og_url":"https:\/\/cardinella.eu\/pl\/produkt\/803746\/","og_site_name":"Electric Blanket","article_modified_time":"2025-09-11T07:59:01+00:00","og_image":[{"width":561,"height":1050,"url":"https:\/\/cdn.cardinella.eu\/wp-content\/uploads\/2023\/10\/Vest-blue_1.jpeg","type":"image\/jpeg"}],"twitter_card":"summary_large_image","twitter_misc":{"Szacowany czas czytania":"1 minuta"},"schema":{"@context":"https:\/\/schema.org","@graph":[{"@type":["WebPage","ItemPage"],"@id":"https:\/\/cardinella.eu\/pl\/produkt\/803746\/","url":"https:\/\/cardinella.eu\/pl\/produkt\/803746\/","name":"Kamizelka Ogrzewana Granatowa XL | Ogrzewana 9","isPartOf":{"@id":"https:\/\/cardinella.eu\/pl\/#website"},"primaryImageOfPage":{"@id":"https:\/\/cardinella.eu\/pl\/produkt\/803746\/#primaryimage"},"image":{"@id":"https:\/\/cardinella.eu\/pl\/produkt\/803746\/#primaryimage"},"thumbnailUrl":"https:\/\/cdn.cardinella.eu\/wp-content\/uploads\/2025\/08\/vest-blue-400x400-1.jpg","datePublished":"2025-08-23T16:05:40+00:00","dateModified":"2025-09-11T07:59:01+00:00","description":"Cardinella Kamizelka Ogrzewana XL 9-Strefowa| Regulacja Temperatury |","breadcrumb":{"@id":"https:\/\/cardinella.eu\/pl\/produkt\/803746\/#breadcrumb"},"inLanguage":"pl-PL","potentialAction":[{"@type":"ReadAction","target":["https:\/\/cardinella.eu\/pl\/produkt\/803746\/"]}]},{"@type":"ImageObject","inLanguage":"pl-PL","@id":"https:\/\/cardinella.eu\/pl\/produkt\/803746\/#primaryimage","url":"https:\/\/cdn.cardinella.eu\/wp-content\/uploads\/2025\/08\/vest-blue-400x400-1.jpg","contentUrl":"https:\/\/cdn.cardinella.eu\/wp-content\/uploads\/2025\/08\/vest-blue-400x400-1.jpg","width":400,"height":400,"caption":"9-Zone Heated Vest Dark Blue"},{"@type":"BreadcrumbList","@id":"https:\/\/cardinella.eu\/pl\/produkt\/803746\/#breadcrumb","itemListElement":[{"@type":"ListItem","position":1,"name":"Home","item":"https:\/\/cardinella.eu\/pl\/"},{"@type":"ListItem","position":2,"name":"Shop","item":"https:\/\/cardinella.eu\/shop\/"},{"@type":"ListItem","position":3,"name":"Kamizelka Ogrzewana 9-Strefowa Granatowa XL \u2013 \u0141adowanie USB i Regulacja Temperatury | Cardinella"}]},{"@type":"WebSite","@id":"https:\/\/cardinella.eu\/pl\/#website","url":"https:\/\/cardinella.eu\/pl\/","name":"Electric Blanket","description":"Personal Body Warmers","publisher":{"@id":"https:\/\/cardinella.eu\/pl\/#organization"},"potentialAction":[{"@type":"SearchAction","target":{"@type":"EntryPoint","urlTemplate":"https:\/\/cardinella.eu\/pl\/?s={search_term_string}"},"query-input":{"@type":"PropertyValueSpecification","valueRequired":true,"valueName":"search_term_string"}}],"inLanguage":"pl-PL"},{"@type":"Organization","@id":"https:\/\/cardinella.eu\/pl\/#organization","name":"Domtex.Bg Ltd","alternateName":"Cardinella","url":"https:\/\/cardinella.eu\/pl\/","logo":{"@type":"ImageObject","inLanguage":"pl-PL","@id":"https:\/\/cardinella.eu\/pl\/#\/schema\/logo\/image\/","url":"https:\/\/cardinella.eu\/wp-content\/uploads\/2022\/01\/Cardinella_logo_C.png","contentUrl":"https:\/\/cardinella.eu\/wp-content\/uploads\/2022\/01\/Cardinella_logo_C.png","width":72,"height":72,"caption":"Domtex.Bg Ltd"},"image":{"@id":"https:\/\/cardinella.eu\/pl\/#\/schema\/logo\/image\/"}}]}},"_links":{"self":[{"href":"https:\/\/cardinella.eu\/pl\/wp-json\/wp\/v2\/product\/246570","targetHints":{"allow":["GET"]}}],"collection":[{"href":"https:\/\/cardinella.eu\/pl\/wp-json\/wp\/v2\/product"}],"about":[{"href":"https:\/\/cardinella.eu\/pl\/wp-json\/wp\/v2\/types\/product"}],"replies":[{"embeddable":true,"href":"https:\/\/cardinella.eu\/pl\/wp-json\/wp\/v2\/comments?post=246570"}],"wp:featuredmedia":[{"embeddable":true,"href":"https:\/\/cardinella.eu\/pl\/wp-json\/wp\/v2\/media\/246741"}],"wp:attachment":[{"href":"https:\/\/cardinella.eu\/pl\/wp-json\/wp\/v2\/media?parent=246570"}],"wp:term":[{"taxonomy":"product_brand","embeddable":true,"href":"https:\/\/cardinella.eu\/pl\/wp-json\/wp\/v2\/product_brand?post=246570"},{"taxonomy":"product_cat","embeddable":true,"href":"https:\/\/cardinella.eu\/pl\/wp-json\/wp\/v2\/product_cat?post=246570"},{"taxonomy":"product_tag","embeddable":true,"href":"https:\/\/cardinella.eu\/pl\/wp-json\/wp\/v2\/product_tag?post=246570"}],"curies":[{"name":"wp","href":"https:\/\/api.w.org\/{rel}","templated":true}]}}