{"id":246627,"date":"2022-02-06T20:19:28","date_gmt":"2022-02-06T18:19:28","guid":{"rendered":"https:\/\/cardinella.eu\/product\/podgrzewane-rekawice-akumulatorowe-ekran-dotykowy-sport-zimowy-unisex-cardinella\/"},"modified":"2025-09-11T11:01:46","modified_gmt":"2025-09-11T08:01:46","slug":"podgrzewane-rekawice-akumulatorowe-ekran-dotykowy-sport-zimowy-unisex-cardinella","status":"publish","type":"product","link":"https:\/\/cardinella.eu\/pl\/produkt\/podgrzewane-rekawice-akumulatorowe-ekran-dotykowy-sport-zimowy-unisex-cardinella\/","title":{"rendered":"Podgrzewane r\u0119kawice akumulatorowe &#8211; ekran dotykowy, sport zimowy unisex | Cardinella"},"content":{"rendered":"<p>Podgrzewane r\u0119kawice s\u0105 odpowiednie dla wszystkich, kt\u00f3rzy uprawiaj\u0105 sport na \u015bwie\u017cym powietrzu w niskich temperaturach. R\u0119kawice zapewni\u0105 odpowiedni\u0105 temperatur\u0119, aby czu\u0107 si\u0119 komfortowo podczas jazdy na rowerze, jazdy na nartach, polowania, w\u0119dr\u00f3wek lub wielu innych aktywno\u015bci, gdy na zewn\u0105trz jest zimno.<\/p>\n<p>Podgrzewane r\u0119kawice s\u0105 wyposa\u017cone w 3 poziomy ogrzewania, aby zapewni\u0107 maksymalny komfort i utrzyma\u0107 d\u0142onie w cieple.<\/p>\n<p>Mi\u0119dzynarodowy standard rozmiaru i grubo\u015bci spe\u0142nia potrzeby wi\u0119kszo\u015bci ludzi. Wykonane z wodoodpornego, oddychaj\u0105cego materia\u0142u, wytrzyma\u0142e i bezpieczne. D\u0142o\u0144 r\u0119kawic jest antypo\u015blizgowa.<\/p>\n<p>Charakterystyka:<\/p>\n<ul>\n<li>Rozgrzewa ca\u0142\u0105 d\u0142o\u0144 i palce;<\/li>\n<li>Wykonany z wodoodpornego materia\u0142u;<\/li>\n<li>ta\u015bma odblaskowa;<\/li>\n<li>Mocowanie za pomoc\u0105 paska r\u0119cznego;<\/li>\n<li>Inteligentny termostat z trzema poziomami;<\/li>\n<li>Materia\u0142 PU odporny na zu\u017cycie i antypo\u015blizgowy;<\/li>\n<li>Sznurek przyszyty do nadgarstka;<\/li>\n<li>Wodoodporna kiesze\u0144 z zamkiem b\u0142yskawicznym;<\/li>\n<li>Kiesze\u0144 na nadgarstek ze sznurkiem.<\/li>\n<\/ul>\n<h5><a href=\"https:\/\/www.niams.nih.gov\/health-topics\/raynauds-phenomenon\" target=\"_blank\" rel=\"noopener\">Przyczyny fenomenu Raynauda<\/a><\/h5>\n<p><a href=\"https:\/\/cardinella.eu\/shop\" target=\"_blank\" rel=\"noopener\">Sprawd\u017a podobne produkty<\/a><\/p>\n","protected":false},"excerpt":{"rendered":"<p>Podgrzewane r\u0119kawice s\u0105 odpowiednie dla wszystkich, kt\u00f3rzy uprawiaj\u0105 sport na \u015bwie\u017cym powietrzu w niskich temperaturach. R\u0119kawice zapewni\u0105 odpowiedni\u0105 temperatur\u0119, aby czu\u0107 si\u0119 komfortowo podczas jazdy na rowerze, jazdy na nartach, polowania, w\u0119dr\u00f3wek lub wielu innych aktywno\u015bci, gdy na zewn\u0105trz jest zimno. Podgrzewane r\u0119kawice s\u0105 wyposa\u017cone w 3 poziomy ogrzewania, aby zapewni\u0107 maksymalny komfort i utrzyma\u0107 [&hellip;]<\/p>\n","protected":false},"featured_media":243259,"comment_status":"open","ping_status":"closed","template":"","meta":{"_et_pb_use_builder":"","_et_pb_old_content":"","_et_gb_content_width":""},"product_brand":[408],"product_cat":[353],"product_tag":[],"class_list":{"0":"post-246627","1":"product","2":"type-product","3":"status-publish","4":"has-post-thumbnail","6":"product_brand-cardinella-pl","7":"product_cat-elektryczne-ogrzewacze-ciala","9":"first","10":"instock","11":"shipping-taxable","12":"purchasable","13":"product-type-simple"},"yoast_head":"<!-- This site is optimized with the Yoast SEO plugin v27.4 - https:\/\/yoast.com\/product\/yoast-seo-wordpress\/ -->\n<title>Podgrzewane r\u0119kawice | 3 poziomy ogrzewania<\/title>\n<meta name=\"description\" content=\"Podgrzewane r\u0119kawice s\u0105 odpowiednie dla wszystkich, kt\u00f3rzy uprawiaj\u0105 sport na \u015bwie\u017cym powietrzu w niskich temperaturach. | Rozgrzewa ca\u0142\u0105 d\u0142o\u0144 i palce.\" \/>\n<meta name=\"robots\" content=\"index, follow, max-snippet:-1, max-image-preview:large, max-video-preview:-1\" \/>\n<link rel=\"canonical\" href=\"https:\/\/cardinella.eu\/pl\/produkt\/podgrzewane-rekawice-akumulatorowe-ekran-dotykowy-sport-zimowy-unisex-cardinella\/\" \/>\n<meta property=\"og:locale\" content=\"pl_PL\" \/>\n<meta property=\"og:type\" content=\"article\" \/>\n<meta property=\"og:title\" content=\"Podgrzewane r\u0119kawice | 3 poziomy ogrzewania\" \/>\n<meta property=\"og:description\" content=\"Podgrzewane r\u0119kawice s\u0105 odpowiednie dla wszystkich, kt\u00f3rzy uprawiaj\u0105 sport na \u015bwie\u017cym powietrzu w niskich temperaturach. | Rozgrzewa ca\u0142\u0105 d\u0142o\u0144 i palce.\" \/>\n<meta property=\"og:url\" content=\"https:\/\/cardinella.eu\/pl\/produkt\/podgrzewane-rekawice-akumulatorowe-ekran-dotykowy-sport-zimowy-unisex-cardinella\/\" \/>\n<meta property=\"og:site_name\" content=\"Electric Blanket\" \/>\n<meta property=\"article:modified_time\" content=\"2025-09-11T08:01:46+00:00\" \/>\n<meta property=\"og:image\" content=\"https:\/\/cdn.cardinella.eu\/wp-content\/uploads\/2022\/02\/Gloves-1.jpg\" \/>\n\t<meta property=\"og:image:width\" content=\"800\" \/>\n\t<meta property=\"og:image:height\" content=\"800\" \/>\n\t<meta property=\"og:image:type\" content=\"image\/jpeg\" \/>\n<meta name=\"twitter:card\" content=\"summary_large_image\" \/>\n<meta name=\"twitter:label1\" content=\"Szacowany czas czytania\" \/>\n\t<meta name=\"twitter:data1\" content=\"1 minuta\" \/>\n<script type=\"application\/ld+json\" class=\"yoast-schema-graph\">{\"@context\":\"https:\\\/\\\/schema.org\",\"@graph\":[{\"@type\":[\"WebPage\",\"ItemPage\"],\"@id\":\"https:\\\/\\\/cardinella.eu\\\/pl\\\/produkt\\\/podgrzewane-rekawice-akumulatorowe-ekran-dotykowy-sport-zimowy-unisex-cardinella\\\/\",\"url\":\"https:\\\/\\\/cardinella.eu\\\/pl\\\/produkt\\\/podgrzewane-rekawice-akumulatorowe-ekran-dotykowy-sport-zimowy-unisex-cardinella\\\/\",\"name\":\"Podgrzewane r\u0119kawice | 3 poziomy ogrzewania\",\"isPartOf\":{\"@id\":\"https:\\\/\\\/cardinella.eu\\\/pl\\\/#website\"},\"primaryImageOfPage\":{\"@id\":\"https:\\\/\\\/cardinella.eu\\\/pl\\\/produkt\\\/podgrzewane-rekawice-akumulatorowe-ekran-dotykowy-sport-zimowy-unisex-cardinella\\\/#primaryimage\"},\"image\":{\"@id\":\"https:\\\/\\\/cardinella.eu\\\/pl\\\/produkt\\\/podgrzewane-rekawice-akumulatorowe-ekran-dotykowy-sport-zimowy-unisex-cardinella\\\/#primaryimage\"},\"thumbnailUrl\":\"https:\\\/\\\/cdn.cardinella.eu\\\/wp-content\\\/uploads\\\/2022\\\/02\\\/Gloves-1.jpg\",\"datePublished\":\"2022-02-06T18:19:28+00:00\",\"dateModified\":\"2025-09-11T08:01:46+00:00\",\"description\":\"Podgrzewane r\u0119kawice s\u0105 odpowiednie dla wszystkich, kt\u00f3rzy uprawiaj\u0105 sport na \u015bwie\u017cym powietrzu w niskich temperaturach. | Rozgrzewa ca\u0142\u0105 d\u0142o\u0144 i palce.\",\"breadcrumb\":{\"@id\":\"https:\\\/\\\/cardinella.eu\\\/pl\\\/produkt\\\/podgrzewane-rekawice-akumulatorowe-ekran-dotykowy-sport-zimowy-unisex-cardinella\\\/#breadcrumb\"},\"inLanguage\":\"pl-PL\",\"potentialAction\":[{\"@type\":\"ReadAction\",\"target\":[\"https:\\\/\\\/cardinella.eu\\\/pl\\\/produkt\\\/podgrzewane-rekawice-akumulatorowe-ekran-dotykowy-sport-zimowy-unisex-cardinella\\\/\"]}]},{\"@type\":\"ImageObject\",\"inLanguage\":\"pl-PL\",\"@id\":\"https:\\\/\\\/cardinella.eu\\\/pl\\\/produkt\\\/podgrzewane-rekawice-akumulatorowe-ekran-dotykowy-sport-zimowy-unisex-cardinella\\\/#primaryimage\",\"url\":\"https:\\\/\\\/cdn.cardinella.eu\\\/wp-content\\\/uploads\\\/2022\\\/02\\\/Gloves-1.jpg\",\"contentUrl\":\"https:\\\/\\\/cdn.cardinella.eu\\\/wp-content\\\/uploads\\\/2022\\\/02\\\/Gloves-1.jpg\",\"width\":800,\"height\":800},{\"@type\":\"BreadcrumbList\",\"@id\":\"https:\\\/\\\/cardinella.eu\\\/pl\\\/produkt\\\/podgrzewane-rekawice-akumulatorowe-ekran-dotykowy-sport-zimowy-unisex-cardinella\\\/#breadcrumb\",\"itemListElement\":[{\"@type\":\"ListItem\",\"position\":1,\"name\":\"Home\",\"item\":\"https:\\\/\\\/cardinella.eu\\\/pl\\\/\"},{\"@type\":\"ListItem\",\"position\":2,\"name\":\"Shop\",\"item\":\"https:\\\/\\\/cardinella.eu\\\/shop\\\/\"},{\"@type\":\"ListItem\",\"position\":3,\"name\":\"Podgrzewane r\u0119kawice akumulatorowe &#8211; ekran dotykowy, sport zimowy unisex | Cardinella\"}]},{\"@type\":\"WebSite\",\"@id\":\"https:\\\/\\\/cardinella.eu\\\/pl\\\/#website\",\"url\":\"https:\\\/\\\/cardinella.eu\\\/pl\\\/\",\"name\":\"Electric Blanket\",\"description\":\"Personal Body Warmers\",\"publisher\":{\"@id\":\"https:\\\/\\\/cardinella.eu\\\/pl\\\/#organization\"},\"potentialAction\":[{\"@type\":\"SearchAction\",\"target\":{\"@type\":\"EntryPoint\",\"urlTemplate\":\"https:\\\/\\\/cardinella.eu\\\/pl\\\/?s={search_term_string}\"},\"query-input\":{\"@type\":\"PropertyValueSpecification\",\"valueRequired\":true,\"valueName\":\"search_term_string\"}}],\"inLanguage\":\"pl-PL\"},{\"@type\":\"Organization\",\"@id\":\"https:\\\/\\\/cardinella.eu\\\/pl\\\/#organization\",\"name\":\"Domtex.Bg Ltd\",\"alternateName\":\"Cardinella\",\"url\":\"https:\\\/\\\/cardinella.eu\\\/pl\\\/\",\"logo\":{\"@type\":\"ImageObject\",\"inLanguage\":\"pl-PL\",\"@id\":\"https:\\\/\\\/cardinella.eu\\\/pl\\\/#\\\/schema\\\/logo\\\/image\\\/\",\"url\":\"https:\\\/\\\/cardinella.eu\\\/wp-content\\\/uploads\\\/2022\\\/01\\\/Cardinella_logo_C.png\",\"contentUrl\":\"https:\\\/\\\/cardinella.eu\\\/wp-content\\\/uploads\\\/2022\\\/01\\\/Cardinella_logo_C.png\",\"width\":72,\"height\":72,\"caption\":\"Domtex.Bg Ltd\"},\"image\":{\"@id\":\"https:\\\/\\\/cardinella.eu\\\/pl\\\/#\\\/schema\\\/logo\\\/image\\\/\"}}]}<\/script>\n<!-- \/ Yoast SEO plugin. -->","yoast_head_json":{"title":"Podgrzewane r\u0119kawice | 3 poziomy ogrzewania","description":"Podgrzewane r\u0119kawice s\u0105 odpowiednie dla wszystkich, kt\u00f3rzy uprawiaj\u0105 sport na \u015bwie\u017cym powietrzu w niskich temperaturach. | Rozgrzewa ca\u0142\u0105 d\u0142o\u0144 i palce.","robots":{"index":"index","follow":"follow","max-snippet":"max-snippet:-1","max-image-preview":"max-image-preview:large","max-video-preview":"max-video-preview:-1"},"canonical":"https:\/\/cardinella.eu\/pl\/produkt\/podgrzewane-rekawice-akumulatorowe-ekran-dotykowy-sport-zimowy-unisex-cardinella\/","og_locale":"pl_PL","og_type":"article","og_title":"Podgrzewane r\u0119kawice | 3 poziomy ogrzewania","og_description":"Podgrzewane r\u0119kawice s\u0105 odpowiednie dla wszystkich, kt\u00f3rzy uprawiaj\u0105 sport na \u015bwie\u017cym powietrzu w niskich temperaturach. | Rozgrzewa ca\u0142\u0105 d\u0142o\u0144 i palce.","og_url":"https:\/\/cardinella.eu\/pl\/produkt\/podgrzewane-rekawice-akumulatorowe-ekran-dotykowy-sport-zimowy-unisex-cardinella\/","og_site_name":"Electric Blanket","article_modified_time":"2025-09-11T08:01:46+00:00","og_image":[{"width":800,"height":800,"url":"https:\/\/cdn.cardinella.eu\/wp-content\/uploads\/2022\/02\/Gloves-1.jpg","type":"image\/jpeg"}],"twitter_card":"summary_large_image","twitter_misc":{"Szacowany czas czytania":"1 minuta"},"schema":{"@context":"https:\/\/schema.org","@graph":[{"@type":["WebPage","ItemPage"],"@id":"https:\/\/cardinella.eu\/pl\/produkt\/podgrzewane-rekawice-akumulatorowe-ekran-dotykowy-sport-zimowy-unisex-cardinella\/","url":"https:\/\/cardinella.eu\/pl\/produkt\/podgrzewane-rekawice-akumulatorowe-ekran-dotykowy-sport-zimowy-unisex-cardinella\/","name":"Podgrzewane r\u0119kawice | 3 poziomy ogrzewania","isPartOf":{"@id":"https:\/\/cardinella.eu\/pl\/#website"},"primaryImageOfPage":{"@id":"https:\/\/cardinella.eu\/pl\/produkt\/podgrzewane-rekawice-akumulatorowe-ekran-dotykowy-sport-zimowy-unisex-cardinella\/#primaryimage"},"image":{"@id":"https:\/\/cardinella.eu\/pl\/produkt\/podgrzewane-rekawice-akumulatorowe-ekran-dotykowy-sport-zimowy-unisex-cardinella\/#primaryimage"},"thumbnailUrl":"https:\/\/cdn.cardinella.eu\/wp-content\/uploads\/2022\/02\/Gloves-1.jpg","datePublished":"2022-02-06T18:19:28+00:00","dateModified":"2025-09-11T08:01:46+00:00","description":"Podgrzewane r\u0119kawice s\u0105 odpowiednie dla wszystkich, kt\u00f3rzy uprawiaj\u0105 sport na \u015bwie\u017cym powietrzu w niskich temperaturach. | Rozgrzewa ca\u0142\u0105 d\u0142o\u0144 i palce.","breadcrumb":{"@id":"https:\/\/cardinella.eu\/pl\/produkt\/podgrzewane-rekawice-akumulatorowe-ekran-dotykowy-sport-zimowy-unisex-cardinella\/#breadcrumb"},"inLanguage":"pl-PL","potentialAction":[{"@type":"ReadAction","target":["https:\/\/cardinella.eu\/pl\/produkt\/podgrzewane-rekawice-akumulatorowe-ekran-dotykowy-sport-zimowy-unisex-cardinella\/"]}]},{"@type":"ImageObject","inLanguage":"pl-PL","@id":"https:\/\/cardinella.eu\/pl\/produkt\/podgrzewane-rekawice-akumulatorowe-ekran-dotykowy-sport-zimowy-unisex-cardinella\/#primaryimage","url":"https:\/\/cdn.cardinella.eu\/wp-content\/uploads\/2022\/02\/Gloves-1.jpg","contentUrl":"https:\/\/cdn.cardinella.eu\/wp-content\/uploads\/2022\/02\/Gloves-1.jpg","width":800,"height":800},{"@type":"BreadcrumbList","@id":"https:\/\/cardinella.eu\/pl\/produkt\/podgrzewane-rekawice-akumulatorowe-ekran-dotykowy-sport-zimowy-unisex-cardinella\/#breadcrumb","itemListElement":[{"@type":"ListItem","position":1,"name":"Home","item":"https:\/\/cardinella.eu\/pl\/"},{"@type":"ListItem","position":2,"name":"Shop","item":"https:\/\/cardinella.eu\/shop\/"},{"@type":"ListItem","position":3,"name":"Podgrzewane r\u0119kawice akumulatorowe &#8211; ekran dotykowy, sport zimowy unisex | Cardinella"}]},{"@type":"WebSite","@id":"https:\/\/cardinella.eu\/pl\/#website","url":"https:\/\/cardinella.eu\/pl\/","name":"Electric Blanket","description":"Personal Body Warmers","publisher":{"@id":"https:\/\/cardinella.eu\/pl\/#organization"},"potentialAction":[{"@type":"SearchAction","target":{"@type":"EntryPoint","urlTemplate":"https:\/\/cardinella.eu\/pl\/?s={search_term_string}"},"query-input":{"@type":"PropertyValueSpecification","valueRequired":true,"valueName":"search_term_string"}}],"inLanguage":"pl-PL"},{"@type":"Organization","@id":"https:\/\/cardinella.eu\/pl\/#organization","name":"Domtex.Bg Ltd","alternateName":"Cardinella","url":"https:\/\/cardinella.eu\/pl\/","logo":{"@type":"ImageObject","inLanguage":"pl-PL","@id":"https:\/\/cardinella.eu\/pl\/#\/schema\/logo\/image\/","url":"https:\/\/cardinella.eu\/wp-content\/uploads\/2022\/01\/Cardinella_logo_C.png","contentUrl":"https:\/\/cardinella.eu\/wp-content\/uploads\/2022\/01\/Cardinella_logo_C.png","width":72,"height":72,"caption":"Domtex.Bg Ltd"},"image":{"@id":"https:\/\/cardinella.eu\/pl\/#\/schema\/logo\/image\/"}}]}},"_links":{"self":[{"href":"https:\/\/cardinella.eu\/pl\/wp-json\/wp\/v2\/product\/246627","targetHints":{"allow":["GET"]}}],"collection":[{"href":"https:\/\/cardinella.eu\/pl\/wp-json\/wp\/v2\/product"}],"about":[{"href":"https:\/\/cardinella.eu\/pl\/wp-json\/wp\/v2\/types\/product"}],"replies":[{"embeddable":true,"href":"https:\/\/cardinella.eu\/pl\/wp-json\/wp\/v2\/comments?post=246627"}],"wp:featuredmedia":[{"embeddable":true,"href":"https:\/\/cardinella.eu\/pl\/wp-json\/wp\/v2\/media\/243259"}],"wp:attachment":[{"href":"https:\/\/cardinella.eu\/pl\/wp-json\/wp\/v2\/media?parent=246627"}],"wp:term":[{"taxonomy":"product_brand","embeddable":true,"href":"https:\/\/cardinella.eu\/pl\/wp-json\/wp\/v2\/product_brand?post=246627"},{"taxonomy":"product_cat","embeddable":true,"href":"https:\/\/cardinella.eu\/pl\/wp-json\/wp\/v2\/product_cat?post=246627"},{"taxonomy":"product_tag","embeddable":true,"href":"https:\/\/cardinella.eu\/pl\/wp-json\/wp\/v2\/product_tag?post=246627"}],"curies":[{"name":"wp","href":"https:\/\/api.w.org\/{rel}","templated":true}]}}