{"id":246628,"date":"2021-01-01T00:00:00","date_gmt":"2020-12-31T22:00:00","guid":{"rendered":"https:\/\/cardinella.eu\/product\/podkladka-elektryczna-cardinella-40-x-40-cm-sterownik-elektroniczny-rozne-wzory\/"},"modified":"2025-09-11T10:57:45","modified_gmt":"2025-09-11T07:57:45","slug":"800073","status":"publish","type":"product","link":"https:\/\/cardinella.eu\/pl\/produkt\/800073\/","title":{"rendered":"Podk\u0142adka elektryczna Cardinella, 40 x 40 cm, sterownik elektroniczny, r\u00f3\u017cne wzory"},"content":{"rendered":"<p>Poduszka elektryczna Cardinella posiada:<br \/>\nOd\u0142\u0105czany przew\u00f3d zasilaj\u0105cy.<br \/>\nCiep\u0142o jest regulowane za pomoc\u0105 prze\u0142\u0105cznika w 9 stopniach.<br \/>\nZdejmowany pokrowiec, kt\u00f3ry mo\u017cna pra\u0107 i zapewnia maksymalny komfort podczas codziennego u\u017cytkowania.<\/p>\n<h6><a href=\"https:\/\/cchealth.org\/cold-weather\/#:~:text=Wear%20several%20layers%20of%20loose,Wear%20a%20hat.\" target=\"_blank\" rel=\"noopener\">Ochrona przed zimnem<\/a><\/h6>\n<p><a href=\"\/?product_cat=patura-electrica\" target=\"_blank\" rel=\"noopener\">Sprawd\u017a podobne produkty<\/a><\/p>\n","protected":false},"excerpt":{"rendered":"<p>Poduszka elektryczna Cardinella posiada: Od\u0142\u0105czany przew\u00f3d zasilaj\u0105cy. Ciep\u0142o jest regulowane za pomoc\u0105 prze\u0142\u0105cznika w 9 stopniach. Zdejmowany pokrowiec, kt\u00f3ry mo\u017cna pra\u0107 i zapewnia maksymalny komfort podczas codziennego u\u017cytkowania. Ochrona przed zimnem Sprawd\u017a podobne produkty<\/p>\n","protected":false},"featured_media":244195,"comment_status":"open","ping_status":"closed","template":"","meta":{"_et_pb_use_builder":"","_et_pb_old_content":"","_et_gb_content_width":""},"product_brand":[],"product_cat":[284],"product_tag":[],"class_list":{"0":"post-246628","1":"product","2":"type-product","3":"status-publish","4":"has-post-thumbnail","6":"product_cat-podkladka-elektryczna","8":"first","9":"instock","10":"sale","11":"shipping-taxable","12":"purchasable","13":"product-type-simple"},"yoast_head":"<!-- This site is optimized with the Yoast SEO plugin v27.4 - https:\/\/yoast.com\/product\/yoast-seo-wordpress\/ -->\n<title>Podk\u0142adka elektryczna Cardinella, 40 x 40 cm, sterownik elektroniczny, r\u00f3\u017cne wzory<\/title>\n<meta name=\"description\" content=\"Podk\u0142adka elektryczna | Ciep\u0142o jest regulowane za pomoc\u0105 9-stopniowego prze\u0142\u0105cznika. | Funkcja ochrony przed przegrzaniem zapewnia najbezpieczniejsz\u0105 opiek\u0119.\" \/>\n<meta name=\"robots\" content=\"index, follow, max-snippet:-1, max-image-preview:large, max-video-preview:-1\" \/>\n<link rel=\"canonical\" href=\"https:\/\/cardinella.eu\/pl\/produkt\/800073\/\" \/>\n<meta property=\"og:locale\" content=\"pl_PL\" \/>\n<meta property=\"og:type\" content=\"article\" \/>\n<meta property=\"og:title\" content=\"Podk\u0142adka elektryczna Cardinella, 40 x 40 cm, sterownik elektroniczny, r\u00f3\u017cne wzory\" \/>\n<meta property=\"og:description\" content=\"Podk\u0142adka elektryczna | Ciep\u0142o jest regulowane za pomoc\u0105 9-stopniowego prze\u0142\u0105cznika. | Funkcja ochrony przed przegrzaniem zapewnia najbezpieczniejsz\u0105 opiek\u0119.\" \/>\n<meta property=\"og:url\" content=\"https:\/\/cardinella.eu\/pl\/produkt\/800073\/\" \/>\n<meta property=\"og:site_name\" content=\"Electric Blanket\" \/>\n<meta property=\"article:modified_time\" content=\"2025-09-11T07:57:45+00:00\" \/>\n<meta property=\"og:image\" content=\"https:\/\/cardinella.eu\/wp-content\/uploads\/2023\/09\/smart-pad-01a-scaled.jpeg\" \/>\n\t<meta property=\"og:image:width\" content=\"2560\" \/>\n\t<meta property=\"og:image:height\" content=\"1680\" \/>\n\t<meta property=\"og:image:type\" content=\"image\/jpeg\" \/>\n<meta name=\"twitter:card\" content=\"summary_large_image\" \/>\n<script type=\"application\/ld+json\" class=\"yoast-schema-graph\">{\"@context\":\"https:\\\/\\\/schema.org\",\"@graph\":[{\"@type\":[\"WebPage\",\"ItemPage\"],\"@id\":\"https:\\\/\\\/cardinella.eu\\\/pl\\\/produkt\\\/800073\\\/\",\"url\":\"https:\\\/\\\/cardinella.eu\\\/pl\\\/produkt\\\/800073\\\/\",\"name\":\"Podk\u0142adka elektryczna Cardinella, 40 x 40 cm, sterownik elektroniczny, r\u00f3\u017cne wzory\",\"isPartOf\":{\"@id\":\"https:\\\/\\\/cardinella.eu\\\/pl\\\/#website\"},\"primaryImageOfPage\":{\"@id\":\"https:\\\/\\\/cardinella.eu\\\/pl\\\/produkt\\\/800073\\\/#primaryimage\"},\"image\":{\"@id\":\"https:\\\/\\\/cardinella.eu\\\/pl\\\/produkt\\\/800073\\\/#primaryimage\"},\"thumbnailUrl\":\"https:\\\/\\\/cdn.cardinella.eu\\\/wp-content\\\/uploads\\\/2023\\\/09\\\/smart-pad-01a-scaled.jpeg\",\"datePublished\":\"2020-12-31T22:00:00+00:00\",\"dateModified\":\"2025-09-11T07:57:45+00:00\",\"description\":\"Podk\u0142adka elektryczna | Ciep\u0142o jest regulowane za pomoc\u0105 9-stopniowego prze\u0142\u0105cznika. | Funkcja ochrony przed przegrzaniem zapewnia najbezpieczniejsz\u0105 opiek\u0119.\",\"breadcrumb\":{\"@id\":\"https:\\\/\\\/cardinella.eu\\\/pl\\\/produkt\\\/800073\\\/#breadcrumb\"},\"inLanguage\":\"pl-PL\",\"potentialAction\":[{\"@type\":\"ReadAction\",\"target\":[\"https:\\\/\\\/cardinella.eu\\\/pl\\\/produkt\\\/800073\\\/\"]}]},{\"@type\":\"ImageObject\",\"inLanguage\":\"pl-PL\",\"@id\":\"https:\\\/\\\/cardinella.eu\\\/pl\\\/produkt\\\/800073\\\/#primaryimage\",\"url\":\"https:\\\/\\\/cdn.cardinella.eu\\\/wp-content\\\/uploads\\\/2023\\\/09\\\/smart-pad-01a-scaled.jpeg\",\"contentUrl\":\"https:\\\/\\\/cdn.cardinella.eu\\\/wp-content\\\/uploads\\\/2023\\\/09\\\/smart-pad-01a-scaled.jpeg\",\"width\":2560,\"height\":1680},{\"@type\":\"BreadcrumbList\",\"@id\":\"https:\\\/\\\/cardinella.eu\\\/pl\\\/produkt\\\/800073\\\/#breadcrumb\",\"itemListElement\":[{\"@type\":\"ListItem\",\"position\":1,\"name\":\"Home\",\"item\":\"https:\\\/\\\/cardinella.eu\\\/pl\\\/\"},{\"@type\":\"ListItem\",\"position\":2,\"name\":\"Shop\",\"item\":\"https:\\\/\\\/cardinella.eu\\\/shop\\\/\"},{\"@type\":\"ListItem\",\"position\":3,\"name\":\"Podk\u0142adka elektryczna Cardinella, 40 x 40 cm, sterownik elektroniczny, r\u00f3\u017cne wzory\"}]},{\"@type\":\"WebSite\",\"@id\":\"https:\\\/\\\/cardinella.eu\\\/pl\\\/#website\",\"url\":\"https:\\\/\\\/cardinella.eu\\\/pl\\\/\",\"name\":\"Electric Blanket\",\"description\":\"Personal Body Warmers\",\"publisher\":{\"@id\":\"https:\\\/\\\/cardinella.eu\\\/pl\\\/#organization\"},\"potentialAction\":[{\"@type\":\"SearchAction\",\"target\":{\"@type\":\"EntryPoint\",\"urlTemplate\":\"https:\\\/\\\/cardinella.eu\\\/pl\\\/?s={search_term_string}\"},\"query-input\":{\"@type\":\"PropertyValueSpecification\",\"valueRequired\":true,\"valueName\":\"search_term_string\"}}],\"inLanguage\":\"pl-PL\"},{\"@type\":\"Organization\",\"@id\":\"https:\\\/\\\/cardinella.eu\\\/pl\\\/#organization\",\"name\":\"Domtex.Bg Ltd\",\"alternateName\":\"Cardinella\",\"url\":\"https:\\\/\\\/cardinella.eu\\\/pl\\\/\",\"logo\":{\"@type\":\"ImageObject\",\"inLanguage\":\"pl-PL\",\"@id\":\"https:\\\/\\\/cardinella.eu\\\/pl\\\/#\\\/schema\\\/logo\\\/image\\\/\",\"url\":\"https:\\\/\\\/cardinella.eu\\\/wp-content\\\/uploads\\\/2022\\\/01\\\/Cardinella_logo_C.png\",\"contentUrl\":\"https:\\\/\\\/cardinella.eu\\\/wp-content\\\/uploads\\\/2022\\\/01\\\/Cardinella_logo_C.png\",\"width\":72,\"height\":72,\"caption\":\"Domtex.Bg Ltd\"},\"image\":{\"@id\":\"https:\\\/\\\/cardinella.eu\\\/pl\\\/#\\\/schema\\\/logo\\\/image\\\/\"}}]}<\/script>\n<!-- \/ Yoast SEO plugin. -->","yoast_head_json":{"title":"Podk\u0142adka elektryczna Cardinella, 40 x 40 cm, sterownik elektroniczny, r\u00f3\u017cne wzory","description":"Podk\u0142adka elektryczna | Ciep\u0142o jest regulowane za pomoc\u0105 9-stopniowego prze\u0142\u0105cznika. | Funkcja ochrony przed przegrzaniem zapewnia najbezpieczniejsz\u0105 opiek\u0119.","robots":{"index":"index","follow":"follow","max-snippet":"max-snippet:-1","max-image-preview":"max-image-preview:large","max-video-preview":"max-video-preview:-1"},"canonical":"https:\/\/cardinella.eu\/pl\/produkt\/800073\/","og_locale":"pl_PL","og_type":"article","og_title":"Podk\u0142adka elektryczna Cardinella, 40 x 40 cm, sterownik elektroniczny, r\u00f3\u017cne wzory","og_description":"Podk\u0142adka elektryczna | Ciep\u0142o jest regulowane za pomoc\u0105 9-stopniowego prze\u0142\u0105cznika. | Funkcja ochrony przed przegrzaniem zapewnia najbezpieczniejsz\u0105 opiek\u0119.","og_url":"https:\/\/cardinella.eu\/pl\/produkt\/800073\/","og_site_name":"Electric Blanket","article_modified_time":"2025-09-11T07:57:45+00:00","og_image":[{"width":2560,"height":1680,"url":"https:\/\/cardinella.eu\/wp-content\/uploads\/2023\/09\/smart-pad-01a-scaled.jpeg","type":"image\/jpeg"}],"twitter_card":"summary_large_image","schema":{"@context":"https:\/\/schema.org","@graph":[{"@type":["WebPage","ItemPage"],"@id":"https:\/\/cardinella.eu\/pl\/produkt\/800073\/","url":"https:\/\/cardinella.eu\/pl\/produkt\/800073\/","name":"Podk\u0142adka elektryczna Cardinella, 40 x 40 cm, sterownik elektroniczny, r\u00f3\u017cne wzory","isPartOf":{"@id":"https:\/\/cardinella.eu\/pl\/#website"},"primaryImageOfPage":{"@id":"https:\/\/cardinella.eu\/pl\/produkt\/800073\/#primaryimage"},"image":{"@id":"https:\/\/cardinella.eu\/pl\/produkt\/800073\/#primaryimage"},"thumbnailUrl":"https:\/\/cdn.cardinella.eu\/wp-content\/uploads\/2023\/09\/smart-pad-01a-scaled.jpeg","datePublished":"2020-12-31T22:00:00+00:00","dateModified":"2025-09-11T07:57:45+00:00","description":"Podk\u0142adka elektryczna | Ciep\u0142o jest regulowane za pomoc\u0105 9-stopniowego prze\u0142\u0105cznika. | Funkcja ochrony przed przegrzaniem zapewnia najbezpieczniejsz\u0105 opiek\u0119.","breadcrumb":{"@id":"https:\/\/cardinella.eu\/pl\/produkt\/800073\/#breadcrumb"},"inLanguage":"pl-PL","potentialAction":[{"@type":"ReadAction","target":["https:\/\/cardinella.eu\/pl\/produkt\/800073\/"]}]},{"@type":"ImageObject","inLanguage":"pl-PL","@id":"https:\/\/cardinella.eu\/pl\/produkt\/800073\/#primaryimage","url":"https:\/\/cdn.cardinella.eu\/wp-content\/uploads\/2023\/09\/smart-pad-01a-scaled.jpeg","contentUrl":"https:\/\/cdn.cardinella.eu\/wp-content\/uploads\/2023\/09\/smart-pad-01a-scaled.jpeg","width":2560,"height":1680},{"@type":"BreadcrumbList","@id":"https:\/\/cardinella.eu\/pl\/produkt\/800073\/#breadcrumb","itemListElement":[{"@type":"ListItem","position":1,"name":"Home","item":"https:\/\/cardinella.eu\/pl\/"},{"@type":"ListItem","position":2,"name":"Shop","item":"https:\/\/cardinella.eu\/shop\/"},{"@type":"ListItem","position":3,"name":"Podk\u0142adka elektryczna Cardinella, 40 x 40 cm, sterownik elektroniczny, r\u00f3\u017cne wzory"}]},{"@type":"WebSite","@id":"https:\/\/cardinella.eu\/pl\/#website","url":"https:\/\/cardinella.eu\/pl\/","name":"Electric Blanket","description":"Personal Body Warmers","publisher":{"@id":"https:\/\/cardinella.eu\/pl\/#organization"},"potentialAction":[{"@type":"SearchAction","target":{"@type":"EntryPoint","urlTemplate":"https:\/\/cardinella.eu\/pl\/?s={search_term_string}"},"query-input":{"@type":"PropertyValueSpecification","valueRequired":true,"valueName":"search_term_string"}}],"inLanguage":"pl-PL"},{"@type":"Organization","@id":"https:\/\/cardinella.eu\/pl\/#organization","name":"Domtex.Bg Ltd","alternateName":"Cardinella","url":"https:\/\/cardinella.eu\/pl\/","logo":{"@type":"ImageObject","inLanguage":"pl-PL","@id":"https:\/\/cardinella.eu\/pl\/#\/schema\/logo\/image\/","url":"https:\/\/cardinella.eu\/wp-content\/uploads\/2022\/01\/Cardinella_logo_C.png","contentUrl":"https:\/\/cardinella.eu\/wp-content\/uploads\/2022\/01\/Cardinella_logo_C.png","width":72,"height":72,"caption":"Domtex.Bg Ltd"},"image":{"@id":"https:\/\/cardinella.eu\/pl\/#\/schema\/logo\/image\/"}}]}},"_links":{"self":[{"href":"https:\/\/cardinella.eu\/pl\/wp-json\/wp\/v2\/product\/246628","targetHints":{"allow":["GET"]}}],"collection":[{"href":"https:\/\/cardinella.eu\/pl\/wp-json\/wp\/v2\/product"}],"about":[{"href":"https:\/\/cardinella.eu\/pl\/wp-json\/wp\/v2\/types\/product"}],"replies":[{"embeddable":true,"href":"https:\/\/cardinella.eu\/pl\/wp-json\/wp\/v2\/comments?post=246628"}],"wp:featuredmedia":[{"embeddable":true,"href":"https:\/\/cardinella.eu\/pl\/wp-json\/wp\/v2\/media\/244195"}],"wp:attachment":[{"href":"https:\/\/cardinella.eu\/pl\/wp-json\/wp\/v2\/media?parent=246628"}],"wp:term":[{"taxonomy":"product_brand","embeddable":true,"href":"https:\/\/cardinella.eu\/pl\/wp-json\/wp\/v2\/product_brand?post=246628"},{"taxonomy":"product_cat","embeddable":true,"href":"https:\/\/cardinella.eu\/pl\/wp-json\/wp\/v2\/product_cat?post=246628"},{"taxonomy":"product_tag","embeddable":true,"href":"https:\/\/cardinella.eu\/pl\/wp-json\/wp\/v2\/product_tag?post=246628"}],"curies":[{"name":"wp","href":"https:\/\/api.w.org\/{rel}","templated":true}]}}