{"id":246709,"date":"2021-11-18T20:28:39","date_gmt":"2021-11-18T18:28:39","guid":{"rendered":"https:\/\/cardinella.eu\/product\/koc-elektryczny-cardinella-slim-extra-75-x-150-cm\/"},"modified":"2025-09-11T11:01:40","modified_gmt":"2025-09-11T08:01:40","slug":"803265","status":"publish","type":"product","link":"https:\/\/cardinella.eu\/pl\/produkt\/803265\/","title":{"rendered":"Koc elektryczny Cardinella SLIM Extra, 75 x 150 cm"},"content":{"rendered":"<p><strong>Koc elektryczny Cardinella Slim Extra to produkt nowej generacji.<\/strong><\/p>\n<p>Jest przeznaczony do u\u017cytku w sypialni\/\u0142\u00f3\u017cko podw\u00f3jne\/<\/p>\n<p>Cardinella Slim Extra, 75 x 150 cm ma nast\u0119puj\u0105ce w\u0142a\u015bciwo\u015bci<\/p>\n<p>Funkcja niszczenia roztoczy<br \/>\nSzybkie nagrzewanie<br \/>\n3 + 1 poziomy regulacji mocy grzania<br \/>\nWska\u017anik LED na z\u0142\u0105czu \/ prze\u0142\u0105czniku \/<br \/>\nTimer (4h \/ 8h \/ 12h, domy\u015blnie 12h)<br \/>\nAutomatyczne wy\u0142\u0105czanie<br \/>\nSkuteczne usuwanie wilgoci<br \/>\nSpiralny przew\u00f3d grzejny z dwiema warstwami<br \/>\nOchrona przed przegrzaniem i ochrona przed pora\u017ceniem pr\u0105dem<br \/>\nOd\u0142\u0105czane z\u0142\u0105cze<br \/>\nMateria\u0142 &#8211; W\u0142\u00f3knina w klasycznym bia\u0142ym kolorze.<\/p>\n<p>Koc elektryczny Cardinella s\u0142u\u017cy do ogrzewania \u0142\u00f3\u017cka i usuwania wilgoci. \u0141agodzi objawy i jest zalecany w przypadku zapalenia staw\u00f3w, reumatyzmu i innych chor\u00f3b staw\u00f3w.<\/p>\n<h6><a href=\"https:\/\/www.landofsleep.com\/blog\/what-are-the-pros-and-cons-of-a-heated-blanket\" target=\"_blank\" rel=\"noopener\"><span id=\"hs_cos_wrapper_name\" class=\"hs_cos_wrapper hs_cos_wrapper_meta_field hs_cos_wrapper_type_text\" data-hs-cos-general-type=\"meta_field\" data-hs-cos-type=\"text\">Jakie s\u0105 wady i zalety koca grzewczego?<\/span><\/a><\/h6>\n<p><a href=\"https:\/\/cardinella.eu\/pl\/produkt-kategoriya\/koc-elektryczny\/\" rel=\"noopener\">Sprawd\u017a podobne produkty<\/a><\/p>\n","protected":false},"excerpt":{"rendered":"<p>Koc elektryczny Cardinella Slim Extra to produkt nowej generacji. Jest przeznaczony do u\u017cytku w sypialni\/\u0142\u00f3\u017cko podw\u00f3jne\/ Cardinella Slim Extra, 75 x 150 cm ma nast\u0119puj\u0105ce w\u0142a\u015bciwo\u015bci Funkcja niszczenia roztoczy Szybkie nagrzewanie 3 + 1 poziomy regulacji mocy grzania Wska\u017anik LED na z\u0142\u0105czu \/ prze\u0142\u0105czniku \/ Timer (4h \/ 8h \/ 12h, domy\u015blnie 12h) Automatyczne wy\u0142\u0105czanie [&hellip;]<\/p>\n","protected":false},"featured_media":243579,"comment_status":"open","ping_status":"closed","template":"","meta":{"_et_pb_use_builder":"","_et_pb_old_content":"","_et_gb_content_width":""},"product_brand":[408],"product_cat":[377],"product_tag":[],"class_list":{"0":"post-246709","1":"product","2":"type-product","3":"status-publish","4":"has-post-thumbnail","6":"product_brand-cardinella-pl","7":"product_cat-koc-elektryczny","9":"first","10":"instock","11":"shipping-taxable","12":"purchasable","13":"product-type-simple"},"yoast_head":"<!-- This site is optimized with the Yoast SEO plugin v27.4 - https:\/\/yoast.com\/product\/yoast-seo-wordpress\/ -->\n<title>Koc elektryczny Cardinella SLIM Extra, 75 x 150 cm | Electric Blanket<\/title>\n<meta name=\"description\" content=\"Koc elektryczny Cardinella Slim Extra to nowa generacja | % Timer | % Automatyczne wy\u0142\u0105czanie | % Od\u0142\u0105czane z\u0142\u0105cze | Spiralny kabel grzewczy z dwiema warstwami\" \/>\n<meta name=\"robots\" content=\"index, follow, max-snippet:-1, max-image-preview:large, max-video-preview:-1\" \/>\n<link rel=\"canonical\" href=\"https:\/\/cardinella.eu\/pl\/produkt\/803265\/\" \/>\n<meta property=\"og:locale\" content=\"pl_PL\" \/>\n<meta property=\"og:type\" content=\"article\" \/>\n<meta property=\"og:title\" content=\"Koc elektryczny Cardinella SLIM Extra, 75 x 150 cm | Electric Blanket\" \/>\n<meta property=\"og:description\" content=\"Koc elektryczny Cardinella Slim Extra to nowa generacja | % Timer | % Automatyczne wy\u0142\u0105czanie | % Od\u0142\u0105czane z\u0142\u0105cze | Spiralny kabel grzewczy z dwiema warstwami\" \/>\n<meta property=\"og:url\" content=\"https:\/\/cardinella.eu\/pl\/produkt\/803265\/\" \/>\n<meta property=\"og:site_name\" content=\"Electric Blanket\" \/>\n<meta property=\"article:modified_time\" content=\"2025-09-11T08:01:40+00:00\" \/>\n<meta property=\"og:image\" content=\"https:\/\/cardinella.eu\/wp-content\/uploads\/2021\/11\/Slimextra-1024x686.png\" \/>\n\t<meta property=\"og:image:width\" content=\"1024\" \/>\n\t<meta property=\"og:image:height\" content=\"686\" \/>\n\t<meta property=\"og:image:type\" content=\"image\/png\" \/>\n<meta name=\"twitter:card\" content=\"summary_large_image\" \/>\n<meta name=\"twitter:label1\" content=\"Szacowany czas czytania\" \/>\n\t<meta name=\"twitter:data1\" content=\"1 minuta\" \/>\n<script type=\"application\/ld+json\" class=\"yoast-schema-graph\">{\"@context\":\"https:\\\/\\\/schema.org\",\"@graph\":[{\"@type\":[\"WebPage\",\"ItemPage\"],\"@id\":\"https:\\\/\\\/cardinella.eu\\\/pl\\\/produkt\\\/803265\\\/\",\"url\":\"https:\\\/\\\/cardinella.eu\\\/pl\\\/produkt\\\/803265\\\/\",\"name\":\"Koc elektryczny Cardinella SLIM Extra, 75 x 150 cm | Electric Blanket\",\"isPartOf\":{\"@id\":\"https:\\\/\\\/cardinella.eu\\\/pl\\\/#website\"},\"primaryImageOfPage\":{\"@id\":\"https:\\\/\\\/cardinella.eu\\\/pl\\\/produkt\\\/803265\\\/#primaryimage\"},\"image\":{\"@id\":\"https:\\\/\\\/cardinella.eu\\\/pl\\\/produkt\\\/803265\\\/#primaryimage\"},\"thumbnailUrl\":\"https:\\\/\\\/cdn.cardinella.eu\\\/wp-content\\\/uploads\\\/2021\\\/11\\\/Slimextra.png\",\"datePublished\":\"2021-11-18T18:28:39+00:00\",\"dateModified\":\"2025-09-11T08:01:40+00:00\",\"description\":\"Koc elektryczny Cardinella Slim Extra to nowa generacja | % Timer | % Automatyczne wy\u0142\u0105czanie | % Od\u0142\u0105czane z\u0142\u0105cze | Spiralny kabel grzewczy z dwiema warstwami\",\"breadcrumb\":{\"@id\":\"https:\\\/\\\/cardinella.eu\\\/pl\\\/produkt\\\/803265\\\/#breadcrumb\"},\"inLanguage\":\"pl-PL\",\"potentialAction\":[{\"@type\":\"ReadAction\",\"target\":[\"https:\\\/\\\/cardinella.eu\\\/pl\\\/produkt\\\/803265\\\/\"]}]},{\"@type\":\"ImageObject\",\"inLanguage\":\"pl-PL\",\"@id\":\"https:\\\/\\\/cardinella.eu\\\/pl\\\/produkt\\\/803265\\\/#primaryimage\",\"url\":\"https:\\\/\\\/cdn.cardinella.eu\\\/wp-content\\\/uploads\\\/2021\\\/11\\\/Slimextra.png\",\"contentUrl\":\"https:\\\/\\\/cdn.cardinella.eu\\\/wp-content\\\/uploads\\\/2021\\\/11\\\/Slimextra.png\",\"width\":3172,\"height\":2124,\"caption\":\"Koc elektryczny Cardinella\"},{\"@type\":\"BreadcrumbList\",\"@id\":\"https:\\\/\\\/cardinella.eu\\\/pl\\\/produkt\\\/803265\\\/#breadcrumb\",\"itemListElement\":[{\"@type\":\"ListItem\",\"position\":1,\"name\":\"Home\",\"item\":\"https:\\\/\\\/cardinella.eu\\\/pl\\\/\"},{\"@type\":\"ListItem\",\"position\":2,\"name\":\"Shop\",\"item\":\"https:\\\/\\\/cardinella.eu\\\/shop\\\/\"},{\"@type\":\"ListItem\",\"position\":3,\"name\":\"Koc elektryczny Cardinella SLIM Extra, 75 x 150 cm\"}]},{\"@type\":\"WebSite\",\"@id\":\"https:\\\/\\\/cardinella.eu\\\/pl\\\/#website\",\"url\":\"https:\\\/\\\/cardinella.eu\\\/pl\\\/\",\"name\":\"Electric Blanket\",\"description\":\"Personal Body Warmers\",\"publisher\":{\"@id\":\"https:\\\/\\\/cardinella.eu\\\/pl\\\/#organization\"},\"potentialAction\":[{\"@type\":\"SearchAction\",\"target\":{\"@type\":\"EntryPoint\",\"urlTemplate\":\"https:\\\/\\\/cardinella.eu\\\/pl\\\/?s={search_term_string}\"},\"query-input\":{\"@type\":\"PropertyValueSpecification\",\"valueRequired\":true,\"valueName\":\"search_term_string\"}}],\"inLanguage\":\"pl-PL\"},{\"@type\":\"Organization\",\"@id\":\"https:\\\/\\\/cardinella.eu\\\/pl\\\/#organization\",\"name\":\"Domtex.Bg Ltd\",\"alternateName\":\"Cardinella\",\"url\":\"https:\\\/\\\/cardinella.eu\\\/pl\\\/\",\"logo\":{\"@type\":\"ImageObject\",\"inLanguage\":\"pl-PL\",\"@id\":\"https:\\\/\\\/cardinella.eu\\\/pl\\\/#\\\/schema\\\/logo\\\/image\\\/\",\"url\":\"https:\\\/\\\/cardinella.eu\\\/wp-content\\\/uploads\\\/2022\\\/01\\\/Cardinella_logo_C.png\",\"contentUrl\":\"https:\\\/\\\/cardinella.eu\\\/wp-content\\\/uploads\\\/2022\\\/01\\\/Cardinella_logo_C.png\",\"width\":72,\"height\":72,\"caption\":\"Domtex.Bg Ltd\"},\"image\":{\"@id\":\"https:\\\/\\\/cardinella.eu\\\/pl\\\/#\\\/schema\\\/logo\\\/image\\\/\"}}]}<\/script>\n<!-- \/ Yoast SEO plugin. -->","yoast_head_json":{"title":"Koc elektryczny Cardinella SLIM Extra, 75 x 150 cm | Electric Blanket","description":"Koc elektryczny Cardinella Slim Extra to nowa generacja | % Timer | % Automatyczne wy\u0142\u0105czanie | % Od\u0142\u0105czane z\u0142\u0105cze | Spiralny kabel grzewczy z dwiema warstwami","robots":{"index":"index","follow":"follow","max-snippet":"max-snippet:-1","max-image-preview":"max-image-preview:large","max-video-preview":"max-video-preview:-1"},"canonical":"https:\/\/cardinella.eu\/pl\/produkt\/803265\/","og_locale":"pl_PL","og_type":"article","og_title":"Koc elektryczny Cardinella SLIM Extra, 75 x 150 cm | Electric Blanket","og_description":"Koc elektryczny Cardinella Slim Extra to nowa generacja | % Timer | % Automatyczne wy\u0142\u0105czanie | % Od\u0142\u0105czane z\u0142\u0105cze | Spiralny kabel grzewczy z dwiema warstwami","og_url":"https:\/\/cardinella.eu\/pl\/produkt\/803265\/","og_site_name":"Electric Blanket","article_modified_time":"2025-09-11T08:01:40+00:00","og_image":[{"width":1024,"height":686,"url":"https:\/\/cardinella.eu\/wp-content\/uploads\/2021\/11\/Slimextra-1024x686.png","type":"image\/png"}],"twitter_card":"summary_large_image","twitter_misc":{"Szacowany czas czytania":"1 minuta"},"schema":{"@context":"https:\/\/schema.org","@graph":[{"@type":["WebPage","ItemPage"],"@id":"https:\/\/cardinella.eu\/pl\/produkt\/803265\/","url":"https:\/\/cardinella.eu\/pl\/produkt\/803265\/","name":"Koc elektryczny Cardinella SLIM Extra, 75 x 150 cm | Electric Blanket","isPartOf":{"@id":"https:\/\/cardinella.eu\/pl\/#website"},"primaryImageOfPage":{"@id":"https:\/\/cardinella.eu\/pl\/produkt\/803265\/#primaryimage"},"image":{"@id":"https:\/\/cardinella.eu\/pl\/produkt\/803265\/#primaryimage"},"thumbnailUrl":"https:\/\/cdn.cardinella.eu\/wp-content\/uploads\/2021\/11\/Slimextra.png","datePublished":"2021-11-18T18:28:39+00:00","dateModified":"2025-09-11T08:01:40+00:00","description":"Koc elektryczny Cardinella Slim Extra to nowa generacja | % Timer | % Automatyczne wy\u0142\u0105czanie | % Od\u0142\u0105czane z\u0142\u0105cze | Spiralny kabel grzewczy z dwiema warstwami","breadcrumb":{"@id":"https:\/\/cardinella.eu\/pl\/produkt\/803265\/#breadcrumb"},"inLanguage":"pl-PL","potentialAction":[{"@type":"ReadAction","target":["https:\/\/cardinella.eu\/pl\/produkt\/803265\/"]}]},{"@type":"ImageObject","inLanguage":"pl-PL","@id":"https:\/\/cardinella.eu\/pl\/produkt\/803265\/#primaryimage","url":"https:\/\/cdn.cardinella.eu\/wp-content\/uploads\/2021\/11\/Slimextra.png","contentUrl":"https:\/\/cdn.cardinella.eu\/wp-content\/uploads\/2021\/11\/Slimextra.png","width":3172,"height":2124,"caption":"Koc elektryczny Cardinella"},{"@type":"BreadcrumbList","@id":"https:\/\/cardinella.eu\/pl\/produkt\/803265\/#breadcrumb","itemListElement":[{"@type":"ListItem","position":1,"name":"Home","item":"https:\/\/cardinella.eu\/pl\/"},{"@type":"ListItem","position":2,"name":"Shop","item":"https:\/\/cardinella.eu\/shop\/"},{"@type":"ListItem","position":3,"name":"Koc elektryczny Cardinella SLIM Extra, 75 x 150 cm"}]},{"@type":"WebSite","@id":"https:\/\/cardinella.eu\/pl\/#website","url":"https:\/\/cardinella.eu\/pl\/","name":"Electric Blanket","description":"Personal Body Warmers","publisher":{"@id":"https:\/\/cardinella.eu\/pl\/#organization"},"potentialAction":[{"@type":"SearchAction","target":{"@type":"EntryPoint","urlTemplate":"https:\/\/cardinella.eu\/pl\/?s={search_term_string}"},"query-input":{"@type":"PropertyValueSpecification","valueRequired":true,"valueName":"search_term_string"}}],"inLanguage":"pl-PL"},{"@type":"Organization","@id":"https:\/\/cardinella.eu\/pl\/#organization","name":"Domtex.Bg Ltd","alternateName":"Cardinella","url":"https:\/\/cardinella.eu\/pl\/","logo":{"@type":"ImageObject","inLanguage":"pl-PL","@id":"https:\/\/cardinella.eu\/pl\/#\/schema\/logo\/image\/","url":"https:\/\/cardinella.eu\/wp-content\/uploads\/2022\/01\/Cardinella_logo_C.png","contentUrl":"https:\/\/cardinella.eu\/wp-content\/uploads\/2022\/01\/Cardinella_logo_C.png","width":72,"height":72,"caption":"Domtex.Bg Ltd"},"image":{"@id":"https:\/\/cardinella.eu\/pl\/#\/schema\/logo\/image\/"}}]}},"_links":{"self":[{"href":"https:\/\/cardinella.eu\/pl\/wp-json\/wp\/v2\/product\/246709","targetHints":{"allow":["GET"]}}],"collection":[{"href":"https:\/\/cardinella.eu\/pl\/wp-json\/wp\/v2\/product"}],"about":[{"href":"https:\/\/cardinella.eu\/pl\/wp-json\/wp\/v2\/types\/product"}],"replies":[{"embeddable":true,"href":"https:\/\/cardinella.eu\/pl\/wp-json\/wp\/v2\/comments?post=246709"}],"wp:featuredmedia":[{"embeddable":true,"href":"https:\/\/cardinella.eu\/pl\/wp-json\/wp\/v2\/media\/243579"}],"wp:attachment":[{"href":"https:\/\/cardinella.eu\/pl\/wp-json\/wp\/v2\/media?parent=246709"}],"wp:term":[{"taxonomy":"product_brand","embeddable":true,"href":"https:\/\/cardinella.eu\/pl\/wp-json\/wp\/v2\/product_brand?post=246709"},{"taxonomy":"product_cat","embeddable":true,"href":"https:\/\/cardinella.eu\/pl\/wp-json\/wp\/v2\/product_cat?post=246709"},{"taxonomy":"product_tag","embeddable":true,"href":"https:\/\/cardinella.eu\/pl\/wp-json\/wp\/v2\/product_tag?post=246709"}],"curies":[{"name":"wp","href":"https:\/\/api.w.org\/{rel}","templated":true}]}}