{"id":246726,"date":"2020-12-02T15:26:07","date_gmt":"2020-12-02T13:26:07","guid":{"rendered":"https:\/\/cardinella.eu\/product\/koc-elektryczny-cardinella-lux-85-x-150-bez-mozliwosci-wyboru-wzoru\/"},"modified":"2025-09-11T11:01:14","modified_gmt":"2025-09-11T08:01:14","slug":"koc-elektryczny-cardinella-lux-85-x-150-bez-mozliwosci-wyboru-wzoru","status":"publish","type":"product","link":"https:\/\/cardinella.eu\/pl\/produkt\/koc-elektryczny-cardinella-lux-85-x-150-bez-mozliwosci-wyboru-wzoru\/","title":{"rendered":"Koc elektryczny Cardinella LUX, 85 x 150, bez mo\u017cliwo\u015bci wyboru wzoru"},"content":{"rendered":"<p>Koc elektryczny, o kt\u00f3rym wiadomo, \u017ce jest przydatny w leczeniu chor\u00f3b reumatycznych, chroni przed zimnym i wilgotnym powietrzem, kt\u00f3re powoduje choroby.<\/p>\n<p>Ten rodzaj produkt\u00f3w s\u0142u\u017cy do ogrzewania \u0142\u00f3\u017cka i usuwania wilgoci. \u0141agodzi objawy i jest zalecany w przypadku zapalenia staw\u00f3w, reumatyzmu i innych chor\u00f3b staw\u00f3w.<\/p>\n<p>Najlepszym i najbardziej ekonomicznym sposobem na ogrzanie si\u0119 w mro\u017ane zimowe noce jest bez w\u0105tpienia koc elektryczny.<\/p>\n<p>Cardinella jest jedn\u0105 z najwa\u017cniejszych marek w tym sektorze.<\/p>\n<p>Koc elektryczny Cardinella posiada dwustopniowy prze\u0142\u0105cznik. Obie strony s\u0105 wykonane z wzorzystej tkaniny w innym stylu. Ten produkt ma dwie strony i mo\u017ce by\u0107 u\u017cywany po wybranej stronie.<\/p>\n<p>Sk\u0142ad produktu<\/p>\n<p>Cz\u0119\u015b\u0107 przednia &#8211; bawe\u0142na poliestrowa<br \/>\nWype\u0142nienie &#8211; wata poliestrowa<br \/>\nKlucz &#8211; w dw\u00f3ch etapach<\/p>\n<p>Przed u\u017cyciem produktu nale\u017cy zawsze przeczyta\u0107 instrukcj\u0119 obs\u0142ugi. Ten produkt nie jest przeznaczony do zakrywania.<\/p>\n<h6><a href=\"https:\/\/www.landofsleep.com\/blog\/what-are-the-pros-and-cons-of-a-heated-blanket\" target=\"_blank\" rel=\"noopener\"><span id=\"hs_cos_wrapper_name\" class=\"hs_cos_wrapper hs_cos_wrapper_meta_field hs_cos_wrapper_type_text\" data-hs-cos-general-type=\"meta_field\" data-hs-cos-type=\"text\">Jakie s\u0105 wady i zalety koca grzewczego?<\/span><\/a><\/h6>\n<p><a href=\"\/?product_cat=patura-electrica\" target=\"_blank\" rel=\"noopener\">Sprawd\u017a podobne produkty<\/a><\/p>\n","protected":false},"excerpt":{"rendered":"<p>Koc elektryczny Cardinella LUX o wymiarach 85 x 150 cm. Jest przeznaczony do ogrzewania \u0142\u00f3\u017cka dla jednej osoby.<\/p>\n","protected":false},"featured_media":246713,"comment_status":"open","ping_status":"closed","template":"","meta":{"_et_pb_use_builder":"","_et_pb_old_content":"","_et_gb_content_width":""},"product_brand":[408],"product_cat":[377],"product_tag":[],"class_list":{"0":"post-246726","1":"product","2":"type-product","3":"status-publish","4":"has-post-thumbnail","6":"product_brand-cardinella-pl","7":"product_cat-koc-elektryczny","9":"first","10":"instock","11":"shipping-taxable","12":"purchasable","13":"product-type-simple"},"yoast_head":"<!-- This site is optimized with the Yoast SEO plugin v27.4 - https:\/\/yoast.com\/product\/yoast-seo-wordpress\/ -->\n<title>Cardinella pod kocem elektrycznym<\/title>\n<meta name=\"description\" content=\"Koc elektryczny s\u0142u\u017cy do ogrzewania materaca i usuwania wilgoci. Zalecany przy zapaleniu staw\u00f3w, reumatyzmie i innych chorobach staw\u00f3w.\" \/>\n<meta name=\"robots\" content=\"index, follow, max-snippet:-1, max-image-preview:large, max-video-preview:-1\" \/>\n<link rel=\"canonical\" href=\"https:\/\/cardinella.eu\/pl\/produkt\/koc-elektryczny-cardinella-lux-85-x-150-bez-mozliwosci-wyboru-wzoru\/\" \/>\n<meta property=\"og:locale\" content=\"pl_PL\" \/>\n<meta property=\"og:type\" content=\"article\" \/>\n<meta property=\"og:title\" content=\"Cardinella pod kocem elektrycznym\" \/>\n<meta property=\"og:description\" content=\"Koc elektryczny s\u0142u\u017cy do ogrzewania materaca i usuwania wilgoci. Zalecany przy zapaleniu staw\u00f3w, reumatyzmie i innych chorobach staw\u00f3w.\" \/>\n<meta property=\"og:url\" content=\"https:\/\/cardinella.eu\/pl\/produkt\/koc-elektryczny-cardinella-lux-85-x-150-bez-mozliwosci-wyboru-wzoru\/\" \/>\n<meta property=\"og:site_name\" content=\"Electric Blanket\" \/>\n<meta property=\"article:modified_time\" content=\"2025-09-11T08:01:14+00:00\" \/>\n<meta property=\"og:image\" content=\"https:\/\/cdn.cardinella.eu\/wp-content\/uploads\/2020\/12\/LUX-RANDOM.png\" \/>\n\t<meta property=\"og:image:width\" content=\"1311\" \/>\n\t<meta property=\"og:image:height\" content=\"930\" \/>\n\t<meta property=\"og:image:type\" content=\"image\/png\" \/>\n<meta name=\"twitter:card\" content=\"summary_large_image\" \/>\n<meta name=\"twitter:label1\" content=\"Szacowany czas czytania\" \/>\n\t<meta name=\"twitter:data1\" content=\"1 minuta\" \/>\n<script type=\"application\/ld+json\" class=\"yoast-schema-graph\">{\"@context\":\"https:\\\/\\\/schema.org\",\"@graph\":[{\"@type\":[\"WebPage\",\"ItemPage\"],\"@id\":\"https:\\\/\\\/cardinella.eu\\\/pl\\\/produkt\\\/koc-elektryczny-cardinella-lux-85-x-150-bez-mozliwosci-wyboru-wzoru\\\/\",\"url\":\"https:\\\/\\\/cardinella.eu\\\/pl\\\/produkt\\\/koc-elektryczny-cardinella-lux-85-x-150-bez-mozliwosci-wyboru-wzoru\\\/\",\"name\":\"Cardinella pod kocem elektrycznym\",\"isPartOf\":{\"@id\":\"https:\\\/\\\/cardinella.eu\\\/pl\\\/#website\"},\"primaryImageOfPage\":{\"@id\":\"https:\\\/\\\/cardinella.eu\\\/pl\\\/produkt\\\/koc-elektryczny-cardinella-lux-85-x-150-bez-mozliwosci-wyboru-wzoru\\\/#primaryimage\"},\"image\":{\"@id\":\"https:\\\/\\\/cardinella.eu\\\/pl\\\/produkt\\\/koc-elektryczny-cardinella-lux-85-x-150-bez-mozliwosci-wyboru-wzoru\\\/#primaryimage\"},\"thumbnailUrl\":\"https:\\\/\\\/cdn.cardinella.eu\\\/wp-content\\\/uploads\\\/2020\\\/12\\\/LUX-RANDOM.png\",\"datePublished\":\"2020-12-02T13:26:07+00:00\",\"dateModified\":\"2025-09-11T08:01:14+00:00\",\"description\":\"Koc elektryczny s\u0142u\u017cy do ogrzewania materaca i usuwania wilgoci. Zalecany przy zapaleniu staw\u00f3w, reumatyzmie i innych chorobach staw\u00f3w.\",\"breadcrumb\":{\"@id\":\"https:\\\/\\\/cardinella.eu\\\/pl\\\/produkt\\\/koc-elektryczny-cardinella-lux-85-x-150-bez-mozliwosci-wyboru-wzoru\\\/#breadcrumb\"},\"inLanguage\":\"pl-PL\",\"potentialAction\":[{\"@type\":\"ReadAction\",\"target\":[\"https:\\\/\\\/cardinella.eu\\\/pl\\\/produkt\\\/koc-elektryczny-cardinella-lux-85-x-150-bez-mozliwosci-wyboru-wzoru\\\/\"]}]},{\"@type\":\"ImageObject\",\"inLanguage\":\"pl-PL\",\"@id\":\"https:\\\/\\\/cardinella.eu\\\/pl\\\/produkt\\\/koc-elektryczny-cardinella-lux-85-x-150-bez-mozliwosci-wyboru-wzoru\\\/#primaryimage\",\"url\":\"https:\\\/\\\/cdn.cardinella.eu\\\/wp-content\\\/uploads\\\/2020\\\/12\\\/LUX-RANDOM.png\",\"contentUrl\":\"https:\\\/\\\/cdn.cardinella.eu\\\/wp-content\\\/uploads\\\/2020\\\/12\\\/LUX-RANDOM.png\",\"width\":1311,\"height\":930,\"caption\":\"koc elektryczny\"},{\"@type\":\"BreadcrumbList\",\"@id\":\"https:\\\/\\\/cardinella.eu\\\/pl\\\/produkt\\\/koc-elektryczny-cardinella-lux-85-x-150-bez-mozliwosci-wyboru-wzoru\\\/#breadcrumb\",\"itemListElement\":[{\"@type\":\"ListItem\",\"position\":1,\"name\":\"Home\",\"item\":\"https:\\\/\\\/cardinella.eu\\\/pl\\\/\"},{\"@type\":\"ListItem\",\"position\":2,\"name\":\"Shop\",\"item\":\"https:\\\/\\\/cardinella.eu\\\/shop\\\/\"},{\"@type\":\"ListItem\",\"position\":3,\"name\":\"Koc elektryczny Cardinella LUX, 85 x 150, bez mo\u017cliwo\u015bci wyboru wzoru\"}]},{\"@type\":\"WebSite\",\"@id\":\"https:\\\/\\\/cardinella.eu\\\/pl\\\/#website\",\"url\":\"https:\\\/\\\/cardinella.eu\\\/pl\\\/\",\"name\":\"Electric Blanket\",\"description\":\"Personal Body Warmers\",\"publisher\":{\"@id\":\"https:\\\/\\\/cardinella.eu\\\/pl\\\/#organization\"},\"potentialAction\":[{\"@type\":\"SearchAction\",\"target\":{\"@type\":\"EntryPoint\",\"urlTemplate\":\"https:\\\/\\\/cardinella.eu\\\/pl\\\/?s={search_term_string}\"},\"query-input\":{\"@type\":\"PropertyValueSpecification\",\"valueRequired\":true,\"valueName\":\"search_term_string\"}}],\"inLanguage\":\"pl-PL\"},{\"@type\":\"Organization\",\"@id\":\"https:\\\/\\\/cardinella.eu\\\/pl\\\/#organization\",\"name\":\"Domtex.Bg Ltd\",\"alternateName\":\"Cardinella\",\"url\":\"https:\\\/\\\/cardinella.eu\\\/pl\\\/\",\"logo\":{\"@type\":\"ImageObject\",\"inLanguage\":\"pl-PL\",\"@id\":\"https:\\\/\\\/cardinella.eu\\\/pl\\\/#\\\/schema\\\/logo\\\/image\\\/\",\"url\":\"https:\\\/\\\/cardinella.eu\\\/wp-content\\\/uploads\\\/2022\\\/01\\\/Cardinella_logo_C.png\",\"contentUrl\":\"https:\\\/\\\/cardinella.eu\\\/wp-content\\\/uploads\\\/2022\\\/01\\\/Cardinella_logo_C.png\",\"width\":72,\"height\":72,\"caption\":\"Domtex.Bg Ltd\"},\"image\":{\"@id\":\"https:\\\/\\\/cardinella.eu\\\/pl\\\/#\\\/schema\\\/logo\\\/image\\\/\"}}]}<\/script>\n<!-- \/ Yoast SEO plugin. -->","yoast_head_json":{"title":"Cardinella pod kocem elektrycznym","description":"Koc elektryczny s\u0142u\u017cy do ogrzewania materaca i usuwania wilgoci. Zalecany przy zapaleniu staw\u00f3w, reumatyzmie i innych chorobach staw\u00f3w.","robots":{"index":"index","follow":"follow","max-snippet":"max-snippet:-1","max-image-preview":"max-image-preview:large","max-video-preview":"max-video-preview:-1"},"canonical":"https:\/\/cardinella.eu\/pl\/produkt\/koc-elektryczny-cardinella-lux-85-x-150-bez-mozliwosci-wyboru-wzoru\/","og_locale":"pl_PL","og_type":"article","og_title":"Cardinella pod kocem elektrycznym","og_description":"Koc elektryczny s\u0142u\u017cy do ogrzewania materaca i usuwania wilgoci. Zalecany przy zapaleniu staw\u00f3w, reumatyzmie i innych chorobach staw\u00f3w.","og_url":"https:\/\/cardinella.eu\/pl\/produkt\/koc-elektryczny-cardinella-lux-85-x-150-bez-mozliwosci-wyboru-wzoru\/","og_site_name":"Electric Blanket","article_modified_time":"2025-09-11T08:01:14+00:00","og_image":[{"width":1311,"height":930,"url":"https:\/\/cdn.cardinella.eu\/wp-content\/uploads\/2020\/12\/LUX-RANDOM.png","type":"image\/png"}],"twitter_card":"summary_large_image","twitter_misc":{"Szacowany czas czytania":"1 minuta"},"schema":{"@context":"https:\/\/schema.org","@graph":[{"@type":["WebPage","ItemPage"],"@id":"https:\/\/cardinella.eu\/pl\/produkt\/koc-elektryczny-cardinella-lux-85-x-150-bez-mozliwosci-wyboru-wzoru\/","url":"https:\/\/cardinella.eu\/pl\/produkt\/koc-elektryczny-cardinella-lux-85-x-150-bez-mozliwosci-wyboru-wzoru\/","name":"Cardinella pod kocem elektrycznym","isPartOf":{"@id":"https:\/\/cardinella.eu\/pl\/#website"},"primaryImageOfPage":{"@id":"https:\/\/cardinella.eu\/pl\/produkt\/koc-elektryczny-cardinella-lux-85-x-150-bez-mozliwosci-wyboru-wzoru\/#primaryimage"},"image":{"@id":"https:\/\/cardinella.eu\/pl\/produkt\/koc-elektryczny-cardinella-lux-85-x-150-bez-mozliwosci-wyboru-wzoru\/#primaryimage"},"thumbnailUrl":"https:\/\/cdn.cardinella.eu\/wp-content\/uploads\/2020\/12\/LUX-RANDOM.png","datePublished":"2020-12-02T13:26:07+00:00","dateModified":"2025-09-11T08:01:14+00:00","description":"Koc elektryczny s\u0142u\u017cy do ogrzewania materaca i usuwania wilgoci. Zalecany przy zapaleniu staw\u00f3w, reumatyzmie i innych chorobach staw\u00f3w.","breadcrumb":{"@id":"https:\/\/cardinella.eu\/pl\/produkt\/koc-elektryczny-cardinella-lux-85-x-150-bez-mozliwosci-wyboru-wzoru\/#breadcrumb"},"inLanguage":"pl-PL","potentialAction":[{"@type":"ReadAction","target":["https:\/\/cardinella.eu\/pl\/produkt\/koc-elektryczny-cardinella-lux-85-x-150-bez-mozliwosci-wyboru-wzoru\/"]}]},{"@type":"ImageObject","inLanguage":"pl-PL","@id":"https:\/\/cardinella.eu\/pl\/produkt\/koc-elektryczny-cardinella-lux-85-x-150-bez-mozliwosci-wyboru-wzoru\/#primaryimage","url":"https:\/\/cdn.cardinella.eu\/wp-content\/uploads\/2020\/12\/LUX-RANDOM.png","contentUrl":"https:\/\/cdn.cardinella.eu\/wp-content\/uploads\/2020\/12\/LUX-RANDOM.png","width":1311,"height":930,"caption":"koc elektryczny"},{"@type":"BreadcrumbList","@id":"https:\/\/cardinella.eu\/pl\/produkt\/koc-elektryczny-cardinella-lux-85-x-150-bez-mozliwosci-wyboru-wzoru\/#breadcrumb","itemListElement":[{"@type":"ListItem","position":1,"name":"Home","item":"https:\/\/cardinella.eu\/pl\/"},{"@type":"ListItem","position":2,"name":"Shop","item":"https:\/\/cardinella.eu\/shop\/"},{"@type":"ListItem","position":3,"name":"Koc elektryczny Cardinella LUX, 85 x 150, bez mo\u017cliwo\u015bci wyboru wzoru"}]},{"@type":"WebSite","@id":"https:\/\/cardinella.eu\/pl\/#website","url":"https:\/\/cardinella.eu\/pl\/","name":"Electric Blanket","description":"Personal Body Warmers","publisher":{"@id":"https:\/\/cardinella.eu\/pl\/#organization"},"potentialAction":[{"@type":"SearchAction","target":{"@type":"EntryPoint","urlTemplate":"https:\/\/cardinella.eu\/pl\/?s={search_term_string}"},"query-input":{"@type":"PropertyValueSpecification","valueRequired":true,"valueName":"search_term_string"}}],"inLanguage":"pl-PL"},{"@type":"Organization","@id":"https:\/\/cardinella.eu\/pl\/#organization","name":"Domtex.Bg Ltd","alternateName":"Cardinella","url":"https:\/\/cardinella.eu\/pl\/","logo":{"@type":"ImageObject","inLanguage":"pl-PL","@id":"https:\/\/cardinella.eu\/pl\/#\/schema\/logo\/image\/","url":"https:\/\/cardinella.eu\/wp-content\/uploads\/2022\/01\/Cardinella_logo_C.png","contentUrl":"https:\/\/cardinella.eu\/wp-content\/uploads\/2022\/01\/Cardinella_logo_C.png","width":72,"height":72,"caption":"Domtex.Bg Ltd"},"image":{"@id":"https:\/\/cardinella.eu\/pl\/#\/schema\/logo\/image\/"}}]}},"_links":{"self":[{"href":"https:\/\/cardinella.eu\/pl\/wp-json\/wp\/v2\/product\/246726","targetHints":{"allow":["GET"]}}],"collection":[{"href":"https:\/\/cardinella.eu\/pl\/wp-json\/wp\/v2\/product"}],"about":[{"href":"https:\/\/cardinella.eu\/pl\/wp-json\/wp\/v2\/types\/product"}],"replies":[{"embeddable":true,"href":"https:\/\/cardinella.eu\/pl\/wp-json\/wp\/v2\/comments?post=246726"}],"wp:featuredmedia":[{"embeddable":true,"href":"https:\/\/cardinella.eu\/pl\/wp-json\/wp\/v2\/media\/246713"}],"wp:attachment":[{"href":"https:\/\/cardinella.eu\/pl\/wp-json\/wp\/v2\/media?parent=246726"}],"wp:term":[{"taxonomy":"product_brand","embeddable":true,"href":"https:\/\/cardinella.eu\/pl\/wp-json\/wp\/v2\/product_brand?post=246726"},{"taxonomy":"product_cat","embeddable":true,"href":"https:\/\/cardinella.eu\/pl\/wp-json\/wp\/v2\/product_cat?post=246726"},{"taxonomy":"product_tag","embeddable":true,"href":"https:\/\/cardinella.eu\/pl\/wp-json\/wp\/v2\/product_tag?post=246726"}],"curies":[{"name":"wp","href":"https:\/\/api.w.org\/{rel}","templated":true}]}}