{"id":248313,"date":"2025-09-12T08:59:06","date_gmt":"2025-09-12T05:59:06","guid":{"rendered":"https:\/\/cardinella.eu\/?post_type=product&#038;p=248313"},"modified":"2025-09-12T09:09:02","modified_gmt":"2025-09-12T06:09:02","slug":"podgrzewana-torba-kurierska-12v-termoizolacyjna-torba-do-przewozu-goracej-zywnosci-dla-kurierow-restauracji-i-cateringow-extra-kopya","status":"publish","type":"product","link":"https:\/\/cardinella.eu\/pl\/produkt\/podgrzewana-torba-kurierska-12v-termoizolacyjna-torba-do-przewozu-goracej-zywnosci-dla-kurierow-restauracji-i-cateringow-extra-kopya\/","title":{"rendered":"Podgrzewana torba kurierska 12V \u2013 termoizolacyjna torba do przewozu gor\u0105cej \u017cywno\u015bci dla kurier\u00f3w, restauracji i catering\u00f3w"},"content":{"rendered":"<p data-start=\"76\" data-end=\"771\"><strong data-start=\"76\" data-end=\"125\">Podgrzewana torba kurierska 12V &#8211; Innowacyjne rozwi\u0105zanie dla dostaw \u017cywno\u015bci!<\/strong>Podgrzewany worek dostawczy 12 V \u0142\u0105czy w sobie ciep\u0142o i bezpiecze\u0144stwo. Dodaje profesjonalnego charakteru Twojej pracy. <\/p>\n<p data-start=\"376\" data-end=\"642\">Profesjonalna elektryczna torba na \u017cywno\u015b\u0107 12V jest idealna dla kurier\u00f3w, restauracji i dostawc\u00f3w jedzenia na wynos. Izolowana konstrukcja termiczna utrzymuje temperatur\u0119 i \u015bwie\u017co\u015b\u0107 posi\u0142k\u00f3w podczas transportu. Dzi\u0119ki regulacji temperatury do 60\u00b0C, \u017cywno\u015b\u0107 zawsze dociera do klient\u00f3w w idealnym stanie.  <\/p>\n<p data-start=\"644\" data-end=\"837\">Antypo\u015blizgowa podstawa pozwala zabezpieczy\u0107 torb\u0119 pasami bezpiecze\u0144stwa. Zapobiega to przemieszczaniu si\u0119 podczas jazdy. Wykonana z higienicznych i trwa\u0142ych materia\u0142\u00f3w torba jest \u0142atwa w czyszczeniu i przeznaczona do d\u0142ugotrwa\u0142ego u\u017cytkowania.  <\/p>\n<p data-start=\"839\" data-end=\"865\"><strong data-start=\"839\" data-end=\"863\">Dlaczego warto wybra\u0107 t\u0119 torb\u0119?<\/strong><\/p>\n<ul data-start=\"866\" data-end=\"1036\">\n<li data-start=\"866\" data-end=\"924\">\n<p data-start=\"868\" data-end=\"924\">Dostarcza gor\u0105ce jedzenie i zwi\u0119ksza zadowolenie klient\u00f3w.<\/p>\n<\/li>\n<li data-start=\"925\" data-end=\"981\">\n<p data-start=\"927\" data-end=\"981\">Chroni produkty dzi\u0119ki bezpiecznemu systemowi transportu.<\/p>\n<\/li>\n<li data-start=\"982\" data-end=\"1036\">\n<p data-start=\"984\" data-end=\"1036\">Trwa\u0142e, \u0142atwe do czyszczenia i higieniczne dla d\u0142ugiego u\u017cytkowania.<\/p>\n<\/li>\n<\/ul>\n<p data-start=\"1038\" data-end=\"1097\"><strong data-start=\"1038\" data-end=\"1095\">Przenie\u015b sw\u00f3j profesjonalizm dostaw na wy\u017cszy poziom!<\/strong><\/p>\n<p data-start=\"1455\" data-end=\"1796\"><strong><a href=\"https:\/\/optimoroute.com\/how-to-deliver-hot-food\/\">Dostarczanie \u017cywno\u015bci w odpowiedniej temperaturze to nie tylko zadowolenie klienta &#8211; to tak\u017ce kluczowa kwestia bezpiecze\u0144stwa \u017cywno\u015bci. Jak zauwa\u017cono na blogu OptimoRoute, gor\u0105ca \u017cywno\u015b\u0107 musi by\u0107 przechowywana w temperaturze powy\u017cej 60 \u00b0C (140 \u00b0F), aby zapobiec rozwojowi bakterii i zapewni\u0107 bezpieczne, wysokiej jako\u015bci doznania kulinarne.<\/a><\/strong><\/p>\n<p data-start=\"1455\" data-end=\"1796\"><a href=\"\/?product_cat=incalzitoare-electrice\" target=\"_blank\" rel=\"noopener\">Sprawd\u017a podobne produkty<\/a><\/p>\n","protected":false},"excerpt":{"rendered":"<p>Podgrzewana torba kurierska 12V &#8211; Innowacyjne rozwi\u0105zanie dla dostaw \u017cywno\u015bci!Podgrzewany worek dostawczy 12 V \u0142\u0105czy w sobie ciep\u0142o i bezpiecze\u0144stwo. Dodaje profesjonalnego charakteru Twojej pracy. Profesjonalna elektryczna torba na \u017cywno\u015b\u0107 12V jest idealna dla kurier\u00f3w, restauracji i dostawc\u00f3w jedzenia na wynos. Izolowana konstrukcja termiczna utrzymuje temperatur\u0119 i \u015bwie\u017co\u015b\u0107 posi\u0142k\u00f3w podczas transportu. Dzi\u0119ki regulacji temperatury do [&hellip;]<\/p>\n","protected":false},"featured_media":246775,"comment_status":"open","ping_status":"closed","template":"","meta":{"_et_pb_use_builder":"","_et_pb_old_content":"","_et_gb_content_width":""},"product_brand":[408],"product_cat":[353,418],"product_tag":[],"class_list":{"0":"post-248313","1":"product","2":"type-product","3":"status-publish","4":"has-post-thumbnail","6":"product_brand-cardinella-pl","7":"product_cat-elektryczne-ogrzewacze-ciala","8":"product_cat-heated-bag-pl","10":"first","11":"instock","12":"shipping-taxable","13":"purchasable","14":"product-type-simple"},"yoast_head":"<!-- This site is optimized with the Yoast SEO plugin v27.6 - https:\/\/yoast.com\/product\/yoast-seo-wordpress\/ -->\n<title>Podgrzewana torba kurierska 12V - izolowany podgrzewacz do \u017cywno\u015bci dla kurier\u00f3w<\/title>\n<meta name=\"description\" content=\"Podgrzewana torba kurierska 12V pozwala utrzyma\u0107 temperatur\u0119 posi\u0142k\u00f3w w podr\u00f3\u017cy. Izolowany, higieniczny i trwa\u0142y podgrzewacz do \u017cywno\u015bci - idealny dla kurier\u00f3w, restauracji i restauracji na wynos.\" \/>\n<meta name=\"robots\" content=\"index, follow, max-snippet:-1, max-image-preview:large, max-video-preview:-1\" \/>\n<link rel=\"canonical\" href=\"https:\/\/cardinella.eu\/pl\/produkt\/podgrzewana-torba-kurierska-12v-termoizolacyjna-torba-do-przewozu-goracej-zywnosci-dla-kurierow-restauracji-i-cateringow-extra-kopya\/\" \/>\n<meta property=\"og:locale\" content=\"pl_PL\" \/>\n<meta property=\"og:type\" content=\"article\" \/>\n<meta property=\"og:title\" content=\"Podgrzewana torba kurierska 12V - izolowany podgrzewacz do \u017cywno\u015bci dla kurier\u00f3w\" \/>\n<meta property=\"og:description\" content=\"Podgrzewana torba kurierska 12V pozwala utrzyma\u0107 temperatur\u0119 posi\u0142k\u00f3w w podr\u00f3\u017cy. Izolowany, higieniczny i trwa\u0142y podgrzewacz do \u017cywno\u015bci - idealny dla kurier\u00f3w, restauracji i restauracji na wynos.\" \/>\n<meta property=\"og:url\" content=\"https:\/\/cardinella.eu\/pl\/produkt\/podgrzewana-torba-kurierska-12v-termoizolacyjna-torba-do-przewozu-goracej-zywnosci-dla-kurierow-restauracji-i-cateringow-extra-kopya\/\" \/>\n<meta property=\"og:site_name\" content=\"Electric Blanket\" \/>\n<meta property=\"article:modified_time\" content=\"2025-09-12T06:09:02+00:00\" \/>\n<meta property=\"og:image\" content=\"https:\/\/cdn.cardinella.eu\/wp-content\/uploads\/2025\/08\/heating-sac02.jpg\" \/>\n\t<meta property=\"og:image:width\" content=\"1080\" \/>\n\t<meta property=\"og:image:height\" content=\"608\" \/>\n\t<meta property=\"og:image:type\" content=\"image\/jpeg\" \/>\n<meta name=\"twitter:card\" content=\"summary_large_image\" \/>\n<meta name=\"twitter:label1\" content=\"Szacowany czas czytania\" \/>\n\t<meta name=\"twitter:data1\" content=\"1 minuta\" \/>\n<script type=\"application\/ld+json\" class=\"yoast-schema-graph\">{\"@context\":\"https:\\\/\\\/schema.org\",\"@graph\":[{\"@type\":[\"WebPage\",\"ItemPage\"],\"@id\":\"https:\\\/\\\/cardinella.eu\\\/pl\\\/produkt\\\/podgrzewana-torba-kurierska-12v-termoizolacyjna-torba-do-przewozu-goracej-zywnosci-dla-kurierow-restauracji-i-cateringow-extra-kopya\\\/\",\"url\":\"https:\\\/\\\/cardinella.eu\\\/pl\\\/produkt\\\/podgrzewana-torba-kurierska-12v-termoizolacyjna-torba-do-przewozu-goracej-zywnosci-dla-kurierow-restauracji-i-cateringow-extra-kopya\\\/\",\"name\":\"Podgrzewana torba kurierska 12V - izolowany podgrzewacz do \u017cywno\u015bci dla kurier\u00f3w\",\"isPartOf\":{\"@id\":\"https:\\\/\\\/cardinella.eu\\\/pl\\\/#website\"},\"primaryImageOfPage\":{\"@id\":\"https:\\\/\\\/cardinella.eu\\\/pl\\\/produkt\\\/podgrzewana-torba-kurierska-12v-termoizolacyjna-torba-do-przewozu-goracej-zywnosci-dla-kurierow-restauracji-i-cateringow-extra-kopya\\\/#primaryimage\"},\"image\":{\"@id\":\"https:\\\/\\\/cardinella.eu\\\/pl\\\/produkt\\\/podgrzewana-torba-kurierska-12v-termoizolacyjna-torba-do-przewozu-goracej-zywnosci-dla-kurierow-restauracji-i-cateringow-extra-kopya\\\/#primaryimage\"},\"thumbnailUrl\":\"https:\\\/\\\/cdn.cardinella.eu\\\/wp-content\\\/uploads\\\/2025\\\/08\\\/heating-sac02.jpg\",\"datePublished\":\"2025-09-12T05:59:06+00:00\",\"dateModified\":\"2025-09-12T06:09:02+00:00\",\"description\":\"Podgrzewana torba kurierska 12V pozwala utrzyma\u0107 temperatur\u0119 posi\u0142k\u00f3w w podr\u00f3\u017cy. Izolowany, higieniczny i trwa\u0142y podgrzewacz do \u017cywno\u015bci - idealny dla kurier\u00f3w, restauracji i restauracji na wynos.\",\"breadcrumb\":{\"@id\":\"https:\\\/\\\/cardinella.eu\\\/pl\\\/produkt\\\/podgrzewana-torba-kurierska-12v-termoizolacyjna-torba-do-przewozu-goracej-zywnosci-dla-kurierow-restauracji-i-cateringow-extra-kopya\\\/#breadcrumb\"},\"inLanguage\":\"pl-PL\",\"potentialAction\":[{\"@type\":\"ReadAction\",\"target\":[\"https:\\\/\\\/cardinella.eu\\\/pl\\\/produkt\\\/podgrzewana-torba-kurierska-12v-termoizolacyjna-torba-do-przewozu-goracej-zywnosci-dla-kurierow-restauracji-i-cateringow-extra-kopya\\\/\"]}]},{\"@type\":\"ImageObject\",\"inLanguage\":\"pl-PL\",\"@id\":\"https:\\\/\\\/cardinella.eu\\\/pl\\\/produkt\\\/podgrzewana-torba-kurierska-12v-termoizolacyjna-torba-do-przewozu-goracej-zywnosci-dla-kurierow-restauracji-i-cateringow-extra-kopya\\\/#primaryimage\",\"url\":\"https:\\\/\\\/cdn.cardinella.eu\\\/wp-content\\\/uploads\\\/2025\\\/08\\\/heating-sac02.jpg\",\"contentUrl\":\"https:\\\/\\\/cdn.cardinella.eu\\\/wp-content\\\/uploads\\\/2025\\\/08\\\/heating-sac02.jpg\",\"width\":1080,\"height\":608,\"caption\":\"Podgrzewana torba kurierska 12V\"},{\"@type\":\"BreadcrumbList\",\"@id\":\"https:\\\/\\\/cardinella.eu\\\/pl\\\/produkt\\\/podgrzewana-torba-kurierska-12v-termoizolacyjna-torba-do-przewozu-goracej-zywnosci-dla-kurierow-restauracji-i-cateringow-extra-kopya\\\/#breadcrumb\",\"itemListElement\":[{\"@type\":\"ListItem\",\"position\":1,\"name\":\"Home\",\"item\":\"https:\\\/\\\/cardinella.eu\\\/pl\\\/\"},{\"@type\":\"ListItem\",\"position\":2,\"name\":\"Shop\",\"item\":\"https:\\\/\\\/cardinella.eu\\\/shop\\\/\"},{\"@type\":\"ListItem\",\"position\":3,\"name\":\"Podgrzewana torba kurierska 12V \u2013 termoizolacyjna torba do przewozu gor\u0105cej \u017cywno\u015bci dla kurier\u00f3w, restauracji i catering\u00f3w\"}]},{\"@type\":\"WebSite\",\"@id\":\"https:\\\/\\\/cardinella.eu\\\/pl\\\/#website\",\"url\":\"https:\\\/\\\/cardinella.eu\\\/pl\\\/\",\"name\":\"Electric Blanket\",\"description\":\"Personal Body Warmers\",\"publisher\":{\"@id\":\"https:\\\/\\\/cardinella.eu\\\/pl\\\/#organization\"},\"potentialAction\":[{\"@type\":\"SearchAction\",\"target\":{\"@type\":\"EntryPoint\",\"urlTemplate\":\"https:\\\/\\\/cardinella.eu\\\/pl\\\/?s={search_term_string}\"},\"query-input\":{\"@type\":\"PropertyValueSpecification\",\"valueRequired\":true,\"valueName\":\"search_term_string\"}}],\"inLanguage\":\"pl-PL\"},{\"@type\":\"Organization\",\"@id\":\"https:\\\/\\\/cardinella.eu\\\/pl\\\/#organization\",\"name\":\"Domtex.Bg Ltd\",\"alternateName\":\"Cardinella\",\"url\":\"https:\\\/\\\/cardinella.eu\\\/pl\\\/\",\"logo\":{\"@type\":\"ImageObject\",\"inLanguage\":\"pl-PL\",\"@id\":\"https:\\\/\\\/cardinella.eu\\\/pl\\\/#\\\/schema\\\/logo\\\/image\\\/\",\"url\":\"https:\\\/\\\/cardinella.eu\\\/wp-content\\\/uploads\\\/2022\\\/01\\\/Cardinella_logo_C.png\",\"contentUrl\":\"https:\\\/\\\/cardinella.eu\\\/wp-content\\\/uploads\\\/2022\\\/01\\\/Cardinella_logo_C.png\",\"width\":72,\"height\":72,\"caption\":\"Domtex.Bg Ltd\"},\"image\":{\"@id\":\"https:\\\/\\\/cardinella.eu\\\/pl\\\/#\\\/schema\\\/logo\\\/image\\\/\"}}]}<\/script>\n<!-- \/ Yoast SEO plugin. -->","yoast_head_json":{"title":"Podgrzewana torba kurierska 12V - izolowany podgrzewacz do \u017cywno\u015bci dla kurier\u00f3w","description":"Podgrzewana torba kurierska 12V pozwala utrzyma\u0107 temperatur\u0119 posi\u0142k\u00f3w w podr\u00f3\u017cy. Izolowany, higieniczny i trwa\u0142y podgrzewacz do \u017cywno\u015bci - idealny dla kurier\u00f3w, restauracji i restauracji na wynos.","robots":{"index":"index","follow":"follow","max-snippet":"max-snippet:-1","max-image-preview":"max-image-preview:large","max-video-preview":"max-video-preview:-1"},"canonical":"https:\/\/cardinella.eu\/pl\/produkt\/podgrzewana-torba-kurierska-12v-termoizolacyjna-torba-do-przewozu-goracej-zywnosci-dla-kurierow-restauracji-i-cateringow-extra-kopya\/","og_locale":"pl_PL","og_type":"article","og_title":"Podgrzewana torba kurierska 12V - izolowany podgrzewacz do \u017cywno\u015bci dla kurier\u00f3w","og_description":"Podgrzewana torba kurierska 12V pozwala utrzyma\u0107 temperatur\u0119 posi\u0142k\u00f3w w podr\u00f3\u017cy. Izolowany, higieniczny i trwa\u0142y podgrzewacz do \u017cywno\u015bci - idealny dla kurier\u00f3w, restauracji i restauracji na wynos.","og_url":"https:\/\/cardinella.eu\/pl\/produkt\/podgrzewana-torba-kurierska-12v-termoizolacyjna-torba-do-przewozu-goracej-zywnosci-dla-kurierow-restauracji-i-cateringow-extra-kopya\/","og_site_name":"Electric Blanket","article_modified_time":"2025-09-12T06:09:02+00:00","og_image":[{"width":1080,"height":608,"url":"https:\/\/cdn.cardinella.eu\/wp-content\/uploads\/2025\/08\/heating-sac02.jpg","type":"image\/jpeg"}],"twitter_card":"summary_large_image","twitter_misc":{"Szacowany czas czytania":"1 minuta"},"schema":{"@context":"https:\/\/schema.org","@graph":[{"@type":["WebPage","ItemPage"],"@id":"https:\/\/cardinella.eu\/pl\/produkt\/podgrzewana-torba-kurierska-12v-termoizolacyjna-torba-do-przewozu-goracej-zywnosci-dla-kurierow-restauracji-i-cateringow-extra-kopya\/","url":"https:\/\/cardinella.eu\/pl\/produkt\/podgrzewana-torba-kurierska-12v-termoizolacyjna-torba-do-przewozu-goracej-zywnosci-dla-kurierow-restauracji-i-cateringow-extra-kopya\/","name":"Podgrzewana torba kurierska 12V - izolowany podgrzewacz do \u017cywno\u015bci dla kurier\u00f3w","isPartOf":{"@id":"https:\/\/cardinella.eu\/pl\/#website"},"primaryImageOfPage":{"@id":"https:\/\/cardinella.eu\/pl\/produkt\/podgrzewana-torba-kurierska-12v-termoizolacyjna-torba-do-przewozu-goracej-zywnosci-dla-kurierow-restauracji-i-cateringow-extra-kopya\/#primaryimage"},"image":{"@id":"https:\/\/cardinella.eu\/pl\/produkt\/podgrzewana-torba-kurierska-12v-termoizolacyjna-torba-do-przewozu-goracej-zywnosci-dla-kurierow-restauracji-i-cateringow-extra-kopya\/#primaryimage"},"thumbnailUrl":"https:\/\/cdn.cardinella.eu\/wp-content\/uploads\/2025\/08\/heating-sac02.jpg","datePublished":"2025-09-12T05:59:06+00:00","dateModified":"2025-09-12T06:09:02+00:00","description":"Podgrzewana torba kurierska 12V pozwala utrzyma\u0107 temperatur\u0119 posi\u0142k\u00f3w w podr\u00f3\u017cy. Izolowany, higieniczny i trwa\u0142y podgrzewacz do \u017cywno\u015bci - idealny dla kurier\u00f3w, restauracji i restauracji na wynos.","breadcrumb":{"@id":"https:\/\/cardinella.eu\/pl\/produkt\/podgrzewana-torba-kurierska-12v-termoizolacyjna-torba-do-przewozu-goracej-zywnosci-dla-kurierow-restauracji-i-cateringow-extra-kopya\/#breadcrumb"},"inLanguage":"pl-PL","potentialAction":[{"@type":"ReadAction","target":["https:\/\/cardinella.eu\/pl\/produkt\/podgrzewana-torba-kurierska-12v-termoizolacyjna-torba-do-przewozu-goracej-zywnosci-dla-kurierow-restauracji-i-cateringow-extra-kopya\/"]}]},{"@type":"ImageObject","inLanguage":"pl-PL","@id":"https:\/\/cardinella.eu\/pl\/produkt\/podgrzewana-torba-kurierska-12v-termoizolacyjna-torba-do-przewozu-goracej-zywnosci-dla-kurierow-restauracji-i-cateringow-extra-kopya\/#primaryimage","url":"https:\/\/cdn.cardinella.eu\/wp-content\/uploads\/2025\/08\/heating-sac02.jpg","contentUrl":"https:\/\/cdn.cardinella.eu\/wp-content\/uploads\/2025\/08\/heating-sac02.jpg","width":1080,"height":608,"caption":"Podgrzewana torba kurierska 12V"},{"@type":"BreadcrumbList","@id":"https:\/\/cardinella.eu\/pl\/produkt\/podgrzewana-torba-kurierska-12v-termoizolacyjna-torba-do-przewozu-goracej-zywnosci-dla-kurierow-restauracji-i-cateringow-extra-kopya\/#breadcrumb","itemListElement":[{"@type":"ListItem","position":1,"name":"Home","item":"https:\/\/cardinella.eu\/pl\/"},{"@type":"ListItem","position":2,"name":"Shop","item":"https:\/\/cardinella.eu\/shop\/"},{"@type":"ListItem","position":3,"name":"Podgrzewana torba kurierska 12V \u2013 termoizolacyjna torba do przewozu gor\u0105cej \u017cywno\u015bci dla kurier\u00f3w, restauracji i catering\u00f3w"}]},{"@type":"WebSite","@id":"https:\/\/cardinella.eu\/pl\/#website","url":"https:\/\/cardinella.eu\/pl\/","name":"Electric Blanket","description":"Personal Body Warmers","publisher":{"@id":"https:\/\/cardinella.eu\/pl\/#organization"},"potentialAction":[{"@type":"SearchAction","target":{"@type":"EntryPoint","urlTemplate":"https:\/\/cardinella.eu\/pl\/?s={search_term_string}"},"query-input":{"@type":"PropertyValueSpecification","valueRequired":true,"valueName":"search_term_string"}}],"inLanguage":"pl-PL"},{"@type":"Organization","@id":"https:\/\/cardinella.eu\/pl\/#organization","name":"Domtex.Bg Ltd","alternateName":"Cardinella","url":"https:\/\/cardinella.eu\/pl\/","logo":{"@type":"ImageObject","inLanguage":"pl-PL","@id":"https:\/\/cardinella.eu\/pl\/#\/schema\/logo\/image\/","url":"https:\/\/cardinella.eu\/wp-content\/uploads\/2022\/01\/Cardinella_logo_C.png","contentUrl":"https:\/\/cardinella.eu\/wp-content\/uploads\/2022\/01\/Cardinella_logo_C.png","width":72,"height":72,"caption":"Domtex.Bg Ltd"},"image":{"@id":"https:\/\/cardinella.eu\/pl\/#\/schema\/logo\/image\/"}}]}},"_links":{"self":[{"href":"https:\/\/cardinella.eu\/pl\/wp-json\/wp\/v2\/product\/248313","targetHints":{"allow":["GET"]}}],"collection":[{"href":"https:\/\/cardinella.eu\/pl\/wp-json\/wp\/v2\/product"}],"about":[{"href":"https:\/\/cardinella.eu\/pl\/wp-json\/wp\/v2\/types\/product"}],"replies":[{"embeddable":true,"href":"https:\/\/cardinella.eu\/pl\/wp-json\/wp\/v2\/comments?post=248313"}],"wp:featuredmedia":[{"embeddable":true,"href":"https:\/\/cardinella.eu\/pl\/wp-json\/wp\/v2\/media\/246775"}],"wp:attachment":[{"href":"https:\/\/cardinella.eu\/pl\/wp-json\/wp\/v2\/media?parent=248313"}],"wp:term":[{"taxonomy":"product_brand","embeddable":true,"href":"https:\/\/cardinella.eu\/pl\/wp-json\/wp\/v2\/product_brand?post=248313"},{"taxonomy":"product_cat","embeddable":true,"href":"https:\/\/cardinella.eu\/pl\/wp-json\/wp\/v2\/product_cat?post=248313"},{"taxonomy":"product_tag","embeddable":true,"href":"https:\/\/cardinella.eu\/pl\/wp-json\/wp\/v2\/product_tag?post=248313"}],"curies":[{"name":"wp","href":"https:\/\/api.w.org\/{rel}","templated":true}]}}